{"id":23156,"date":"2024-03-30T09:14:21","date_gmt":"2024-03-30T08:26:01","guid":{"rendered":"https:\/\/www.shami-shop.com\/product\/minyo-shamisen-set-araki\/"},"modified":"2024-11-07T20:57:46","modified_gmt":"2024-11-07T19:57:46","slug":"minyo-shamisen-set-araki","status":"publish","type":"product","link":"https:\/\/www.shami-shop.com\/de\/produkt\/minyo-shamisen-set-araki\/","title":{"rendered":"Minyo Shamisen Set &#8222;Araki&#8220;"},"content":{"rendered":"<p>Araki ist ein echter Hingucker! Wer Augen hat, sieht, wovon ich rede. Und das Instrument sieht nicht nur wundersch\u00f6n aus, es spielt sich auch ganz wunderbar und hat einen hellen, klaren Klang. Einfach traumhaft! Der Hals ist mit 27mm Griffbrett-Breite und 30mm Hals-Dicke und -H\u00f6he sehr angenehm f\u00fcr normale H\u00e4nde! Araki ist ein wahrer Allrounder, der alles erstrahlen l\u00e4sst, wenn man darauf spielt &#8211; oder sich im Anblick der sch\u00f6nen Kurven verliert.<\/p>\n<p>Kommen wir zu den technischen Details: Wundersch\u00f6ne Shamisen mit mitteldickem Hals (Chuuzao), typischerweise benutzt f\u00fcr Minyo-Stil. Durch den verstellbaren Azuma Sawari kann man bei dieser Shamisen ein perfektes Surren einstellen, egal wie hoch oder tief man sein Instrument stimmt. Das Holz hat eine besonders sch\u00f6ne Maserung (genannt &#8222;tochi&#8220; in Japan) und sieht mit seinen schwarzen H\u00e4uten besonders modern aus.<\/p>\n<h5><\/h5>\n<h5><strong>Holz: <\/strong><\/h5>\n<p>Der Hals des Instruments ist aus dem \u00e4u\u00dferst hochwertigen Shitan-Holz im typischen schokoladig-braunen Farbton gefertigt.<\/p>\n<h5><\/h5>\n<h5><strong>Accesoires und H\u00e4ute: <\/strong><\/h5>\n<p>Das Instrument ist ausgestattet mit einem roten Neo und einem dunkelblau und goldenen Doukake, das Arakis strahlenden Klang unterstreicht. Im Set enthalten ist au\u00dferdem ein Dougomu (Anti-Rutsch-Matte), ein Fujaku-Strip (Positionsmarker) und ein Set neuer Saiten. Der Dou ist frisch bezogen mit synthetischer Haut der neuesten Generation &#8222;<a href=\"https:\/\/youtu.be\/3ky0ZkBehAk\" target=\"_blank\" rel=\"noopener\">Hibiki<\/a>&#8222;. Diese Haut \u00fcberzeugt mit einem kr\u00e4ftigen aber warmen Klang.<\/p>\n<p>Hibiki ist besonders robust und widerstandsf\u00e4hig. Im Vergleich zu nat\u00fcrlicher Haut muss man sich bei synthetischer Haut nicht um Klimaschwankungen oder einen pl\u00f6tzlichen Regenschauer sorgen, wenn man einmal drau\u00dfen spielt. Allerdings sei geraten, grunds\u00e4tzlich trotzdem die Shamisen trocken zu halten, um das Holz zu sch\u00fctzen. Dementsprechend ben\u00f6tigt man f\u00fcr dieses Instrument keine <a href=\"https:\/\/shami-shop.com\/product\/washi-bag\/\">Washi-H\u00fclle<\/a>, um die Haut der Shamisen zu sch\u00fctzen.<\/p>\n<h5><\/h5>\n<h5><strong>Hals: <\/strong><\/h5>\n<p>Das Griffbrett ist 27mm breit. Der Hals ist 30 mm breit und 30 mm hoch am schmalen Ende und verbreitert sich leicht in Richtung Korpus. Das Griffbrett endet in einer <em>Kante<\/em>, das das Spielen besonders hoher Positionen erm\u00f6glicht &#8211; bis \u00fcber Position 20 hinaus.<\/p>\n<h5><\/h5>\n<h5><strong>Itomaki: <\/strong><\/h5>\n<p>Die <em>Itomaki<\/em> (Wirbel) sind aus Ebenholz gearbeitet und haben eine wunderbar ausgewogene Gr\u00f6\u00dfe, die das Stimmen besonders einfach und bequem macht.<\/p>\n<h5><\/h5>\n<h5><strong>Weiteres: <\/strong><\/h5>\n<p>Das <em>ebio<\/em> (das abgerundete Ende des <em>tenjin<\/em>) ist in perfektem Zustand. Der Hals ist im <em>Mitsuori<\/em> Stil gerabeitet: Er kann in drei Teile zerlegt werden. Die Verbindungen sind bei diesem Instrument in einfacher Ausfertigung gearbeitet gearbeitet. Dadurch, dass sich der Hals zerteilen l\u00e4sst, kann man mit diesem Instrument besonders bequem verreisen &#8211; selbst wenn man klein und leicht packen muss.<\/p>\n<p>Der eingearbeitete <em>Azuma Sawari<\/em> erm\u00f6glicht die Anpassung des Surrens je nach Geschmack und Anlass. Man kann so das Surren komplett abstellen (f\u00fcr moderne St\u00fccke, Pop\/Rock\/Metal, oder bestimmte Ensemble-Zusammensetzungen) und au\u00dferdem ein perfektes Surren erzielen egal wie hoch oder tief man die Shamisen stimmt.<\/p>\n<p>&nbsp;<\/p>\n<p>Alles, was man zum losspielen noch ben\u00f6tigt, sind ein <a href=\"https:\/\/shami-shop.com\/product-categorie\/koma\/\" target=\"_blank\" rel=\"noopener\">Koma<\/a>, ein <a href=\"https:\/\/shami-shop.com\/product-categorie\/bachi\/\" target=\"_blank\" rel=\"noopener\">Bachi<\/a> und ein <a href=\"https:\/\/shami-shop.com\/product\/yubisuri\/\" target=\"_blank\" rel=\"noopener\">Yubisuri<\/a>. Diese Teile sind nicht im Set enthalten, weil die Ausf\u00fchrung von Bachi und Koma je nach Stil sehr unterschiedlich sind. Yubisuri gibt es in unterschiedlichen Gr\u00f6\u00dfen. Au\u00dferdem wollte ich Sie der bitters\u00fc\u00dfen Qual der Wahl zwischen all den sch\u00f6nen Farben nicht berauben. Wenn Sie Hilfe bei der Auwahl der richtigen Komponenten ben\u00f6tigen, schicken Sie gerne eine Nachricht und wir stellen gemeinsam das perfekte Paket f\u00fcr Sie zusammen.<\/p>\n<p>&nbsp;<\/p>\n","protected":false},"excerpt":{"rendered":"<ul>\n<li>Chuuzao Minyo Shamisen\n<ul>\n<li>Sao Breite: 30 mm<\/li>\n<li>Sao H\u00f6he: 30 mm<\/li>\n<li>Griffbrett Breite: 27 mm<\/li>\n<\/ul>\n<\/li>\n<li>aus Shitan-Holz<\/li>\n<li>frische synthetische \u201c<em>Hibiki<\/em>\u201d H\u00e4ute<\/li>\n<\/ul>\n<p>au\u00dferdem im Set enthalten:<\/p>\n<ul>\n<li>Neo<\/li>\n<li>Doukake<\/li>\n<li>Saiten<\/li>\n<li>Dougomu<\/li>\n<\/ul>\n","protected":false},"featured_media":0,"template":"","meta":{"_et_pb_use_builder":"","_et_pb_old_content":"","_et_gb_content_width":""},"product_brand":[],"product_cat":[339,387,410],"product_tag":[],"class_list":{"0":"post-23156","1":"product","2":"type-product","3":"status-publish","5":"product_cat-shamisen-de","6":"product_cat-chuuzao-de","7":"product_cat-minyo-shamisen-de-de-2","8":"product_shipping_class-5kg500-de","10":"first","11":"outofstock","12":"shipping-taxable","13":"purchasable","14":"product-type-simple"},"yoast_head":"<!-- This site is optimized with the Yoast SEO plugin v26.9 - https:\/\/yoast.com\/product\/yoast-seo-wordpress\/ -->\n<title>Minyo Shamisen Set &quot;Araki&quot; - Shami-Shop<\/title>\n<meta name=\"description\" content=\"Auf der Suche nach einer Shamisen mit Kunsthaut? Hier findest du ein wundersch\u00f6nes Instrument!\" \/>\n<meta name=\"robots\" content=\"index, follow, max-snippet:-1, max-image-preview:large, max-video-preview:-1\" \/>\n<link rel=\"canonical\" href=\"https:\/\/www.shami-shop.com\/de\/produkt\/minyo-shamisen-set-araki\/\" \/>\n<meta property=\"og:locale\" content=\"de_DE\" \/>\n<meta property=\"og:type\" content=\"article\" \/>\n<meta property=\"og:title\" content=\"Minyo Shamisen Set &quot;Araki&quot; - Shami-Shop\" \/>\n<meta property=\"og:description\" content=\"Auf der Suche nach einer Shamisen mit Kunsthaut? Hier findest du ein wundersch\u00f6nes Instrument!\" \/>\n<meta property=\"og:url\" content=\"https:\/\/www.shami-shop.com\/de\/produkt\/minyo-shamisen-set-araki\/\" \/>\n<meta property=\"og:site_name\" content=\"Shami-Shop\" \/>\n<meta property=\"article:publisher\" content=\"https:\/\/www.facebook.com\/weloveshamisen\/\" \/>\n<meta property=\"article:modified_time\" content=\"2024-11-07T19:57:46+00:00\" \/>\n<meta property=\"og:image\" content=\"https:\/\/www.shami-shop.com\/wp-content\/uploads\/2024\/02\/MIN-35-dou45.png\" \/>\n\t<meta property=\"og:image:width\" content=\"1200\" \/>\n\t<meta property=\"og:image:height\" content=\"880\" \/>\n\t<meta property=\"og:image:type\" content=\"image\/png\" \/>\n<meta name=\"twitter:card\" content=\"summary_large_image\" \/>\n<meta name=\"twitter:label1\" content=\"Gesch\u00e4tzte Lesezeit\" \/>\n\t<meta name=\"twitter:data1\" content=\"3\u00a0Minuten\" \/>\n<script type=\"application\/ld+json\" class=\"yoast-schema-graph\">{\"@context\":\"https:\/\/schema.org\",\"@graph\":[{\"@type\":[\"WebPage\",\"ItemPage\"],\"@id\":\"https:\/\/www.shami-shop.com\/de\/produkt\/minyo-shamisen-set-araki\/\",\"url\":\"https:\/\/www.shami-shop.com\/de\/produkt\/minyo-shamisen-set-araki\/\",\"name\":\"Minyo Shamisen Set \\\"Araki\\\" - Shami-Shop\",\"isPartOf\":{\"@id\":\"https:\/\/www.shami-shop.com\/de\/#website\"},\"datePublished\":\"2024-03-30T08:26:01+00:00\",\"dateModified\":\"2024-11-07T19:57:46+00:00\",\"description\":\"Auf der Suche nach einer Shamisen mit Kunsthaut? Hier findest du ein wundersch\u00f6nes Instrument!\",\"breadcrumb\":{\"@id\":\"https:\/\/www.shami-shop.com\/de\/produkt\/minyo-shamisen-set-araki\/#breadcrumb\"},\"inLanguage\":\"de\",\"potentialAction\":[{\"@type\":\"ReadAction\",\"target\":[\"https:\/\/www.shami-shop.com\/de\/produkt\/minyo-shamisen-set-araki\/\"]}]},{\"@type\":\"BreadcrumbList\",\"@id\":\"https:\/\/www.shami-shop.com\/de\/produkt\/minyo-shamisen-set-araki\/#breadcrumb\",\"itemListElement\":[{\"@type\":\"ListItem\",\"position\":1,\"name\":\"Startseite\",\"item\":\"https:\/\/www.shami-shop.com\/de\/\"},{\"@type\":\"ListItem\",\"position\":2,\"name\":\"Shop\",\"item\":\"https:\/\/www.shami-shop.com\/de\/shop\/\"},{\"@type\":\"ListItem\",\"position\":3,\"name\":\"Minyo Shamisen Set &#8222;Araki&#8220;\"}]},{\"@type\":\"WebSite\",\"@id\":\"https:\/\/www.shami-shop.com\/de\/#website\",\"url\":\"https:\/\/www.shami-shop.com\/de\/\",\"name\":\"Shami-Shop\",\"description\":\"Alles f\u00fcr den Shamisen-Spieler.\",\"publisher\":{\"@id\":\"https:\/\/www.shami-shop.com\/de\/#organization\"},\"potentialAction\":[{\"@type\":\"SearchAction\",\"target\":{\"@type\":\"EntryPoint\",\"urlTemplate\":\"https:\/\/www.shami-shop.com\/de\/?s={search_term_string}\"},\"query-input\":{\"@type\":\"PropertyValueSpecification\",\"valueRequired\":true,\"valueName\":\"search_term_string\"}}],\"inLanguage\":\"de\"},{\"@type\":\"Organization\",\"@id\":\"https:\/\/www.shami-shop.com\/de\/#organization\",\"name\":\"Shami-Shop\",\"url\":\"https:\/\/www.shami-shop.com\/de\/\",\"logo\":{\"@type\":\"ImageObject\",\"inLanguage\":\"de\",\"@id\":\"https:\/\/www.shami-shop.com\/de\/#\/schema\/logo\/image\/\",\"url\":\"https:\/\/shami-shop.com\/wp-content\/uploads\/2021\/01\/Shami-Shop-Logo-1080.png\",\"contentUrl\":\"https:\/\/shami-shop.com\/wp-content\/uploads\/2021\/01\/Shami-Shop-Logo-1080.png\",\"width\":1080,\"height\":1080,\"caption\":\"Shami-Shop\"},\"image\":{\"@id\":\"https:\/\/www.shami-shop.com\/de\/#\/schema\/logo\/image\/\"},\"sameAs\":[\"https:\/\/www.facebook.com\/weloveshamisen\/\",\"https:\/\/www.instagram.com\/shamishop.europe\/\"]}]}<\/script>\n<!-- \/ Yoast SEO plugin. -->","yoast_head_json":{"title":"Minyo Shamisen Set \"Araki\" - Shami-Shop","description":"Auf der Suche nach einer Shamisen mit Kunsthaut? Hier findest du ein wundersch\u00f6nes Instrument!","robots":{"index":"index","follow":"follow","max-snippet":"max-snippet:-1","max-image-preview":"max-image-preview:large","max-video-preview":"max-video-preview:-1"},"canonical":"https:\/\/www.shami-shop.com\/de\/produkt\/minyo-shamisen-set-araki\/","og_locale":"de_DE","og_type":"article","og_title":"Minyo Shamisen Set \"Araki\" - Shami-Shop","og_description":"Auf der Suche nach einer Shamisen mit Kunsthaut? Hier findest du ein wundersch\u00f6nes Instrument!","og_url":"https:\/\/www.shami-shop.com\/de\/produkt\/minyo-shamisen-set-araki\/","og_site_name":"Shami-Shop","article_publisher":"https:\/\/www.facebook.com\/weloveshamisen\/","article_modified_time":"2024-11-07T19:57:46+00:00","og_image":[{"width":1200,"height":880,"url":"https:\/\/www.shami-shop.com\/wp-content\/uploads\/2024\/02\/MIN-35-dou45.png","type":"image\/png"}],"twitter_card":"summary_large_image","twitter_misc":{"Gesch\u00e4tzte Lesezeit":"3\u00a0Minuten"},"schema":{"@context":"https:\/\/schema.org","@graph":[{"@type":["WebPage","ItemPage"],"@id":"https:\/\/www.shami-shop.com\/de\/produkt\/minyo-shamisen-set-araki\/","url":"https:\/\/www.shami-shop.com\/de\/produkt\/minyo-shamisen-set-araki\/","name":"Minyo Shamisen Set \"Araki\" - Shami-Shop","isPartOf":{"@id":"https:\/\/www.shami-shop.com\/de\/#website"},"datePublished":"2024-03-30T08:26:01+00:00","dateModified":"2024-11-07T19:57:46+00:00","description":"Auf der Suche nach einer Shamisen mit Kunsthaut? Hier findest du ein wundersch\u00f6nes Instrument!","breadcrumb":{"@id":"https:\/\/www.shami-shop.com\/de\/produkt\/minyo-shamisen-set-araki\/#breadcrumb"},"inLanguage":"de","potentialAction":[{"@type":"ReadAction","target":["https:\/\/www.shami-shop.com\/de\/produkt\/minyo-shamisen-set-araki\/"]}]},{"@type":"BreadcrumbList","@id":"https:\/\/www.shami-shop.com\/de\/produkt\/minyo-shamisen-set-araki\/#breadcrumb","itemListElement":[{"@type":"ListItem","position":1,"name":"Startseite","item":"https:\/\/www.shami-shop.com\/de\/"},{"@type":"ListItem","position":2,"name":"Shop","item":"https:\/\/www.shami-shop.com\/de\/shop\/"},{"@type":"ListItem","position":3,"name":"Minyo Shamisen Set &#8222;Araki&#8220;"}]},{"@type":"WebSite","@id":"https:\/\/www.shami-shop.com\/de\/#website","url":"https:\/\/www.shami-shop.com\/de\/","name":"Shami-Shop","description":"Alles f\u00fcr den Shamisen-Spieler.","publisher":{"@id":"https:\/\/www.shami-shop.com\/de\/#organization"},"potentialAction":[{"@type":"SearchAction","target":{"@type":"EntryPoint","urlTemplate":"https:\/\/www.shami-shop.com\/de\/?s={search_term_string}"},"query-input":{"@type":"PropertyValueSpecification","valueRequired":true,"valueName":"search_term_string"}}],"inLanguage":"de"},{"@type":"Organization","@id":"https:\/\/www.shami-shop.com\/de\/#organization","name":"Shami-Shop","url":"https:\/\/www.shami-shop.com\/de\/","logo":{"@type":"ImageObject","inLanguage":"de","@id":"https:\/\/www.shami-shop.com\/de\/#\/schema\/logo\/image\/","url":"https:\/\/shami-shop.com\/wp-content\/uploads\/2021\/01\/Shami-Shop-Logo-1080.png","contentUrl":"https:\/\/shami-shop.com\/wp-content\/uploads\/2021\/01\/Shami-Shop-Logo-1080.png","width":1080,"height":1080,"caption":"Shami-Shop"},"image":{"@id":"https:\/\/www.shami-shop.com\/de\/#\/schema\/logo\/image\/"},"sameAs":["https:\/\/www.facebook.com\/weloveshamisen\/","https:\/\/www.instagram.com\/shamishop.europe\/"]}]}},"jetpack_sharing_enabled":true,"_links":{"self":[{"href":"https:\/\/www.shami-shop.com\/de\/wp-json\/wp\/v2\/product\/23156","targetHints":{"allow":["GET"]}}],"collection":[{"href":"https:\/\/www.shami-shop.com\/de\/wp-json\/wp\/v2\/product"}],"about":[{"href":"https:\/\/www.shami-shop.com\/de\/wp-json\/wp\/v2\/types\/product"}],"wp:attachment":[{"href":"https:\/\/www.shami-shop.com\/de\/wp-json\/wp\/v2\/media?parent=23156"}],"wp:term":[{"taxonomy":"product_brand","embeddable":true,"href":"https:\/\/www.shami-shop.com\/de\/wp-json\/wp\/v2\/product_brand?post=23156"},{"taxonomy":"product_cat","embeddable":true,"href":"https:\/\/www.shami-shop.com\/de\/wp-json\/wp\/v2\/product_cat?post=23156"},{"taxonomy":"product_tag","embeddable":true,"href":"https:\/\/www.shami-shop.com\/de\/wp-json\/wp\/v2\/product_tag?post=23156"}],"curies":[{"name":"wp","href":"https:\/\/api.w.org\/{rel}","templated":true}]}}