{"id":23183,"date":"2024-04-07T19:33:08","date_gmt":"2024-04-07T18:43:45","guid":{"rendered":"https:\/\/www.shami-shop.com\/product\/ni-no-ito-marusan-gokujo-seide-13-2\/"},"modified":"2024-11-02T13:08:38","modified_gmt":"2024-11-02T12:08:38","slug":"ni-no-ito-marusan-gokujo-seide-13-2","status":"publish","type":"product","link":"https:\/\/www.shami-shop.com\/de\/produkt\/ni-no-ito-marusan-gokujo-seide-13-2\/","title":{"rendered":"Ni no Ito | Marusan Gokujo (Seide) 13-2"},"content":{"rendered":"<p data-pm-slice=\"1 1 []\">Marusan Hashimoto ist einer der besten Hersteller f\u00fcr Shamisen Saiten und ber\u00fchmt wegen seiner exzellenten Qualit\u00e4t. Professionelle Spieler vertrauen auf diese Marke.<\/p>\n<p data-pm-slice=\"1 1 []\">&#8222;Gokujo&#8220; ist die Luxus-Linie der Marke Marusan Hashimoto.<\/p>\n<p data-pm-slice=\"1 1 []\">Angeboten wird hier eine mittlere Saite (Ni no Ito) aus Seide in Fadenst\u00e4rke 13.<\/p>\n<p data-pm-slice=\"1 1 []\">Diese Gr\u00f6\u00dfe ist \u00fcbrlich f\u00fcr Minyou und Nagauta Shamisen.<\/p>\n<p data-pm-slice=\"1 1 []\"><span data-sheets-value=\"{\"1\":2,\"2\":\"Please note that all strings are sold individually and not in multi-packs.\"}\" data-sheets-userformat=\"{\"2\":513,\"3\":{\"1\":0},\"12\":0}\">Alle Saiten werden <em>einzeln<\/em> verkauft und nicht in Multi-Packs.<\/span><\/p>\n<p data-pm-slice=\"1 1 []\">Mehr Informationen \u00fcber Saiten gibt es auf der Kategorien-Seite<a href=\"https:\/\/shami-shop.com\/product-categorie\/strings\/\" target=\"_blank\" rel=\"noopener\">.<\/a><\/p>\n","protected":false},"excerpt":{"rendered":"<ul>\n<li data-pm-slice=\"1 1 []\">Seide<\/li>\n<li data-pm-slice=\"1 1 []\">Fadenst\u00e4rke 13-2<\/li>\n<li data-pm-slice=\"1 1 []\">Stil: Minyou, Nagauta<\/li>\n<\/ul>\n","protected":false},"featured_media":172,"template":"","meta":{"_et_pb_use_builder":"","_et_pb_old_content":"","_et_gb_content_width":""},"product_brand":[],"product_cat":[148,279,251,332],"product_tag":[],"class_list":{"0":"post-23183","1":"product","2":"type-product","3":"status-publish","4":"has-post-thumbnail","6":"product_cat-saiten","7":"product_cat-marusan-de","8":"product_cat-ni-no-ito-de","9":"product_cat-seide","10":"product_shipping_class-brief-de","12":"first","13":"instock","14":"shipping-taxable","15":"purchasable","16":"product-type-simple"},"yoast_head":"<!-- This site is optimized with the Yoast SEO plugin v26.9 - https:\/\/yoast.com\/product\/yoast-seo-wordpress\/ -->\n<title>Ni no Ito | Marusan Gokujo (Seide) 13-2 - Shami-Shop<\/title>\n<meta name=\"description\" content=\"Shamisen Saiten aus Seide der Marke Marusan Hashimoto. Gokujo Deluxe Qualit\u00e4t. Holen Sie sich eine mittlere Saite f\u00fcr Shamisen in der St\u00e4rke 13-2.\" \/>\n<meta name=\"robots\" content=\"index, follow, max-snippet:-1, max-image-preview:large, max-video-preview:-1\" \/>\n<link rel=\"canonical\" href=\"https:\/\/www.shami-shop.com\/de\/produkt\/ni-no-ito-marusan-gokujo-seide-13-2\/\" \/>\n<meta property=\"og:locale\" content=\"de_DE\" \/>\n<meta property=\"og:type\" content=\"article\" \/>\n<meta property=\"og:title\" content=\"Ni no Ito | Marusan Gokujo (Seide) 13-2 - Shami-Shop\" \/>\n<meta property=\"og:description\" content=\"Shamisen Saiten aus Seide der Marke Marusan Hashimoto. Gokujo Deluxe Qualit\u00e4t. Holen Sie sich eine mittlere Saite f\u00fcr Shamisen in der St\u00e4rke 13-2.\" \/>\n<meta property=\"og:url\" content=\"https:\/\/www.shami-shop.com\/de\/produkt\/ni-no-ito-marusan-gokujo-seide-13-2\/\" \/>\n<meta property=\"og:site_name\" content=\"Shami-Shop\" \/>\n<meta property=\"article:publisher\" content=\"https:\/\/www.facebook.com\/weloveshamisen\/\" \/>\n<meta property=\"article:modified_time\" content=\"2024-11-02T12:08:38+00:00\" \/>\n<meta property=\"og:image\" content=\"https:\/\/www.shami-shop.com\/wp-content\/uploads\/2020\/11\/deluxe-strings-front-e1613117468444.png\" \/>\n\t<meta property=\"og:image:width\" content=\"1000\" \/>\n\t<meta property=\"og:image:height\" content=\"1000\" \/>\n\t<meta property=\"og:image:type\" content=\"image\/png\" \/>\n<meta name=\"twitter:card\" content=\"summary_large_image\" \/>\n<script type=\"application\/ld+json\" class=\"yoast-schema-graph\">{\"@context\":\"https:\/\/schema.org\",\"@graph\":[{\"@type\":[\"WebPage\",\"ItemPage\"],\"@id\":\"https:\/\/www.shami-shop.com\/de\/produkt\/ni-no-ito-marusan-gokujo-seide-13-2\/\",\"url\":\"https:\/\/www.shami-shop.com\/de\/produkt\/ni-no-ito-marusan-gokujo-seide-13-2\/\",\"name\":\"Ni no Ito | Marusan Gokujo (Seide) 13-2 - Shami-Shop\",\"isPartOf\":{\"@id\":\"https:\/\/www.shami-shop.com\/de\/#website\"},\"primaryImageOfPage\":{\"@id\":\"https:\/\/www.shami-shop.com\/de\/produkt\/ni-no-ito-marusan-gokujo-seide-13-2\/#primaryimage\"},\"image\":{\"@id\":\"https:\/\/www.shami-shop.com\/de\/produkt\/ni-no-ito-marusan-gokujo-seide-13-2\/#primaryimage\"},\"thumbnailUrl\":\"https:\/\/www.shami-shop.com\/wp-content\/uploads\/2020\/11\/deluxe-strings-front-e1613117468444.png\",\"datePublished\":\"2024-04-07T18:43:45+00:00\",\"dateModified\":\"2024-11-02T12:08:38+00:00\",\"description\":\"Shamisen Saiten aus Seide der Marke Marusan Hashimoto. Gokujo Deluxe Qualit\u00e4t. Holen Sie sich eine mittlere Saite f\u00fcr Shamisen in der St\u00e4rke 13-2.\",\"breadcrumb\":{\"@id\":\"https:\/\/www.shami-shop.com\/de\/produkt\/ni-no-ito-marusan-gokujo-seide-13-2\/#breadcrumb\"},\"inLanguage\":\"de\",\"potentialAction\":[{\"@type\":\"ReadAction\",\"target\":[\"https:\/\/www.shami-shop.com\/de\/produkt\/ni-no-ito-marusan-gokujo-seide-13-2\/\"]}]},{\"@type\":\"ImageObject\",\"inLanguage\":\"de\",\"@id\":\"https:\/\/www.shami-shop.com\/de\/produkt\/ni-no-ito-marusan-gokujo-seide-13-2\/#primaryimage\",\"url\":\"https:\/\/www.shami-shop.com\/wp-content\/uploads\/2020\/11\/deluxe-strings-front-e1613117468444.png\",\"contentUrl\":\"https:\/\/www.shami-shop.com\/wp-content\/uploads\/2020\/11\/deluxe-strings-front-e1613117468444.png\",\"width\":1000,\"height\":1000,\"caption\":\"marusan ito shamisen string | shami-shop.com\"},{\"@type\":\"BreadcrumbList\",\"@id\":\"https:\/\/www.shami-shop.com\/de\/produkt\/ni-no-ito-marusan-gokujo-seide-13-2\/#breadcrumb\",\"itemListElement\":[{\"@type\":\"ListItem\",\"position\":1,\"name\":\"Startseite\",\"item\":\"https:\/\/www.shami-shop.com\/de\/\"},{\"@type\":\"ListItem\",\"position\":2,\"name\":\"Shop\",\"item\":\"https:\/\/www.shami-shop.com\/de\/shop\/\"},{\"@type\":\"ListItem\",\"position\":3,\"name\":\"Ni no Ito | Marusan Gokujo (Seide) 13-2\"}]},{\"@type\":\"WebSite\",\"@id\":\"https:\/\/www.shami-shop.com\/de\/#website\",\"url\":\"https:\/\/www.shami-shop.com\/de\/\",\"name\":\"Shami-Shop\",\"description\":\"Alles f\u00fcr den Shamisen-Spieler.\",\"publisher\":{\"@id\":\"https:\/\/www.shami-shop.com\/de\/#organization\"},\"potentialAction\":[{\"@type\":\"SearchAction\",\"target\":{\"@type\":\"EntryPoint\",\"urlTemplate\":\"https:\/\/www.shami-shop.com\/de\/?s={search_term_string}\"},\"query-input\":{\"@type\":\"PropertyValueSpecification\",\"valueRequired\":true,\"valueName\":\"search_term_string\"}}],\"inLanguage\":\"de\"},{\"@type\":\"Organization\",\"@id\":\"https:\/\/www.shami-shop.com\/de\/#organization\",\"name\":\"Shami-Shop\",\"url\":\"https:\/\/www.shami-shop.com\/de\/\",\"logo\":{\"@type\":\"ImageObject\",\"inLanguage\":\"de\",\"@id\":\"https:\/\/www.shami-shop.com\/de\/#\/schema\/logo\/image\/\",\"url\":\"https:\/\/shami-shop.com\/wp-content\/uploads\/2021\/01\/Shami-Shop-Logo-1080.png\",\"contentUrl\":\"https:\/\/shami-shop.com\/wp-content\/uploads\/2021\/01\/Shami-Shop-Logo-1080.png\",\"width\":1080,\"height\":1080,\"caption\":\"Shami-Shop\"},\"image\":{\"@id\":\"https:\/\/www.shami-shop.com\/de\/#\/schema\/logo\/image\/\"},\"sameAs\":[\"https:\/\/www.facebook.com\/weloveshamisen\/\",\"https:\/\/www.instagram.com\/shamishop.europe\/\"]}]}<\/script>\n<!-- \/ Yoast SEO plugin. -->","yoast_head_json":{"title":"Ni no Ito | Marusan Gokujo (Seide) 13-2 - Shami-Shop","description":"Shamisen Saiten aus Seide der Marke Marusan Hashimoto. Gokujo Deluxe Qualit\u00e4t. Holen Sie sich eine mittlere Saite f\u00fcr Shamisen in der St\u00e4rke 13-2.","robots":{"index":"index","follow":"follow","max-snippet":"max-snippet:-1","max-image-preview":"max-image-preview:large","max-video-preview":"max-video-preview:-1"},"canonical":"https:\/\/www.shami-shop.com\/de\/produkt\/ni-no-ito-marusan-gokujo-seide-13-2\/","og_locale":"de_DE","og_type":"article","og_title":"Ni no Ito | Marusan Gokujo (Seide) 13-2 - Shami-Shop","og_description":"Shamisen Saiten aus Seide der Marke Marusan Hashimoto. Gokujo Deluxe Qualit\u00e4t. Holen Sie sich eine mittlere Saite f\u00fcr Shamisen in der St\u00e4rke 13-2.","og_url":"https:\/\/www.shami-shop.com\/de\/produkt\/ni-no-ito-marusan-gokujo-seide-13-2\/","og_site_name":"Shami-Shop","article_publisher":"https:\/\/www.facebook.com\/weloveshamisen\/","article_modified_time":"2024-11-02T12:08:38+00:00","og_image":[{"width":1000,"height":1000,"url":"https:\/\/www.shami-shop.com\/wp-content\/uploads\/2020\/11\/deluxe-strings-front-e1613117468444.png","type":"image\/png"}],"twitter_card":"summary_large_image","schema":{"@context":"https:\/\/schema.org","@graph":[{"@type":["WebPage","ItemPage"],"@id":"https:\/\/www.shami-shop.com\/de\/produkt\/ni-no-ito-marusan-gokujo-seide-13-2\/","url":"https:\/\/www.shami-shop.com\/de\/produkt\/ni-no-ito-marusan-gokujo-seide-13-2\/","name":"Ni no Ito | Marusan Gokujo (Seide) 13-2 - Shami-Shop","isPartOf":{"@id":"https:\/\/www.shami-shop.com\/de\/#website"},"primaryImageOfPage":{"@id":"https:\/\/www.shami-shop.com\/de\/produkt\/ni-no-ito-marusan-gokujo-seide-13-2\/#primaryimage"},"image":{"@id":"https:\/\/www.shami-shop.com\/de\/produkt\/ni-no-ito-marusan-gokujo-seide-13-2\/#primaryimage"},"thumbnailUrl":"https:\/\/www.shami-shop.com\/wp-content\/uploads\/2020\/11\/deluxe-strings-front-e1613117468444.png","datePublished":"2024-04-07T18:43:45+00:00","dateModified":"2024-11-02T12:08:38+00:00","description":"Shamisen Saiten aus Seide der Marke Marusan Hashimoto. Gokujo Deluxe Qualit\u00e4t. Holen Sie sich eine mittlere Saite f\u00fcr Shamisen in der St\u00e4rke 13-2.","breadcrumb":{"@id":"https:\/\/www.shami-shop.com\/de\/produkt\/ni-no-ito-marusan-gokujo-seide-13-2\/#breadcrumb"},"inLanguage":"de","potentialAction":[{"@type":"ReadAction","target":["https:\/\/www.shami-shop.com\/de\/produkt\/ni-no-ito-marusan-gokujo-seide-13-2\/"]}]},{"@type":"ImageObject","inLanguage":"de","@id":"https:\/\/www.shami-shop.com\/de\/produkt\/ni-no-ito-marusan-gokujo-seide-13-2\/#primaryimage","url":"https:\/\/www.shami-shop.com\/wp-content\/uploads\/2020\/11\/deluxe-strings-front-e1613117468444.png","contentUrl":"https:\/\/www.shami-shop.com\/wp-content\/uploads\/2020\/11\/deluxe-strings-front-e1613117468444.png","width":1000,"height":1000,"caption":"marusan ito shamisen string | shami-shop.com"},{"@type":"BreadcrumbList","@id":"https:\/\/www.shami-shop.com\/de\/produkt\/ni-no-ito-marusan-gokujo-seide-13-2\/#breadcrumb","itemListElement":[{"@type":"ListItem","position":1,"name":"Startseite","item":"https:\/\/www.shami-shop.com\/de\/"},{"@type":"ListItem","position":2,"name":"Shop","item":"https:\/\/www.shami-shop.com\/de\/shop\/"},{"@type":"ListItem","position":3,"name":"Ni no Ito | Marusan Gokujo (Seide) 13-2"}]},{"@type":"WebSite","@id":"https:\/\/www.shami-shop.com\/de\/#website","url":"https:\/\/www.shami-shop.com\/de\/","name":"Shami-Shop","description":"Alles f\u00fcr den Shamisen-Spieler.","publisher":{"@id":"https:\/\/www.shami-shop.com\/de\/#organization"},"potentialAction":[{"@type":"SearchAction","target":{"@type":"EntryPoint","urlTemplate":"https:\/\/www.shami-shop.com\/de\/?s={search_term_string}"},"query-input":{"@type":"PropertyValueSpecification","valueRequired":true,"valueName":"search_term_string"}}],"inLanguage":"de"},{"@type":"Organization","@id":"https:\/\/www.shami-shop.com\/de\/#organization","name":"Shami-Shop","url":"https:\/\/www.shami-shop.com\/de\/","logo":{"@type":"ImageObject","inLanguage":"de","@id":"https:\/\/www.shami-shop.com\/de\/#\/schema\/logo\/image\/","url":"https:\/\/shami-shop.com\/wp-content\/uploads\/2021\/01\/Shami-Shop-Logo-1080.png","contentUrl":"https:\/\/shami-shop.com\/wp-content\/uploads\/2021\/01\/Shami-Shop-Logo-1080.png","width":1080,"height":1080,"caption":"Shami-Shop"},"image":{"@id":"https:\/\/www.shami-shop.com\/de\/#\/schema\/logo\/image\/"},"sameAs":["https:\/\/www.facebook.com\/weloveshamisen\/","https:\/\/www.instagram.com\/shamishop.europe\/"]}]}},"jetpack_sharing_enabled":true,"_links":{"self":[{"href":"https:\/\/www.shami-shop.com\/de\/wp-json\/wp\/v2\/product\/23183","targetHints":{"allow":["GET"]}}],"collection":[{"href":"https:\/\/www.shami-shop.com\/de\/wp-json\/wp\/v2\/product"}],"about":[{"href":"https:\/\/www.shami-shop.com\/de\/wp-json\/wp\/v2\/types\/product"}],"wp:featuredmedia":[{"embeddable":true,"href":"https:\/\/www.shami-shop.com\/de\/wp-json\/wp\/v2\/media\/172"}],"wp:attachment":[{"href":"https:\/\/www.shami-shop.com\/de\/wp-json\/wp\/v2\/media?parent=23183"}],"wp:term":[{"taxonomy":"product_brand","embeddable":true,"href":"https:\/\/www.shami-shop.com\/de\/wp-json\/wp\/v2\/product_brand?post=23183"},{"taxonomy":"product_cat","embeddable":true,"href":"https:\/\/www.shami-shop.com\/de\/wp-json\/wp\/v2\/product_cat?post=23183"},{"taxonomy":"product_tag","embeddable":true,"href":"https:\/\/www.shami-shop.com\/de\/wp-json\/wp\/v2\/product_tag?post=23183"}],"curies":[{"name":"wp","href":"https:\/\/api.w.org\/{rel}","templated":true}]}}