{"id":2388,"date":"2021-02-12T11:34:21","date_gmt":"2021-02-12T10:34:21","guid":{"rendered":"https:\/\/shami-shop.com\/?post_type=product&#038;p=2388"},"modified":"2025-03-05T14:27:58","modified_gmt":"2025-03-05T13:27:58","slug":"san-no-ito-marusan-nylon-14","status":"publish","type":"product","link":"https:\/\/www.shami-shop.com\/de\/produkt\/san-no-ito-marusan-nylon-14\/","title":{"rendered":"San no Ito | Marusan (Nylon) 12-3"},"content":{"rendered":"<p data-pm-slice=\"1 1 []\">Marusan Hashimoto ist einer der besten Hersteller f\u00fcr Shamisen Saiten und ber\u00fchmt wegen seiner exzellenten Qualit\u00e4t. Professionelle Spieler vertrauen auf diese Marke.<\/p>\n<p data-pm-slice=\"1 1 []\">Die d\u00fcnne Saite (san no ito), die hier angeboten wird, ist aus robustem Nylon hergestellt und ist langlebiger als eine Saite aus Seide. St\u00e4rke 12 ist sehr d\u00fcnn. Der Klang der Saite ist sanfter und das Spielgef\u00fchl ist an den Fingern sehr zart. Wer einen gr\u00f6beren Stil hat und perkussiv spielt, ist mit einer dickeren Saite besser beraten.<\/p>\n<p data-pm-slice=\"1 1 []\"><span data-sheets-value=\"{\"1\":2,\"2\":\"Please note that all strings are sold individually and not in multi-packs.\"}\" data-sheets-userformat=\"{\"2\":513,\"3\":{\"1\":0},\"12\":0}\">Alle Saiten werden <em>einzeln<\/em> verkauft und nicht in Multi-Packs.<\/span><\/p>\n<p data-pm-slice=\"1 1 []\">Mehr Informationen \u00fcber Saiten gibt es auf der Kategorien-Seite<a href=\"https:\/\/shami-shop.com\/product-categorie\/strings\/\" target=\"_blank\" rel=\"noopener\">.<\/a><\/p>\n","protected":false},"excerpt":{"rendered":"<ul>\n<li data-pm-slice=\"1 1 []\">Nylon<\/li>\n<li data-pm-slice=\"1 1 []\">Gr\u00f6\u00dfe 12-3<\/li>\n<\/ul>\n","protected":false},"featured_media":2380,"template":"","meta":{"_et_pb_use_builder":"","_et_pb_old_content":"","_et_gb_content_width":""},"product_brand":[],"product_cat":[148,279,331,252],"product_tag":[202,178,188,181],"class_list":{"0":"post-2388","1":"product","2":"type-product","3":"status-publish","4":"has-post-thumbnail","6":"product_cat-saiten","7":"product_cat-marusan-de","8":"product_cat-nylon-de","9":"product_cat-san-no-ito-de","10":"product_tag-ito-de","11":"product_tag-nylon-de","12":"product_tag-saiten-de","13":"product_tag-san-no-ito-de","14":"product_shipping_class-brief-de","16":"first","17":"instock","18":"purchasable","19":"product-type-simple"},"yoast_head":"<!-- This site is optimized with the Yoast SEO plugin v26.9 - https:\/\/yoast.com\/product\/yoast-seo-wordpress\/ -->\n<title>San no Ito | Marusan (Nylon) 12-3 - Shami-Shop<\/title>\n<meta name=\"description\" content=\"Shamisen Saiten aus Nylon der Marke Marusan Hashimoto.\" \/>\n<meta name=\"robots\" content=\"index, follow, max-snippet:-1, max-image-preview:large, max-video-preview:-1\" \/>\n<link rel=\"canonical\" href=\"https:\/\/www.shami-shop.com\/de\/produkt\/san-no-ito-marusan-nylon-14\/\" \/>\n<meta property=\"og:locale\" content=\"de_DE\" \/>\n<meta property=\"og:type\" content=\"article\" \/>\n<meta property=\"og:title\" content=\"San no Ito | Marusan (Nylon) 12-3 - Shami-Shop\" \/>\n<meta property=\"og:description\" content=\"Shamisen Saiten aus Nylon der Marke Marusan Hashimoto.\" \/>\n<meta property=\"og:url\" content=\"https:\/\/www.shami-shop.com\/de\/produkt\/san-no-ito-marusan-nylon-14\/\" \/>\n<meta property=\"og:site_name\" content=\"Shami-Shop\" \/>\n<meta property=\"article:publisher\" content=\"https:\/\/www.facebook.com\/weloveshamisen\/\" \/>\n<meta property=\"article:modified_time\" content=\"2025-03-05T13:27:58+00:00\" \/>\n<meta property=\"og:image\" content=\"https:\/\/www.shami-shop.com\/wp-content\/uploads\/2021\/02\/Marusan-cover-photo-shami-shop.com_.png\" \/>\n\t<meta property=\"og:image:width\" content=\"1000\" \/>\n\t<meta property=\"og:image:height\" content=\"1000\" \/>\n\t<meta property=\"og:image:type\" content=\"image\/png\" \/>\n<meta name=\"twitter:card\" content=\"summary_large_image\" \/>\n<meta name=\"twitter:label1\" content=\"Gesch\u00e4tzte Lesezeit\" \/>\n\t<meta name=\"twitter:data1\" content=\"1\u00a0Minute\" \/>\n<script type=\"application\/ld+json\" class=\"yoast-schema-graph\">{\"@context\":\"https:\/\/schema.org\",\"@graph\":[{\"@type\":[\"WebPage\",\"ItemPage\"],\"@id\":\"https:\/\/www.shami-shop.com\/de\/produkt\/san-no-ito-marusan-nylon-14\/\",\"url\":\"https:\/\/www.shami-shop.com\/de\/produkt\/san-no-ito-marusan-nylon-14\/\",\"name\":\"San no Ito | Marusan (Nylon) 12-3 - Shami-Shop\",\"isPartOf\":{\"@id\":\"https:\/\/www.shami-shop.com\/de\/#website\"},\"primaryImageOfPage\":{\"@id\":\"https:\/\/www.shami-shop.com\/de\/produkt\/san-no-ito-marusan-nylon-14\/#primaryimage\"},\"image\":{\"@id\":\"https:\/\/www.shami-shop.com\/de\/produkt\/san-no-ito-marusan-nylon-14\/#primaryimage\"},\"thumbnailUrl\":\"https:\/\/www.shami-shop.com\/wp-content\/uploads\/2021\/02\/Marusan-cover-photo-shami-shop.com_.png\",\"datePublished\":\"2021-02-12T10:34:21+00:00\",\"dateModified\":\"2025-03-05T13:27:58+00:00\",\"description\":\"Shamisen Saiten aus Nylon der Marke Marusan Hashimoto.\",\"breadcrumb\":{\"@id\":\"https:\/\/www.shami-shop.com\/de\/produkt\/san-no-ito-marusan-nylon-14\/#breadcrumb\"},\"inLanguage\":\"de\",\"potentialAction\":[{\"@type\":\"ReadAction\",\"target\":[\"https:\/\/www.shami-shop.com\/de\/produkt\/san-no-ito-marusan-nylon-14\/\"]}]},{\"@type\":\"ImageObject\",\"inLanguage\":\"de\",\"@id\":\"https:\/\/www.shami-shop.com\/de\/produkt\/san-no-ito-marusan-nylon-14\/#primaryimage\",\"url\":\"https:\/\/www.shami-shop.com\/wp-content\/uploads\/2021\/02\/Marusan-cover-photo-shami-shop.com_.png\",\"contentUrl\":\"https:\/\/www.shami-shop.com\/wp-content\/uploads\/2021\/02\/Marusan-cover-photo-shami-shop.com_.png\",\"width\":1000,\"height\":1000,\"caption\":\"marusan shamisen string | shami-shop.com\"},{\"@type\":\"BreadcrumbList\",\"@id\":\"https:\/\/www.shami-shop.com\/de\/produkt\/san-no-ito-marusan-nylon-14\/#breadcrumb\",\"itemListElement\":[{\"@type\":\"ListItem\",\"position\":1,\"name\":\"Startseite\",\"item\":\"https:\/\/www.shami-shop.com\/de\/\"},{\"@type\":\"ListItem\",\"position\":2,\"name\":\"Shop\",\"item\":\"https:\/\/www.shami-shop.com\/de\/shop\/\"},{\"@type\":\"ListItem\",\"position\":3,\"name\":\"San no Ito | Marusan (Nylon) 12-3\"}]},{\"@type\":\"WebSite\",\"@id\":\"https:\/\/www.shami-shop.com\/de\/#website\",\"url\":\"https:\/\/www.shami-shop.com\/de\/\",\"name\":\"Shami-Shop\",\"description\":\"Alles f\u00fcr den Shamisen-Spieler.\",\"publisher\":{\"@id\":\"https:\/\/www.shami-shop.com\/de\/#organization\"},\"potentialAction\":[{\"@type\":\"SearchAction\",\"target\":{\"@type\":\"EntryPoint\",\"urlTemplate\":\"https:\/\/www.shami-shop.com\/de\/?s={search_term_string}\"},\"query-input\":{\"@type\":\"PropertyValueSpecification\",\"valueRequired\":true,\"valueName\":\"search_term_string\"}}],\"inLanguage\":\"de\"},{\"@type\":\"Organization\",\"@id\":\"https:\/\/www.shami-shop.com\/de\/#organization\",\"name\":\"Shami-Shop\",\"url\":\"https:\/\/www.shami-shop.com\/de\/\",\"logo\":{\"@type\":\"ImageObject\",\"inLanguage\":\"de\",\"@id\":\"https:\/\/www.shami-shop.com\/de\/#\/schema\/logo\/image\/\",\"url\":\"https:\/\/shami-shop.com\/wp-content\/uploads\/2021\/01\/Shami-Shop-Logo-1080.png\",\"contentUrl\":\"https:\/\/shami-shop.com\/wp-content\/uploads\/2021\/01\/Shami-Shop-Logo-1080.png\",\"width\":1080,\"height\":1080,\"caption\":\"Shami-Shop\"},\"image\":{\"@id\":\"https:\/\/www.shami-shop.com\/de\/#\/schema\/logo\/image\/\"},\"sameAs\":[\"https:\/\/www.facebook.com\/weloveshamisen\/\",\"https:\/\/www.instagram.com\/shamishop.europe\/\"]}]}<\/script>\n<!-- \/ Yoast SEO plugin. -->","yoast_head_json":{"title":"San no Ito | Marusan (Nylon) 12-3 - Shami-Shop","description":"Shamisen Saiten aus Nylon der Marke Marusan Hashimoto.","robots":{"index":"index","follow":"follow","max-snippet":"max-snippet:-1","max-image-preview":"max-image-preview:large","max-video-preview":"max-video-preview:-1"},"canonical":"https:\/\/www.shami-shop.com\/de\/produkt\/san-no-ito-marusan-nylon-14\/","og_locale":"de_DE","og_type":"article","og_title":"San no Ito | Marusan (Nylon) 12-3 - Shami-Shop","og_description":"Shamisen Saiten aus Nylon der Marke Marusan Hashimoto.","og_url":"https:\/\/www.shami-shop.com\/de\/produkt\/san-no-ito-marusan-nylon-14\/","og_site_name":"Shami-Shop","article_publisher":"https:\/\/www.facebook.com\/weloveshamisen\/","article_modified_time":"2025-03-05T13:27:58+00:00","og_image":[{"width":1000,"height":1000,"url":"https:\/\/www.shami-shop.com\/wp-content\/uploads\/2021\/02\/Marusan-cover-photo-shami-shop.com_.png","type":"image\/png"}],"twitter_card":"summary_large_image","twitter_misc":{"Gesch\u00e4tzte Lesezeit":"1\u00a0Minute"},"schema":{"@context":"https:\/\/schema.org","@graph":[{"@type":["WebPage","ItemPage"],"@id":"https:\/\/www.shami-shop.com\/de\/produkt\/san-no-ito-marusan-nylon-14\/","url":"https:\/\/www.shami-shop.com\/de\/produkt\/san-no-ito-marusan-nylon-14\/","name":"San no Ito | Marusan (Nylon) 12-3 - Shami-Shop","isPartOf":{"@id":"https:\/\/www.shami-shop.com\/de\/#website"},"primaryImageOfPage":{"@id":"https:\/\/www.shami-shop.com\/de\/produkt\/san-no-ito-marusan-nylon-14\/#primaryimage"},"image":{"@id":"https:\/\/www.shami-shop.com\/de\/produkt\/san-no-ito-marusan-nylon-14\/#primaryimage"},"thumbnailUrl":"https:\/\/www.shami-shop.com\/wp-content\/uploads\/2021\/02\/Marusan-cover-photo-shami-shop.com_.png","datePublished":"2021-02-12T10:34:21+00:00","dateModified":"2025-03-05T13:27:58+00:00","description":"Shamisen Saiten aus Nylon der Marke Marusan Hashimoto.","breadcrumb":{"@id":"https:\/\/www.shami-shop.com\/de\/produkt\/san-no-ito-marusan-nylon-14\/#breadcrumb"},"inLanguage":"de","potentialAction":[{"@type":"ReadAction","target":["https:\/\/www.shami-shop.com\/de\/produkt\/san-no-ito-marusan-nylon-14\/"]}]},{"@type":"ImageObject","inLanguage":"de","@id":"https:\/\/www.shami-shop.com\/de\/produkt\/san-no-ito-marusan-nylon-14\/#primaryimage","url":"https:\/\/www.shami-shop.com\/wp-content\/uploads\/2021\/02\/Marusan-cover-photo-shami-shop.com_.png","contentUrl":"https:\/\/www.shami-shop.com\/wp-content\/uploads\/2021\/02\/Marusan-cover-photo-shami-shop.com_.png","width":1000,"height":1000,"caption":"marusan shamisen string | shami-shop.com"},{"@type":"BreadcrumbList","@id":"https:\/\/www.shami-shop.com\/de\/produkt\/san-no-ito-marusan-nylon-14\/#breadcrumb","itemListElement":[{"@type":"ListItem","position":1,"name":"Startseite","item":"https:\/\/www.shami-shop.com\/de\/"},{"@type":"ListItem","position":2,"name":"Shop","item":"https:\/\/www.shami-shop.com\/de\/shop\/"},{"@type":"ListItem","position":3,"name":"San no Ito | Marusan (Nylon) 12-3"}]},{"@type":"WebSite","@id":"https:\/\/www.shami-shop.com\/de\/#website","url":"https:\/\/www.shami-shop.com\/de\/","name":"Shami-Shop","description":"Alles f\u00fcr den Shamisen-Spieler.","publisher":{"@id":"https:\/\/www.shami-shop.com\/de\/#organization"},"potentialAction":[{"@type":"SearchAction","target":{"@type":"EntryPoint","urlTemplate":"https:\/\/www.shami-shop.com\/de\/?s={search_term_string}"},"query-input":{"@type":"PropertyValueSpecification","valueRequired":true,"valueName":"search_term_string"}}],"inLanguage":"de"},{"@type":"Organization","@id":"https:\/\/www.shami-shop.com\/de\/#organization","name":"Shami-Shop","url":"https:\/\/www.shami-shop.com\/de\/","logo":{"@type":"ImageObject","inLanguage":"de","@id":"https:\/\/www.shami-shop.com\/de\/#\/schema\/logo\/image\/","url":"https:\/\/shami-shop.com\/wp-content\/uploads\/2021\/01\/Shami-Shop-Logo-1080.png","contentUrl":"https:\/\/shami-shop.com\/wp-content\/uploads\/2021\/01\/Shami-Shop-Logo-1080.png","width":1080,"height":1080,"caption":"Shami-Shop"},"image":{"@id":"https:\/\/www.shami-shop.com\/de\/#\/schema\/logo\/image\/"},"sameAs":["https:\/\/www.facebook.com\/weloveshamisen\/","https:\/\/www.instagram.com\/shamishop.europe\/"]}]}},"jetpack_sharing_enabled":true,"_links":{"self":[{"href":"https:\/\/www.shami-shop.com\/de\/wp-json\/wp\/v2\/product\/2388","targetHints":{"allow":["GET"]}}],"collection":[{"href":"https:\/\/www.shami-shop.com\/de\/wp-json\/wp\/v2\/product"}],"about":[{"href":"https:\/\/www.shami-shop.com\/de\/wp-json\/wp\/v2\/types\/product"}],"wp:featuredmedia":[{"embeddable":true,"href":"https:\/\/www.shami-shop.com\/de\/wp-json\/wp\/v2\/media\/2380"}],"wp:attachment":[{"href":"https:\/\/www.shami-shop.com\/de\/wp-json\/wp\/v2\/media?parent=2388"}],"wp:term":[{"taxonomy":"product_brand","embeddable":true,"href":"https:\/\/www.shami-shop.com\/de\/wp-json\/wp\/v2\/product_brand?post=2388"},{"taxonomy":"product_cat","embeddable":true,"href":"https:\/\/www.shami-shop.com\/de\/wp-json\/wp\/v2\/product_cat?post=2388"},{"taxonomy":"product_tag","embeddable":true,"href":"https:\/\/www.shami-shop.com\/de\/wp-json\/wp\/v2\/product_tag?post=2388"}],"curies":[{"name":"wp","href":"https:\/\/api.w.org\/{rel}","templated":true}]}}