{"id":2394,"date":"2021-02-12T11:40:56","date_gmt":"2021-02-12T11:40:56","guid":{"rendered":"https:\/\/shami-shop.com\/?post_type=product&#038;p=2394"},"modified":"2022-05-23T07:44:55","modified_gmt":"2022-05-23T06:44:55","slug":"ni-no-ito-marusan-tetron","status":"publish","type":"product","link":"https:\/\/www.shami-shop.com\/de\/produkt\/ni-no-ito-marusan-tetron\/","title":{"rendered":"Ni no Ito | Marusan (Tetron) 13-2"},"content":{"rendered":"<p data-pm-slice=\"1 1 []\">Marusan Hashimoto ist einer der besten Hersteller f\u00fcr Shamisen Saiten und ber\u00fchmt wegen seiner exzellenten Qualit\u00e4t. Professionelle Spieler vertrauen auf diese Marke.<\/p>\n<p data-pm-slice=\"1 1 []\">Die mittlere Saite (ni no ito), die hier angeboten wird, ist aus einer sehr robusten Kunstfaser namens \u201eTetron\u201c hergestellt. Fadenst\u00e4rke 13 eignet sich vor allem f\u00fcr Nagauta und Minyou Stil.<\/p>\n<p data-pm-slice=\"1 1 []\"><span data-sheets-value=\"{\"1\":2,\"2\":\"Please note that all strings are sold individually and not in multi-packs.\"}\" data-sheets-userformat=\"{\"2\":513,\"3\":{\"1\":0},\"12\":0}\">Alle Saiten werden <em>einzeln<\/em> verkauft und nicht in Multi-Packs.<\/span><\/p>\n<p data-pm-slice=\"1 1 []\">Mehr Informationen \u00fcber Saiten gibt es auf der Kategorien-Seite<a href=\"https:\/\/shami-shop.com\/product-categorie\/strings\/\" target=\"_blank\" rel=\"noopener\">.<\/a><\/p>\n","protected":false},"excerpt":{"rendered":"<ul>\n<li data-pm-slice=\"1 1 []\">Tetron<\/li>\n<li data-pm-slice=\"1 1 []\">Fadenst\u00e4rke 13-2<\/li>\n<\/ul>\n","protected":false},"featured_media":2380,"template":"","meta":{"_et_pb_use_builder":"","_et_pb_old_content":"","_et_gb_content_width":""},"product_brand":[],"product_cat":[148,279,251,333],"product_tag":[202,177,188,168],"class_list":{"0":"post-2394","1":"product","2":"type-product","3":"status-publish","4":"has-post-thumbnail","6":"product_cat-saiten","7":"product_cat-marusan-de","8":"product_cat-ni-no-ito-de","9":"product_cat-tetron-de","10":"product_tag-ito-de","11":"product_tag-ni-no-ito-de","12":"product_tag-saiten-de","13":"product_tag-tetron-de","14":"product_shipping_class-brief-de","16":"first","17":"outofstock","18":"purchasable","19":"product-type-simple"},"yoast_head":"<!-- This site is optimized with the Yoast SEO plugin v26.9 - https:\/\/yoast.com\/product\/yoast-seo-wordpress\/ -->\n<title>Ni no Ito | Marusan (Tetron) 13-2 - Shami-Shop<\/title>\n<meta name=\"description\" content=\"Shamisen Saiten aus Nylon der Marke Marusan Hashimoto.\" \/>\n<meta name=\"robots\" content=\"index, follow, max-snippet:-1, max-image-preview:large, max-video-preview:-1\" \/>\n<link rel=\"canonical\" href=\"https:\/\/www.shami-shop.com\/de\/produkt\/ni-no-ito-marusan-tetron\/\" \/>\n<meta property=\"og:locale\" content=\"de_DE\" \/>\n<meta property=\"og:type\" content=\"article\" \/>\n<meta property=\"og:title\" content=\"Ni no Ito | Marusan (Tetron) 13-2 - Shami-Shop\" \/>\n<meta property=\"og:description\" content=\"Shamisen Saiten aus Nylon der Marke Marusan Hashimoto.\" \/>\n<meta property=\"og:url\" content=\"https:\/\/www.shami-shop.com\/de\/produkt\/ni-no-ito-marusan-tetron\/\" \/>\n<meta property=\"og:site_name\" content=\"Shami-Shop\" \/>\n<meta property=\"article:publisher\" content=\"https:\/\/www.facebook.com\/weloveshamisen\/\" \/>\n<meta property=\"article:modified_time\" content=\"2022-05-23T06:44:55+00:00\" \/>\n<meta property=\"og:image\" content=\"https:\/\/www.shami-shop.com\/wp-content\/uploads\/2021\/02\/Marusan-cover-photo-shami-shop.com_.png\" \/>\n\t<meta property=\"og:image:width\" content=\"1000\" \/>\n\t<meta property=\"og:image:height\" content=\"1000\" \/>\n\t<meta property=\"og:image:type\" content=\"image\/png\" \/>\n<meta name=\"twitter:card\" content=\"summary_large_image\" \/>\n<meta name=\"twitter:label1\" content=\"Gesch\u00e4tzte Lesezeit\" \/>\n\t<meta name=\"twitter:data1\" content=\"1\u00a0Minute\" \/>\n<script type=\"application\/ld+json\" class=\"yoast-schema-graph\">{\"@context\":\"https:\/\/schema.org\",\"@graph\":[{\"@type\":[\"WebPage\",\"ItemPage\"],\"@id\":\"https:\/\/www.shami-shop.com\/de\/produkt\/ni-no-ito-marusan-tetron\/\",\"url\":\"https:\/\/www.shami-shop.com\/de\/produkt\/ni-no-ito-marusan-tetron\/\",\"name\":\"Ni no Ito | Marusan (Tetron) 13-2 - Shami-Shop\",\"isPartOf\":{\"@id\":\"https:\/\/www.shami-shop.com\/de\/#website\"},\"primaryImageOfPage\":{\"@id\":\"https:\/\/www.shami-shop.com\/de\/produkt\/ni-no-ito-marusan-tetron\/#primaryimage\"},\"image\":{\"@id\":\"https:\/\/www.shami-shop.com\/de\/produkt\/ni-no-ito-marusan-tetron\/#primaryimage\"},\"thumbnailUrl\":\"https:\/\/www.shami-shop.com\/wp-content\/uploads\/2021\/02\/Marusan-cover-photo-shami-shop.com_.png\",\"datePublished\":\"2021-02-12T11:40:56+00:00\",\"dateModified\":\"2022-05-23T06:44:55+00:00\",\"description\":\"Shamisen Saiten aus Nylon der Marke Marusan Hashimoto.\",\"breadcrumb\":{\"@id\":\"https:\/\/www.shami-shop.com\/de\/produkt\/ni-no-ito-marusan-tetron\/#breadcrumb\"},\"inLanguage\":\"de\",\"potentialAction\":[{\"@type\":\"ReadAction\",\"target\":[\"https:\/\/www.shami-shop.com\/de\/produkt\/ni-no-ito-marusan-tetron\/\"]}]},{\"@type\":\"ImageObject\",\"inLanguage\":\"de\",\"@id\":\"https:\/\/www.shami-shop.com\/de\/produkt\/ni-no-ito-marusan-tetron\/#primaryimage\",\"url\":\"https:\/\/www.shami-shop.com\/wp-content\/uploads\/2021\/02\/Marusan-cover-photo-shami-shop.com_.png\",\"contentUrl\":\"https:\/\/www.shami-shop.com\/wp-content\/uploads\/2021\/02\/Marusan-cover-photo-shami-shop.com_.png\",\"width\":1000,\"height\":1000,\"caption\":\"marusan shamisen string | shami-shop.com\"},{\"@type\":\"BreadcrumbList\",\"@id\":\"https:\/\/www.shami-shop.com\/de\/produkt\/ni-no-ito-marusan-tetron\/#breadcrumb\",\"itemListElement\":[{\"@type\":\"ListItem\",\"position\":1,\"name\":\"Startseite\",\"item\":\"https:\/\/www.shami-shop.com\/de\/\"},{\"@type\":\"ListItem\",\"position\":2,\"name\":\"Shop\",\"item\":\"https:\/\/www.shami-shop.com\/de\/shop\/\"},{\"@type\":\"ListItem\",\"position\":3,\"name\":\"Ni no Ito | Marusan (Tetron) 13-2\"}]},{\"@type\":\"WebSite\",\"@id\":\"https:\/\/www.shami-shop.com\/de\/#website\",\"url\":\"https:\/\/www.shami-shop.com\/de\/\",\"name\":\"Shami-Shop\",\"description\":\"Alles f\u00fcr den Shamisen-Spieler.\",\"publisher\":{\"@id\":\"https:\/\/www.shami-shop.com\/de\/#organization\"},\"potentialAction\":[{\"@type\":\"SearchAction\",\"target\":{\"@type\":\"EntryPoint\",\"urlTemplate\":\"https:\/\/www.shami-shop.com\/de\/?s={search_term_string}\"},\"query-input\":{\"@type\":\"PropertyValueSpecification\",\"valueRequired\":true,\"valueName\":\"search_term_string\"}}],\"inLanguage\":\"de\"},{\"@type\":\"Organization\",\"@id\":\"https:\/\/www.shami-shop.com\/de\/#organization\",\"name\":\"Shami-Shop\",\"url\":\"https:\/\/www.shami-shop.com\/de\/\",\"logo\":{\"@type\":\"ImageObject\",\"inLanguage\":\"de\",\"@id\":\"https:\/\/www.shami-shop.com\/de\/#\/schema\/logo\/image\/\",\"url\":\"https:\/\/shami-shop.com\/wp-content\/uploads\/2021\/01\/Shami-Shop-Logo-1080.png\",\"contentUrl\":\"https:\/\/shami-shop.com\/wp-content\/uploads\/2021\/01\/Shami-Shop-Logo-1080.png\",\"width\":1080,\"height\":1080,\"caption\":\"Shami-Shop\"},\"image\":{\"@id\":\"https:\/\/www.shami-shop.com\/de\/#\/schema\/logo\/image\/\"},\"sameAs\":[\"https:\/\/www.facebook.com\/weloveshamisen\/\",\"https:\/\/www.instagram.com\/shamishop.europe\/\"]}]}<\/script>\n<!-- \/ Yoast SEO plugin. -->","yoast_head_json":{"title":"Ni no Ito | Marusan (Tetron) 13-2 - Shami-Shop","description":"Shamisen Saiten aus Nylon der Marke Marusan Hashimoto.","robots":{"index":"index","follow":"follow","max-snippet":"max-snippet:-1","max-image-preview":"max-image-preview:large","max-video-preview":"max-video-preview:-1"},"canonical":"https:\/\/www.shami-shop.com\/de\/produkt\/ni-no-ito-marusan-tetron\/","og_locale":"de_DE","og_type":"article","og_title":"Ni no Ito | Marusan (Tetron) 13-2 - Shami-Shop","og_description":"Shamisen Saiten aus Nylon der Marke Marusan Hashimoto.","og_url":"https:\/\/www.shami-shop.com\/de\/produkt\/ni-no-ito-marusan-tetron\/","og_site_name":"Shami-Shop","article_publisher":"https:\/\/www.facebook.com\/weloveshamisen\/","article_modified_time":"2022-05-23T06:44:55+00:00","og_image":[{"width":1000,"height":1000,"url":"https:\/\/www.shami-shop.com\/wp-content\/uploads\/2021\/02\/Marusan-cover-photo-shami-shop.com_.png","type":"image\/png"}],"twitter_card":"summary_large_image","twitter_misc":{"Gesch\u00e4tzte Lesezeit":"1\u00a0Minute"},"schema":{"@context":"https:\/\/schema.org","@graph":[{"@type":["WebPage","ItemPage"],"@id":"https:\/\/www.shami-shop.com\/de\/produkt\/ni-no-ito-marusan-tetron\/","url":"https:\/\/www.shami-shop.com\/de\/produkt\/ni-no-ito-marusan-tetron\/","name":"Ni no Ito | Marusan (Tetron) 13-2 - Shami-Shop","isPartOf":{"@id":"https:\/\/www.shami-shop.com\/de\/#website"},"primaryImageOfPage":{"@id":"https:\/\/www.shami-shop.com\/de\/produkt\/ni-no-ito-marusan-tetron\/#primaryimage"},"image":{"@id":"https:\/\/www.shami-shop.com\/de\/produkt\/ni-no-ito-marusan-tetron\/#primaryimage"},"thumbnailUrl":"https:\/\/www.shami-shop.com\/wp-content\/uploads\/2021\/02\/Marusan-cover-photo-shami-shop.com_.png","datePublished":"2021-02-12T11:40:56+00:00","dateModified":"2022-05-23T06:44:55+00:00","description":"Shamisen Saiten aus Nylon der Marke Marusan Hashimoto.","breadcrumb":{"@id":"https:\/\/www.shami-shop.com\/de\/produkt\/ni-no-ito-marusan-tetron\/#breadcrumb"},"inLanguage":"de","potentialAction":[{"@type":"ReadAction","target":["https:\/\/www.shami-shop.com\/de\/produkt\/ni-no-ito-marusan-tetron\/"]}]},{"@type":"ImageObject","inLanguage":"de","@id":"https:\/\/www.shami-shop.com\/de\/produkt\/ni-no-ito-marusan-tetron\/#primaryimage","url":"https:\/\/www.shami-shop.com\/wp-content\/uploads\/2021\/02\/Marusan-cover-photo-shami-shop.com_.png","contentUrl":"https:\/\/www.shami-shop.com\/wp-content\/uploads\/2021\/02\/Marusan-cover-photo-shami-shop.com_.png","width":1000,"height":1000,"caption":"marusan shamisen string | shami-shop.com"},{"@type":"BreadcrumbList","@id":"https:\/\/www.shami-shop.com\/de\/produkt\/ni-no-ito-marusan-tetron\/#breadcrumb","itemListElement":[{"@type":"ListItem","position":1,"name":"Startseite","item":"https:\/\/www.shami-shop.com\/de\/"},{"@type":"ListItem","position":2,"name":"Shop","item":"https:\/\/www.shami-shop.com\/de\/shop\/"},{"@type":"ListItem","position":3,"name":"Ni no Ito | Marusan (Tetron) 13-2"}]},{"@type":"WebSite","@id":"https:\/\/www.shami-shop.com\/de\/#website","url":"https:\/\/www.shami-shop.com\/de\/","name":"Shami-Shop","description":"Alles f\u00fcr den Shamisen-Spieler.","publisher":{"@id":"https:\/\/www.shami-shop.com\/de\/#organization"},"potentialAction":[{"@type":"SearchAction","target":{"@type":"EntryPoint","urlTemplate":"https:\/\/www.shami-shop.com\/de\/?s={search_term_string}"},"query-input":{"@type":"PropertyValueSpecification","valueRequired":true,"valueName":"search_term_string"}}],"inLanguage":"de"},{"@type":"Organization","@id":"https:\/\/www.shami-shop.com\/de\/#organization","name":"Shami-Shop","url":"https:\/\/www.shami-shop.com\/de\/","logo":{"@type":"ImageObject","inLanguage":"de","@id":"https:\/\/www.shami-shop.com\/de\/#\/schema\/logo\/image\/","url":"https:\/\/shami-shop.com\/wp-content\/uploads\/2021\/01\/Shami-Shop-Logo-1080.png","contentUrl":"https:\/\/shami-shop.com\/wp-content\/uploads\/2021\/01\/Shami-Shop-Logo-1080.png","width":1080,"height":1080,"caption":"Shami-Shop"},"image":{"@id":"https:\/\/www.shami-shop.com\/de\/#\/schema\/logo\/image\/"},"sameAs":["https:\/\/www.facebook.com\/weloveshamisen\/","https:\/\/www.instagram.com\/shamishop.europe\/"]}]}},"jetpack_sharing_enabled":true,"_links":{"self":[{"href":"https:\/\/www.shami-shop.com\/de\/wp-json\/wp\/v2\/product\/2394","targetHints":{"allow":["GET"]}}],"collection":[{"href":"https:\/\/www.shami-shop.com\/de\/wp-json\/wp\/v2\/product"}],"about":[{"href":"https:\/\/www.shami-shop.com\/de\/wp-json\/wp\/v2\/types\/product"}],"wp:featuredmedia":[{"embeddable":true,"href":"https:\/\/www.shami-shop.com\/de\/wp-json\/wp\/v2\/media\/2380"}],"wp:attachment":[{"href":"https:\/\/www.shami-shop.com\/de\/wp-json\/wp\/v2\/media?parent=2394"}],"wp:term":[{"taxonomy":"product_brand","embeddable":true,"href":"https:\/\/www.shami-shop.com\/de\/wp-json\/wp\/v2\/product_brand?post=2394"},{"taxonomy":"product_cat","embeddable":true,"href":"https:\/\/www.shami-shop.com\/de\/wp-json\/wp\/v2\/product_cat?post=2394"},{"taxonomy":"product_tag","embeddable":true,"href":"https:\/\/www.shami-shop.com\/de\/wp-json\/wp\/v2\/product_tag?post=2394"}],"curies":[{"name":"wp","href":"https:\/\/api.w.org\/{rel}","templated":true}]}}