{"id":24838,"date":"2024-06-14T07:47:03","date_gmt":"2024-06-14T06:53:19","guid":{"rendered":"https:\/\/www.shami-shop.com\/product\/yasaburo-bushi\/"},"modified":"2024-09-15T08:31:04","modified_gmt":"2024-09-15T07:31:04","slug":"yasaburo-bushi","status":"publish","type":"product","link":"https:\/\/www.shami-shop.com\/de\/produkt\/yasaburo-bushi\/","title":{"rendered":"Yasaburo\u0304 Bushi"},"content":{"rendered":"<p>Hier gibt es die Noten f\u00fcr Yasaburo\u0304 Bushi <strong>inklusive super n\u00fctzlicher mp3-Dateien zum Mitspielen in drei Geschwindigkeiten<\/strong> f\u00fcr leichteres Lernen und \u00dcben.<\/p>\n<p>Die Dateien k\u00f6nnen nach dem Kauf im Kundenkonto heruntergeladen werden \u2013 einen Link dazu gibt es in der Bestellbest\u00e4tigungs-E-Mail.<\/p>\n<p>Neugierig, wie das Lied klingt? So klingt der Anfang von Yasaburo\u0304 Bushi:<\/p>\n<audio class=\"wp-audio-shortcode\" id=\"audio-24838-1\" preload=\"none\" style=\"width: 100%;\" controls=\"controls\"><source type=\"audio\/mpeg\" src=\"https:\/\/www.shami-shop.com\/wp-content\/uploads\/2024\/06\/Yasaburo-Bushi-Play-Along-PREVIEW.mp3?_=1\" \/><a href=\"https:\/\/www.shami-shop.com\/wp-content\/uploads\/2024\/06\/Yasaburo-Bushi-Play-Along-PREVIEW.mp3\">https:\/\/www.shami-shop.com\/wp-content\/uploads\/2024\/06\/Yasaburo-Bushi-Play-Along-PREVIEW.mp3<\/a><\/audio>\n<p><strong>\u00dcber das Lied:<\/strong><\/p>\n<p>Yasaburo\u0304 Bushi ist seit ich das Lied angefangen habe zu lernen eines meiner absoluten Lieblingslieder. Es ist auch eines der ersten Lieder, die ich \u00fcberhaupt gelernt habe, und ich bin direkt dem ungew\u00f6hnlich ernsten Vibe dieses Liedes verfallen! Es ist eines der wenigen Lieder in der Stimmung &#8222;Sansagari&#8220; (siehe Erl\u00e4uterung dazu weiter unten).<\/p>\n<p>Dieses Lied wird der Pr\u00e4fektur Aomori im Norden Japans zugeordnet. Wie bei allen japanischen Volksliedern gibt es hiervon viele verschiedene Versionen, die sich mal weniger und mal mehr voneinander unterscheiden. Diese Version ist f\u00fcr Shamisen in Bunkafu Notation (Tabulatur) geschrieben. Das St\u00fcck ist f\u00fcr <strong>Anf\u00e4nger <\/strong>geeignet.<\/p>\n<ul>\n<li>Stimmung: Sansagari<\/li>\n<li>Techniken: Sukui, Doppel-Hajiki, Oshibachi\/Suberi, mehrere Saiten gleichzeitig anschlagen<\/li>\n<\/ul>\n<p>&nbsp;<\/p>\n<p><strong>Stimmung:<\/strong><\/p>\n<p>In jeder Stimmung sind die Saiten in einem bestimmten Verh\u00e4ltnis zueinander gestimmt. F\u00fcr Volkslieder gibt es keine feste Stimmung auf fixe Tonh\u00f6hen (im Gegensatz zur Geige etwa, bei der die A-Saite auf 440 bzw. 442Hz gestimmt wird), sondern ausschlaggebend ist das Verh\u00e4ltnis der Saiten zueinander.<\/p>\n<p>Eine Sichere Wahl ist, das Instrument \u00fcber C zu stimmen. Das bedeutet, die dicke Saite wird auf ein C gestimmt und alle anderen Saiten dann im Verh\u00e4ltnis dazu, je nach Stimmung des Liedes.<\/p>\n<p>Honch\u014dshi: C-F-C<\/p>\n<p>Niagari: C-G-C<\/p>\n<p>Sansagari: C-F-B<\/p>\n<p>&nbsp;<\/p>\n<p><strong>Zungang zur pdf:<\/strong><\/p>\n<p>Bitte beachten Sie, dass diese Datei nur einmalig direkt heruntergeladen werden kann \u2013 genau so, wie es bei einem gedruckten Notenblatt der Fall w\u00e4re. Sehen Sie es als &#8222;Direktlieferung&#8220;.<\/p>\n<p>Nach dem Kauf k\u00f6nnen Sie die Datei in Ihrem Benutzerkonto unter \u201eDownloads\u201c runterladen. Oder Sie folgen einfach dem Link in der Bestellbest\u00e4tigung, den Sie per E-Mail erhalten.<\/p>\n<p>Bitte speichern Sie die Datei deshalb an einem Ort ab, an dem Sie sie leicht wiederfinden k\u00f6nnen. Bitte speichern Sie die Datei deshalb an einem Ort ab, an dem Sie sie leicht wiederfinden k\u00f6nnen. Wenn Sie Unterst\u00fctzung ben\u00f6tigen, schreiben Sie gerne eine E-Mail.<\/p>\n","protected":false},"excerpt":{"rendered":"<p>Das gibt es alles:<\/p>\n<ul>\n<li>1 pdf: <strong>Noten<\/strong> in einfach zu lesendem Bunkafu-Stil (Tabulatur-Notation).<\/li>\n<li><strong>3 mp3<\/strong> Play Along Dateien<\/li>\n<\/ul>\n<p>Details zum Lied:<\/p>\n<ul>\n<li>Anf\u00e4nger<\/li>\n<li>Sansagari Stimmung<\/li>\n<li>Direkt-Download<\/li>\n<\/ul>\n","protected":false},"featured_media":24829,"template":"","meta":{"_et_pb_use_builder":"","_et_pb_old_content":"","_et_gb_content_width":""},"product_brand":[],"product_cat":[483,130,207],"product_tag":[],"class_list":{"0":"post-24838","1":"product","2":"type-product","3":"status-publish","4":"has-post-thumbnail","6":"product_cat-noten-anfaenger","7":"product_cat-notenhefte","8":"product_cat-noten-downloads","10":"first","11":"instock","12":"downloadable","13":"shipping-taxable","14":"purchasable","15":"product-type-simple"},"yoast_head":"<!-- This site is optimized with the Yoast SEO plugin v26.9 - https:\/\/yoast.com\/product\/yoast-seo-wordpress\/ -->\n<title>Yasaburo\u0304 Bushi - Shami-Shop<\/title>\n<meta name=\"description\" content=\"Yasaburo\u0304 Bushi - Tsugaru Shamisen Lied, geeignet f\u00fcr Anf\u00e4nger. Noten-Download. In Bunkafu Notation (Tabulatur) geschrieben. Einfache Version ohne Text.\" \/>\n<meta name=\"robots\" content=\"index, follow, max-snippet:-1, max-image-preview:large, max-video-preview:-1\" \/>\n<link rel=\"canonical\" href=\"https:\/\/www.shami-shop.com\/de\/produkt\/yasaburo-bushi\/\" \/>\n<meta property=\"og:locale\" content=\"de_DE\" \/>\n<meta property=\"og:type\" content=\"article\" \/>\n<meta property=\"og:title\" content=\"Yasaburo\u0304 Bushi - Shami-Shop\" \/>\n<meta property=\"og:description\" content=\"Yasaburo\u0304 Bushi - Tsugaru Shamisen Lied, geeignet f\u00fcr Anf\u00e4nger. Noten-Download. In Bunkafu Notation (Tabulatur) geschrieben. Einfache Version ohne Text.\" \/>\n<meta property=\"og:url\" content=\"https:\/\/www.shami-shop.com\/de\/produkt\/yasaburo-bushi\/\" \/>\n<meta property=\"og:site_name\" content=\"Shami-Shop\" \/>\n<meta property=\"article:publisher\" content=\"https:\/\/www.facebook.com\/weloveshamisen\/\" \/>\n<meta property=\"article:modified_time\" content=\"2024-09-15T07:31:04+00:00\" \/>\n<meta property=\"og:image\" content=\"https:\/\/www.shami-shop.com\/wp-content\/uploads\/2024\/06\/Yasaburo_Vorschau.png\" \/>\n\t<meta property=\"og:image:width\" content=\"596\" \/>\n\t<meta property=\"og:image:height\" content=\"842\" \/>\n\t<meta property=\"og:image:type\" content=\"image\/png\" \/>\n<meta name=\"twitter:card\" content=\"summary_large_image\" \/>\n<meta name=\"twitter:label1\" content=\"Gesch\u00e4tzte Lesezeit\" \/>\n\t<meta name=\"twitter:data1\" content=\"2\u00a0Minuten\" \/>\n<script type=\"application\/ld+json\" class=\"yoast-schema-graph\">{\"@context\":\"https:\/\/schema.org\",\"@graph\":[{\"@type\":[\"WebPage\",\"ItemPage\"],\"@id\":\"https:\/\/www.shami-shop.com\/de\/produkt\/yasaburo-bushi\/\",\"url\":\"https:\/\/www.shami-shop.com\/de\/produkt\/yasaburo-bushi\/\",\"name\":\"Yasaburo\u0304 Bushi - Shami-Shop\",\"isPartOf\":{\"@id\":\"https:\/\/www.shami-shop.com\/de\/#website\"},\"primaryImageOfPage\":{\"@id\":\"https:\/\/www.shami-shop.com\/de\/produkt\/yasaburo-bushi\/#primaryimage\"},\"image\":{\"@id\":\"https:\/\/www.shami-shop.com\/de\/produkt\/yasaburo-bushi\/#primaryimage\"},\"thumbnailUrl\":\"https:\/\/www.shami-shop.com\/wp-content\/uploads\/2024\/06\/Yasaburo_Vorschau.png\",\"datePublished\":\"2024-06-14T06:53:19+00:00\",\"dateModified\":\"2024-09-15T07:31:04+00:00\",\"description\":\"Yasaburo\u0304 Bushi - Tsugaru Shamisen Lied, geeignet f\u00fcr Anf\u00e4nger. Noten-Download. In Bunkafu Notation (Tabulatur) geschrieben. Einfache Version ohne Text.\",\"breadcrumb\":{\"@id\":\"https:\/\/www.shami-shop.com\/de\/produkt\/yasaburo-bushi\/#breadcrumb\"},\"inLanguage\":\"de\",\"potentialAction\":[{\"@type\":\"ReadAction\",\"target\":[\"https:\/\/www.shami-shop.com\/de\/produkt\/yasaburo-bushi\/\"]}]},{\"@type\":\"ImageObject\",\"inLanguage\":\"de\",\"@id\":\"https:\/\/www.shami-shop.com\/de\/produkt\/yasaburo-bushi\/#primaryimage\",\"url\":\"https:\/\/www.shami-shop.com\/wp-content\/uploads\/2024\/06\/Yasaburo_Vorschau.png\",\"contentUrl\":\"https:\/\/www.shami-shop.com\/wp-content\/uploads\/2024\/06\/Yasaburo_Vorschau.png\",\"width\":596,\"height\":842},{\"@type\":\"BreadcrumbList\",\"@id\":\"https:\/\/www.shami-shop.com\/de\/produkt\/yasaburo-bushi\/#breadcrumb\",\"itemListElement\":[{\"@type\":\"ListItem\",\"position\":1,\"name\":\"Startseite\",\"item\":\"https:\/\/www.shami-shop.com\/de\/\"},{\"@type\":\"ListItem\",\"position\":2,\"name\":\"Shop\",\"item\":\"https:\/\/www.shami-shop.com\/de\/shop\/\"},{\"@type\":\"ListItem\",\"position\":3,\"name\":\"Yasaburo\u0304 Bushi\"}]},{\"@type\":\"WebSite\",\"@id\":\"https:\/\/www.shami-shop.com\/de\/#website\",\"url\":\"https:\/\/www.shami-shop.com\/de\/\",\"name\":\"Shami-Shop\",\"description\":\"Alles f\u00fcr den Shamisen-Spieler.\",\"publisher\":{\"@id\":\"https:\/\/www.shami-shop.com\/de\/#organization\"},\"potentialAction\":[{\"@type\":\"SearchAction\",\"target\":{\"@type\":\"EntryPoint\",\"urlTemplate\":\"https:\/\/www.shami-shop.com\/de\/?s={search_term_string}\"},\"query-input\":{\"@type\":\"PropertyValueSpecification\",\"valueRequired\":true,\"valueName\":\"search_term_string\"}}],\"inLanguage\":\"de\"},{\"@type\":\"Organization\",\"@id\":\"https:\/\/www.shami-shop.com\/de\/#organization\",\"name\":\"Shami-Shop\",\"url\":\"https:\/\/www.shami-shop.com\/de\/\",\"logo\":{\"@type\":\"ImageObject\",\"inLanguage\":\"de\",\"@id\":\"https:\/\/www.shami-shop.com\/de\/#\/schema\/logo\/image\/\",\"url\":\"https:\/\/shami-shop.com\/wp-content\/uploads\/2021\/01\/Shami-Shop-Logo-1080.png\",\"contentUrl\":\"https:\/\/shami-shop.com\/wp-content\/uploads\/2021\/01\/Shami-Shop-Logo-1080.png\",\"width\":1080,\"height\":1080,\"caption\":\"Shami-Shop\"},\"image\":{\"@id\":\"https:\/\/www.shami-shop.com\/de\/#\/schema\/logo\/image\/\"},\"sameAs\":[\"https:\/\/www.facebook.com\/weloveshamisen\/\",\"https:\/\/www.instagram.com\/shamishop.europe\/\"]}]}<\/script>\n<!-- \/ Yoast SEO plugin. -->","yoast_head_json":{"title":"Yasaburo\u0304 Bushi - Shami-Shop","description":"Yasaburo\u0304 Bushi - Tsugaru Shamisen Lied, geeignet f\u00fcr Anf\u00e4nger. Noten-Download. In Bunkafu Notation (Tabulatur) geschrieben. Einfache Version ohne Text.","robots":{"index":"index","follow":"follow","max-snippet":"max-snippet:-1","max-image-preview":"max-image-preview:large","max-video-preview":"max-video-preview:-1"},"canonical":"https:\/\/www.shami-shop.com\/de\/produkt\/yasaburo-bushi\/","og_locale":"de_DE","og_type":"article","og_title":"Yasaburo\u0304 Bushi - Shami-Shop","og_description":"Yasaburo\u0304 Bushi - Tsugaru Shamisen Lied, geeignet f\u00fcr Anf\u00e4nger. Noten-Download. In Bunkafu Notation (Tabulatur) geschrieben. Einfache Version ohne Text.","og_url":"https:\/\/www.shami-shop.com\/de\/produkt\/yasaburo-bushi\/","og_site_name":"Shami-Shop","article_publisher":"https:\/\/www.facebook.com\/weloveshamisen\/","article_modified_time":"2024-09-15T07:31:04+00:00","og_image":[{"width":596,"height":842,"url":"https:\/\/www.shami-shop.com\/wp-content\/uploads\/2024\/06\/Yasaburo_Vorschau.png","type":"image\/png"}],"twitter_card":"summary_large_image","twitter_misc":{"Gesch\u00e4tzte Lesezeit":"2\u00a0Minuten"},"schema":{"@context":"https:\/\/schema.org","@graph":[{"@type":["WebPage","ItemPage"],"@id":"https:\/\/www.shami-shop.com\/de\/produkt\/yasaburo-bushi\/","url":"https:\/\/www.shami-shop.com\/de\/produkt\/yasaburo-bushi\/","name":"Yasaburo\u0304 Bushi - Shami-Shop","isPartOf":{"@id":"https:\/\/www.shami-shop.com\/de\/#website"},"primaryImageOfPage":{"@id":"https:\/\/www.shami-shop.com\/de\/produkt\/yasaburo-bushi\/#primaryimage"},"image":{"@id":"https:\/\/www.shami-shop.com\/de\/produkt\/yasaburo-bushi\/#primaryimage"},"thumbnailUrl":"https:\/\/www.shami-shop.com\/wp-content\/uploads\/2024\/06\/Yasaburo_Vorschau.png","datePublished":"2024-06-14T06:53:19+00:00","dateModified":"2024-09-15T07:31:04+00:00","description":"Yasaburo\u0304 Bushi - Tsugaru Shamisen Lied, geeignet f\u00fcr Anf\u00e4nger. Noten-Download. In Bunkafu Notation (Tabulatur) geschrieben. Einfache Version ohne Text.","breadcrumb":{"@id":"https:\/\/www.shami-shop.com\/de\/produkt\/yasaburo-bushi\/#breadcrumb"},"inLanguage":"de","potentialAction":[{"@type":"ReadAction","target":["https:\/\/www.shami-shop.com\/de\/produkt\/yasaburo-bushi\/"]}]},{"@type":"ImageObject","inLanguage":"de","@id":"https:\/\/www.shami-shop.com\/de\/produkt\/yasaburo-bushi\/#primaryimage","url":"https:\/\/www.shami-shop.com\/wp-content\/uploads\/2024\/06\/Yasaburo_Vorschau.png","contentUrl":"https:\/\/www.shami-shop.com\/wp-content\/uploads\/2024\/06\/Yasaburo_Vorschau.png","width":596,"height":842},{"@type":"BreadcrumbList","@id":"https:\/\/www.shami-shop.com\/de\/produkt\/yasaburo-bushi\/#breadcrumb","itemListElement":[{"@type":"ListItem","position":1,"name":"Startseite","item":"https:\/\/www.shami-shop.com\/de\/"},{"@type":"ListItem","position":2,"name":"Shop","item":"https:\/\/www.shami-shop.com\/de\/shop\/"},{"@type":"ListItem","position":3,"name":"Yasaburo\u0304 Bushi"}]},{"@type":"WebSite","@id":"https:\/\/www.shami-shop.com\/de\/#website","url":"https:\/\/www.shami-shop.com\/de\/","name":"Shami-Shop","description":"Alles f\u00fcr den Shamisen-Spieler.","publisher":{"@id":"https:\/\/www.shami-shop.com\/de\/#organization"},"potentialAction":[{"@type":"SearchAction","target":{"@type":"EntryPoint","urlTemplate":"https:\/\/www.shami-shop.com\/de\/?s={search_term_string}"},"query-input":{"@type":"PropertyValueSpecification","valueRequired":true,"valueName":"search_term_string"}}],"inLanguage":"de"},{"@type":"Organization","@id":"https:\/\/www.shami-shop.com\/de\/#organization","name":"Shami-Shop","url":"https:\/\/www.shami-shop.com\/de\/","logo":{"@type":"ImageObject","inLanguage":"de","@id":"https:\/\/www.shami-shop.com\/de\/#\/schema\/logo\/image\/","url":"https:\/\/shami-shop.com\/wp-content\/uploads\/2021\/01\/Shami-Shop-Logo-1080.png","contentUrl":"https:\/\/shami-shop.com\/wp-content\/uploads\/2021\/01\/Shami-Shop-Logo-1080.png","width":1080,"height":1080,"caption":"Shami-Shop"},"image":{"@id":"https:\/\/www.shami-shop.com\/de\/#\/schema\/logo\/image\/"},"sameAs":["https:\/\/www.facebook.com\/weloveshamisen\/","https:\/\/www.instagram.com\/shamishop.europe\/"]}]}},"jetpack_sharing_enabled":true,"_links":{"self":[{"href":"https:\/\/www.shami-shop.com\/de\/wp-json\/wp\/v2\/product\/24838","targetHints":{"allow":["GET"]}}],"collection":[{"href":"https:\/\/www.shami-shop.com\/de\/wp-json\/wp\/v2\/product"}],"about":[{"href":"https:\/\/www.shami-shop.com\/de\/wp-json\/wp\/v2\/types\/product"}],"wp:featuredmedia":[{"embeddable":true,"href":"https:\/\/www.shami-shop.com\/de\/wp-json\/wp\/v2\/media\/24829"}],"wp:attachment":[{"href":"https:\/\/www.shami-shop.com\/de\/wp-json\/wp\/v2\/media?parent=24838"}],"wp:term":[{"taxonomy":"product_brand","embeddable":true,"href":"https:\/\/www.shami-shop.com\/de\/wp-json\/wp\/v2\/product_brand?post=24838"},{"taxonomy":"product_cat","embeddable":true,"href":"https:\/\/www.shami-shop.com\/de\/wp-json\/wp\/v2\/product_cat?post=24838"},{"taxonomy":"product_tag","embeddable":true,"href":"https:\/\/www.shami-shop.com\/de\/wp-json\/wp\/v2\/product_tag?post=24838"}],"curies":[{"name":"wp","href":"https:\/\/api.w.org\/{rel}","templated":true}]}}