{"id":25207,"date":"2024-07-16T18:38:07","date_gmt":"2024-07-16T17:38:07","guid":{"rendered":"https:\/\/www.shami-shop.com\/?post_type=product&#038;p=25207"},"modified":"2024-07-16T18:38:08","modified_gmt":"2024-07-16T17:38:08","slug":"asadoya-yunta-bundle","status":"publish","type":"product","link":"https:\/\/www.shami-shop.com\/de\/produkt\/asadoya-yunta-bundle\/","title":{"rendered":"Asadoya Yunta Bundle"},"content":{"rendered":"<p>Noten f\u00fcr das wundersch\u00f6ne Lied &#8222;Asadoya Yunta&#8220; aus Okinawa plus <strong>n\u00fctzliche Einspielungen<\/strong>\u00a0zum Lernen und \u00dcben des Liedes!<\/p>\n<p>Das Lied ist in der Stimmung Honch\u014dshi (C-F-C) und beinhaltet keinerlei Techniken. Ein wirklich sch\u00f6nes Lied f\u00fcr <strong>Anf\u00e4nger<\/strong>, weil man nur wenige Positionen am Hals ben\u00f6tigt und der Rhythmus gleichm\u00e4\u00dfig und eher langsam ist. Das Lied hat einen fr\u00f6hlichen und sanften Charakter und ist deshalb besonders entspannt zu spielen<\/p>\n<p>Ich empfehle, das Lied mit den Fingern statt mit dem Bachi zu spielen. Das St\u00fcck ist urspr\u00fcnglich f\u00fcr die <em>Sanshin<\/em> und nicht f\u00fcr die Shamisen komponiert. Deshalb gibt es viele Saitenspr\u00fcnge. Das spielt sich sehr viel leichter mit den Fingern &#8211; so spielt man n\u00e4mlich auch die <em>Sanshin<\/em>. Wer doch unbedingt mit dem Bachi spielen m\u00f6chte, sollte die Versionen &#8222;Melodie&#8220; und &#8222;Minimal&#8220; genauer unter die Lupe nehmen. In der &#8222;Melodie&#8220; Version habe ich die Noten grau eingef\u00e4rbt, die nicht zur Melodie geh\u00f6ren und die man deshalb getrost auslassen kann, wenn man in Bedr\u00e4ngnis kommt. In der &#8222;Minimal&#8220; Version habe ich diese Noten g\u00e4nzlich entfernt und durch Pausen ersetzt.<\/p>\n<p>Die Noten gibt es also in vier verschiedenen Versionen: die Komplettversion ohne Text, die Komplettversion mit Text und f\u00fcr Shamisen notierter Singstimme, die vereinfachte Version mit hervorgehobenen Melodiet\u00f6nen und die noch einfachere, minimalistische Version.<\/p>\n<p>Die mp3 Play Along Dateien gibt es in zwei Versionen: normal und minimalistisch. Diese Versionen gibt es dann in jeweils drei verschiedenen Geschwindigkeiten: 70 bpm, 90 bpm und 105 bpm.<\/p>\n<p>Die Dateien k\u00f6nnen nach dem Kauf im Kundenkonto heruntergeladen werden \u2013 einen Link dazu gibt es in der Bestellbest\u00e4tigungs-E-Mail.<\/p>\n<p>Neugierig, wie das Lied klingt? Das ist der Anfang von Asadoya Yunta:<\/p>\n<audio class=\"wp-audio-shortcode\" id=\"audio-25207-1\" preload=\"none\" style=\"width: 100%;\" controls=\"controls\"><source type=\"audio\/mpeg\" src=\"https:\/\/www.shami-shop.com\/wp-content\/uploads\/2024\/07\/ASADOYA-YUNTA-SOUND-PREVIEW.mp3?_=1\" \/><a href=\"https:\/\/www.shami-shop.com\/wp-content\/uploads\/2024\/07\/ASADOYA-YUNTA-SOUND-PREVIEW.mp3\">https:\/\/www.shami-shop.com\/wp-content\/uploads\/2024\/07\/ASADOYA-YUNTA-SOUND-PREVIEW.mp3<\/a><\/audio>\n","protected":false},"excerpt":{"rendered":"<p>Anf\u00e4nger-freundliches Lied f\u00fcr Shamisen.<\/p>\n<p>Das gibt es alles:<\/p>\n<ul>\n<li>3 pdfs mit 6 Seiten insgesamt: Tabulatur\u00a0<strong>Noten<\/strong> in drei Versionen (siehe Details)<\/li>\n<li><strong>6 mp3<\/strong>-Dateien: <strong>mp3 Play Along<\/strong> Dateien in zwei Versionen in jeweils drei Geschwindigkeitsstufen<\/li>\n<\/ul>\n<p>Details zum Lied:<\/p>\n<ul>\n<li>Anf\u00e4nger<\/li>\n<li>Honch\u014dshi Stimmung (C-F-C)<\/li>\n<\/ul>\n","protected":false},"featured_media":25183,"template":"","meta":{"_et_pb_use_builder":"","_et_pb_old_content":"","_et_gb_content_width":""},"product_brand":[],"product_cat":[130,207],"product_tag":[458],"class_list":{"0":"post-25207","1":"product","2":"type-product","3":"status-publish","4":"has-post-thumbnail","6":"product_cat-notenhefte","7":"product_cat-noten-downloads","8":"product_tag-anfanger","10":"first","11":"instock","12":"downloadable","13":"shipping-taxable","14":"purchasable","15":"product-type-simple"},"yoast_head":"<!-- This site is optimized with the Yoast SEO plugin v26.9 - https:\/\/yoast.com\/product\/yoast-seo-wordpress\/ -->\n<title>Asadoya Yunta Bundle - Shami-Shop<\/title>\n<meta name=\"description\" content=\"Shamisen-Noten des Liedes &quot;Asadoya Yunta&quot;, geeignet f\u00fcr Anf\u00e4nger. Inklusive Play Along mp3 in verschiedenen Geschwindigkeiten, zum direkten Download.\" \/>\n<meta name=\"robots\" content=\"index, follow, max-snippet:-1, max-image-preview:large, max-video-preview:-1\" \/>\n<link rel=\"canonical\" href=\"https:\/\/www.shami-shop.com\/de\/produkt\/asadoya-yunta-bundle\/\" \/>\n<meta property=\"og:locale\" content=\"de_DE\" \/>\n<meta property=\"og:type\" content=\"article\" \/>\n<meta property=\"og:title\" content=\"Asadoya Yunta Bundle - Shami-Shop\" \/>\n<meta property=\"og:description\" content=\"Shamisen-Noten des Liedes &quot;Asadoya Yunta&quot;, geeignet f\u00fcr Anf\u00e4nger. Inklusive Play Along mp3 in verschiedenen Geschwindigkeiten, zum direkten Download.\" \/>\n<meta property=\"og:url\" content=\"https:\/\/www.shami-shop.com\/de\/produkt\/asadoya-yunta-bundle\/\" \/>\n<meta property=\"og:site_name\" content=\"Shami-Shop\" \/>\n<meta property=\"article:publisher\" content=\"https:\/\/www.facebook.com\/weloveshamisen\/\" \/>\n<meta property=\"article:modified_time\" content=\"2024-07-16T17:38:08+00:00\" \/>\n<meta property=\"og:image\" content=\"https:\/\/www.shami-shop.com\/wp-content\/uploads\/2024\/07\/ASADOYA-YUNTA-Produktvorschau-thb.png\" \/>\n\t<meta property=\"og:image:width\" content=\"843\" \/>\n\t<meta property=\"og:image:height\" content=\"842\" \/>\n\t<meta property=\"og:image:type\" content=\"image\/png\" \/>\n<meta name=\"twitter:card\" content=\"summary_large_image\" \/>\n<meta name=\"twitter:label1\" content=\"Gesch\u00e4tzte Lesezeit\" \/>\n\t<meta name=\"twitter:data1\" content=\"2\u00a0Minuten\" \/>\n<script type=\"application\/ld+json\" class=\"yoast-schema-graph\">{\"@context\":\"https:\/\/schema.org\",\"@graph\":[{\"@type\":[\"WebPage\",\"ItemPage\"],\"@id\":\"https:\/\/www.shami-shop.com\/de\/produkt\/asadoya-yunta-bundle\/\",\"url\":\"https:\/\/www.shami-shop.com\/de\/produkt\/asadoya-yunta-bundle\/\",\"name\":\"Asadoya Yunta Bundle - Shami-Shop\",\"isPartOf\":{\"@id\":\"https:\/\/www.shami-shop.com\/de\/#website\"},\"primaryImageOfPage\":{\"@id\":\"https:\/\/www.shami-shop.com\/de\/produkt\/asadoya-yunta-bundle\/#primaryimage\"},\"image\":{\"@id\":\"https:\/\/www.shami-shop.com\/de\/produkt\/asadoya-yunta-bundle\/#primaryimage\"},\"thumbnailUrl\":\"https:\/\/www.shami-shop.com\/wp-content\/uploads\/2024\/07\/ASADOYA-YUNTA-Produktvorschau-thb.png\",\"datePublished\":\"2024-07-16T17:38:07+00:00\",\"dateModified\":\"2024-07-16T17:38:08+00:00\",\"description\":\"Shamisen-Noten des Liedes \\\"Asadoya Yunta\\\", geeignet f\u00fcr Anf\u00e4nger. Inklusive Play Along mp3 in verschiedenen Geschwindigkeiten, zum direkten Download.\",\"breadcrumb\":{\"@id\":\"https:\/\/www.shami-shop.com\/de\/produkt\/asadoya-yunta-bundle\/#breadcrumb\"},\"inLanguage\":\"de\",\"potentialAction\":[{\"@type\":\"ReadAction\",\"target\":[\"https:\/\/www.shami-shop.com\/de\/produkt\/asadoya-yunta-bundle\/\"]}]},{\"@type\":\"ImageObject\",\"inLanguage\":\"de\",\"@id\":\"https:\/\/www.shami-shop.com\/de\/produkt\/asadoya-yunta-bundle\/#primaryimage\",\"url\":\"https:\/\/www.shami-shop.com\/wp-content\/uploads\/2024\/07\/ASADOYA-YUNTA-Produktvorschau-thb.png\",\"contentUrl\":\"https:\/\/www.shami-shop.com\/wp-content\/uploads\/2024\/07\/ASADOYA-YUNTA-Produktvorschau-thb.png\",\"width\":843,\"height\":842},{\"@type\":\"BreadcrumbList\",\"@id\":\"https:\/\/www.shami-shop.com\/de\/produkt\/asadoya-yunta-bundle\/#breadcrumb\",\"itemListElement\":[{\"@type\":\"ListItem\",\"position\":1,\"name\":\"Startseite\",\"item\":\"https:\/\/www.shami-shop.com\/de\/\"},{\"@type\":\"ListItem\",\"position\":2,\"name\":\"Shop\",\"item\":\"https:\/\/www.shami-shop.com\/de\/shop\/\"},{\"@type\":\"ListItem\",\"position\":3,\"name\":\"Asadoya Yunta Bundle\"}]},{\"@type\":\"WebSite\",\"@id\":\"https:\/\/www.shami-shop.com\/de\/#website\",\"url\":\"https:\/\/www.shami-shop.com\/de\/\",\"name\":\"Shami-Shop\",\"description\":\"Alles f\u00fcr den Shamisen-Spieler.\",\"publisher\":{\"@id\":\"https:\/\/www.shami-shop.com\/de\/#organization\"},\"potentialAction\":[{\"@type\":\"SearchAction\",\"target\":{\"@type\":\"EntryPoint\",\"urlTemplate\":\"https:\/\/www.shami-shop.com\/de\/?s={search_term_string}\"},\"query-input\":{\"@type\":\"PropertyValueSpecification\",\"valueRequired\":true,\"valueName\":\"search_term_string\"}}],\"inLanguage\":\"de\"},{\"@type\":\"Organization\",\"@id\":\"https:\/\/www.shami-shop.com\/de\/#organization\",\"name\":\"Shami-Shop\",\"url\":\"https:\/\/www.shami-shop.com\/de\/\",\"logo\":{\"@type\":\"ImageObject\",\"inLanguage\":\"de\",\"@id\":\"https:\/\/www.shami-shop.com\/de\/#\/schema\/logo\/image\/\",\"url\":\"https:\/\/shami-shop.com\/wp-content\/uploads\/2021\/01\/Shami-Shop-Logo-1080.png\",\"contentUrl\":\"https:\/\/shami-shop.com\/wp-content\/uploads\/2021\/01\/Shami-Shop-Logo-1080.png\",\"width\":1080,\"height\":1080,\"caption\":\"Shami-Shop\"},\"image\":{\"@id\":\"https:\/\/www.shami-shop.com\/de\/#\/schema\/logo\/image\/\"},\"sameAs\":[\"https:\/\/www.facebook.com\/weloveshamisen\/\",\"https:\/\/www.instagram.com\/shamishop.europe\/\"]}]}<\/script>\n<!-- \/ Yoast SEO plugin. -->","yoast_head_json":{"title":"Asadoya Yunta Bundle - Shami-Shop","description":"Shamisen-Noten des Liedes \"Asadoya Yunta\", geeignet f\u00fcr Anf\u00e4nger. Inklusive Play Along mp3 in verschiedenen Geschwindigkeiten, zum direkten Download.","robots":{"index":"index","follow":"follow","max-snippet":"max-snippet:-1","max-image-preview":"max-image-preview:large","max-video-preview":"max-video-preview:-1"},"canonical":"https:\/\/www.shami-shop.com\/de\/produkt\/asadoya-yunta-bundle\/","og_locale":"de_DE","og_type":"article","og_title":"Asadoya Yunta Bundle - Shami-Shop","og_description":"Shamisen-Noten des Liedes \"Asadoya Yunta\", geeignet f\u00fcr Anf\u00e4nger. Inklusive Play Along mp3 in verschiedenen Geschwindigkeiten, zum direkten Download.","og_url":"https:\/\/www.shami-shop.com\/de\/produkt\/asadoya-yunta-bundle\/","og_site_name":"Shami-Shop","article_publisher":"https:\/\/www.facebook.com\/weloveshamisen\/","article_modified_time":"2024-07-16T17:38:08+00:00","og_image":[{"width":843,"height":842,"url":"https:\/\/www.shami-shop.com\/wp-content\/uploads\/2024\/07\/ASADOYA-YUNTA-Produktvorschau-thb.png","type":"image\/png"}],"twitter_card":"summary_large_image","twitter_misc":{"Gesch\u00e4tzte Lesezeit":"2\u00a0Minuten"},"schema":{"@context":"https:\/\/schema.org","@graph":[{"@type":["WebPage","ItemPage"],"@id":"https:\/\/www.shami-shop.com\/de\/produkt\/asadoya-yunta-bundle\/","url":"https:\/\/www.shami-shop.com\/de\/produkt\/asadoya-yunta-bundle\/","name":"Asadoya Yunta Bundle - Shami-Shop","isPartOf":{"@id":"https:\/\/www.shami-shop.com\/de\/#website"},"primaryImageOfPage":{"@id":"https:\/\/www.shami-shop.com\/de\/produkt\/asadoya-yunta-bundle\/#primaryimage"},"image":{"@id":"https:\/\/www.shami-shop.com\/de\/produkt\/asadoya-yunta-bundle\/#primaryimage"},"thumbnailUrl":"https:\/\/www.shami-shop.com\/wp-content\/uploads\/2024\/07\/ASADOYA-YUNTA-Produktvorschau-thb.png","datePublished":"2024-07-16T17:38:07+00:00","dateModified":"2024-07-16T17:38:08+00:00","description":"Shamisen-Noten des Liedes \"Asadoya Yunta\", geeignet f\u00fcr Anf\u00e4nger. Inklusive Play Along mp3 in verschiedenen Geschwindigkeiten, zum direkten Download.","breadcrumb":{"@id":"https:\/\/www.shami-shop.com\/de\/produkt\/asadoya-yunta-bundle\/#breadcrumb"},"inLanguage":"de","potentialAction":[{"@type":"ReadAction","target":["https:\/\/www.shami-shop.com\/de\/produkt\/asadoya-yunta-bundle\/"]}]},{"@type":"ImageObject","inLanguage":"de","@id":"https:\/\/www.shami-shop.com\/de\/produkt\/asadoya-yunta-bundle\/#primaryimage","url":"https:\/\/www.shami-shop.com\/wp-content\/uploads\/2024\/07\/ASADOYA-YUNTA-Produktvorschau-thb.png","contentUrl":"https:\/\/www.shami-shop.com\/wp-content\/uploads\/2024\/07\/ASADOYA-YUNTA-Produktvorschau-thb.png","width":843,"height":842},{"@type":"BreadcrumbList","@id":"https:\/\/www.shami-shop.com\/de\/produkt\/asadoya-yunta-bundle\/#breadcrumb","itemListElement":[{"@type":"ListItem","position":1,"name":"Startseite","item":"https:\/\/www.shami-shop.com\/de\/"},{"@type":"ListItem","position":2,"name":"Shop","item":"https:\/\/www.shami-shop.com\/de\/shop\/"},{"@type":"ListItem","position":3,"name":"Asadoya Yunta Bundle"}]},{"@type":"WebSite","@id":"https:\/\/www.shami-shop.com\/de\/#website","url":"https:\/\/www.shami-shop.com\/de\/","name":"Shami-Shop","description":"Alles f\u00fcr den Shamisen-Spieler.","publisher":{"@id":"https:\/\/www.shami-shop.com\/de\/#organization"},"potentialAction":[{"@type":"SearchAction","target":{"@type":"EntryPoint","urlTemplate":"https:\/\/www.shami-shop.com\/de\/?s={search_term_string}"},"query-input":{"@type":"PropertyValueSpecification","valueRequired":true,"valueName":"search_term_string"}}],"inLanguage":"de"},{"@type":"Organization","@id":"https:\/\/www.shami-shop.com\/de\/#organization","name":"Shami-Shop","url":"https:\/\/www.shami-shop.com\/de\/","logo":{"@type":"ImageObject","inLanguage":"de","@id":"https:\/\/www.shami-shop.com\/de\/#\/schema\/logo\/image\/","url":"https:\/\/shami-shop.com\/wp-content\/uploads\/2021\/01\/Shami-Shop-Logo-1080.png","contentUrl":"https:\/\/shami-shop.com\/wp-content\/uploads\/2021\/01\/Shami-Shop-Logo-1080.png","width":1080,"height":1080,"caption":"Shami-Shop"},"image":{"@id":"https:\/\/www.shami-shop.com\/de\/#\/schema\/logo\/image\/"},"sameAs":["https:\/\/www.facebook.com\/weloveshamisen\/","https:\/\/www.instagram.com\/shamishop.europe\/"]}]}},"jetpack_sharing_enabled":true,"_links":{"self":[{"href":"https:\/\/www.shami-shop.com\/de\/wp-json\/wp\/v2\/product\/25207","targetHints":{"allow":["GET"]}}],"collection":[{"href":"https:\/\/www.shami-shop.com\/de\/wp-json\/wp\/v2\/product"}],"about":[{"href":"https:\/\/www.shami-shop.com\/de\/wp-json\/wp\/v2\/types\/product"}],"wp:featuredmedia":[{"embeddable":true,"href":"https:\/\/www.shami-shop.com\/de\/wp-json\/wp\/v2\/media\/25183"}],"wp:attachment":[{"href":"https:\/\/www.shami-shop.com\/de\/wp-json\/wp\/v2\/media?parent=25207"}],"wp:term":[{"taxonomy":"product_brand","embeddable":true,"href":"https:\/\/www.shami-shop.com\/de\/wp-json\/wp\/v2\/product_brand?post=25207"},{"taxonomy":"product_cat","embeddable":true,"href":"https:\/\/www.shami-shop.com\/de\/wp-json\/wp\/v2\/product_cat?post=25207"},{"taxonomy":"product_tag","embeddable":true,"href":"https:\/\/www.shami-shop.com\/de\/wp-json\/wp\/v2\/product_tag?post=25207"}],"curies":[{"name":"wp","href":"https:\/\/api.w.org\/{rel}","templated":true}]}}