{"id":25693,"date":"2025-02-19T06:31:12","date_gmt":"2024-08-17T06:06:44","guid":{"rendered":"https:\/\/www.shami-shop.com\/product\/hosozao-anfaenger-shamisen-set-ayame\/"},"modified":"2025-02-20T18:09:34","modified_gmt":"2025-02-20T17:09:34","slug":"hosozao-anfaenger-shamisen-set-ayame","status":"publish","type":"product","link":"https:\/\/www.shami-shop.com\/de\/produkt\/hosozao-anfaenger-shamisen-set-ayame\/","title":{"rendered":"Anf\u00e4nger Set Hosozao Shamisen \u201cMomoe\u201d"},"content":{"rendered":"<p>Der Name f\u00fcr diese Shamisen, \u201eMomoe\u201c (\u6843\u6075), ist inspiriert von ihrer sch\u00f6nen Farbkombination. Der Name setzt sich aus \u201ePfirsich\u201c (\u6843) und \u201eWeisheit\u201c (\u6075) zusammen und symbolisiert Sch\u00f6nheit und G\u00fcte. Ich vermute, dass diese Shamisen jemandes erste Shamisen sein wird, und w\u00fcnsche der zuk\u00fcnftigen Spielerin oder dem zuk\u00fcnftigen Spieler, immer nett zu sich selbst zu sein \u2013 besonders, wenn man auf Herausforderungen beim Spielen trifft. Ich hoffe, dass du die Sch\u00f6nheit, die du mit deiner Musik in die Welt bringst, selber h\u00f6rst und sp\u00fcrst!<\/p>\n<p>Das Instrument ist in sehr gutem Zustand und wird viele lange Jahre Freude bringen. Die Verbindungen haben einen festen Sitz und die Zagane (Metallbeschl\u00e4ge, die die Wirbel halten) im Blumen-Design sind ein wundersch\u00f6nes \u00e4sthetisches Extra. Sie sind ein wunderbares Beispiel f\u00fcr die Liebe zum Detail, mit die f\u00fcr Japan so typisch ist.<\/p>\n<p>Diese Shamisen ist eine so genannte Hosozao Shamisen, also eine Shamisen mit schmalem Hals &#8211; typischerweise gebraucht f\u00fcr Nagauta, Kouta und Hauta Stil. Innerhalb der verschiedenen Bauweisen unterscheiden sich die exakten Ma\u00dfe und sind an die Bed\u00fcrfnisse des Spielers angepasst. Diese Shamisen hat einen nicht allzu schmalen Hals und ist bequem zu spielen.<!-- notionvc: 031f7542-505c-4f95-96ef-9c71a911b973 --><\/p>\n<p>&nbsp;<\/p>\n<h5><strong>Holz: <\/strong><\/h5>\n<p>Das Instrument ist aus Karin Holz gearbeitet. Dieses robuste Hartholz ist bew\u00e4hrt f\u00fcr Anf\u00e4nger- und Sch\u00fclerinstrumente.<\/p>\n<h5><\/h5>\n<h5><strong>Accessoires und H\u00e4ute: <\/strong><\/h5>\n<p>The instrument comes with a green doukake with a stylized pattern called \u201ckikko\u201d. Die Form symbolisiert Schildkr\u00f6tenpanzer und steht f\u00fcr Gl\u00fcck und Schutz. M\u00f6ge es dir Gl\u00fcck bringen und deine wundersch\u00f6ne Shamisen besch\u00fctzen! Der Neo (Saitenhalter) ist pfirsichfarben \u2013 das Gr\u00fcn steht f\u00fcr die \u00fcppigen Bl\u00e4tter eines Pfirsichbaums, w\u00e4hrend der Neo die s\u00fc\u00dfe Frucht symbolisiert. Im Set enthalten ist au\u00dferdem ein frischer Satz Saiten, ein Dougomu und ein sch\u00fctzendes Tenjin-K\u00e4ppchen. Der Dou ist frisch mit synthetischer Hibiki-Haut auf der Vorderseite bespannt, die R\u00fcckseite ist mit Natur-Haut bespannt.<\/p>\n<h5 data-pm-slice=\"1 1 []\"><strong><span class=\"notion-enable-hover\" data-token-index=\"0\">Hals:<\/span> <\/strong><\/h5>\n<p data-pm-slice=\"1 1 []\">Der Hals ist 27 hoch\/dick am oberen Ende und verbreitert sich leicht in Richtung Korpus. Das Griffbrett ist an der schmalsten Stelle 25 mm breit Die elegant geschwungene <span class=\"notion-enable-hover\" data-token-index=\"1\">Hatomune<\/span> &#8211; der Teil, wo der Hals in den Korpus eintaucht &#8211; ist typisch f\u00fcr Hosozao Shamisen im Nagauta Stil. Auf dieser Art von Hals kann man bis zur Position 19 spielen.<!-- notionvc: aaeb0c99-ae58-4266-a1bd-eacf23dad960 --><\/p>\n<h5 data-pm-slice=\"1 1 []\"><strong>Itomaki:<\/strong><\/h5>\n<p data-pm-slice=\"1 1 []\">Die <em>Itomaki<\/em> (Wirbel) sind aus Ebenholz gearbeitet und in einer traditionellen Art geschnitzt, sodass sie sich trotz ihrer schmalen Form leicht greifen lassen. Ihre Metallbeschl\u00e4ge \u2013 <em>Zagane<\/em> \u2013 sind kunstvoll in wundersch\u00f6nem Blumen-Design gearbeitet. <!-- notionvc: f9e78c96-b563-47c2-8b7f-7d24482e2989 --><\/p>\n<p>&nbsp;<\/p>\n<h5><strong>Weiteres: <\/strong><\/h5>\n<p>The <i>Tsukigata <\/i>(das halbmondf\u00f6rmige Ende des <em>Tenjin<\/em>) ist in perfektem Zustand. Das Holz hat einen warmen Rotton und eine sch\u00f6ne Maserung. Der Hals ist im <em>Mitsuori<\/em> Stil gerabeitet: Er kann in drei Teile zerlegt werden. Die Verbindungen sind bei diesem Instrument in einfacher Ausfertigung gearbeitet gearbeitet. Dadurch, dass sich der Hals zerteilen l\u00e4sst, kann man mit diesem Instrument besonders bequem verreisen &#8211; selbst wenn man klein und leicht packen muss. Die Verbindungen sind in perfektem Zustand. Zusammengebaut ahnt man nicht, dass der Hals nicht aus einem durchgehenden St\u00fcck gearbeitet ist, so passgenau sitzen die einzelnen Teile aneinander.<\/p>\n<p>Wenn Sie noch Fragen haben, schicken Sie mir einfach eine Nachricht und ich helfe gerne weiter.<\/p>\n<p>&nbsp;<\/p>\n<p>Alles, was man zum losspielen noch ben\u00f6tigt, sind ein <a href=\"https:\/\/www.shami-shop.com\/de\/produkt-kategorie\/koma-de\/\" target=\"_blank\" rel=\"noopener\">Koma<\/a>, ein <a href=\"https:\/\/www.shami-shop.com\/de\/produkt-kategorie\/bachi-de\/\" target=\"_blank\" rel=\"noopener\">Bachi<\/a> und ein <a href=\"https:\/\/www.shami-shop.com\/de\/produkt-kategorie\/zubehoer\/yubisuri-de\/\" target=\"_blank\" rel=\"noopener\">Yubisuri<\/a>. W\u00e4hlen Sie Koma und Bachi je nach dem Stil, den Sie spielen m\u00f6chten und Ihren pers\u00f6nlichen Vorlieben. Yubisuri gibt es in unterschiedlichen Gr\u00f6\u00dfen. Au\u00dferdem wollte ich Sie der bitters\u00fc\u00dfen Qual der Wahl zwischen all den sch\u00f6nen Farben nicht berauben.<\/p>\n<p>Wenn Sie Hilfe bei der Auswahl der richtigen Komponenten ben\u00f6tigen, schicken Sie gerne eine Nachricht und wir stellen gemeinsam das perfekte Paket f\u00fcr Sie zusammen.<\/p>\n","protected":false},"excerpt":{"rendered":"<ul>\n<li>Hosozao Shamisen\n<ul>\n<li>Sao Breite: 27 mm<\/li>\n<li>Sao H\u00f6he: 27 mm<\/li>\n<li>Griffbrett: 25 mm<\/li>\n<\/ul>\n<\/li>\n<li>Karin-Holz<\/li>\n<li>frische Hibiki Kunsthaut auf der Vorderseite, Naturhaut auf der R\u00fcckseite<\/li>\n<\/ul>\n<p><em>au\u00dferdem im Set enthalten:<\/em><\/p>\n<ul>\n<li>Neo<\/li>\n<li>Doukake<\/li>\n<li>Saiten<\/li>\n<li>Dougomu<!-- notionvc: 3e4abec3-0c7c-4cb1-b3af-9a72399a60e2 --><\/li>\n<li>Tenjin-Schutz<\/li>\n<\/ul>\n","protected":false},"featured_media":25261,"template":"","meta":{"_et_pb_use_builder":"","_et_pb_old_content":"","_et_gb_content_width":""},"product_brand":[],"product_cat":[54,339,389,392,403,412],"product_tag":[],"class_list":{"0":"post-25693","1":"product","2":"type-product","3":"status-publish","4":"has-post-thumbnail","6":"product_cat-unkategorisiert-de","7":"product_cat-shamisen-de","8":"product_cat-hosozao-de","9":"product_cat-nagauta-sh-de","10":"product_cat-nagauta-stil","11":"product_cat-kouta-stil","12":"product_shipping_class-5kg-de","14":"first","15":"outofstock","16":"shipping-taxable","17":"purchasable","18":"product-type-simple"},"yoast_head":"<!-- This site is optimized with the Yoast SEO plugin v26.9 - https:\/\/yoast.com\/product\/yoast-seo-wordpress\/ -->\n<title>Anf\u00e4nger Set Hosozao Shamisen \u201cMomoe\u201d - Shami-Shop<\/title>\n<meta name=\"description\" content=\"Kaufen Sie eine wundersch\u00f6ne restaurierte Hosozao Nagauta Shamisen aus Karin Holz mit Naturhaut bezogen. Versand direkt aus Berlin.\" \/>\n<meta name=\"robots\" content=\"index, follow, max-snippet:-1, max-image-preview:large, max-video-preview:-1\" \/>\n<link rel=\"canonical\" href=\"https:\/\/www.shami-shop.com\/de\/produkt\/hosozao-anfaenger-shamisen-set-ayame\/\" \/>\n<meta property=\"og:locale\" content=\"de_DE\" \/>\n<meta property=\"og:type\" content=\"article\" \/>\n<meta property=\"og:title\" content=\"Anf\u00e4nger Set Hosozao Shamisen \u201cMomoe\u201d - Shami-Shop\" \/>\n<meta property=\"og:description\" content=\"Kaufen Sie eine wundersch\u00f6ne restaurierte Hosozao Nagauta Shamisen aus Karin Holz mit Naturhaut bezogen. Versand direkt aus Berlin.\" \/>\n<meta property=\"og:url\" content=\"https:\/\/www.shami-shop.com\/de\/produkt\/hosozao-anfaenger-shamisen-set-ayame\/\" \/>\n<meta property=\"og:site_name\" content=\"Shami-Shop\" \/>\n<meta property=\"article:publisher\" content=\"https:\/\/www.facebook.com\/weloveshamisen\/\" \/>\n<meta property=\"article:modified_time\" content=\"2025-02-20T17:09:34+00:00\" \/>\n<meta property=\"og:image\" content=\"https:\/\/www.shami-shop.com\/wp-content\/uploads\/2024\/07\/HO-34-dou45.png\" \/>\n\t<meta property=\"og:image:width\" content=\"843\" \/>\n\t<meta property=\"og:image:height\" content=\"632\" \/>\n\t<meta property=\"og:image:type\" content=\"image\/png\" \/>\n<meta name=\"twitter:card\" content=\"summary_large_image\" \/>\n<meta name=\"twitter:label1\" content=\"Gesch\u00e4tzte Lesezeit\" \/>\n\t<meta name=\"twitter:data1\" content=\"3\u00a0Minuten\" \/>\n<script type=\"application\/ld+json\" class=\"yoast-schema-graph\">{\"@context\":\"https:\/\/schema.org\",\"@graph\":[{\"@type\":[\"WebPage\",\"ItemPage\"],\"@id\":\"https:\/\/www.shami-shop.com\/de\/produkt\/hosozao-anfaenger-shamisen-set-ayame\/\",\"url\":\"https:\/\/www.shami-shop.com\/de\/produkt\/hosozao-anfaenger-shamisen-set-ayame\/\",\"name\":\"Anf\u00e4nger Set Hosozao Shamisen \u201cMomoe\u201d - Shami-Shop\",\"isPartOf\":{\"@id\":\"https:\/\/www.shami-shop.com\/de\/#website\"},\"primaryImageOfPage\":{\"@id\":\"https:\/\/www.shami-shop.com\/de\/produkt\/hosozao-anfaenger-shamisen-set-ayame\/#primaryimage\"},\"image\":{\"@id\":\"https:\/\/www.shami-shop.com\/de\/produkt\/hosozao-anfaenger-shamisen-set-ayame\/#primaryimage\"},\"thumbnailUrl\":\"https:\/\/www.shami-shop.com\/wp-content\/uploads\/2024\/07\/HO-34-dou45.png\",\"datePublished\":\"2024-08-17T06:06:44+00:00\",\"dateModified\":\"2025-02-20T17:09:34+00:00\",\"description\":\"Kaufen Sie eine wundersch\u00f6ne restaurierte Hosozao Nagauta Shamisen aus Karin Holz mit Naturhaut bezogen. Versand direkt aus Berlin.\",\"breadcrumb\":{\"@id\":\"https:\/\/www.shami-shop.com\/de\/produkt\/hosozao-anfaenger-shamisen-set-ayame\/#breadcrumb\"},\"inLanguage\":\"de\",\"potentialAction\":[{\"@type\":\"ReadAction\",\"target\":[\"https:\/\/www.shami-shop.com\/de\/produkt\/hosozao-anfaenger-shamisen-set-ayame\/\"]}]},{\"@type\":\"ImageObject\",\"inLanguage\":\"de\",\"@id\":\"https:\/\/www.shami-shop.com\/de\/produkt\/hosozao-anfaenger-shamisen-set-ayame\/#primaryimage\",\"url\":\"https:\/\/www.shami-shop.com\/wp-content\/uploads\/2024\/07\/HO-34-dou45.png\",\"contentUrl\":\"https:\/\/www.shami-shop.com\/wp-content\/uploads\/2024\/07\/HO-34-dou45.png\",\"width\":843,\"height\":632},{\"@type\":\"BreadcrumbList\",\"@id\":\"https:\/\/www.shami-shop.com\/de\/produkt\/hosozao-anfaenger-shamisen-set-ayame\/#breadcrumb\",\"itemListElement\":[{\"@type\":\"ListItem\",\"position\":1,\"name\":\"Startseite\",\"item\":\"https:\/\/www.shami-shop.com\/de\/\"},{\"@type\":\"ListItem\",\"position\":2,\"name\":\"Shop\",\"item\":\"https:\/\/www.shami-shop.com\/de\/shop\/\"},{\"@type\":\"ListItem\",\"position\":3,\"name\":\"Anf\u00e4nger Set Hosozao Shamisen \u201cMomoe\u201d\"}]},{\"@type\":\"WebSite\",\"@id\":\"https:\/\/www.shami-shop.com\/de\/#website\",\"url\":\"https:\/\/www.shami-shop.com\/de\/\",\"name\":\"Shami-Shop\",\"description\":\"Alles f\u00fcr den Shamisen-Spieler.\",\"publisher\":{\"@id\":\"https:\/\/www.shami-shop.com\/de\/#organization\"},\"potentialAction\":[{\"@type\":\"SearchAction\",\"target\":{\"@type\":\"EntryPoint\",\"urlTemplate\":\"https:\/\/www.shami-shop.com\/de\/?s={search_term_string}\"},\"query-input\":{\"@type\":\"PropertyValueSpecification\",\"valueRequired\":true,\"valueName\":\"search_term_string\"}}],\"inLanguage\":\"de\"},{\"@type\":\"Organization\",\"@id\":\"https:\/\/www.shami-shop.com\/de\/#organization\",\"name\":\"Shami-Shop\",\"url\":\"https:\/\/www.shami-shop.com\/de\/\",\"logo\":{\"@type\":\"ImageObject\",\"inLanguage\":\"de\",\"@id\":\"https:\/\/www.shami-shop.com\/de\/#\/schema\/logo\/image\/\",\"url\":\"https:\/\/shami-shop.com\/wp-content\/uploads\/2021\/01\/Shami-Shop-Logo-1080.png\",\"contentUrl\":\"https:\/\/shami-shop.com\/wp-content\/uploads\/2021\/01\/Shami-Shop-Logo-1080.png\",\"width\":1080,\"height\":1080,\"caption\":\"Shami-Shop\"},\"image\":{\"@id\":\"https:\/\/www.shami-shop.com\/de\/#\/schema\/logo\/image\/\"},\"sameAs\":[\"https:\/\/www.facebook.com\/weloveshamisen\/\",\"https:\/\/www.instagram.com\/shamishop.europe\/\"]}]}<\/script>\n<!-- \/ Yoast SEO plugin. -->","yoast_head_json":{"title":"Anf\u00e4nger Set Hosozao Shamisen \u201cMomoe\u201d - Shami-Shop","description":"Kaufen Sie eine wundersch\u00f6ne restaurierte Hosozao Nagauta Shamisen aus Karin Holz mit Naturhaut bezogen. Versand direkt aus Berlin.","robots":{"index":"index","follow":"follow","max-snippet":"max-snippet:-1","max-image-preview":"max-image-preview:large","max-video-preview":"max-video-preview:-1"},"canonical":"https:\/\/www.shami-shop.com\/de\/produkt\/hosozao-anfaenger-shamisen-set-ayame\/","og_locale":"de_DE","og_type":"article","og_title":"Anf\u00e4nger Set Hosozao Shamisen \u201cMomoe\u201d - Shami-Shop","og_description":"Kaufen Sie eine wundersch\u00f6ne restaurierte Hosozao Nagauta Shamisen aus Karin Holz mit Naturhaut bezogen. Versand direkt aus Berlin.","og_url":"https:\/\/www.shami-shop.com\/de\/produkt\/hosozao-anfaenger-shamisen-set-ayame\/","og_site_name":"Shami-Shop","article_publisher":"https:\/\/www.facebook.com\/weloveshamisen\/","article_modified_time":"2025-02-20T17:09:34+00:00","og_image":[{"width":843,"height":632,"url":"https:\/\/www.shami-shop.com\/wp-content\/uploads\/2024\/07\/HO-34-dou45.png","type":"image\/png"}],"twitter_card":"summary_large_image","twitter_misc":{"Gesch\u00e4tzte Lesezeit":"3\u00a0Minuten"},"schema":{"@context":"https:\/\/schema.org","@graph":[{"@type":["WebPage","ItemPage"],"@id":"https:\/\/www.shami-shop.com\/de\/produkt\/hosozao-anfaenger-shamisen-set-ayame\/","url":"https:\/\/www.shami-shop.com\/de\/produkt\/hosozao-anfaenger-shamisen-set-ayame\/","name":"Anf\u00e4nger Set Hosozao Shamisen \u201cMomoe\u201d - Shami-Shop","isPartOf":{"@id":"https:\/\/www.shami-shop.com\/de\/#website"},"primaryImageOfPage":{"@id":"https:\/\/www.shami-shop.com\/de\/produkt\/hosozao-anfaenger-shamisen-set-ayame\/#primaryimage"},"image":{"@id":"https:\/\/www.shami-shop.com\/de\/produkt\/hosozao-anfaenger-shamisen-set-ayame\/#primaryimage"},"thumbnailUrl":"https:\/\/www.shami-shop.com\/wp-content\/uploads\/2024\/07\/HO-34-dou45.png","datePublished":"2024-08-17T06:06:44+00:00","dateModified":"2025-02-20T17:09:34+00:00","description":"Kaufen Sie eine wundersch\u00f6ne restaurierte Hosozao Nagauta Shamisen aus Karin Holz mit Naturhaut bezogen. Versand direkt aus Berlin.","breadcrumb":{"@id":"https:\/\/www.shami-shop.com\/de\/produkt\/hosozao-anfaenger-shamisen-set-ayame\/#breadcrumb"},"inLanguage":"de","potentialAction":[{"@type":"ReadAction","target":["https:\/\/www.shami-shop.com\/de\/produkt\/hosozao-anfaenger-shamisen-set-ayame\/"]}]},{"@type":"ImageObject","inLanguage":"de","@id":"https:\/\/www.shami-shop.com\/de\/produkt\/hosozao-anfaenger-shamisen-set-ayame\/#primaryimage","url":"https:\/\/www.shami-shop.com\/wp-content\/uploads\/2024\/07\/HO-34-dou45.png","contentUrl":"https:\/\/www.shami-shop.com\/wp-content\/uploads\/2024\/07\/HO-34-dou45.png","width":843,"height":632},{"@type":"BreadcrumbList","@id":"https:\/\/www.shami-shop.com\/de\/produkt\/hosozao-anfaenger-shamisen-set-ayame\/#breadcrumb","itemListElement":[{"@type":"ListItem","position":1,"name":"Startseite","item":"https:\/\/www.shami-shop.com\/de\/"},{"@type":"ListItem","position":2,"name":"Shop","item":"https:\/\/www.shami-shop.com\/de\/shop\/"},{"@type":"ListItem","position":3,"name":"Anf\u00e4nger Set Hosozao Shamisen \u201cMomoe\u201d"}]},{"@type":"WebSite","@id":"https:\/\/www.shami-shop.com\/de\/#website","url":"https:\/\/www.shami-shop.com\/de\/","name":"Shami-Shop","description":"Alles f\u00fcr den Shamisen-Spieler.","publisher":{"@id":"https:\/\/www.shami-shop.com\/de\/#organization"},"potentialAction":[{"@type":"SearchAction","target":{"@type":"EntryPoint","urlTemplate":"https:\/\/www.shami-shop.com\/de\/?s={search_term_string}"},"query-input":{"@type":"PropertyValueSpecification","valueRequired":true,"valueName":"search_term_string"}}],"inLanguage":"de"},{"@type":"Organization","@id":"https:\/\/www.shami-shop.com\/de\/#organization","name":"Shami-Shop","url":"https:\/\/www.shami-shop.com\/de\/","logo":{"@type":"ImageObject","inLanguage":"de","@id":"https:\/\/www.shami-shop.com\/de\/#\/schema\/logo\/image\/","url":"https:\/\/shami-shop.com\/wp-content\/uploads\/2021\/01\/Shami-Shop-Logo-1080.png","contentUrl":"https:\/\/shami-shop.com\/wp-content\/uploads\/2021\/01\/Shami-Shop-Logo-1080.png","width":1080,"height":1080,"caption":"Shami-Shop"},"image":{"@id":"https:\/\/www.shami-shop.com\/de\/#\/schema\/logo\/image\/"},"sameAs":["https:\/\/www.facebook.com\/weloveshamisen\/","https:\/\/www.instagram.com\/shamishop.europe\/"]}]}},"jetpack_sharing_enabled":true,"_links":{"self":[{"href":"https:\/\/www.shami-shop.com\/de\/wp-json\/wp\/v2\/product\/25693","targetHints":{"allow":["GET"]}}],"collection":[{"href":"https:\/\/www.shami-shop.com\/de\/wp-json\/wp\/v2\/product"}],"about":[{"href":"https:\/\/www.shami-shop.com\/de\/wp-json\/wp\/v2\/types\/product"}],"wp:featuredmedia":[{"embeddable":true,"href":"https:\/\/www.shami-shop.com\/de\/wp-json\/wp\/v2\/media\/25261"}],"wp:attachment":[{"href":"https:\/\/www.shami-shop.com\/de\/wp-json\/wp\/v2\/media?parent=25693"}],"wp:term":[{"taxonomy":"product_brand","embeddable":true,"href":"https:\/\/www.shami-shop.com\/de\/wp-json\/wp\/v2\/product_brand?post=25693"},{"taxonomy":"product_cat","embeddable":true,"href":"https:\/\/www.shami-shop.com\/de\/wp-json\/wp\/v2\/product_cat?post=25693"},{"taxonomy":"product_tag","embeddable":true,"href":"https:\/\/www.shami-shop.com\/de\/wp-json\/wp\/v2\/product_tag?post=25693"}],"curies":[{"name":"wp","href":"https:\/\/api.w.org\/{rel}","templated":true}]}}