{"id":26126,"date":"2024-08-31T10:09:56","date_gmt":"2024-08-31T09:25:02","guid":{"rendered":"https:\/\/www.shami-shop.com\/product\/tanko-bushi\/"},"modified":"2024-08-31T10:26:03","modified_gmt":"2024-08-31T09:26:03","slug":"tanko-bushi","status":"publish","type":"product","link":"https:\/\/www.shami-shop.com\/de\/produkt\/tanko-bushi\/","title":{"rendered":"Tanko\u0304 Bushi"},"content":{"rendered":"<p>Hier gibt es die Noten f\u00fcr das fr\u00f6hliche und sehr beliebte Obon-Lied &#8222;Tanko\u0304 Bushi&#8220; mit und ohne Text <strong>plus super n\u00fctzliche Play Along Dateien<\/strong>, die das \u00dcben und Lernen erleichtern.<\/p>\n<p>Die Noten kommen in zwei verschiedenen Versionen: die normale Version ohne Text und die Vollversion mit Text f\u00fcr die erste Strophe direkt unter den Shamisen-Noten. Dazu gibt es eine extra Seite mit noch mehr Strophen.<\/p>\n<p>Die mp3 Play Along Dateien sind in drei verschiedenen Geschwindigkeiten eingespielt: 70 bpm, 90 bpm und 105 bpm.<\/p>\n<p>Die Dateien k\u00f6nnen nach dem Kauf im Kundenkonto heruntergeladen werden \u2013 einen Link dazu gibt es in der Bestellbest\u00e4tigungs-E-Mail.<\/p>\n<p>&nbsp;<\/p>\n<p>Neugierig, wie das Lied klingt? So klingt der Anfang von Tanko Bushi:<\/p>\n<audio class=\"wp-audio-shortcode\" id=\"audio-26126-1\" preload=\"none\" style=\"width: 100%;\" controls=\"controls\"><source type=\"audio\/mpeg\" src=\"https:\/\/www.shami-shop.com\/wp-content\/uploads\/2024\/08\/Shami-Shop-Audio-Preview-Tanko-Bushi.mp3?_=1\" \/><a href=\"https:\/\/www.shami-shop.com\/wp-content\/uploads\/2024\/08\/Shami-Shop-Audio-Preview-Tanko-Bushi.mp3\">https:\/\/www.shami-shop.com\/wp-content\/uploads\/2024\/08\/Shami-Shop-Audio-Preview-Tanko-Bushi.mp3<\/a><\/audio>\n<p><strong>\u00dcber das Lied:<\/strong><\/p>\n<p>Tanko\u0304 Bushi ist ein \u00e4u\u00dferst beliebtes traditionelles japanisches Obon-Lied aus der Pr\u00e4fektur Fukuoka. Es hat eine mitrei\u00dfende Melodie und eine fr\u00f6hliche Stimmung. &#8222;Tanko\u0304&#8220; bedeutet &#8222;Kohlemine&#8220; und &#8222;Bushi&#8220; bedeutet &#8222;Lied&#8220;. Das St\u00fcck dreht sich um die Arbeit in einer Kohlemine, und der dazugeh\u00f6rige Tanz empfindet typische Bewegungen aus diesem Arbeitsalltag nach, z.B. Schaufeln, Karren Schieben, etc.<\/p>\n<p>Wie bei jedem Volkslied gibt es auch zu diesem Lied viele verschiedene Varianten. Diese Version ist f\u00fcr Shamisen in Bunkafu Notation (Tabulatur) geschrieben.<\/p>\n<p>Was das Lied extra mitrei\u00dfend macht ist der spezielle Rhythmus \u201eHazunde\u201c. Der Rhythmus ist auch bekannt unter dem Namen \u201eSwing\u201c oder \u201eShuffle\u201c Rhythmus. Ich nenne ihn gerne &#8222;Herzschlag-Rhythmus&#8220;, weil er ganz gleichm\u00e4\u00dfig zwischen langen und kurzen Pulsen wechselt. Wer noch nie zuvor etwas von \u201eHazunde\u201c geh\u00f6rt hat, dem empfehle ich dringend, sich mein <a href=\"https:\/\/www.youtube.com\/watch?v=Vpd4o5KHkvs\" target=\"_blank\" rel=\"noopener\">Erkl\u00e4rungsvideo<\/a> zu Gem\u00fcte zu f\u00fchren \ud83d\ude42<\/p>\n<p>Es kommen eininge Aufschl\u00e4ge (Sukui) vor, aber die sind leicht zu spielen, weil sie gem\u00e4chlich sind. Es gibt eine Aufschlag-und-Zupf-Combo (Sukui-Hajiki-Combo \u30b9\u30cf), um am Ende des Lieds noch ein bisschen extra Pepp hinzuzuf\u00fcgen (in Takt 35). Wen das aber im Spielfluss st\u00f6rt, kann das einfach ersetzen durch eine einfache Sukui-4 anstelle der Combo. Die gr\u00f6\u00dfte Herausforderung f\u00fcr Anf\u00e4nger wird das manchmal schnellere Wechseln zwischen Positionen sein (also Lagenwechsel in der Sao-Hand). Wer das sowieso etwas \u00fcben m\u00f6chte, hat hier das perfekte Lied daf\u00fcr gefunden \ud83d\ude42<\/p>\n<p>&nbsp;<\/p>\n<p><strong>Allgemeine Informationen zu Stimmungen:<\/strong><\/p>\n<p>In jeder Stimmung sind die Saiten in einem bestimmten Verh\u00e4ltnis zueinander gestimmt. F\u00fcr Volkslieder gibt es keine feste Stimmung auf fixe Tonh\u00f6hen (im Gegensatz zur Geige etwa, bei der die A-Saite auf 440 bzw. 442Hz gestimmt wird), sondern ausschlaggebend ist das Verh\u00e4ltnis der Saiten zueinander.<\/p>\n<p>Eine Sichere Wahl ist, das Instrument \u00fcber C zu stimmen. Das bedeutet, die dicke Saite wird auf ein C gestimmt und alle anderen Saiten dann im Verh\u00e4ltnis dazu, je nach Stimmung des Liedes.<\/p>\n<p>Honch\u014dshi: C-F-C<\/p>\n<p>Niagari: C-G-C<\/p>\n<p>Sansagari: C-F-B<\/p>\n<p>&nbsp;<\/p>\n<p><strong>Zugriff zu pdf und mp3:<\/strong><\/p>\n<p>Bitte beachten Sie, dass diese Datei nur einmalig direkt heruntergeladen werden kann \u2013 genau so, wie es bei einem gedruckten Notenblatt der Fall w\u00e4re. Sehen Sie es als unverz\u00fcgliche \u201eDirektlieferung\u201c.<\/p>\n<p>Nach dem Kauf k\u00f6nnen Sie die Datei in Ihrem Benutzerkonto unter \u201eDownloads\u201c runterladen. Oder Sie folgen einfach dem Link in der Bestellbest\u00e4tigung, den Sie per E-Mail erhalten.<\/p>\n<p>Bitte speichern Sie die Datei deshalb an einem Ort ab, an dem Sie sie leicht wiederfinden k\u00f6nnen. Bitte speichern Sie die Datei deshalb an einem Ort ab, an dem Sie sie leicht wiederfinden k\u00f6nnen. Wenn Sie Unterst\u00fctzung ben\u00f6tigen, schreiben Sie gerne eine E-Mail.<\/p>\n","protected":false},"excerpt":{"rendered":"<p>Fr\u00f6hliches Obon-Tanzlied f\u00fcr Shamisen<\/p>\n<p>Das gibt es alles:<\/p>\n<ul>\n<li>3 pdfs mit insgesamt 3 Seiten: Tabulatur <strong>Noten<\/strong> mit und ohne Text, plus extra Seite mit Strophen \u00dcbersicht<\/li>\n<li><strong>3 mp3 <\/strong>Dateien: <strong>mp3 Play Along<\/strong> Dateien in drei Geschwindgkeitsstufen<\/li>\n<\/ul>\n<p>Details zum Lied:<\/p>\n<ul>\n<li>fortgeschrittene Anf\u00e4nger bis Mittelstufe<\/li>\n<li>Niagari Stimmung (C-G-C)<\/li>\n<li>Hazunde (Shuffle) Rhythmus<\/li>\n<\/ul>\n","protected":false},"featured_media":26119,"template":"","meta":{"_et_pb_use_builder":"","_et_pb_old_content":"","_et_gb_content_width":""},"product_brand":[],"product_cat":[481,485,486,130,207],"product_tag":[],"class_list":{"0":"post-26126","1":"product","2":"type-product","3":"status-publish","4":"has-post-thumbnail","6":"product_cat-noten-fortg-anfaenger","7":"product_cat-noten-mittelstufe","8":"product_cat-noten-obon","9":"product_cat-notenhefte","10":"product_cat-noten-downloads","12":"first","13":"instock","14":"downloadable","15":"shipping-taxable","16":"purchasable","17":"product-type-simple"},"yoast_head":"<!-- This site is optimized with the Yoast SEO plugin v26.9 - https:\/\/yoast.com\/product\/yoast-seo-wordpress\/ -->\n<title>Tanko\u0304 Bushi - Shami-Shop<\/title>\n<meta name=\"description\" content=\"Tanko\u0304 Bushi - beliebtes Japanisches Obon-Lied f\u00fcr Shamisen in Bunkafu (Tabulatur) Notation. pdf und mp3 Download. Geeignet f\u00fcr Anf\u00e4nger.\" \/>\n<meta name=\"robots\" content=\"index, follow, max-snippet:-1, max-image-preview:large, max-video-preview:-1\" \/>\n<link rel=\"canonical\" href=\"https:\/\/www.shami-shop.com\/de\/produkt\/tanko-bushi\/\" \/>\n<meta property=\"og:locale\" content=\"de_DE\" \/>\n<meta property=\"og:type\" content=\"article\" \/>\n<meta property=\"og:title\" content=\"Tanko\u0304 Bushi - Shami-Shop\" \/>\n<meta property=\"og:description\" content=\"Tanko\u0304 Bushi - beliebtes Japanisches Obon-Lied f\u00fcr Shamisen in Bunkafu (Tabulatur) Notation. pdf und mp3 Download. Geeignet f\u00fcr Anf\u00e4nger.\" \/>\n<meta property=\"og:url\" content=\"https:\/\/www.shami-shop.com\/de\/produkt\/tanko-bushi\/\" \/>\n<meta property=\"og:site_name\" content=\"Shami-Shop\" \/>\n<meta property=\"article:publisher\" content=\"https:\/\/www.facebook.com\/weloveshamisen\/\" \/>\n<meta property=\"article:modified_time\" content=\"2024-08-31T09:26:03+00:00\" \/>\n<meta property=\"og:image\" content=\"https:\/\/www.shami-shop.com\/wp-content\/uploads\/2024\/08\/TANKO-BUSHI-2024-3-Seiten_preview-THUMBNAIL.png\" \/>\n\t<meta property=\"og:image:width\" content=\"1077\" \/>\n\t<meta property=\"og:image:height\" content=\"1076\" \/>\n\t<meta property=\"og:image:type\" content=\"image\/png\" \/>\n<meta name=\"twitter:card\" content=\"summary_large_image\" \/>\n<meta name=\"twitter:label1\" content=\"Gesch\u00e4tzte Lesezeit\" \/>\n\t<meta name=\"twitter:data1\" content=\"3\u00a0Minuten\" \/>\n<script type=\"application\/ld+json\" class=\"yoast-schema-graph\">{\"@context\":\"https:\/\/schema.org\",\"@graph\":[{\"@type\":[\"WebPage\",\"ItemPage\"],\"@id\":\"https:\/\/www.shami-shop.com\/de\/produkt\/tanko-bushi\/\",\"url\":\"https:\/\/www.shami-shop.com\/de\/produkt\/tanko-bushi\/\",\"name\":\"Tanko\u0304 Bushi - Shami-Shop\",\"isPartOf\":{\"@id\":\"https:\/\/www.shami-shop.com\/de\/#website\"},\"primaryImageOfPage\":{\"@id\":\"https:\/\/www.shami-shop.com\/de\/produkt\/tanko-bushi\/#primaryimage\"},\"image\":{\"@id\":\"https:\/\/www.shami-shop.com\/de\/produkt\/tanko-bushi\/#primaryimage\"},\"thumbnailUrl\":\"https:\/\/www.shami-shop.com\/wp-content\/uploads\/2024\/08\/TANKO-BUSHI-2024-3-Seiten_preview-THUMBNAIL.png\",\"datePublished\":\"2024-08-31T09:25:02+00:00\",\"dateModified\":\"2024-08-31T09:26:03+00:00\",\"description\":\"Tanko\u0304 Bushi - beliebtes Japanisches Obon-Lied f\u00fcr Shamisen in Bunkafu (Tabulatur) Notation. pdf und mp3 Download. Geeignet f\u00fcr Anf\u00e4nger.\",\"breadcrumb\":{\"@id\":\"https:\/\/www.shami-shop.com\/de\/produkt\/tanko-bushi\/#breadcrumb\"},\"inLanguage\":\"de\",\"potentialAction\":[{\"@type\":\"ReadAction\",\"target\":[\"https:\/\/www.shami-shop.com\/de\/produkt\/tanko-bushi\/\"]}]},{\"@type\":\"ImageObject\",\"inLanguage\":\"de\",\"@id\":\"https:\/\/www.shami-shop.com\/de\/produkt\/tanko-bushi\/#primaryimage\",\"url\":\"https:\/\/www.shami-shop.com\/wp-content\/uploads\/2024\/08\/TANKO-BUSHI-2024-3-Seiten_preview-THUMBNAIL.png\",\"contentUrl\":\"https:\/\/www.shami-shop.com\/wp-content\/uploads\/2024\/08\/TANKO-BUSHI-2024-3-Seiten_preview-THUMBNAIL.png\",\"width\":1077,\"height\":1076},{\"@type\":\"BreadcrumbList\",\"@id\":\"https:\/\/www.shami-shop.com\/de\/produkt\/tanko-bushi\/#breadcrumb\",\"itemListElement\":[{\"@type\":\"ListItem\",\"position\":1,\"name\":\"Startseite\",\"item\":\"https:\/\/www.shami-shop.com\/de\/\"},{\"@type\":\"ListItem\",\"position\":2,\"name\":\"Shop\",\"item\":\"https:\/\/www.shami-shop.com\/de\/shop\/\"},{\"@type\":\"ListItem\",\"position\":3,\"name\":\"Tanko\u0304 Bushi\"}]},{\"@type\":\"WebSite\",\"@id\":\"https:\/\/www.shami-shop.com\/de\/#website\",\"url\":\"https:\/\/www.shami-shop.com\/de\/\",\"name\":\"Shami-Shop\",\"description\":\"Alles f\u00fcr den Shamisen-Spieler.\",\"publisher\":{\"@id\":\"https:\/\/www.shami-shop.com\/de\/#organization\"},\"potentialAction\":[{\"@type\":\"SearchAction\",\"target\":{\"@type\":\"EntryPoint\",\"urlTemplate\":\"https:\/\/www.shami-shop.com\/de\/?s={search_term_string}\"},\"query-input\":{\"@type\":\"PropertyValueSpecification\",\"valueRequired\":true,\"valueName\":\"search_term_string\"}}],\"inLanguage\":\"de\"},{\"@type\":\"Organization\",\"@id\":\"https:\/\/www.shami-shop.com\/de\/#organization\",\"name\":\"Shami-Shop\",\"url\":\"https:\/\/www.shami-shop.com\/de\/\",\"logo\":{\"@type\":\"ImageObject\",\"inLanguage\":\"de\",\"@id\":\"https:\/\/www.shami-shop.com\/de\/#\/schema\/logo\/image\/\",\"url\":\"https:\/\/shami-shop.com\/wp-content\/uploads\/2021\/01\/Shami-Shop-Logo-1080.png\",\"contentUrl\":\"https:\/\/shami-shop.com\/wp-content\/uploads\/2021\/01\/Shami-Shop-Logo-1080.png\",\"width\":1080,\"height\":1080,\"caption\":\"Shami-Shop\"},\"image\":{\"@id\":\"https:\/\/www.shami-shop.com\/de\/#\/schema\/logo\/image\/\"},\"sameAs\":[\"https:\/\/www.facebook.com\/weloveshamisen\/\",\"https:\/\/www.instagram.com\/shamishop.europe\/\"]}]}<\/script>\n<!-- \/ Yoast SEO plugin. -->","yoast_head_json":{"title":"Tanko\u0304 Bushi - Shami-Shop","description":"Tanko\u0304 Bushi - beliebtes Japanisches Obon-Lied f\u00fcr Shamisen in Bunkafu (Tabulatur) Notation. pdf und mp3 Download. Geeignet f\u00fcr Anf\u00e4nger.","robots":{"index":"index","follow":"follow","max-snippet":"max-snippet:-1","max-image-preview":"max-image-preview:large","max-video-preview":"max-video-preview:-1"},"canonical":"https:\/\/www.shami-shop.com\/de\/produkt\/tanko-bushi\/","og_locale":"de_DE","og_type":"article","og_title":"Tanko\u0304 Bushi - Shami-Shop","og_description":"Tanko\u0304 Bushi - beliebtes Japanisches Obon-Lied f\u00fcr Shamisen in Bunkafu (Tabulatur) Notation. pdf und mp3 Download. Geeignet f\u00fcr Anf\u00e4nger.","og_url":"https:\/\/www.shami-shop.com\/de\/produkt\/tanko-bushi\/","og_site_name":"Shami-Shop","article_publisher":"https:\/\/www.facebook.com\/weloveshamisen\/","article_modified_time":"2024-08-31T09:26:03+00:00","og_image":[{"width":1077,"height":1076,"url":"https:\/\/www.shami-shop.com\/wp-content\/uploads\/2024\/08\/TANKO-BUSHI-2024-3-Seiten_preview-THUMBNAIL.png","type":"image\/png"}],"twitter_card":"summary_large_image","twitter_misc":{"Gesch\u00e4tzte Lesezeit":"3\u00a0Minuten"},"schema":{"@context":"https:\/\/schema.org","@graph":[{"@type":["WebPage","ItemPage"],"@id":"https:\/\/www.shami-shop.com\/de\/produkt\/tanko-bushi\/","url":"https:\/\/www.shami-shop.com\/de\/produkt\/tanko-bushi\/","name":"Tanko\u0304 Bushi - Shami-Shop","isPartOf":{"@id":"https:\/\/www.shami-shop.com\/de\/#website"},"primaryImageOfPage":{"@id":"https:\/\/www.shami-shop.com\/de\/produkt\/tanko-bushi\/#primaryimage"},"image":{"@id":"https:\/\/www.shami-shop.com\/de\/produkt\/tanko-bushi\/#primaryimage"},"thumbnailUrl":"https:\/\/www.shami-shop.com\/wp-content\/uploads\/2024\/08\/TANKO-BUSHI-2024-3-Seiten_preview-THUMBNAIL.png","datePublished":"2024-08-31T09:25:02+00:00","dateModified":"2024-08-31T09:26:03+00:00","description":"Tanko\u0304 Bushi - beliebtes Japanisches Obon-Lied f\u00fcr Shamisen in Bunkafu (Tabulatur) Notation. pdf und mp3 Download. Geeignet f\u00fcr Anf\u00e4nger.","breadcrumb":{"@id":"https:\/\/www.shami-shop.com\/de\/produkt\/tanko-bushi\/#breadcrumb"},"inLanguage":"de","potentialAction":[{"@type":"ReadAction","target":["https:\/\/www.shami-shop.com\/de\/produkt\/tanko-bushi\/"]}]},{"@type":"ImageObject","inLanguage":"de","@id":"https:\/\/www.shami-shop.com\/de\/produkt\/tanko-bushi\/#primaryimage","url":"https:\/\/www.shami-shop.com\/wp-content\/uploads\/2024\/08\/TANKO-BUSHI-2024-3-Seiten_preview-THUMBNAIL.png","contentUrl":"https:\/\/www.shami-shop.com\/wp-content\/uploads\/2024\/08\/TANKO-BUSHI-2024-3-Seiten_preview-THUMBNAIL.png","width":1077,"height":1076},{"@type":"BreadcrumbList","@id":"https:\/\/www.shami-shop.com\/de\/produkt\/tanko-bushi\/#breadcrumb","itemListElement":[{"@type":"ListItem","position":1,"name":"Startseite","item":"https:\/\/www.shami-shop.com\/de\/"},{"@type":"ListItem","position":2,"name":"Shop","item":"https:\/\/www.shami-shop.com\/de\/shop\/"},{"@type":"ListItem","position":3,"name":"Tanko\u0304 Bushi"}]},{"@type":"WebSite","@id":"https:\/\/www.shami-shop.com\/de\/#website","url":"https:\/\/www.shami-shop.com\/de\/","name":"Shami-Shop","description":"Alles f\u00fcr den Shamisen-Spieler.","publisher":{"@id":"https:\/\/www.shami-shop.com\/de\/#organization"},"potentialAction":[{"@type":"SearchAction","target":{"@type":"EntryPoint","urlTemplate":"https:\/\/www.shami-shop.com\/de\/?s={search_term_string}"},"query-input":{"@type":"PropertyValueSpecification","valueRequired":true,"valueName":"search_term_string"}}],"inLanguage":"de"},{"@type":"Organization","@id":"https:\/\/www.shami-shop.com\/de\/#organization","name":"Shami-Shop","url":"https:\/\/www.shami-shop.com\/de\/","logo":{"@type":"ImageObject","inLanguage":"de","@id":"https:\/\/www.shami-shop.com\/de\/#\/schema\/logo\/image\/","url":"https:\/\/shami-shop.com\/wp-content\/uploads\/2021\/01\/Shami-Shop-Logo-1080.png","contentUrl":"https:\/\/shami-shop.com\/wp-content\/uploads\/2021\/01\/Shami-Shop-Logo-1080.png","width":1080,"height":1080,"caption":"Shami-Shop"},"image":{"@id":"https:\/\/www.shami-shop.com\/de\/#\/schema\/logo\/image\/"},"sameAs":["https:\/\/www.facebook.com\/weloveshamisen\/","https:\/\/www.instagram.com\/shamishop.europe\/"]}]}},"jetpack_sharing_enabled":true,"_links":{"self":[{"href":"https:\/\/www.shami-shop.com\/de\/wp-json\/wp\/v2\/product\/26126","targetHints":{"allow":["GET"]}}],"collection":[{"href":"https:\/\/www.shami-shop.com\/de\/wp-json\/wp\/v2\/product"}],"about":[{"href":"https:\/\/www.shami-shop.com\/de\/wp-json\/wp\/v2\/types\/product"}],"wp:featuredmedia":[{"embeddable":true,"href":"https:\/\/www.shami-shop.com\/de\/wp-json\/wp\/v2\/media\/26119"}],"wp:attachment":[{"href":"https:\/\/www.shami-shop.com\/de\/wp-json\/wp\/v2\/media?parent=26126"}],"wp:term":[{"taxonomy":"product_brand","embeddable":true,"href":"https:\/\/www.shami-shop.com\/de\/wp-json\/wp\/v2\/product_brand?post=26126"},{"taxonomy":"product_cat","embeddable":true,"href":"https:\/\/www.shami-shop.com\/de\/wp-json\/wp\/v2\/product_cat?post=26126"},{"taxonomy":"product_tag","embeddable":true,"href":"https:\/\/www.shami-shop.com\/de\/wp-json\/wp\/v2\/product_tag?post=26126"}],"curies":[{"name":"wp","href":"https:\/\/api.w.org\/{rel}","templated":true}]}}