{"id":26352,"date":"2026-01-05T18:28:40","date_gmt":"2026-01-05T17:28:40","guid":{"rendered":"https:\/\/www.shami-shop.com\/product\/minyo-shamisen-set-midori\/"},"modified":"2026-01-05T20:38:51","modified_gmt":"2026-01-05T19:38:51","slug":"minyo-shamisen-set-midori","status":"publish","type":"product","link":"https:\/\/www.shami-shop.com\/de\/produkt\/minyo-shamisen-set-midori\/","title":{"rendered":"Anf\u00e4nger Set Minyo Shamisen &#8222;Noriko&#8220;"},"content":{"rendered":"<p>Wer nach einem vielseitigen Instrument sucht mit allem drum und dran, was man zum spielen braucht, wird mit &#8222;Noriko&#8220; f\u00fcndig! Das Instrument ist in hervorragendem Zustand &#8211; behandle es gut und ihr werdet immerfort gl\u00fccklich miteinander sein \ud83d\ude42<\/p>\n<p>Eine wirklich wundersch\u00f6ne Shamisen mit mittelbreitem Hals (ch\u016bzao), typisch f\u00fcr den Minyo-Spielstil. Durch den verstellbaren Azuma Sawari kann man bei dieser Shamisen ein perfektes Surren einstellen, egal wie hoch oder tief man sein Instrument stimmt. Der Hals hat sehr ausgewogene Ma\u00dfe und sollte damit f\u00fcr wirklich jeden bequem zu spielen sein.<\/p>\n<h3><strong>Holz:<\/strong><\/h3>\n<p>Das Instrument ist aus Karin Holz gearbeitet. Dieses robuste Hartholz ist bew\u00e4hrt f\u00fcr Anf\u00e4nger- und Sch\u00fclerinstrumente.<\/p>\n<h3><strong>Accessoires und H\u00e4ute:<\/strong><\/h3>\n<p>Das Instrument ist mit einem violetten Korpusschutz (Doukake) und einem passenden violetten Neo (Saitenhalter) ausgestattet. Im Set enthalten sind au\u00dferdem ein Set frischer Saiten, ein angebrachter Positionsmarker (Fujaku Strip), ein Tenjin-K\u00e4ppchen und ein Dougomu &#8211; ein volles Set!<\/p>\n<p>Der Dou ist auf der Vorderseite mit <em>Hibiki<\/em> bespannt \u2013 der neuesten Generation synthetischer H\u00e4ute mit einem warmen Klang, der dem von Naturh\u00e4uten n\u00e4her kommt als je zuvor. Die R\u00fcckseite ist noch mit der Original Naturhaut bespannt.<\/p>\n<h3><strong>Hals:<\/strong><\/h3>\n<p>Der Hals ist am schmalen Ende 28mm breit und 29mm hoch und verbreitert sich leicht zum Korpus hin. Das Griffbrett ist 27,5mm breit am schmalen Ende. Die <em>Hatomune<\/em> &#8211; der Teil , wo der Hals in den Korpus eintaucht &#8211; endet in einer scharfen Kante, die es erm\u00f6glicht, auf diesem Instrument bis zur Position 20 und dar\u00fcber hinaus zu spielen. Die Hals-Verbindungen sind so pr\u00e4zise gearbeitet, dass man im zusammengebauten Zustand nicht bemerkt, dass der Hals aus drei Teilen zusammengesteckt ist.  Himmlisch glatt!<\/p>\n<h3><strong>Itomaki:<\/strong><\/h3>\n<p>Die <em>Itomaki<\/em> (Wirbel) sind aus Ebenholz gearbeitet und haben eine wunderbar ausgewogene Gr\u00f6\u00dfe, die das Stimmen besonders einfach und bequem macht.<\/p>\n<h3><strong>Sawari (Surren):<\/strong><\/h3>\n<p>Der eingearbeitete <em>Azuma Sawari<\/em> erm\u00f6glicht die Anpassung des Surrens je nach Geschmack und Anlass. Man kann so das Surren komplett abstellen (f\u00fcr moderne St\u00fccke, Pop\/Rock\/Metal, oder bestimmte Ensemble-Zusammensetzungen) und au\u00dferdem ein perfektes Surren erzielen egal wie hoch oder tief man die Shamisen stimmt.<\/p>\n<h3><strong>Weiteres:<\/strong><\/h3>\n<p>The <em>Tsukigata<\/em> (das halbmondf\u00f6rmige Ende des <em>Tenjin<\/em>) ist in perfektem Zustand. Das Holz hat einen warmen Rotton und eine sch\u00f6ne Maserung. Der Hals ist im <em>Mitsuori<\/em> Stil gerabeitet: Er kann in drei Teile zerlegt werden. Die Verbindungen sind bei diesem Instrument in einfacher Ausfertigung gearbeitet gearbeitet. Dadurch, dass sich der Hals zerteilen l\u00e4sst, kann man mit diesem Instrument besonders bequem verreisen &#8211; selbst wenn man klein und leicht packen muss. Die Verbindungen sind an diesem Instrument besonders aufw\u00e4ndig gearbeitet und haben dadurch einen besonders guten Sitz und erh\u00f6hte Stabilit\u00e4t und Haltbarkeit.<\/p>\n<p>Alles, was Sie zum losspielen noch ben\u00f6tigen, sind ein <a href=\"https:\/\/shami-shop.com\/product-categorie\/koma\/\">Koma<\/a>, ein <a href=\"https:\/\/shami-shop.com\/product-categorie\/bachi\/\">Bachi<\/a> und ein <a href=\"https:\/\/shami-shop.com\/product\/yubisuri\/\">Yubisuri<\/a>. W\u00e4hlen Sie Koma und Bachi je nach dem Stil, den Sie spielen m\u00f6chten und Ihren pers\u00f6nlichen Vorlieben. Yubisuri gibt es in unterschiedlichen Gr\u00f6\u00dfen. Au\u00dferdem wollte ich Sie der bitters\u00fc\u00dfen Qual der Wahl zwischen all den sch\u00f6nen Farben nicht berauben.<\/p>\n<p>Wenn Sie Hilfe bei der Auwahl der richtigen Komponenten ben\u00f6tigen, schicken Sie gerne eine Nachricht und wir stellen gemeinsam das perfekte Paket f\u00fcr Sie zusammen.<\/p>\n<p>Wenn Sie noch Fragen haben, schicken Sie mir einfach eine Nachricht und ich helfe gerne weiter.<\/p>\n<p><!-- notionvc: 1d194b7a-9b91-48dc-8ee9-31cb21f9174f --><\/p>\n","protected":false},"excerpt":{"rendered":"<ul>\n<li>Chuuzao Shamisen\n<ul>\n<li>Sao Breite: 28 mm<\/li>\n<li>Sao H\u00f6he: 29,5 mm<\/li>\n<li>Griffbrett: 27,5 mm<\/li>\n<\/ul>\n<\/li>\n<li>Stil: Minyo<\/li>\n<li>Karin-Holz<\/li>\n<li>frische Hibiki Kunsthaut auf der Vorderseite, Naturhaut auf der R\u00fcckseite<\/li>\n<\/ul>\n<p><em>au\u00dferdem im Set enthalten:<\/em><\/p>\n<ul>\n<li>Neo<\/li>\n<li>Doukake<\/li>\n<li>Positionsmarker<\/li>\n<li>Saiten<\/li>\n<li>Dougomu<\/li>\n<li>Tenjin-Schutz<\/li>\n<\/ul>\n<p><!-- notionvc: 35b7fd45-85f0-44f7-9d36-83e6f1ac9cb7 --><\/p>\n","protected":false},"featured_media":27282,"template":"","meta":{"_et_pb_use_builder":"","_et_pb_old_content":"","_et_gb_content_width":""},"product_brand":[],"product_cat":[339,387,410,404],"product_tag":[],"class_list":{"0":"post-26352","1":"product","2":"type-product","3":"status-publish","4":"has-post-thumbnail","6":"product_cat-shamisen-de","7":"product_cat-chuuzao-de","8":"product_cat-minyo-shamisen-de-de-2","9":"product_cat-minyo-stil","10":"product_shipping_class-5kg-de","12":"first","13":"instock","14":"shipping-taxable","15":"purchasable","16":"product-type-simple"},"yoast_head":"<!-- This site is optimized with the Yoast SEO plugin v26.9 - https:\/\/yoast.com\/product\/yoast-seo-wordpress\/ -->\n<title>Anf\u00e4nger Set Minyo Shamisen &quot;Noriko&quot; - Shami-Shop<\/title>\n<meta name=\"description\" content=\"Chuuzao Shamisen f\u00fcr Minyo Shamisen Stil kaufen. Frisch bespannt mit synthetischer Haut. Lieferung direkt aus Berlin.\" \/>\n<meta name=\"robots\" content=\"index, follow, max-snippet:-1, max-image-preview:large, max-video-preview:-1\" \/>\n<link rel=\"canonical\" href=\"https:\/\/www.shami-shop.com\/de\/produkt\/minyo-shamisen-set-midori\/\" \/>\n<meta property=\"og:locale\" content=\"de_DE\" \/>\n<meta property=\"og:type\" content=\"article\" \/>\n<meta property=\"og:title\" content=\"Anf\u00e4nger Set Minyo Shamisen &quot;Noriko&quot; - Shami-Shop\" \/>\n<meta property=\"og:description\" content=\"Chuuzao Shamisen f\u00fcr Minyo Shamisen Stil kaufen. Frisch bespannt mit synthetischer Haut. Lieferung direkt aus Berlin.\" \/>\n<meta property=\"og:url\" content=\"https:\/\/www.shami-shop.com\/de\/produkt\/minyo-shamisen-set-midori\/\" \/>\n<meta property=\"og:site_name\" content=\"Shami-Shop\" \/>\n<meta property=\"article:publisher\" content=\"https:\/\/www.facebook.com\/weloveshamisen\/\" \/>\n<meta property=\"article:modified_time\" content=\"2026-01-05T19:38:51+00:00\" \/>\n<meta property=\"og:image\" content=\"https:\/\/www.shami-shop.com\/wp-content\/uploads\/2025\/04\/MIN-29-45-scaled.jpg\" \/>\n\t<meta property=\"og:image:width\" content=\"2560\" \/>\n\t<meta property=\"og:image:height\" content=\"2468\" \/>\n\t<meta property=\"og:image:type\" content=\"image\/jpeg\" \/>\n<meta name=\"twitter:card\" content=\"summary_large_image\" \/>\n<meta name=\"twitter:label1\" content=\"Gesch\u00e4tzte Lesezeit\" \/>\n\t<meta name=\"twitter:data1\" content=\"3\u00a0Minuten\" \/>\n<script type=\"application\/ld+json\" class=\"yoast-schema-graph\">{\"@context\":\"https:\/\/schema.org\",\"@graph\":[{\"@type\":[\"WebPage\",\"ItemPage\"],\"@id\":\"https:\/\/www.shami-shop.com\/de\/produkt\/minyo-shamisen-set-midori\/\",\"url\":\"https:\/\/www.shami-shop.com\/de\/produkt\/minyo-shamisen-set-midori\/\",\"name\":\"Anf\u00e4nger Set Minyo Shamisen \\\"Noriko\\\" - Shami-Shop\",\"isPartOf\":{\"@id\":\"https:\/\/www.shami-shop.com\/de\/#website\"},\"primaryImageOfPage\":{\"@id\":\"https:\/\/www.shami-shop.com\/de\/produkt\/minyo-shamisen-set-midori\/#primaryimage\"},\"image\":{\"@id\":\"https:\/\/www.shami-shop.com\/de\/produkt\/minyo-shamisen-set-midori\/#primaryimage\"},\"thumbnailUrl\":\"https:\/\/www.shami-shop.com\/wp-content\/uploads\/2025\/04\/MIN-29-45-scaled.jpg\",\"datePublished\":\"2026-01-05T17:28:40+00:00\",\"dateModified\":\"2026-01-05T19:38:51+00:00\",\"description\":\"Chuuzao Shamisen f\u00fcr Minyo Shamisen Stil kaufen. Frisch bespannt mit synthetischer Haut. Lieferung direkt aus Berlin.\",\"breadcrumb\":{\"@id\":\"https:\/\/www.shami-shop.com\/de\/produkt\/minyo-shamisen-set-midori\/#breadcrumb\"},\"inLanguage\":\"de\",\"potentialAction\":[{\"@type\":\"ReadAction\",\"target\":[\"https:\/\/www.shami-shop.com\/de\/produkt\/minyo-shamisen-set-midori\/\"]}]},{\"@type\":\"ImageObject\",\"inLanguage\":\"de\",\"@id\":\"https:\/\/www.shami-shop.com\/de\/produkt\/minyo-shamisen-set-midori\/#primaryimage\",\"url\":\"https:\/\/www.shami-shop.com\/wp-content\/uploads\/2025\/04\/MIN-29-45-scaled.jpg\",\"contentUrl\":\"https:\/\/www.shami-shop.com\/wp-content\/uploads\/2025\/04\/MIN-29-45-scaled.jpg\",\"width\":2560,\"height\":2468},{\"@type\":\"BreadcrumbList\",\"@id\":\"https:\/\/www.shami-shop.com\/de\/produkt\/minyo-shamisen-set-midori\/#breadcrumb\",\"itemListElement\":[{\"@type\":\"ListItem\",\"position\":1,\"name\":\"Startseite\",\"item\":\"https:\/\/www.shami-shop.com\/de\/\"},{\"@type\":\"ListItem\",\"position\":2,\"name\":\"Shop\",\"item\":\"https:\/\/www.shami-shop.com\/de\/shop\/\"},{\"@type\":\"ListItem\",\"position\":3,\"name\":\"Anf\u00e4nger Set Minyo Shamisen &#8222;Noriko&#8220;\"}]},{\"@type\":\"WebSite\",\"@id\":\"https:\/\/www.shami-shop.com\/de\/#website\",\"url\":\"https:\/\/www.shami-shop.com\/de\/\",\"name\":\"Shami-Shop\",\"description\":\"Alles f\u00fcr den Shamisen-Spieler.\",\"publisher\":{\"@id\":\"https:\/\/www.shami-shop.com\/de\/#organization\"},\"potentialAction\":[{\"@type\":\"SearchAction\",\"target\":{\"@type\":\"EntryPoint\",\"urlTemplate\":\"https:\/\/www.shami-shop.com\/de\/?s={search_term_string}\"},\"query-input\":{\"@type\":\"PropertyValueSpecification\",\"valueRequired\":true,\"valueName\":\"search_term_string\"}}],\"inLanguage\":\"de\"},{\"@type\":\"Organization\",\"@id\":\"https:\/\/www.shami-shop.com\/de\/#organization\",\"name\":\"Shami-Shop\",\"url\":\"https:\/\/www.shami-shop.com\/de\/\",\"logo\":{\"@type\":\"ImageObject\",\"inLanguage\":\"de\",\"@id\":\"https:\/\/www.shami-shop.com\/de\/#\/schema\/logo\/image\/\",\"url\":\"https:\/\/shami-shop.com\/wp-content\/uploads\/2021\/01\/Shami-Shop-Logo-1080.png\",\"contentUrl\":\"https:\/\/shami-shop.com\/wp-content\/uploads\/2021\/01\/Shami-Shop-Logo-1080.png\",\"width\":1080,\"height\":1080,\"caption\":\"Shami-Shop\"},\"image\":{\"@id\":\"https:\/\/www.shami-shop.com\/de\/#\/schema\/logo\/image\/\"},\"sameAs\":[\"https:\/\/www.facebook.com\/weloveshamisen\/\",\"https:\/\/www.instagram.com\/shamishop.europe\/\"]}]}<\/script>\n<!-- \/ Yoast SEO plugin. -->","yoast_head_json":{"title":"Anf\u00e4nger Set Minyo Shamisen \"Noriko\" - Shami-Shop","description":"Chuuzao Shamisen f\u00fcr Minyo Shamisen Stil kaufen. Frisch bespannt mit synthetischer Haut. Lieferung direkt aus Berlin.","robots":{"index":"index","follow":"follow","max-snippet":"max-snippet:-1","max-image-preview":"max-image-preview:large","max-video-preview":"max-video-preview:-1"},"canonical":"https:\/\/www.shami-shop.com\/de\/produkt\/minyo-shamisen-set-midori\/","og_locale":"de_DE","og_type":"article","og_title":"Anf\u00e4nger Set Minyo Shamisen \"Noriko\" - Shami-Shop","og_description":"Chuuzao Shamisen f\u00fcr Minyo Shamisen Stil kaufen. Frisch bespannt mit synthetischer Haut. Lieferung direkt aus Berlin.","og_url":"https:\/\/www.shami-shop.com\/de\/produkt\/minyo-shamisen-set-midori\/","og_site_name":"Shami-Shop","article_publisher":"https:\/\/www.facebook.com\/weloveshamisen\/","article_modified_time":"2026-01-05T19:38:51+00:00","og_image":[{"width":2560,"height":2468,"url":"https:\/\/www.shami-shop.com\/wp-content\/uploads\/2025\/04\/MIN-29-45-scaled.jpg","type":"image\/jpeg"}],"twitter_card":"summary_large_image","twitter_misc":{"Gesch\u00e4tzte Lesezeit":"3\u00a0Minuten"},"schema":{"@context":"https:\/\/schema.org","@graph":[{"@type":["WebPage","ItemPage"],"@id":"https:\/\/www.shami-shop.com\/de\/produkt\/minyo-shamisen-set-midori\/","url":"https:\/\/www.shami-shop.com\/de\/produkt\/minyo-shamisen-set-midori\/","name":"Anf\u00e4nger Set Minyo Shamisen \"Noriko\" - Shami-Shop","isPartOf":{"@id":"https:\/\/www.shami-shop.com\/de\/#website"},"primaryImageOfPage":{"@id":"https:\/\/www.shami-shop.com\/de\/produkt\/minyo-shamisen-set-midori\/#primaryimage"},"image":{"@id":"https:\/\/www.shami-shop.com\/de\/produkt\/minyo-shamisen-set-midori\/#primaryimage"},"thumbnailUrl":"https:\/\/www.shami-shop.com\/wp-content\/uploads\/2025\/04\/MIN-29-45-scaled.jpg","datePublished":"2026-01-05T17:28:40+00:00","dateModified":"2026-01-05T19:38:51+00:00","description":"Chuuzao Shamisen f\u00fcr Minyo Shamisen Stil kaufen. Frisch bespannt mit synthetischer Haut. Lieferung direkt aus Berlin.","breadcrumb":{"@id":"https:\/\/www.shami-shop.com\/de\/produkt\/minyo-shamisen-set-midori\/#breadcrumb"},"inLanguage":"de","potentialAction":[{"@type":"ReadAction","target":["https:\/\/www.shami-shop.com\/de\/produkt\/minyo-shamisen-set-midori\/"]}]},{"@type":"ImageObject","inLanguage":"de","@id":"https:\/\/www.shami-shop.com\/de\/produkt\/minyo-shamisen-set-midori\/#primaryimage","url":"https:\/\/www.shami-shop.com\/wp-content\/uploads\/2025\/04\/MIN-29-45-scaled.jpg","contentUrl":"https:\/\/www.shami-shop.com\/wp-content\/uploads\/2025\/04\/MIN-29-45-scaled.jpg","width":2560,"height":2468},{"@type":"BreadcrumbList","@id":"https:\/\/www.shami-shop.com\/de\/produkt\/minyo-shamisen-set-midori\/#breadcrumb","itemListElement":[{"@type":"ListItem","position":1,"name":"Startseite","item":"https:\/\/www.shami-shop.com\/de\/"},{"@type":"ListItem","position":2,"name":"Shop","item":"https:\/\/www.shami-shop.com\/de\/shop\/"},{"@type":"ListItem","position":3,"name":"Anf\u00e4nger Set Minyo Shamisen &#8222;Noriko&#8220;"}]},{"@type":"WebSite","@id":"https:\/\/www.shami-shop.com\/de\/#website","url":"https:\/\/www.shami-shop.com\/de\/","name":"Shami-Shop","description":"Alles f\u00fcr den Shamisen-Spieler.","publisher":{"@id":"https:\/\/www.shami-shop.com\/de\/#organization"},"potentialAction":[{"@type":"SearchAction","target":{"@type":"EntryPoint","urlTemplate":"https:\/\/www.shami-shop.com\/de\/?s={search_term_string}"},"query-input":{"@type":"PropertyValueSpecification","valueRequired":true,"valueName":"search_term_string"}}],"inLanguage":"de"},{"@type":"Organization","@id":"https:\/\/www.shami-shop.com\/de\/#organization","name":"Shami-Shop","url":"https:\/\/www.shami-shop.com\/de\/","logo":{"@type":"ImageObject","inLanguage":"de","@id":"https:\/\/www.shami-shop.com\/de\/#\/schema\/logo\/image\/","url":"https:\/\/shami-shop.com\/wp-content\/uploads\/2021\/01\/Shami-Shop-Logo-1080.png","contentUrl":"https:\/\/shami-shop.com\/wp-content\/uploads\/2021\/01\/Shami-Shop-Logo-1080.png","width":1080,"height":1080,"caption":"Shami-Shop"},"image":{"@id":"https:\/\/www.shami-shop.com\/de\/#\/schema\/logo\/image\/"},"sameAs":["https:\/\/www.facebook.com\/weloveshamisen\/","https:\/\/www.instagram.com\/shamishop.europe\/"]}]}},"jetpack_sharing_enabled":true,"_links":{"self":[{"href":"https:\/\/www.shami-shop.com\/de\/wp-json\/wp\/v2\/product\/26352","targetHints":{"allow":["GET"]}}],"collection":[{"href":"https:\/\/www.shami-shop.com\/de\/wp-json\/wp\/v2\/product"}],"about":[{"href":"https:\/\/www.shami-shop.com\/de\/wp-json\/wp\/v2\/types\/product"}],"wp:featuredmedia":[{"embeddable":true,"href":"https:\/\/www.shami-shop.com\/de\/wp-json\/wp\/v2\/media\/27282"}],"wp:attachment":[{"href":"https:\/\/www.shami-shop.com\/de\/wp-json\/wp\/v2\/media?parent=26352"}],"wp:term":[{"taxonomy":"product_brand","embeddable":true,"href":"https:\/\/www.shami-shop.com\/de\/wp-json\/wp\/v2\/product_brand?post=26352"},{"taxonomy":"product_cat","embeddable":true,"href":"https:\/\/www.shami-shop.com\/de\/wp-json\/wp\/v2\/product_cat?post=26352"},{"taxonomy":"product_tag","embeddable":true,"href":"https:\/\/www.shami-shop.com\/de\/wp-json\/wp\/v2\/product_tag?post=26352"}],"curies":[{"name":"wp","href":"https:\/\/api.w.org\/{rel}","templated":true}]}}