{"id":26354,"date":"2026-01-05T18:58:04","date_gmt":"2026-01-05T17:58:04","guid":{"rendered":"https:\/\/www.shami-shop.com\/product\/minyo-shamisen-anfaenger-set-mikan\/"},"modified":"2026-01-05T21:03:55","modified_gmt":"2026-01-05T20:03:55","slug":"minyo-shamisen-anfaenger-set-mikan","status":"publish","type":"product","link":"https:\/\/www.shami-shop.com\/de\/produkt\/minyo-shamisen-anfaenger-set-mikan\/","title":{"rendered":"Anf\u00e4nger Minyo Shamisen Set \u201cHimawari\u201d"},"content":{"rendered":"<p>Ich habe dieses Instrument &#8222;Himawari&#8220; (\u5411\u65e5\u8475 ) genannt &#8211; das hei\u00dft &#8222;Sonnenblume&#8220;. Den Namen habe ich nicht nur wegen des gelben Doukakes gew\u00e4hlt, sondern auch weil dieses Instrument W\u00e4rme und Wohlbehagen ausstrahlt!<\/p>\n<p>Das Instrument ist in sehr gutem Zustand &#8211; bis auf einen kleinen Katscher an der Seite des Korpus (siehe Fotos). Beim Spielen sieht man die Stelle nicht. Niemand kann sie sehen. Sie existiert also praktisch fast gar nicht \ud83d\ude42 Aber einen Rabatt daf\u00fcr gibt es trotzdem!<\/p>\n<p>Eine wirklich sch\u00f6ne Shamisen mit mittelbreitem Hals (Chuszao), typischerweise f\u00fcr Minyo-Stil benutzt. Durch den verstellbaren Azuma Sawari kann man bei dieser Shamisen ein perfektes Surren einstellen, egal wie hoch oder tief man sein Instrument stimmt.<\/p>\n<p>&nbsp;<\/p>\n<h3><strong>Holz:<\/strong><\/h3>\n<p>Das Instrument ist aus Karin Holz gearbeitet. Dieses robuste Hartholz ist bew\u00e4hrt f\u00fcr Anf\u00e4nger- und Sch\u00fclerinstrumente.<\/p>\n<h3><strong>Accessoires und H\u00e4ute:<\/strong><\/h3>\n<p>Das Instrument ist mit einem optimistischen gelben Doukake (Korpusschutz) und einem kontrastierenden violetten Neo (Saitenhalter) ausgestattet.  Im Set enthalten ist au\u00dferdem ein Set frischer Saiten, ein Tenjin-K\u00e4ppchen und ein Dougomu (Anti-Rutsch-Matte).<\/p>\n<p>Der Korpus ist mit <em>Hibiki<\/em> bespannt &#8211; der neuesten Generation synthetischer Haut, die einen warmen Klang hat und dem Klang von Naturhaut n\u00e4her kommt als alle seine Vorg\u00e4nger.<\/p>\n<p>Hibiki ist besonders robust und widerstandsf\u00e4hig. Im Vergleich zu nat\u00fcrlicher Haut muss man sich bei synthetischer Haut nicht um Klimaschwankungen oder einen pl\u00f6tzlichen Regenschauer sorgen, wenn man einmal drau\u00dfen spielt. Allerdings sei geraten, grunds\u00e4tzlich trotzdem die Shamisen trocken zu halten, um das Holz zu sch\u00fctzen. Das bedeutet, man braucht keine Washi-H\u00fclle, um die Haut zu sch\u00fctzen.<\/p>\n<h3><strong>Hals:<\/strong><\/h3>\n<p>Der Hals ist 28.5 mm breit und 29.75mm am schmalen Ende und verdickt sich leicht in Richtung Korpus. Das Griffbrett ist am schmalen Ende 27 mm breit. Das Griffbrett endet in einer scharfen Kante, was es erm\u00f6glicht, bis zur Position 20 und leicht dar\u00fcber hinaus zu greifen. Das Griffbrett ist frisch abgezogen.<\/p>\n<h3><strong>Itomaki:<\/strong><\/h3>\n<p>Die <em>Itomaki<\/em> (Wirbel) sind aus Ebenholz gearbeitet und haben eine wunderbar ausgewogene Gr\u00f6\u00dfe, die das Stimmen besonders einfach und bequem macht.<\/p>\n<h3><strong>Sawari (Surren):<\/strong><\/h3>\n<p>Der eingearbeitete <em>Azuma Sawari<\/em> erm\u00f6glicht die Anpassung des Surrens je nach Geschmack und Anlass. Man kann so das Surren komplett abstellen (f\u00fcr moderne St\u00fccke, Pop\/Rock\/Metal, oder bestimmte Ensemble-Zusammensetzungen) und au\u00dferdem ein perfektes Surren erzielen egal wie hoch oder tief man die Shamisen stimmt.<\/p>\n<h3><strong>Weiteres:<\/strong><\/h3>\n<p>The <em>Tsukigata<\/em> (das halbmondf\u00f6rmige Ende des <em>Tenjin<\/em>) ist in perfektem Zustand. Das Holz hat einen warmen Rotton und eine sch\u00f6ne Maserung. Der Hals ist im <em>Mitsuori<\/em> Stil gerabeitet: Er kann in drei Teile zerlegt werden. Die Verbindungen sind bei diesem Instrument in einfacher Ausfertigung gearbeitet gearbeitet. Dadurch, dass sich der Hals zerteilen l\u00e4sst, kann man mit diesem Instrument besonders bequem verreisen &#8211; selbst wenn man klein und leicht packen muss.<\/p>\n<p>Alles, was Sie zum losspielen noch ben\u00f6tigen, sind ein <a href=\"https:\/\/shami-shop.com\/product-categorie\/koma\/\">Koma<\/a>, ein <a href=\"https:\/\/shami-shop.com\/product-categorie\/bachi\/\">Bachi<\/a> und ein <a href=\"https:\/\/shami-shop.com\/product\/yubisuri\/\">Yubisuri<\/a>. W\u00e4hlen Sie Koma und Bachi je nach dem Stil, den Sie spielen m\u00f6chten und Ihren pers\u00f6nlichen Vorlieben. Yubisuri gibt es in unterschiedlichen Gr\u00f6\u00dfen. Au\u00dferdem wollte ich Sie der bitters\u00fc\u00dfen Qual der Wahl zwischen all den sch\u00f6nen Farben nicht berauben. Ich rate Ihnen au\u00dferdem zu einem <a href=\"https:\/\/shami-shop.com\/product-categorie\/accessories\/\">Dougomu or a Hizagomu<\/a>, das daf\u00fcr sorgt, dass die Shamisen beim Spielen nicht vom Schenkel rutscht.<\/p>\n<p>Wenn Sie Hilfe bei der Auwahl der richtigen Komponenten ben\u00f6tigen, schicken Sie gerne eine Nachricht und wir stellen gemeinsam das perfekte Paket f\u00fcr Sie zusammen.<\/p>\n<p>Wenn Sie noch Fragen haben, schicken Sie mir einfach eine Nachricht und ich helfe gerne weiter.<\/p>\n<p><!-- notionvc: 079c6a66-b1f2-4223-a5da-008f4e2277e5 --><\/p>\n","protected":false},"excerpt":{"rendered":"<ul>\n<li>Chuuzao Shamisen\n<ul>\n<li>Sao Breite: 28,5 mm<\/li>\n<li>Sao H\u00f6he: 29.75 mm<\/li>\n<li>Griffbrett: 27 mm<\/li>\n<\/ul>\n<\/li>\n<li>Stil: Minyo<\/li>\n<li>Karin-Holz<\/li>\n<li>frische Hibiki Kunsth\u00e4ute auf Vorder- und R\u00fcckseite<\/li>\n<\/ul>\n<p><em>au\u00dferdem im Set enthalten:<\/em><\/p>\n<ul>\n<li>Neo<\/li>\n<li>Doukake<\/li>\n<li>Saiten<\/li>\n<li>Dougomu<\/li>\n<li>Tenjin-Schutz<\/li>\n<\/ul>\n<p><!-- notionvc: 91b65ea0-3d6b-4a3d-920b-acbb06f5aaae --><\/p>\n","protected":false},"featured_media":24471,"template":"","meta":{"_et_pb_use_builder":"","_et_pb_old_content":"","_et_gb_content_width":""},"product_brand":[],"product_cat":[339,387,410,404],"product_tag":[],"class_list":{"0":"post-26354","1":"product","2":"type-product","3":"status-publish","4":"has-post-thumbnail","6":"product_cat-shamisen-de","7":"product_cat-chuuzao-de","8":"product_cat-minyo-shamisen-de-de-2","9":"product_cat-minyo-stil","10":"product_shipping_class-5kg-de","12":"first","13":"instock","14":"sale","15":"shipping-taxable","16":"purchasable","17":"product-type-simple"},"yoast_head":"<!-- This site is optimized with the Yoast SEO plugin v26.9 - https:\/\/yoast.com\/product\/yoast-seo-wordpress\/ -->\n<title>Anf\u00e4nger Minyo Shamisen Set \u201cHimawari\u201d - Shami-Shop<\/title>\n<meta name=\"description\" content=\"Chuuzao Shamisen f\u00fcr Minyo Shamisen Stil kaufen. Frisch bespannt mit synthetischer Haut. Lieferung direkt aus Berlin.\" \/>\n<meta name=\"robots\" content=\"index, follow, max-snippet:-1, max-image-preview:large, max-video-preview:-1\" \/>\n<link rel=\"canonical\" href=\"https:\/\/www.shami-shop.com\/de\/produkt\/minyo-shamisen-anfaenger-set-mikan\/\" \/>\n<meta property=\"og:locale\" content=\"de_DE\" \/>\n<meta property=\"og:type\" content=\"article\" \/>\n<meta property=\"og:title\" content=\"Anf\u00e4nger Minyo Shamisen Set \u201cHimawari\u201d - Shami-Shop\" \/>\n<meta property=\"og:description\" content=\"Chuuzao Shamisen f\u00fcr Minyo Shamisen Stil kaufen. Frisch bespannt mit synthetischer Haut. Lieferung direkt aus Berlin.\" \/>\n<meta property=\"og:url\" content=\"https:\/\/www.shami-shop.com\/de\/produkt\/minyo-shamisen-anfaenger-set-mikan\/\" \/>\n<meta property=\"og:site_name\" content=\"Shami-Shop\" \/>\n<meta property=\"article:publisher\" content=\"https:\/\/www.facebook.com\/weloveshamisen\/\" \/>\n<meta property=\"article:modified_time\" content=\"2026-01-05T20:03:55+00:00\" \/>\n<meta property=\"og:image\" content=\"https:\/\/www.shami-shop.com\/wp-content\/uploads\/2024\/04\/MIN-36-dou45.png\" \/>\n\t<meta property=\"og:image:width\" content=\"950\" \/>\n\t<meta property=\"og:image:height\" content=\"633\" \/>\n\t<meta property=\"og:image:type\" content=\"image\/png\" \/>\n<meta name=\"twitter:card\" content=\"summary_large_image\" \/>\n<meta name=\"twitter:label1\" content=\"Gesch\u00e4tzte Lesezeit\" \/>\n\t<meta name=\"twitter:data1\" content=\"3\u00a0Minuten\" \/>\n<script type=\"application\/ld+json\" class=\"yoast-schema-graph\">{\"@context\":\"https:\/\/schema.org\",\"@graph\":[{\"@type\":[\"WebPage\",\"ItemPage\"],\"@id\":\"https:\/\/www.shami-shop.com\/de\/produkt\/minyo-shamisen-anfaenger-set-mikan\/\",\"url\":\"https:\/\/www.shami-shop.com\/de\/produkt\/minyo-shamisen-anfaenger-set-mikan\/\",\"name\":\"Anf\u00e4nger Minyo Shamisen Set \u201cHimawari\u201d - Shami-Shop\",\"isPartOf\":{\"@id\":\"https:\/\/www.shami-shop.com\/de\/#website\"},\"primaryImageOfPage\":{\"@id\":\"https:\/\/www.shami-shop.com\/de\/produkt\/minyo-shamisen-anfaenger-set-mikan\/#primaryimage\"},\"image\":{\"@id\":\"https:\/\/www.shami-shop.com\/de\/produkt\/minyo-shamisen-anfaenger-set-mikan\/#primaryimage\"},\"thumbnailUrl\":\"https:\/\/www.shami-shop.com\/wp-content\/uploads\/2024\/04\/MIN-36-dou45.png\",\"datePublished\":\"2026-01-05T17:58:04+00:00\",\"dateModified\":\"2026-01-05T20:03:55+00:00\",\"description\":\"Chuuzao Shamisen f\u00fcr Minyo Shamisen Stil kaufen. Frisch bespannt mit synthetischer Haut. Lieferung direkt aus Berlin.\",\"breadcrumb\":{\"@id\":\"https:\/\/www.shami-shop.com\/de\/produkt\/minyo-shamisen-anfaenger-set-mikan\/#breadcrumb\"},\"inLanguage\":\"de\",\"potentialAction\":[{\"@type\":\"ReadAction\",\"target\":[\"https:\/\/www.shami-shop.com\/de\/produkt\/minyo-shamisen-anfaenger-set-mikan\/\"]}]},{\"@type\":\"ImageObject\",\"inLanguage\":\"de\",\"@id\":\"https:\/\/www.shami-shop.com\/de\/produkt\/minyo-shamisen-anfaenger-set-mikan\/#primaryimage\",\"url\":\"https:\/\/www.shami-shop.com\/wp-content\/uploads\/2024\/04\/MIN-36-dou45.png\",\"contentUrl\":\"https:\/\/www.shami-shop.com\/wp-content\/uploads\/2024\/04\/MIN-36-dou45.png\",\"width\":950,\"height\":633},{\"@type\":\"BreadcrumbList\",\"@id\":\"https:\/\/www.shami-shop.com\/de\/produkt\/minyo-shamisen-anfaenger-set-mikan\/#breadcrumb\",\"itemListElement\":[{\"@type\":\"ListItem\",\"position\":1,\"name\":\"Startseite\",\"item\":\"https:\/\/www.shami-shop.com\/de\/\"},{\"@type\":\"ListItem\",\"position\":2,\"name\":\"Shop\",\"item\":\"https:\/\/www.shami-shop.com\/de\/shop\/\"},{\"@type\":\"ListItem\",\"position\":3,\"name\":\"Anf\u00e4nger Minyo Shamisen Set \u201cHimawari\u201d\"}]},{\"@type\":\"WebSite\",\"@id\":\"https:\/\/www.shami-shop.com\/de\/#website\",\"url\":\"https:\/\/www.shami-shop.com\/de\/\",\"name\":\"Shami-Shop\",\"description\":\"Alles f\u00fcr den Shamisen-Spieler.\",\"publisher\":{\"@id\":\"https:\/\/www.shami-shop.com\/de\/#organization\"},\"potentialAction\":[{\"@type\":\"SearchAction\",\"target\":{\"@type\":\"EntryPoint\",\"urlTemplate\":\"https:\/\/www.shami-shop.com\/de\/?s={search_term_string}\"},\"query-input\":{\"@type\":\"PropertyValueSpecification\",\"valueRequired\":true,\"valueName\":\"search_term_string\"}}],\"inLanguage\":\"de\"},{\"@type\":\"Organization\",\"@id\":\"https:\/\/www.shami-shop.com\/de\/#organization\",\"name\":\"Shami-Shop\",\"url\":\"https:\/\/www.shami-shop.com\/de\/\",\"logo\":{\"@type\":\"ImageObject\",\"inLanguage\":\"de\",\"@id\":\"https:\/\/www.shami-shop.com\/de\/#\/schema\/logo\/image\/\",\"url\":\"https:\/\/shami-shop.com\/wp-content\/uploads\/2021\/01\/Shami-Shop-Logo-1080.png\",\"contentUrl\":\"https:\/\/shami-shop.com\/wp-content\/uploads\/2021\/01\/Shami-Shop-Logo-1080.png\",\"width\":1080,\"height\":1080,\"caption\":\"Shami-Shop\"},\"image\":{\"@id\":\"https:\/\/www.shami-shop.com\/de\/#\/schema\/logo\/image\/\"},\"sameAs\":[\"https:\/\/www.facebook.com\/weloveshamisen\/\",\"https:\/\/www.instagram.com\/shamishop.europe\/\"]}]}<\/script>\n<!-- \/ Yoast SEO plugin. -->","yoast_head_json":{"title":"Anf\u00e4nger Minyo Shamisen Set \u201cHimawari\u201d - Shami-Shop","description":"Chuuzao Shamisen f\u00fcr Minyo Shamisen Stil kaufen. Frisch bespannt mit synthetischer Haut. Lieferung direkt aus Berlin.","robots":{"index":"index","follow":"follow","max-snippet":"max-snippet:-1","max-image-preview":"max-image-preview:large","max-video-preview":"max-video-preview:-1"},"canonical":"https:\/\/www.shami-shop.com\/de\/produkt\/minyo-shamisen-anfaenger-set-mikan\/","og_locale":"de_DE","og_type":"article","og_title":"Anf\u00e4nger Minyo Shamisen Set \u201cHimawari\u201d - Shami-Shop","og_description":"Chuuzao Shamisen f\u00fcr Minyo Shamisen Stil kaufen. Frisch bespannt mit synthetischer Haut. Lieferung direkt aus Berlin.","og_url":"https:\/\/www.shami-shop.com\/de\/produkt\/minyo-shamisen-anfaenger-set-mikan\/","og_site_name":"Shami-Shop","article_publisher":"https:\/\/www.facebook.com\/weloveshamisen\/","article_modified_time":"2026-01-05T20:03:55+00:00","og_image":[{"width":950,"height":633,"url":"https:\/\/www.shami-shop.com\/wp-content\/uploads\/2024\/04\/MIN-36-dou45.png","type":"image\/png"}],"twitter_card":"summary_large_image","twitter_misc":{"Gesch\u00e4tzte Lesezeit":"3\u00a0Minuten"},"schema":{"@context":"https:\/\/schema.org","@graph":[{"@type":["WebPage","ItemPage"],"@id":"https:\/\/www.shami-shop.com\/de\/produkt\/minyo-shamisen-anfaenger-set-mikan\/","url":"https:\/\/www.shami-shop.com\/de\/produkt\/minyo-shamisen-anfaenger-set-mikan\/","name":"Anf\u00e4nger Minyo Shamisen Set \u201cHimawari\u201d - Shami-Shop","isPartOf":{"@id":"https:\/\/www.shami-shop.com\/de\/#website"},"primaryImageOfPage":{"@id":"https:\/\/www.shami-shop.com\/de\/produkt\/minyo-shamisen-anfaenger-set-mikan\/#primaryimage"},"image":{"@id":"https:\/\/www.shami-shop.com\/de\/produkt\/minyo-shamisen-anfaenger-set-mikan\/#primaryimage"},"thumbnailUrl":"https:\/\/www.shami-shop.com\/wp-content\/uploads\/2024\/04\/MIN-36-dou45.png","datePublished":"2026-01-05T17:58:04+00:00","dateModified":"2026-01-05T20:03:55+00:00","description":"Chuuzao Shamisen f\u00fcr Minyo Shamisen Stil kaufen. Frisch bespannt mit synthetischer Haut. Lieferung direkt aus Berlin.","breadcrumb":{"@id":"https:\/\/www.shami-shop.com\/de\/produkt\/minyo-shamisen-anfaenger-set-mikan\/#breadcrumb"},"inLanguage":"de","potentialAction":[{"@type":"ReadAction","target":["https:\/\/www.shami-shop.com\/de\/produkt\/minyo-shamisen-anfaenger-set-mikan\/"]}]},{"@type":"ImageObject","inLanguage":"de","@id":"https:\/\/www.shami-shop.com\/de\/produkt\/minyo-shamisen-anfaenger-set-mikan\/#primaryimage","url":"https:\/\/www.shami-shop.com\/wp-content\/uploads\/2024\/04\/MIN-36-dou45.png","contentUrl":"https:\/\/www.shami-shop.com\/wp-content\/uploads\/2024\/04\/MIN-36-dou45.png","width":950,"height":633},{"@type":"BreadcrumbList","@id":"https:\/\/www.shami-shop.com\/de\/produkt\/minyo-shamisen-anfaenger-set-mikan\/#breadcrumb","itemListElement":[{"@type":"ListItem","position":1,"name":"Startseite","item":"https:\/\/www.shami-shop.com\/de\/"},{"@type":"ListItem","position":2,"name":"Shop","item":"https:\/\/www.shami-shop.com\/de\/shop\/"},{"@type":"ListItem","position":3,"name":"Anf\u00e4nger Minyo Shamisen Set \u201cHimawari\u201d"}]},{"@type":"WebSite","@id":"https:\/\/www.shami-shop.com\/de\/#website","url":"https:\/\/www.shami-shop.com\/de\/","name":"Shami-Shop","description":"Alles f\u00fcr den Shamisen-Spieler.","publisher":{"@id":"https:\/\/www.shami-shop.com\/de\/#organization"},"potentialAction":[{"@type":"SearchAction","target":{"@type":"EntryPoint","urlTemplate":"https:\/\/www.shami-shop.com\/de\/?s={search_term_string}"},"query-input":{"@type":"PropertyValueSpecification","valueRequired":true,"valueName":"search_term_string"}}],"inLanguage":"de"},{"@type":"Organization","@id":"https:\/\/www.shami-shop.com\/de\/#organization","name":"Shami-Shop","url":"https:\/\/www.shami-shop.com\/de\/","logo":{"@type":"ImageObject","inLanguage":"de","@id":"https:\/\/www.shami-shop.com\/de\/#\/schema\/logo\/image\/","url":"https:\/\/shami-shop.com\/wp-content\/uploads\/2021\/01\/Shami-Shop-Logo-1080.png","contentUrl":"https:\/\/shami-shop.com\/wp-content\/uploads\/2021\/01\/Shami-Shop-Logo-1080.png","width":1080,"height":1080,"caption":"Shami-Shop"},"image":{"@id":"https:\/\/www.shami-shop.com\/de\/#\/schema\/logo\/image\/"},"sameAs":["https:\/\/www.facebook.com\/weloveshamisen\/","https:\/\/www.instagram.com\/shamishop.europe\/"]}]}},"jetpack_sharing_enabled":true,"_links":{"self":[{"href":"https:\/\/www.shami-shop.com\/de\/wp-json\/wp\/v2\/product\/26354","targetHints":{"allow":["GET"]}}],"collection":[{"href":"https:\/\/www.shami-shop.com\/de\/wp-json\/wp\/v2\/product"}],"about":[{"href":"https:\/\/www.shami-shop.com\/de\/wp-json\/wp\/v2\/types\/product"}],"wp:featuredmedia":[{"embeddable":true,"href":"https:\/\/www.shami-shop.com\/de\/wp-json\/wp\/v2\/media\/24471"}],"wp:attachment":[{"href":"https:\/\/www.shami-shop.com\/de\/wp-json\/wp\/v2\/media?parent=26354"}],"wp:term":[{"taxonomy":"product_brand","embeddable":true,"href":"https:\/\/www.shami-shop.com\/de\/wp-json\/wp\/v2\/product_brand?post=26354"},{"taxonomy":"product_cat","embeddable":true,"href":"https:\/\/www.shami-shop.com\/de\/wp-json\/wp\/v2\/product_cat?post=26354"},{"taxonomy":"product_tag","embeddable":true,"href":"https:\/\/www.shami-shop.com\/de\/wp-json\/wp\/v2\/product_tag?post=26354"}],"curies":[{"name":"wp","href":"https:\/\/api.w.org\/{rel}","templated":true}]}}