{"id":26381,"date":"2024-09-19T08:52:16","date_gmt":"2024-09-19T07:52:16","guid":{"rendered":"https:\/\/www.shami-shop.com\/product\/ichi-no-ito-marusan-tokusei-seide-18-1\/"},"modified":"2025-10-04T16:13:58","modified_gmt":"2025-10-04T15:13:58","slug":"ichi-no-ito-marusan-tokusei-seide-18-1","status":"publish","type":"product","link":"https:\/\/www.shami-shop.com\/de\/produkt\/ichi-no-ito-marusan-tokusei-seide-18-1\/","title":{"rendered":"Ichi no Ito | Marusan Tokusei (Seide) 18-1"},"content":{"rendered":"<p data-pm-slice=\"1 1 []\">Marusan Hashimoto ist einer der besten Hersteller f\u00fcr Shamisen Saiten und ber\u00fchmt wegen seiner exzellenten Qualit\u00e4t. Professionelle Spieler vertrauen auf diese Marke.<\/p>\n<p data-pm-slice=\"1 1 []\">&#8222;Tokusei&#8220; ist die Standard-Linie von Marusan Hashimoto.<\/p>\n<p data-pm-slice=\"1 1 []\">Die dicke Saite (ichi no ito), die hier angeboten wird, ist aus Seide hergestellt und hat eine Fadenst\u00e4rke von 18. Diese Fadenst\u00e4rke soll besonders geeignet sein f\u00fcr Minyo-Stil.<\/p>\n<p data-pm-slice=\"1 1 []\">Alle Saiten werden <em>einzeln<\/em> verkauft und nicht in Multi-Packs.<\/p>\n<p data-pm-slice=\"1 1 []\">Mehr Informationen \u00fcber Saiten gibt es auf der Kategorien-Seite<a href=\"https:\/\/shami-shop.com\/product-category\/strings\/\" target=\"_blank\" rel=\"noopener\">.<\/a><\/p>\n","protected":false},"excerpt":{"rendered":"<ul>\n<li data-pm-slice=\"1 1 []\">Seide<\/li>\n<li data-pm-slice=\"1 1 []\">Gr\u00f6\u00dfe 18-1<\/li>\n<li data-pm-slice=\"1 1 []\">Stil: Minyo, Jiuta, Kouta<\/li>\n<\/ul>\n","protected":false},"featured_media":26380,"template":"","meta":{"_et_pb_use_builder":"","_et_pb_old_content":"","_et_gb_content_width":""},"product_brand":[],"product_cat":[148,250,279,332,404,411,412],"product_tag":[],"class_list":{"0":"post-26381","1":"product","2":"type-product","3":"status-publish","4":"has-post-thumbnail","6":"product_cat-saiten","7":"product_cat-ichi-no-ito-de","8":"product_cat-marusan-de","9":"product_cat-seide","10":"product_cat-minyo-stil","11":"product_cat-jiuta-stil","12":"product_cat-kouta-stil","13":"product_shipping_class-brief-de","15":"first","16":"instock","17":"shipping-taxable","18":"purchasable","19":"product-type-simple"},"yoast_head":"<!-- This site is optimized with the Yoast SEO plugin v26.9 - https:\/\/yoast.com\/product\/yoast-seo-wordpress\/ -->\n<title>Ichi no Ito | Marusan Tokusei (Seide) 18-1 - Shami-Shop<\/title>\n<meta name=\"description\" content=\"Shamisen Saiten aus Seide der Marke Marusan Hashimoto in Tokusei Standard-Qualit\u00e4t. Dicke \/ Erste Shamisen-Saite in St\u00e4rke 18-1 hier kaufen.\" \/>\n<meta name=\"robots\" content=\"index, follow, max-snippet:-1, max-image-preview:large, max-video-preview:-1\" \/>\n<link rel=\"canonical\" href=\"https:\/\/www.shami-shop.com\/de\/produkt\/ichi-no-ito-marusan-tokusei-seide-18-1\/\" \/>\n<meta property=\"og:locale\" content=\"de_DE\" \/>\n<meta property=\"og:type\" content=\"article\" \/>\n<meta property=\"og:title\" content=\"Ichi no Ito | Marusan Tokusei (Seide) 18-1 - Shami-Shop\" \/>\n<meta property=\"og:description\" content=\"Shamisen Saiten aus Seide der Marke Marusan Hashimoto in Tokusei Standard-Qualit\u00e4t. Dicke \/ Erste Shamisen-Saite in St\u00e4rke 18-1 hier kaufen.\" \/>\n<meta property=\"og:url\" content=\"https:\/\/www.shami-shop.com\/de\/produkt\/ichi-no-ito-marusan-tokusei-seide-18-1\/\" \/>\n<meta property=\"og:site_name\" content=\"Shami-Shop\" \/>\n<meta property=\"article:publisher\" content=\"https:\/\/www.facebook.com\/weloveshamisen\/\" \/>\n<meta property=\"article:modified_time\" content=\"2025-10-04T15:13:58+00:00\" \/>\n<meta property=\"og:image\" content=\"https:\/\/www.shami-shop.com\/wp-content\/uploads\/2024\/09\/Marusan-Tokusei-18-1.jpg\" \/>\n\t<meta property=\"og:image:width\" content=\"1636\" \/>\n\t<meta property=\"og:image:height\" content=\"1710\" \/>\n\t<meta property=\"og:image:type\" content=\"image\/jpeg\" \/>\n<meta name=\"twitter:card\" content=\"summary_large_image\" \/>\n<script type=\"application\/ld+json\" class=\"yoast-schema-graph\">{\"@context\":\"https:\/\/schema.org\",\"@graph\":[{\"@type\":[\"WebPage\",\"ItemPage\"],\"@id\":\"https:\/\/www.shami-shop.com\/de\/produkt\/ichi-no-ito-marusan-tokusei-seide-18-1\/\",\"url\":\"https:\/\/www.shami-shop.com\/de\/produkt\/ichi-no-ito-marusan-tokusei-seide-18-1\/\",\"name\":\"Ichi no Ito | Marusan Tokusei (Seide) 18-1 - Shami-Shop\",\"isPartOf\":{\"@id\":\"https:\/\/www.shami-shop.com\/de\/#website\"},\"primaryImageOfPage\":{\"@id\":\"https:\/\/www.shami-shop.com\/de\/produkt\/ichi-no-ito-marusan-tokusei-seide-18-1\/#primaryimage\"},\"image\":{\"@id\":\"https:\/\/www.shami-shop.com\/de\/produkt\/ichi-no-ito-marusan-tokusei-seide-18-1\/#primaryimage\"},\"thumbnailUrl\":\"https:\/\/www.shami-shop.com\/wp-content\/uploads\/2024\/09\/Marusan-Tokusei-18-1.jpg\",\"datePublished\":\"2024-09-19T07:52:16+00:00\",\"dateModified\":\"2025-10-04T15:13:58+00:00\",\"description\":\"Shamisen Saiten aus Seide der Marke Marusan Hashimoto in Tokusei Standard-Qualit\u00e4t. Dicke \/ Erste Shamisen-Saite in St\u00e4rke 18-1 hier kaufen.\",\"breadcrumb\":{\"@id\":\"https:\/\/www.shami-shop.com\/de\/produkt\/ichi-no-ito-marusan-tokusei-seide-18-1\/#breadcrumb\"},\"inLanguage\":\"de\",\"potentialAction\":[{\"@type\":\"ReadAction\",\"target\":[\"https:\/\/www.shami-shop.com\/de\/produkt\/ichi-no-ito-marusan-tokusei-seide-18-1\/\"]}]},{\"@type\":\"ImageObject\",\"inLanguage\":\"de\",\"@id\":\"https:\/\/www.shami-shop.com\/de\/produkt\/ichi-no-ito-marusan-tokusei-seide-18-1\/#primaryimage\",\"url\":\"https:\/\/www.shami-shop.com\/wp-content\/uploads\/2024\/09\/Marusan-Tokusei-18-1.jpg\",\"contentUrl\":\"https:\/\/www.shami-shop.com\/wp-content\/uploads\/2024\/09\/Marusan-Tokusei-18-1.jpg\",\"width\":1636,\"height\":1710},{\"@type\":\"BreadcrumbList\",\"@id\":\"https:\/\/www.shami-shop.com\/de\/produkt\/ichi-no-ito-marusan-tokusei-seide-18-1\/#breadcrumb\",\"itemListElement\":[{\"@type\":\"ListItem\",\"position\":1,\"name\":\"Startseite\",\"item\":\"https:\/\/www.shami-shop.com\/de\/\"},{\"@type\":\"ListItem\",\"position\":2,\"name\":\"Shop\",\"item\":\"https:\/\/www.shami-shop.com\/de\/shop\/\"},{\"@type\":\"ListItem\",\"position\":3,\"name\":\"Ichi no Ito | Marusan Tokusei (Seide) 18-1\"}]},{\"@type\":\"WebSite\",\"@id\":\"https:\/\/www.shami-shop.com\/de\/#website\",\"url\":\"https:\/\/www.shami-shop.com\/de\/\",\"name\":\"Shami-Shop\",\"description\":\"Alles f\u00fcr den Shamisen-Spieler.\",\"publisher\":{\"@id\":\"https:\/\/www.shami-shop.com\/de\/#organization\"},\"potentialAction\":[{\"@type\":\"SearchAction\",\"target\":{\"@type\":\"EntryPoint\",\"urlTemplate\":\"https:\/\/www.shami-shop.com\/de\/?s={search_term_string}\"},\"query-input\":{\"@type\":\"PropertyValueSpecification\",\"valueRequired\":true,\"valueName\":\"search_term_string\"}}],\"inLanguage\":\"de\"},{\"@type\":\"Organization\",\"@id\":\"https:\/\/www.shami-shop.com\/de\/#organization\",\"name\":\"Shami-Shop\",\"url\":\"https:\/\/www.shami-shop.com\/de\/\",\"logo\":{\"@type\":\"ImageObject\",\"inLanguage\":\"de\",\"@id\":\"https:\/\/www.shami-shop.com\/de\/#\/schema\/logo\/image\/\",\"url\":\"https:\/\/shami-shop.com\/wp-content\/uploads\/2021\/01\/Shami-Shop-Logo-1080.png\",\"contentUrl\":\"https:\/\/shami-shop.com\/wp-content\/uploads\/2021\/01\/Shami-Shop-Logo-1080.png\",\"width\":1080,\"height\":1080,\"caption\":\"Shami-Shop\"},\"image\":{\"@id\":\"https:\/\/www.shami-shop.com\/de\/#\/schema\/logo\/image\/\"},\"sameAs\":[\"https:\/\/www.facebook.com\/weloveshamisen\/\",\"https:\/\/www.instagram.com\/shamishop.europe\/\"]}]}<\/script>\n<!-- \/ Yoast SEO plugin. -->","yoast_head_json":{"title":"Ichi no Ito | Marusan Tokusei (Seide) 18-1 - Shami-Shop","description":"Shamisen Saiten aus Seide der Marke Marusan Hashimoto in Tokusei Standard-Qualit\u00e4t. Dicke \/ Erste Shamisen-Saite in St\u00e4rke 18-1 hier kaufen.","robots":{"index":"index","follow":"follow","max-snippet":"max-snippet:-1","max-image-preview":"max-image-preview:large","max-video-preview":"max-video-preview:-1"},"canonical":"https:\/\/www.shami-shop.com\/de\/produkt\/ichi-no-ito-marusan-tokusei-seide-18-1\/","og_locale":"de_DE","og_type":"article","og_title":"Ichi no Ito | Marusan Tokusei (Seide) 18-1 - Shami-Shop","og_description":"Shamisen Saiten aus Seide der Marke Marusan Hashimoto in Tokusei Standard-Qualit\u00e4t. Dicke \/ Erste Shamisen-Saite in St\u00e4rke 18-1 hier kaufen.","og_url":"https:\/\/www.shami-shop.com\/de\/produkt\/ichi-no-ito-marusan-tokusei-seide-18-1\/","og_site_name":"Shami-Shop","article_publisher":"https:\/\/www.facebook.com\/weloveshamisen\/","article_modified_time":"2025-10-04T15:13:58+00:00","og_image":[{"width":1636,"height":1710,"url":"https:\/\/www.shami-shop.com\/wp-content\/uploads\/2024\/09\/Marusan-Tokusei-18-1.jpg","type":"image\/jpeg"}],"twitter_card":"summary_large_image","schema":{"@context":"https:\/\/schema.org","@graph":[{"@type":["WebPage","ItemPage"],"@id":"https:\/\/www.shami-shop.com\/de\/produkt\/ichi-no-ito-marusan-tokusei-seide-18-1\/","url":"https:\/\/www.shami-shop.com\/de\/produkt\/ichi-no-ito-marusan-tokusei-seide-18-1\/","name":"Ichi no Ito | Marusan Tokusei (Seide) 18-1 - Shami-Shop","isPartOf":{"@id":"https:\/\/www.shami-shop.com\/de\/#website"},"primaryImageOfPage":{"@id":"https:\/\/www.shami-shop.com\/de\/produkt\/ichi-no-ito-marusan-tokusei-seide-18-1\/#primaryimage"},"image":{"@id":"https:\/\/www.shami-shop.com\/de\/produkt\/ichi-no-ito-marusan-tokusei-seide-18-1\/#primaryimage"},"thumbnailUrl":"https:\/\/www.shami-shop.com\/wp-content\/uploads\/2024\/09\/Marusan-Tokusei-18-1.jpg","datePublished":"2024-09-19T07:52:16+00:00","dateModified":"2025-10-04T15:13:58+00:00","description":"Shamisen Saiten aus Seide der Marke Marusan Hashimoto in Tokusei Standard-Qualit\u00e4t. Dicke \/ Erste Shamisen-Saite in St\u00e4rke 18-1 hier kaufen.","breadcrumb":{"@id":"https:\/\/www.shami-shop.com\/de\/produkt\/ichi-no-ito-marusan-tokusei-seide-18-1\/#breadcrumb"},"inLanguage":"de","potentialAction":[{"@type":"ReadAction","target":["https:\/\/www.shami-shop.com\/de\/produkt\/ichi-no-ito-marusan-tokusei-seide-18-1\/"]}]},{"@type":"ImageObject","inLanguage":"de","@id":"https:\/\/www.shami-shop.com\/de\/produkt\/ichi-no-ito-marusan-tokusei-seide-18-1\/#primaryimage","url":"https:\/\/www.shami-shop.com\/wp-content\/uploads\/2024\/09\/Marusan-Tokusei-18-1.jpg","contentUrl":"https:\/\/www.shami-shop.com\/wp-content\/uploads\/2024\/09\/Marusan-Tokusei-18-1.jpg","width":1636,"height":1710},{"@type":"BreadcrumbList","@id":"https:\/\/www.shami-shop.com\/de\/produkt\/ichi-no-ito-marusan-tokusei-seide-18-1\/#breadcrumb","itemListElement":[{"@type":"ListItem","position":1,"name":"Startseite","item":"https:\/\/www.shami-shop.com\/de\/"},{"@type":"ListItem","position":2,"name":"Shop","item":"https:\/\/www.shami-shop.com\/de\/shop\/"},{"@type":"ListItem","position":3,"name":"Ichi no Ito | Marusan Tokusei (Seide) 18-1"}]},{"@type":"WebSite","@id":"https:\/\/www.shami-shop.com\/de\/#website","url":"https:\/\/www.shami-shop.com\/de\/","name":"Shami-Shop","description":"Alles f\u00fcr den Shamisen-Spieler.","publisher":{"@id":"https:\/\/www.shami-shop.com\/de\/#organization"},"potentialAction":[{"@type":"SearchAction","target":{"@type":"EntryPoint","urlTemplate":"https:\/\/www.shami-shop.com\/de\/?s={search_term_string}"},"query-input":{"@type":"PropertyValueSpecification","valueRequired":true,"valueName":"search_term_string"}}],"inLanguage":"de"},{"@type":"Organization","@id":"https:\/\/www.shami-shop.com\/de\/#organization","name":"Shami-Shop","url":"https:\/\/www.shami-shop.com\/de\/","logo":{"@type":"ImageObject","inLanguage":"de","@id":"https:\/\/www.shami-shop.com\/de\/#\/schema\/logo\/image\/","url":"https:\/\/shami-shop.com\/wp-content\/uploads\/2021\/01\/Shami-Shop-Logo-1080.png","contentUrl":"https:\/\/shami-shop.com\/wp-content\/uploads\/2021\/01\/Shami-Shop-Logo-1080.png","width":1080,"height":1080,"caption":"Shami-Shop"},"image":{"@id":"https:\/\/www.shami-shop.com\/de\/#\/schema\/logo\/image\/"},"sameAs":["https:\/\/www.facebook.com\/weloveshamisen\/","https:\/\/www.instagram.com\/shamishop.europe\/"]}]}},"jetpack_sharing_enabled":true,"_links":{"self":[{"href":"https:\/\/www.shami-shop.com\/de\/wp-json\/wp\/v2\/product\/26381","targetHints":{"allow":["GET"]}}],"collection":[{"href":"https:\/\/www.shami-shop.com\/de\/wp-json\/wp\/v2\/product"}],"about":[{"href":"https:\/\/www.shami-shop.com\/de\/wp-json\/wp\/v2\/types\/product"}],"wp:featuredmedia":[{"embeddable":true,"href":"https:\/\/www.shami-shop.com\/de\/wp-json\/wp\/v2\/media\/26380"}],"wp:attachment":[{"href":"https:\/\/www.shami-shop.com\/de\/wp-json\/wp\/v2\/media?parent=26381"}],"wp:term":[{"taxonomy":"product_brand","embeddable":true,"href":"https:\/\/www.shami-shop.com\/de\/wp-json\/wp\/v2\/product_brand?post=26381"},{"taxonomy":"product_cat","embeddable":true,"href":"https:\/\/www.shami-shop.com\/de\/wp-json\/wp\/v2\/product_cat?post=26381"},{"taxonomy":"product_tag","embeddable":true,"href":"https:\/\/www.shami-shop.com\/de\/wp-json\/wp\/v2\/product_tag?post=26381"}],"curies":[{"name":"wp","href":"https:\/\/api.w.org\/{rel}","templated":true}]}}