{"id":29033,"date":"2025-10-08T03:16:26","date_gmt":"2025-10-08T02:16:26","guid":{"rendered":"https:\/\/www.shami-shop.com\/product\/soran-bushi-bundle\/"},"modified":"2026-03-11T23:16:38","modified_gmt":"2026-03-11T22:16:38","slug":"soran-bushi-bundle","status":"publish","type":"product","link":"https:\/\/www.shami-shop.com\/de\/produkt\/soran-bushi-bundle\/","title":{"rendered":"So\u0304ran Bushi Bundle"},"content":{"rendered":"<p>Hier gibt es die Noten f\u00fcr das energiegeladene Japanische Volkslied &#8222;So\u0304ran Bushi&#8220; aus Hokkaido &#8211; in drei Schwierigkeitsgraden mit Gesangstext <strong>plus super hilfreichen Play Along Dateien<\/strong> in drei Geschwindigkeiten zum besseren Lernen und \u00dcben des Liedes!<\/p>\n<p>Die <strong>Noten<\/strong> kommen in <strong>drei verschiedenen Versionen<\/strong>: die <strong>Basisversion<\/strong>, die <strong>Fortgeschrittene<\/strong> Version mit feineren Verzierungen und die <strong>Rhythmus<\/strong>-Version. Dazu gibt es eine extra Seite mit noch mehr <strong>Strophen<\/strong>.<\/p>\n<p>Die <strong>Basisversion<\/strong> (Level 1) kommt ganz ohne Techniken aus &#8211; so kann man sich voll und ganz auf die knackige Melodie und den mitrei\u00dfenden Rhythmus konzentrieren. Der Positionsumfang ist gering und geht nur bis zur Position 6 &#8211; und es gibt keine schnellen Spr\u00fcnge. Das macht So\u0304ran Bushi zu einem <strong>gro\u00dfartigen Lied f\u00fcr Anf\u00e4nger<\/strong>.<\/p>\n<p>Die <strong>Fortgeschrittene Version<\/strong> bleibt der Hauptmelodie treu, schm\u00fcckt sie aber mit Verzierungen aus, um das ganze <strong>anspruchsvoller<\/strong> zu machen. An Techniken kommen vor: Sukui [ \u30b9 ] (Aufschlag) und Hajiki [ \u30cf ] (Zupfen), Uchi [ \u30a6 ] (Hammer-On) und tolle \u30b9\u30cf Combos.<\/p>\n<p>Die <strong>Rhythmus-Version<\/strong> ist fantastisch f\u00fcr <strong>Gruppen-Arrangements <\/strong>und ist sehr einfach zu spielen. Wer niemanden zum zusammen spielen hat, kann die Rhythmus-Part-mp3 als <strong>Backing Track (=Begleitung)<\/strong> nutzen, w\u00e4hrend man selbst Level 1 oder Level 2 dadr\u00fcber spielt! Das macht gro\u00dfen Spa\u00df, also unbedingt ausprobieren!<\/p>\n<p>Die <strong>mp3 Play Along Dateien<\/strong> habe ich in drei verschiedenen Geschwindigkeiten eingespielt: 65 bpm, 75 bpm und 90 bpm.<\/p>\n<p>Die Dateien k\u00f6nnen nach dem Kauf im Kundenkonto <strong>heruntergeladen<\/strong> werden \u2013 einen Link dazu gibt es in der Bestellbest\u00e4tigungs-E-Mail.<\/p>\n<p><strong>Ins Lied Reinh\u00f6ren:<\/strong><\/p>\n<p>H\u00f6r am besten kurz in den Anfang rein, um zu schauen, ob dir das Lied gef\u00e4llt: Das ist der Anfang von So\u0304ran Bushi:<\/p>\n<p>Level 2<\/p>\n<audio class=\"wp-audio-shortcode\" id=\"audio-29033-1\" preload=\"none\" style=\"width: 100%;\" controls=\"controls\"><source type=\"audio\/mpeg\" src=\"https:\/\/www.shami-shop.com\/wp-content\/uploads\/2025\/10\/Soran-Bushi-Lv2-sound-preview.mp3?_=1\" \/><a href=\"https:\/\/www.shami-shop.com\/wp-content\/uploads\/2025\/10\/Soran-Bushi-Lv2-sound-preview.mp3\">https:\/\/www.shami-shop.com\/wp-content\/uploads\/2025\/10\/Soran-Bushi-Lv2-sound-preview.mp3<\/a><\/audio>\n<p>Level 1<\/p>\n<audio class=\"wp-audio-shortcode\" id=\"audio-29033-2\" preload=\"none\" style=\"width: 100%;\" controls=\"controls\"><source type=\"audio\/mpeg\" src=\"https:\/\/www.shami-shop.com\/wp-content\/uploads\/2025\/10\/Soran-Bushi-Lv1-sound-preview.mp3?_=2\" \/><a href=\"https:\/\/www.shami-shop.com\/wp-content\/uploads\/2025\/10\/Soran-Bushi-Lv1-sound-preview.mp3\">https:\/\/www.shami-shop.com\/wp-content\/uploads\/2025\/10\/Soran-Bushi-Lv1-sound-preview.mp3<\/a><\/audio>\n<p>Rhythmus<\/p>\n<audio class=\"wp-audio-shortcode\" id=\"audio-29033-3\" preload=\"none\" style=\"width: 100%;\" controls=\"controls\"><source type=\"audio\/mpeg\" src=\"https:\/\/www.shami-shop.com\/wp-content\/uploads\/2025\/10\/Soran-Bushi-Rhythm-sound-preview.mp3?_=3\" \/><a href=\"https:\/\/www.shami-shop.com\/wp-content\/uploads\/2025\/10\/Soran-Bushi-Rhythm-sound-preview.mp3\">https:\/\/www.shami-shop.com\/wp-content\/uploads\/2025\/10\/Soran-Bushi-Rhythm-sound-preview.mp3<\/a><\/audio>\n<p><strong>\u00dcber das Lied:<\/strong><\/p>\n<p>Eines der bekanntesten japanischen Fischerlieder! S\u014dran Bushi stammt aus den Heringsfischereien Hokkaidos. Das Lied wurde gesungen, um das Einholen schwerer Netze zu koordinieren. Sein kraftvoller Rhythmus, die treibende Shamisen-Begleitung und die typischen Kakegoe (Rufe wie \u201e<em>Dokkoisho<\/em>!\u201c und \u201e<em>Soran<\/em>!\u201c) vermitteln die Intensit\u00e4t des Lebens auf See.<\/p>\n<p>Im Laufe der Zeit verbreitete sich das Lied in ganz Japan und entwickelte zahlreiche regionale und B\u00fchnenversionen. Heute ist es meist in seiner modernisierten Festversion bekannt, doch die urspr\u00fcngliche Volksliedfassung aus Hokkaido bewahrt den rohen, arbeitsliedartigen Charakter, der tief im Alltag der Fischer verwurzelt ist &#8211; ein echtes St\u00fcck authentisches Japan!<!-- notionvc: 091efe2d-6bc3-4624-822d-914ee7c571af --><\/p>\n<p><!-- notionvc: 2b3d5c83-640d-4115-ade0-bacafe25e66a --><\/p>\n<p><strong>Allgemeine Informationen zu Stimmungen:<\/strong><\/p>\n<p>In jeder Stimmung sind die Saiten in einem bestimmten Verh\u00e4ltnis zueinander gestimmt. F\u00fcr Volkslieder gibt es keine feste Stimmung auf fixe Tonh\u00f6hen (im Gegensatz zur Geige etwa, bei der die A-Saite auf 440 bzw. 442Hz gestimmt wird), sondern ausschlaggebend ist das Verh\u00e4ltnis der Saiten zueinander.<\/p>\n<p>Eine Sichere Wahl ist, das Instrument \u00fcber C zu stimmen. Das bedeutet, die dicke Saite wird auf ein C gestimmt und alle anderen Saiten dann im Verh\u00e4ltnis dazu, je nach Stimmung des Liedes.<\/p>\n<p>Honch\u014dshi: C-F-C<\/p>\n<p>Niagari: C-G-C<\/p>\n<p>Sansagari: C-F-B<\/p>\n<p>Hierzu habe ich auch eine sehr praktische <a href=\"https:\/\/shamisen-zentrale.de\/shamisen-stimmungen\/\">Stimmungs-\u00dcbersicht<\/a> mit Audio f\u00fcr jede Saite in jeder Stimmung gemacht f\u00fcr einfache und schnelle Orientierung \ud83d\ude42<\/p>\n<p>&nbsp;<\/p>\n<p><strong>Zugriff zu pdf und mp3:<\/strong><\/p>\n<p>Bitte beachten Sie, dass diese Datei nur einmalig direkt heruntergeladen werden kann \u2013 genau so, wie es bei einem gedruckten Notenblatt der Fall w\u00e4re. Sehen Sie es als unverz\u00fcgliche \u201eDirektlieferung\u201c.<\/p>\n<p>Nach dem Kauf k\u00f6nnen Sie die Datei in Ihrem Benutzerkonto unter \u201eDownloads\u201c runterladen. Oder Sie folgen einfach dem Link in der Bestellbest\u00e4tigung, den Sie per E-Mail erhalten.<\/p>\n<p>Bitte speichern Sie die Datei deshalb an einem Ort ab, an dem Sie sie leicht wiederfinden k\u00f6nnen. Bitte speichern Sie die Datei deshalb an einem Ort ab, an dem Sie sie leicht wiederfinden k\u00f6nnen. Wenn Sie Unterst\u00fctzung ben\u00f6tigen, schreiben Sie gerne eine E-Mail.<\/p>\n","protected":false},"excerpt":{"rendered":"<p>Traditionelles Fischer-Volkslied (Minyo) f\u00fcr Shamisen.<\/p>\n<p>Das gibt es alles:<\/p>\n<ul>\n<li><strong>4 pdfs<\/strong> with 4 pages total: tabulature <strong>notation <\/strong>in three levels with lyrics, plus<strong> lyrics overview<\/strong> sheet\n<ul>\n<li><strong>Level 1 (Einsteiger-freundlich):<\/strong> Vereinfachte Notation mit Fokus auf Melodie und Rhythmus \u2013 ideal, um Sicherheit in der Liedstruktur zu gewinnen.<\/li>\n<li><strong>Level 2 (Fortgeschritten):<\/strong> Vollst\u00e4ndiges Arrangement mit Verzierungen, authentischer Phrasierung und stilistischen Feinheiten.<!-- notionvc: feeece2f-86e5-48c6-9ed0-e7154b8b3f71 --><\/li>\n<li><strong><span class=\"notion-enable-hover\" data-token-index=\"0\">Rhythmus-Teil:<\/span><\/strong> Zus\u00e4tzliche Rhythmus-Stimme f\u00fcr Shamisen, leicht spielbar und ideal f\u00fcr Gruppen mit unterschiedlichen Spielniveaus. Das Rhythmus-Play-Along dient zus\u00e4tzlich als stimmungsvolle Begleitung f\u00fcr Level 1 oder Level 2.<!-- notionvc: 7dcf6511-ea53-4b42-b5e2-12cd528639e2 --><\/li>\n<\/ul>\n<\/li>\n<li><strong>9 mp3 <\/strong>Dateien: <strong>mp3 Play Along<\/strong> Dateien in je drei Geschwindigkeiten f\u00fcr jedes Level<\/li>\n<\/ul>\n<p>Details zum Lied:<\/p>\n<ul>\n<li>Anf\u00e4nger\/fortgeschrittene Anf\u00e4nger<\/li>\n<li>Niagari Stimmung (C-G-C)<\/li>\n<li>Techniken f\u00fcr Level 2: Sukui [ \u30b9 ], Hajiki [ \u30cf ], Uchi [ \u30a6 ], \u30b9\u30cf Combos<\/li>\n<\/ul>\n","protected":false},"featured_media":29028,"template":"","meta":{"_et_pb_use_builder":"","_et_pb_old_content":"","_et_gb_content_width":""},"product_brand":[],"product_cat":[483,481,130,207],"product_tag":[],"class_list":{"0":"post-29033","1":"product","2":"type-product","3":"status-publish","4":"has-post-thumbnail","6":"product_cat-noten-anfaenger","7":"product_cat-noten-fortg-anfaenger","8":"product_cat-notenhefte","9":"product_cat-noten-downloads","11":"first","12":"instock","13":"downloadable","14":"shipping-taxable","15":"purchasable","16":"product-type-simple"},"yoast_head":"<!-- This site is optimized with the Yoast SEO plugin v26.9 - https:\/\/yoast.com\/product\/yoast-seo-wordpress\/ -->\n<title>So\u0304ran Bushi Bundle - Shami-Shop<\/title>\n<meta name=\"description\" content=\"Soran Bushi - popular Japanese folk song for shamisen in bunkafu (tabulature) notation. pdf und mp3 Download. Geeignet f\u00fcr Anf\u00e4nger.\" \/>\n<meta name=\"robots\" content=\"index, follow, max-snippet:-1, max-image-preview:large, max-video-preview:-1\" \/>\n<link rel=\"canonical\" href=\"https:\/\/www.shami-shop.com\/de\/produkt\/soran-bushi-bundle\/\" \/>\n<meta property=\"og:locale\" content=\"de_DE\" \/>\n<meta property=\"og:type\" content=\"article\" \/>\n<meta property=\"og:title\" content=\"So\u0304ran Bushi Bundle - Shami-Shop\" \/>\n<meta property=\"og:description\" content=\"Soran Bushi - popular Japanese folk song for shamisen in bunkafu (tabulature) notation. pdf und mp3 Download. Geeignet f\u00fcr Anf\u00e4nger.\" \/>\n<meta property=\"og:url\" content=\"https:\/\/www.shami-shop.com\/de\/produkt\/soran-bushi-bundle\/\" \/>\n<meta property=\"og:site_name\" content=\"Shami-Shop\" \/>\n<meta property=\"article:publisher\" content=\"https:\/\/www.facebook.com\/weloveshamisen\/\" \/>\n<meta property=\"article:modified_time\" content=\"2026-03-11T22:16:38+00:00\" \/>\n<meta property=\"og:image\" content=\"https:\/\/www.shami-shop.com\/wp-content\/uploads\/2025\/10\/PRODKUTVORSCHAU-Soran-Bushi-Bundle.png\" \/>\n\t<meta property=\"og:image:width\" content=\"1077\" \/>\n\t<meta property=\"og:image:height\" content=\"1076\" \/>\n\t<meta property=\"og:image:type\" content=\"image\/png\" \/>\n<meta name=\"twitter:card\" content=\"summary_large_image\" \/>\n<meta name=\"twitter:label1\" content=\"Gesch\u00e4tzte Lesezeit\" \/>\n\t<meta name=\"twitter:data1\" content=\"3\u00a0Minuten\" \/>\n<script type=\"application\/ld+json\" class=\"yoast-schema-graph\">{\"@context\":\"https:\/\/schema.org\",\"@graph\":[{\"@type\":[\"WebPage\",\"ItemPage\"],\"@id\":\"https:\/\/www.shami-shop.com\/de\/produkt\/soran-bushi-bundle\/\",\"url\":\"https:\/\/www.shami-shop.com\/de\/produkt\/soran-bushi-bundle\/\",\"name\":\"So\u0304ran Bushi Bundle - Shami-Shop\",\"isPartOf\":{\"@id\":\"https:\/\/www.shami-shop.com\/de\/#website\"},\"primaryImageOfPage\":{\"@id\":\"https:\/\/www.shami-shop.com\/de\/produkt\/soran-bushi-bundle\/#primaryimage\"},\"image\":{\"@id\":\"https:\/\/www.shami-shop.com\/de\/produkt\/soran-bushi-bundle\/#primaryimage\"},\"thumbnailUrl\":\"https:\/\/www.shami-shop.com\/wp-content\/uploads\/2025\/10\/PRODKUTVORSCHAU-Soran-Bushi-Bundle.png\",\"datePublished\":\"2025-10-08T02:16:26+00:00\",\"dateModified\":\"2026-03-11T22:16:38+00:00\",\"description\":\"Soran Bushi - popular Japanese folk song for shamisen in bunkafu (tabulature) notation. pdf und mp3 Download. Geeignet f\u00fcr Anf\u00e4nger.\",\"breadcrumb\":{\"@id\":\"https:\/\/www.shami-shop.com\/de\/produkt\/soran-bushi-bundle\/#breadcrumb\"},\"inLanguage\":\"de\",\"potentialAction\":[{\"@type\":\"ReadAction\",\"target\":[\"https:\/\/www.shami-shop.com\/de\/produkt\/soran-bushi-bundle\/\"]}]},{\"@type\":\"ImageObject\",\"inLanguage\":\"de\",\"@id\":\"https:\/\/www.shami-shop.com\/de\/produkt\/soran-bushi-bundle\/#primaryimage\",\"url\":\"https:\/\/www.shami-shop.com\/wp-content\/uploads\/2025\/10\/PRODKUTVORSCHAU-Soran-Bushi-Bundle.png\",\"contentUrl\":\"https:\/\/www.shami-shop.com\/wp-content\/uploads\/2025\/10\/PRODKUTVORSCHAU-Soran-Bushi-Bundle.png\",\"width\":1077,\"height\":1076},{\"@type\":\"BreadcrumbList\",\"@id\":\"https:\/\/www.shami-shop.com\/de\/produkt\/soran-bushi-bundle\/#breadcrumb\",\"itemListElement\":[{\"@type\":\"ListItem\",\"position\":1,\"name\":\"Startseite\",\"item\":\"https:\/\/www.shami-shop.com\/de\/\"},{\"@type\":\"ListItem\",\"position\":2,\"name\":\"Shop\",\"item\":\"https:\/\/www.shami-shop.com\/de\/shop\/\"},{\"@type\":\"ListItem\",\"position\":3,\"name\":\"So\u0304ran Bushi Bundle\"}]},{\"@type\":\"WebSite\",\"@id\":\"https:\/\/www.shami-shop.com\/de\/#website\",\"url\":\"https:\/\/www.shami-shop.com\/de\/\",\"name\":\"Shami-Shop\",\"description\":\"Alles f\u00fcr den Shamisen-Spieler.\",\"publisher\":{\"@id\":\"https:\/\/www.shami-shop.com\/de\/#organization\"},\"potentialAction\":[{\"@type\":\"SearchAction\",\"target\":{\"@type\":\"EntryPoint\",\"urlTemplate\":\"https:\/\/www.shami-shop.com\/de\/?s={search_term_string}\"},\"query-input\":{\"@type\":\"PropertyValueSpecification\",\"valueRequired\":true,\"valueName\":\"search_term_string\"}}],\"inLanguage\":\"de\"},{\"@type\":\"Organization\",\"@id\":\"https:\/\/www.shami-shop.com\/de\/#organization\",\"name\":\"Shami-Shop\",\"url\":\"https:\/\/www.shami-shop.com\/de\/\",\"logo\":{\"@type\":\"ImageObject\",\"inLanguage\":\"de\",\"@id\":\"https:\/\/www.shami-shop.com\/de\/#\/schema\/logo\/image\/\",\"url\":\"https:\/\/shami-shop.com\/wp-content\/uploads\/2021\/01\/Shami-Shop-Logo-1080.png\",\"contentUrl\":\"https:\/\/shami-shop.com\/wp-content\/uploads\/2021\/01\/Shami-Shop-Logo-1080.png\",\"width\":1080,\"height\":1080,\"caption\":\"Shami-Shop\"},\"image\":{\"@id\":\"https:\/\/www.shami-shop.com\/de\/#\/schema\/logo\/image\/\"},\"sameAs\":[\"https:\/\/www.facebook.com\/weloveshamisen\/\",\"https:\/\/www.instagram.com\/shamishop.europe\/\"]}]}<\/script>\n<!-- \/ Yoast SEO plugin. -->","yoast_head_json":{"title":"So\u0304ran Bushi Bundle - Shami-Shop","description":"Soran Bushi - popular Japanese folk song for shamisen in bunkafu (tabulature) notation. pdf und mp3 Download. Geeignet f\u00fcr Anf\u00e4nger.","robots":{"index":"index","follow":"follow","max-snippet":"max-snippet:-1","max-image-preview":"max-image-preview:large","max-video-preview":"max-video-preview:-1"},"canonical":"https:\/\/www.shami-shop.com\/de\/produkt\/soran-bushi-bundle\/","og_locale":"de_DE","og_type":"article","og_title":"So\u0304ran Bushi Bundle - Shami-Shop","og_description":"Soran Bushi - popular Japanese folk song for shamisen in bunkafu (tabulature) notation. pdf und mp3 Download. Geeignet f\u00fcr Anf\u00e4nger.","og_url":"https:\/\/www.shami-shop.com\/de\/produkt\/soran-bushi-bundle\/","og_site_name":"Shami-Shop","article_publisher":"https:\/\/www.facebook.com\/weloveshamisen\/","article_modified_time":"2026-03-11T22:16:38+00:00","og_image":[{"width":1077,"height":1076,"url":"https:\/\/www.shami-shop.com\/wp-content\/uploads\/2025\/10\/PRODKUTVORSCHAU-Soran-Bushi-Bundle.png","type":"image\/png"}],"twitter_card":"summary_large_image","twitter_misc":{"Gesch\u00e4tzte Lesezeit":"3\u00a0Minuten"},"schema":{"@context":"https:\/\/schema.org","@graph":[{"@type":["WebPage","ItemPage"],"@id":"https:\/\/www.shami-shop.com\/de\/produkt\/soran-bushi-bundle\/","url":"https:\/\/www.shami-shop.com\/de\/produkt\/soran-bushi-bundle\/","name":"So\u0304ran Bushi Bundle - Shami-Shop","isPartOf":{"@id":"https:\/\/www.shami-shop.com\/de\/#website"},"primaryImageOfPage":{"@id":"https:\/\/www.shami-shop.com\/de\/produkt\/soran-bushi-bundle\/#primaryimage"},"image":{"@id":"https:\/\/www.shami-shop.com\/de\/produkt\/soran-bushi-bundle\/#primaryimage"},"thumbnailUrl":"https:\/\/www.shami-shop.com\/wp-content\/uploads\/2025\/10\/PRODKUTVORSCHAU-Soran-Bushi-Bundle.png","datePublished":"2025-10-08T02:16:26+00:00","dateModified":"2026-03-11T22:16:38+00:00","description":"Soran Bushi - popular Japanese folk song for shamisen in bunkafu (tabulature) notation. pdf und mp3 Download. Geeignet f\u00fcr Anf\u00e4nger.","breadcrumb":{"@id":"https:\/\/www.shami-shop.com\/de\/produkt\/soran-bushi-bundle\/#breadcrumb"},"inLanguage":"de","potentialAction":[{"@type":"ReadAction","target":["https:\/\/www.shami-shop.com\/de\/produkt\/soran-bushi-bundle\/"]}]},{"@type":"ImageObject","inLanguage":"de","@id":"https:\/\/www.shami-shop.com\/de\/produkt\/soran-bushi-bundle\/#primaryimage","url":"https:\/\/www.shami-shop.com\/wp-content\/uploads\/2025\/10\/PRODKUTVORSCHAU-Soran-Bushi-Bundle.png","contentUrl":"https:\/\/www.shami-shop.com\/wp-content\/uploads\/2025\/10\/PRODKUTVORSCHAU-Soran-Bushi-Bundle.png","width":1077,"height":1076},{"@type":"BreadcrumbList","@id":"https:\/\/www.shami-shop.com\/de\/produkt\/soran-bushi-bundle\/#breadcrumb","itemListElement":[{"@type":"ListItem","position":1,"name":"Startseite","item":"https:\/\/www.shami-shop.com\/de\/"},{"@type":"ListItem","position":2,"name":"Shop","item":"https:\/\/www.shami-shop.com\/de\/shop\/"},{"@type":"ListItem","position":3,"name":"So\u0304ran Bushi Bundle"}]},{"@type":"WebSite","@id":"https:\/\/www.shami-shop.com\/de\/#website","url":"https:\/\/www.shami-shop.com\/de\/","name":"Shami-Shop","description":"Alles f\u00fcr den Shamisen-Spieler.","publisher":{"@id":"https:\/\/www.shami-shop.com\/de\/#organization"},"potentialAction":[{"@type":"SearchAction","target":{"@type":"EntryPoint","urlTemplate":"https:\/\/www.shami-shop.com\/de\/?s={search_term_string}"},"query-input":{"@type":"PropertyValueSpecification","valueRequired":true,"valueName":"search_term_string"}}],"inLanguage":"de"},{"@type":"Organization","@id":"https:\/\/www.shami-shop.com\/de\/#organization","name":"Shami-Shop","url":"https:\/\/www.shami-shop.com\/de\/","logo":{"@type":"ImageObject","inLanguage":"de","@id":"https:\/\/www.shami-shop.com\/de\/#\/schema\/logo\/image\/","url":"https:\/\/shami-shop.com\/wp-content\/uploads\/2021\/01\/Shami-Shop-Logo-1080.png","contentUrl":"https:\/\/shami-shop.com\/wp-content\/uploads\/2021\/01\/Shami-Shop-Logo-1080.png","width":1080,"height":1080,"caption":"Shami-Shop"},"image":{"@id":"https:\/\/www.shami-shop.com\/de\/#\/schema\/logo\/image\/"},"sameAs":["https:\/\/www.facebook.com\/weloveshamisen\/","https:\/\/www.instagram.com\/shamishop.europe\/"]}]}},"jetpack_sharing_enabled":true,"_links":{"self":[{"href":"https:\/\/www.shami-shop.com\/de\/wp-json\/wp\/v2\/product\/29033","targetHints":{"allow":["GET"]}}],"collection":[{"href":"https:\/\/www.shami-shop.com\/de\/wp-json\/wp\/v2\/product"}],"about":[{"href":"https:\/\/www.shami-shop.com\/de\/wp-json\/wp\/v2\/types\/product"}],"wp:featuredmedia":[{"embeddable":true,"href":"https:\/\/www.shami-shop.com\/de\/wp-json\/wp\/v2\/media\/29028"}],"wp:attachment":[{"href":"https:\/\/www.shami-shop.com\/de\/wp-json\/wp\/v2\/media?parent=29033"}],"wp:term":[{"taxonomy":"product_brand","embeddable":true,"href":"https:\/\/www.shami-shop.com\/de\/wp-json\/wp\/v2\/product_brand?post=29033"},{"taxonomy":"product_cat","embeddable":true,"href":"https:\/\/www.shami-shop.com\/de\/wp-json\/wp\/v2\/product_cat?post=29033"},{"taxonomy":"product_tag","embeddable":true,"href":"https:\/\/www.shami-shop.com\/de\/wp-json\/wp\/v2\/product_tag?post=29033"}],"curies":[{"name":"wp","href":"https:\/\/api.w.org\/{rel}","templated":true}]}}