{"id":29054,"date":"2025-10-08T02:46:33","date_gmt":"2025-10-08T01:46:33","guid":{"rendered":"https:\/\/www.shami-shop.com\/product\/saitara-bushi-bundle\/"},"modified":"2025-10-08T03:53:00","modified_gmt":"2025-10-08T02:53:00","slug":"saitara-bushi-bundle","status":"publish","type":"product","link":"https:\/\/www.shami-shop.com\/de\/produkt\/saitara-bushi-bundle\/","title":{"rendered":"Saitara Bushi Bundle"},"content":{"rendered":"<p>Hol dir die Noten f\u00fcr dieses wehm\u00fctige Japanische Volkslied aus Hokkaido namens &#8222;Saitara Bushi&#8220; &#8211; in zwei Schwierigkeitsgraden mit Gesangstext <strong>plus super hilfreichen Play Along Dateien<\/strong> in drei Geschwindigkeiten zum noch einfacheren Lernen und \u00dcben.<\/p>\n<p>Die Noten gibt es in zwei Versionen: Die Basis-Version und die Fortgeschrittene Version mit melodischen Verzierungen. Dazu gibt es eine extra Seite mit noch mehr Strophen.<\/p>\n<p>Die <strong>Basis-Version<\/strong> (Level 1) kommt ohne Techniken aus, damit man sich ganz auf die sch\u00f6ne Melodie des Liedes konzentrieren kann. Der Positionsumfang h\u00e4lt sich in Grenzen: es geht nur bis Position 7 und es gibt keine wilden Spr\u00fcnge. Das macht Saitara Bushi zu einer exzellenten Wahl<strong> f\u00fcr Anf\u00e4nger<\/strong>.<\/p>\n<p>Die <strong>Fortgeschrittene Version<\/strong> h\u00e4lt sich auch an die Hauptmelodie, f\u00fcgt aber Verzierungen hinzu, um das ganze <strong>etwas herausfordernder<\/strong> zu machen. Die Techniken, die vorkommen, sind Sukui [ \u30b9 ] (Aufschlag) und Hajiki [ \u30cf ] (Zupfen) und ein Oshibachi [ \u23a1 ] (zwei Saiten nacheinander mit nur einem Bachischlag).<\/p>\n<p>Die <strong>mp3 Play Along Dateien<\/strong> habe ich in drei verschiedenen Geschwindigkeiten eingespielt: : 60 bpm, 75 bpm und 90 bpm.<\/p>\n<p>Die Dateien k\u00f6nnen nach dem Kauf im Kundenkonto <strong>heruntergeladen<\/strong> werden \u2013 einen Link dazu gibt es in der Bestellbest\u00e4tigungs-E-Mail.<\/p>\n<p><strong>Ins Lied Reinh\u00f6ren:<\/strong><\/p>\n<p>H\u00f6r am besten kurz in den Anfang rein, um zu schauen, ob dir das Lied gef\u00e4llt: So klingt der Anfang von Saitara Bushi:<\/p>\n<p>Level 2<\/p>\n<audio class=\"wp-audio-shortcode\" id=\"audio-29054-1\" preload=\"none\" style=\"width: 100%;\" controls=\"controls\"><source type=\"audio\/mpeg\" src=\"https:\/\/www.shami-shop.com\/wp-content\/uploads\/2025\/10\/Saitara-Bushi-Lv2-sound-preview.mp3?_=1\" \/><a href=\"https:\/\/www.shami-shop.com\/wp-content\/uploads\/2025\/10\/Saitara-Bushi-Lv2-sound-preview.mp3\">https:\/\/www.shami-shop.com\/wp-content\/uploads\/2025\/10\/Saitara-Bushi-Lv2-sound-preview.mp3<\/a><\/audio>\n<p>Level 1<\/p>\n<audio class=\"wp-audio-shortcode\" id=\"audio-29054-2\" preload=\"none\" style=\"width: 100%;\" controls=\"controls\"><source type=\"audio\/mpeg\" src=\"https:\/\/www.shami-shop.com\/wp-content\/uploads\/2025\/10\/Saitara-Bushi-Lv1-sound-preview.mp3?_=2\" \/><a href=\"https:\/\/www.shami-shop.com\/wp-content\/uploads\/2025\/10\/Saitara-Bushi-Lv1-sound-preview.mp3\">https:\/\/www.shami-shop.com\/wp-content\/uploads\/2025\/10\/Saitara-Bushi-Lv1-sound-preview.mp3<\/a><\/audio>\n<p>&nbsp;<\/p>\n<p><strong>\u00dcber das Lied:<\/strong><\/p>\n<p>Ein traditionelles Arbeitslied der Fischer aus Hokkaido, entstanden in den Heringsfischereien, die einst die Region pr\u00e4gten. Der treibende Rhythmus und die charakteristischen Kakegoe (Zurufe) fangen die rohe Energie des Ruderns und des Einholens der Netze auf See ein.<\/p>\n<p>Obwohl das Lied fest in den Fischereigemeinden Hokkaidos verwurzelt ist, erlangte das Lied landesweite Bekanntheit durch Got\u014d Tosuis Bearbeitung im fr\u00fchen 20. Jahrhundert innerhalb des Arrangements Tairy\u014d Utaikomi. Saitara Bushi belibt aber nach wie vor ein fester Bestandteil von Festen und ein bedeutendes St\u00fcck der maritimen Volksmusiktradition Japans.<\/p>\n<p><!-- notionvc: 2b3d5c83-640d-4115-ade0-bacafe25e66a --><\/p>\n<p><strong>Allgemeine Informationen zu Stimmungen:<\/strong><\/p>\n<p>In jeder Stimmung sind die Saiten in einem bestimmten Verh\u00e4ltnis zueinander gestimmt. F\u00fcr Volkslieder gibt es keine feste Stimmung auf fixe Tonh\u00f6hen (im Gegensatz zur Geige etwa, bei der die A-Saite auf 440 bzw. 442Hz gestimmt wird), sondern ausschlaggebend ist das Verh\u00e4ltnis der Saiten zueinander.<\/p>\n<p>Eine Sichere Wahl ist, das Instrument \u00fcber C zu stimmen. Das bedeutet, die dicke Saite wird auf ein C gestimmt und alle anderen Saiten dann im Verh\u00e4ltnis dazu, je nach Stimmung des Liedes.<\/p>\n<p>Honch\u014dshi: C-F-C<\/p>\n<p>Niagari: C-G-C<\/p>\n<p>Sansagari: C-F-B<\/p>\n<p>&nbsp;<\/p>\n<p><strong>Zugriff zu pdf und mp3:<\/strong><\/p>\n<p>Bitte beachten Sie, dass diese Datei nur einmalig direkt heruntergeladen werden kann \u2013 genau so, wie es bei einem gedruckten Notenblatt der Fall w\u00e4re. Sehen Sie es als unverz\u00fcgliche \u201eDirektlieferung\u201c.<\/p>\n<p>Nach dem Kauf k\u00f6nnen Sie die Datei in Ihrem Benutzerkonto unter \u201eDownloads\u201c runterladen. Oder Sie folgen einfach dem Link in der Bestellbest\u00e4tigung, den Sie per E-Mail erhalten.<\/p>\n<p>Bitte speichern Sie die Datei deshalb an einem Ort ab, an dem Sie sie leicht wiederfinden k\u00f6nnen. Bitte speichern Sie die Datei deshalb an einem Ort ab, an dem Sie sie leicht wiederfinden k\u00f6nnen. Wenn Sie Unterst\u00fctzung ben\u00f6tigen, schreiben Sie gerne eine E-Mail.<\/p>\n","protected":false},"excerpt":{"rendered":"<p>Traditionelles Fischer-Volkslied (Minyo) f\u00fcr Shamisen.<\/p>\n<p>Das gibt es alles:<\/p>\n<ul>\n<li><strong>3 pdfs<\/strong> mit 3 Seiten insgesamt: <strong>Tabulatur-Notation <\/strong>in zwei Varianten mit Text, plus Text-\u00dcberblick auf gesondertem Blatt\n<ul>\n<li><strong>Level 1 (Einsteiger-freundlich):<\/strong> Vereinfachte Notation mit Fokus auf Melodie und Rhythmus \u2013 ideal, um Sicherheit in der Liedstruktur zu gewinnen.<\/li>\n<li><strong>Level 2 (Fortgeschritten):<\/strong> Vollst\u00e4ndiges Arrangement mit Verzierungen, authentischer Phrasierung und stilistischen Feinheiten.<!-- notionvc: feeece2f-86e5-48c6-9ed0-e7154b8b3f71 --><\/li>\n<\/ul>\n<\/li>\n<li><strong>6 mp3 <\/strong>files: <strong>mp3 play along<\/strong> files in three speed versions for each level<\/li>\n<\/ul>\n<p>Details zum Lied:<\/p>\n<ul>\n<li>Anf\u00e4nger\/fortgeschrittene Anf\u00e4nger<\/li>\n<li>Niagari Stimmung (C-G-C)<\/li>\n<li>Techniken f\u00fcr Level 2: Sukui [ \u30b9 ], Hajiki [ \u30cf ], Oshibachi [ \u23a1 ]<\/li>\n<\/ul>\n","protected":false},"featured_media":29050,"template":"","meta":{"_et_pb_use_builder":"","_et_pb_old_content":"","_et_gb_content_width":""},"product_brand":[],"product_cat":[483,481,130,207],"product_tag":[],"class_list":{"0":"post-29054","1":"product","2":"type-product","3":"status-publish","4":"has-post-thumbnail","6":"product_cat-noten-anfaenger","7":"product_cat-noten-fortg-anfaenger","8":"product_cat-notenhefte","9":"product_cat-noten-downloads","11":"first","12":"instock","13":"downloadable","14":"shipping-taxable","15":"purchasable","16":"product-type-simple"},"yoast_head":"<!-- This site is optimized with the Yoast SEO plugin v26.9 - https:\/\/yoast.com\/product\/yoast-seo-wordpress\/ -->\n<title>Saitara Bushi Bundle - Shami-Shop<\/title>\n<meta name=\"description\" content=\"Saitara Bushi - popular Japanese folk song for shamisen in bunkafu (tabulature) notation. pdf und mp3 Download. Geeignet f\u00fcr Anf\u00e4nger.\" \/>\n<meta name=\"robots\" content=\"index, follow, max-snippet:-1, max-image-preview:large, max-video-preview:-1\" \/>\n<link rel=\"canonical\" href=\"https:\/\/www.shami-shop.com\/de\/produkt\/saitara-bushi-bundle\/\" \/>\n<meta property=\"og:locale\" content=\"de_DE\" \/>\n<meta property=\"og:type\" content=\"article\" \/>\n<meta property=\"og:title\" content=\"Saitara Bushi Bundle - Shami-Shop\" \/>\n<meta property=\"og:description\" content=\"Saitara Bushi - popular Japanese folk song for shamisen in bunkafu (tabulature) notation. pdf und mp3 Download. Geeignet f\u00fcr Anf\u00e4nger.\" \/>\n<meta property=\"og:url\" content=\"https:\/\/www.shami-shop.com\/de\/produkt\/saitara-bushi-bundle\/\" \/>\n<meta property=\"og:site_name\" content=\"Shami-Shop\" \/>\n<meta property=\"article:publisher\" content=\"https:\/\/www.facebook.com\/weloveshamisen\/\" \/>\n<meta property=\"article:modified_time\" content=\"2025-10-08T02:53:00+00:00\" \/>\n<meta property=\"og:image\" content=\"https:\/\/www.shami-shop.com\/wp-content\/uploads\/2025\/10\/PRODKUTVORSCHAU-Saitara-Bushi-Bundle.png\" \/>\n\t<meta property=\"og:image:width\" content=\"2153\" \/>\n\t<meta property=\"og:image:height\" content=\"2151\" \/>\n\t<meta property=\"og:image:type\" content=\"image\/png\" \/>\n<meta name=\"twitter:card\" content=\"summary_large_image\" \/>\n<meta name=\"twitter:label1\" content=\"Gesch\u00e4tzte Lesezeit\" \/>\n\t<meta name=\"twitter:data1\" content=\"3\u00a0Minuten\" \/>\n<script type=\"application\/ld+json\" class=\"yoast-schema-graph\">{\"@context\":\"https:\/\/schema.org\",\"@graph\":[{\"@type\":[\"WebPage\",\"ItemPage\"],\"@id\":\"https:\/\/www.shami-shop.com\/de\/produkt\/saitara-bushi-bundle\/\",\"url\":\"https:\/\/www.shami-shop.com\/de\/produkt\/saitara-bushi-bundle\/\",\"name\":\"Saitara Bushi Bundle - Shami-Shop\",\"isPartOf\":{\"@id\":\"https:\/\/www.shami-shop.com\/de\/#website\"},\"primaryImageOfPage\":{\"@id\":\"https:\/\/www.shami-shop.com\/de\/produkt\/saitara-bushi-bundle\/#primaryimage\"},\"image\":{\"@id\":\"https:\/\/www.shami-shop.com\/de\/produkt\/saitara-bushi-bundle\/#primaryimage\"},\"thumbnailUrl\":\"https:\/\/www.shami-shop.com\/wp-content\/uploads\/2025\/10\/PRODKUTVORSCHAU-Saitara-Bushi-Bundle.png\",\"datePublished\":\"2025-10-08T01:46:33+00:00\",\"dateModified\":\"2025-10-08T02:53:00+00:00\",\"description\":\"Saitara Bushi - popular Japanese folk song for shamisen in bunkafu (tabulature) notation. pdf und mp3 Download. Geeignet f\u00fcr Anf\u00e4nger.\",\"breadcrumb\":{\"@id\":\"https:\/\/www.shami-shop.com\/de\/produkt\/saitara-bushi-bundle\/#breadcrumb\"},\"inLanguage\":\"de\",\"potentialAction\":[{\"@type\":\"ReadAction\",\"target\":[\"https:\/\/www.shami-shop.com\/de\/produkt\/saitara-bushi-bundle\/\"]}]},{\"@type\":\"ImageObject\",\"inLanguage\":\"de\",\"@id\":\"https:\/\/www.shami-shop.com\/de\/produkt\/saitara-bushi-bundle\/#primaryimage\",\"url\":\"https:\/\/www.shami-shop.com\/wp-content\/uploads\/2025\/10\/PRODKUTVORSCHAU-Saitara-Bushi-Bundle.png\",\"contentUrl\":\"https:\/\/www.shami-shop.com\/wp-content\/uploads\/2025\/10\/PRODKUTVORSCHAU-Saitara-Bushi-Bundle.png\",\"width\":2153,\"height\":2151,\"caption\":\"Saitara Bushi Noten f\u00fcr Japanisches Volkslied auf Shamisen\"},{\"@type\":\"BreadcrumbList\",\"@id\":\"https:\/\/www.shami-shop.com\/de\/produkt\/saitara-bushi-bundle\/#breadcrumb\",\"itemListElement\":[{\"@type\":\"ListItem\",\"position\":1,\"name\":\"Startseite\",\"item\":\"https:\/\/www.shami-shop.com\/de\/\"},{\"@type\":\"ListItem\",\"position\":2,\"name\":\"Shop\",\"item\":\"https:\/\/www.shami-shop.com\/de\/shop\/\"},{\"@type\":\"ListItem\",\"position\":3,\"name\":\"Saitara Bushi Bundle\"}]},{\"@type\":\"WebSite\",\"@id\":\"https:\/\/www.shami-shop.com\/de\/#website\",\"url\":\"https:\/\/www.shami-shop.com\/de\/\",\"name\":\"Shami-Shop\",\"description\":\"Alles f\u00fcr den Shamisen-Spieler.\",\"publisher\":{\"@id\":\"https:\/\/www.shami-shop.com\/de\/#organization\"},\"potentialAction\":[{\"@type\":\"SearchAction\",\"target\":{\"@type\":\"EntryPoint\",\"urlTemplate\":\"https:\/\/www.shami-shop.com\/de\/?s={search_term_string}\"},\"query-input\":{\"@type\":\"PropertyValueSpecification\",\"valueRequired\":true,\"valueName\":\"search_term_string\"}}],\"inLanguage\":\"de\"},{\"@type\":\"Organization\",\"@id\":\"https:\/\/www.shami-shop.com\/de\/#organization\",\"name\":\"Shami-Shop\",\"url\":\"https:\/\/www.shami-shop.com\/de\/\",\"logo\":{\"@type\":\"ImageObject\",\"inLanguage\":\"de\",\"@id\":\"https:\/\/www.shami-shop.com\/de\/#\/schema\/logo\/image\/\",\"url\":\"https:\/\/shami-shop.com\/wp-content\/uploads\/2021\/01\/Shami-Shop-Logo-1080.png\",\"contentUrl\":\"https:\/\/shami-shop.com\/wp-content\/uploads\/2021\/01\/Shami-Shop-Logo-1080.png\",\"width\":1080,\"height\":1080,\"caption\":\"Shami-Shop\"},\"image\":{\"@id\":\"https:\/\/www.shami-shop.com\/de\/#\/schema\/logo\/image\/\"},\"sameAs\":[\"https:\/\/www.facebook.com\/weloveshamisen\/\",\"https:\/\/www.instagram.com\/shamishop.europe\/\"]}]}<\/script>\n<!-- \/ Yoast SEO plugin. -->","yoast_head_json":{"title":"Saitara Bushi Bundle - Shami-Shop","description":"Saitara Bushi - popular Japanese folk song for shamisen in bunkafu (tabulature) notation. pdf und mp3 Download. Geeignet f\u00fcr Anf\u00e4nger.","robots":{"index":"index","follow":"follow","max-snippet":"max-snippet:-1","max-image-preview":"max-image-preview:large","max-video-preview":"max-video-preview:-1"},"canonical":"https:\/\/www.shami-shop.com\/de\/produkt\/saitara-bushi-bundle\/","og_locale":"de_DE","og_type":"article","og_title":"Saitara Bushi Bundle - Shami-Shop","og_description":"Saitara Bushi - popular Japanese folk song for shamisen in bunkafu (tabulature) notation. pdf und mp3 Download. Geeignet f\u00fcr Anf\u00e4nger.","og_url":"https:\/\/www.shami-shop.com\/de\/produkt\/saitara-bushi-bundle\/","og_site_name":"Shami-Shop","article_publisher":"https:\/\/www.facebook.com\/weloveshamisen\/","article_modified_time":"2025-10-08T02:53:00+00:00","og_image":[{"width":2153,"height":2151,"url":"https:\/\/www.shami-shop.com\/wp-content\/uploads\/2025\/10\/PRODKUTVORSCHAU-Saitara-Bushi-Bundle.png","type":"image\/png"}],"twitter_card":"summary_large_image","twitter_misc":{"Gesch\u00e4tzte Lesezeit":"3\u00a0Minuten"},"schema":{"@context":"https:\/\/schema.org","@graph":[{"@type":["WebPage","ItemPage"],"@id":"https:\/\/www.shami-shop.com\/de\/produkt\/saitara-bushi-bundle\/","url":"https:\/\/www.shami-shop.com\/de\/produkt\/saitara-bushi-bundle\/","name":"Saitara Bushi Bundle - Shami-Shop","isPartOf":{"@id":"https:\/\/www.shami-shop.com\/de\/#website"},"primaryImageOfPage":{"@id":"https:\/\/www.shami-shop.com\/de\/produkt\/saitara-bushi-bundle\/#primaryimage"},"image":{"@id":"https:\/\/www.shami-shop.com\/de\/produkt\/saitara-bushi-bundle\/#primaryimage"},"thumbnailUrl":"https:\/\/www.shami-shop.com\/wp-content\/uploads\/2025\/10\/PRODKUTVORSCHAU-Saitara-Bushi-Bundle.png","datePublished":"2025-10-08T01:46:33+00:00","dateModified":"2025-10-08T02:53:00+00:00","description":"Saitara Bushi - popular Japanese folk song for shamisen in bunkafu (tabulature) notation. pdf und mp3 Download. Geeignet f\u00fcr Anf\u00e4nger.","breadcrumb":{"@id":"https:\/\/www.shami-shop.com\/de\/produkt\/saitara-bushi-bundle\/#breadcrumb"},"inLanguage":"de","potentialAction":[{"@type":"ReadAction","target":["https:\/\/www.shami-shop.com\/de\/produkt\/saitara-bushi-bundle\/"]}]},{"@type":"ImageObject","inLanguage":"de","@id":"https:\/\/www.shami-shop.com\/de\/produkt\/saitara-bushi-bundle\/#primaryimage","url":"https:\/\/www.shami-shop.com\/wp-content\/uploads\/2025\/10\/PRODKUTVORSCHAU-Saitara-Bushi-Bundle.png","contentUrl":"https:\/\/www.shami-shop.com\/wp-content\/uploads\/2025\/10\/PRODKUTVORSCHAU-Saitara-Bushi-Bundle.png","width":2153,"height":2151,"caption":"Saitara Bushi Noten f\u00fcr Japanisches Volkslied auf Shamisen"},{"@type":"BreadcrumbList","@id":"https:\/\/www.shami-shop.com\/de\/produkt\/saitara-bushi-bundle\/#breadcrumb","itemListElement":[{"@type":"ListItem","position":1,"name":"Startseite","item":"https:\/\/www.shami-shop.com\/de\/"},{"@type":"ListItem","position":2,"name":"Shop","item":"https:\/\/www.shami-shop.com\/de\/shop\/"},{"@type":"ListItem","position":3,"name":"Saitara Bushi Bundle"}]},{"@type":"WebSite","@id":"https:\/\/www.shami-shop.com\/de\/#website","url":"https:\/\/www.shami-shop.com\/de\/","name":"Shami-Shop","description":"Alles f\u00fcr den Shamisen-Spieler.","publisher":{"@id":"https:\/\/www.shami-shop.com\/de\/#organization"},"potentialAction":[{"@type":"SearchAction","target":{"@type":"EntryPoint","urlTemplate":"https:\/\/www.shami-shop.com\/de\/?s={search_term_string}"},"query-input":{"@type":"PropertyValueSpecification","valueRequired":true,"valueName":"search_term_string"}}],"inLanguage":"de"},{"@type":"Organization","@id":"https:\/\/www.shami-shop.com\/de\/#organization","name":"Shami-Shop","url":"https:\/\/www.shami-shop.com\/de\/","logo":{"@type":"ImageObject","inLanguage":"de","@id":"https:\/\/www.shami-shop.com\/de\/#\/schema\/logo\/image\/","url":"https:\/\/shami-shop.com\/wp-content\/uploads\/2021\/01\/Shami-Shop-Logo-1080.png","contentUrl":"https:\/\/shami-shop.com\/wp-content\/uploads\/2021\/01\/Shami-Shop-Logo-1080.png","width":1080,"height":1080,"caption":"Shami-Shop"},"image":{"@id":"https:\/\/www.shami-shop.com\/de\/#\/schema\/logo\/image\/"},"sameAs":["https:\/\/www.facebook.com\/weloveshamisen\/","https:\/\/www.instagram.com\/shamishop.europe\/"]}]}},"jetpack_sharing_enabled":true,"_links":{"self":[{"href":"https:\/\/www.shami-shop.com\/de\/wp-json\/wp\/v2\/product\/29054","targetHints":{"allow":["GET"]}}],"collection":[{"href":"https:\/\/www.shami-shop.com\/de\/wp-json\/wp\/v2\/product"}],"about":[{"href":"https:\/\/www.shami-shop.com\/de\/wp-json\/wp\/v2\/types\/product"}],"wp:featuredmedia":[{"embeddable":true,"href":"https:\/\/www.shami-shop.com\/de\/wp-json\/wp\/v2\/media\/29050"}],"wp:attachment":[{"href":"https:\/\/www.shami-shop.com\/de\/wp-json\/wp\/v2\/media?parent=29054"}],"wp:term":[{"taxonomy":"product_brand","embeddable":true,"href":"https:\/\/www.shami-shop.com\/de\/wp-json\/wp\/v2\/product_brand?post=29054"},{"taxonomy":"product_cat","embeddable":true,"href":"https:\/\/www.shami-shop.com\/de\/wp-json\/wp\/v2\/product_cat?post=29054"},{"taxonomy":"product_tag","embeddable":true,"href":"https:\/\/www.shami-shop.com\/de\/wp-json\/wp\/v2\/product_tag?post=29054"}],"curies":[{"name":"wp","href":"https:\/\/api.w.org\/{rel}","templated":true}]}}