{"id":29223,"date":"2025-12-06T20:43:01","date_gmt":"2025-12-06T19:43:01","guid":{"rendered":"https:\/\/www.shami-shop.com\/product\/nostalgische-populaere-lieder-sammlung-bd-6\/"},"modified":"2025-12-06T21:01:42","modified_gmt":"2025-12-06T20:01:42","slug":"nostalgische-populaere-lieder-sammlung-bd-6","status":"publish","type":"product","link":"https:\/\/www.shami-shop.com\/de\/produkt\/nostalgische-populaere-lieder-sammlung-bd-6\/","title":{"rendered":"Nostalgische Popul\u00e4re Lieder-Sammlung Bd. 6"},"content":{"rendered":"<p>Band 6 dieser Sammlung popul\u00e4rer Lieder f\u00fcr Shamisen arrangiert umfasst 24 Lieder mit Text auf Japanisch. Ein bunter Mix altmodischer (aber nicht traditioneller) popul\u00e4rer Lieder wie &#8222;Konnichwa Aka-Chan&#8220; oder &#8222;Amefuru Machikado&#8220;.<\/p>\n<p>Die St\u00fccke sind in Bunkafu Notation (Tabulatur) geschrieben und deshalb sehr einfach zu lesen. Die einzelnen Lieder sind recht kurz und einfach zu spielen.<\/p>\n<p>Dieses Heft ist in sehr gutem Zustand. Nur das Inhaltsverzeichnis hat ein paar Stiftmarkierungen (siehe Fotos).<\/p>\n<p>Wie man Bunkafu Noten liest, erkl\u00e4re ich in diesem <a href=\"https:\/\/shamisen-zentrale.de\/grundlagen\/bunkafu-notation\/\" target=\"_blank\" rel=\"noopener\">Artikel mit Video<\/a>.<\/p>\n","protected":false},"excerpt":{"rendered":"<ul>\n<li>24 Lieder<\/li>\n<li>48 Seiten<\/li>\n<li>einfach zu lesende Bunkafu (Tabulatur) Notation<\/li>\n<li>mit japanischen Texten<\/li>\n<\/ul>\n","protected":false},"featured_media":29220,"template":"","meta":{"_et_pb_use_builder":"","_et_pb_old_content":"","_et_gb_content_width":""},"product_brand":[],"product_cat":[130,462],"product_tag":[],"class_list":{"0":"post-29223","1":"product","2":"type-product","3":"status-publish","4":"has-post-thumbnail","6":"product_cat-notenhefte","7":"product_cat-populare-songs-und-andere","8":"product_shipping_class-grosbrief","10":"first","11":"instock","12":"shipping-taxable","13":"purchasable","14":"product-type-simple"},"yoast_head":"<!-- This site is optimized with the Yoast SEO plugin v26.9 - https:\/\/yoast.com\/product\/yoast-seo-wordpress\/ -->\n<title>Nostalgische Popul\u00e4re Lieder-Sammlung Bd. 6 - Shami-Shop<\/title>\n<meta name=\"description\" content=\"Popul\u00e4re Lieder auf Shamisen in Bunkafu Notation. Mit japanischen Texten. Versand aus Berlin.\" \/>\n<meta name=\"robots\" content=\"index, follow, max-snippet:-1, max-image-preview:large, max-video-preview:-1\" \/>\n<link rel=\"canonical\" href=\"https:\/\/www.shami-shop.com\/de\/produkt\/nostalgische-populaere-lieder-sammlung-bd-6\/\" \/>\n<meta property=\"og:locale\" content=\"de_DE\" \/>\n<meta property=\"og:type\" content=\"article\" \/>\n<meta property=\"og:title\" content=\"Nostalgische Popul\u00e4re Lieder-Sammlung Bd. 6 - Shami-Shop\" \/>\n<meta property=\"og:description\" content=\"Popul\u00e4re Lieder auf Shamisen in Bunkafu Notation. Mit japanischen Texten. Versand aus Berlin.\" \/>\n<meta property=\"og:url\" content=\"https:\/\/www.shami-shop.com\/de\/produkt\/nostalgische-populaere-lieder-sammlung-bd-6\/\" \/>\n<meta property=\"og:site_name\" content=\"Shami-Shop\" \/>\n<meta property=\"article:publisher\" content=\"https:\/\/www.facebook.com\/weloveshamisen\/\" \/>\n<meta property=\"article:modified_time\" content=\"2025-12-06T20:01:42+00:00\" \/>\n<meta property=\"og:image\" content=\"https:\/\/www.shami-shop.com\/wp-content\/uploads\/2025\/12\/POP-6-cover-scaled.jpg\" \/>\n\t<meta property=\"og:image:width\" content=\"2560\" \/>\n\t<meta property=\"og:image:height\" content=\"2560\" \/>\n\t<meta property=\"og:image:type\" content=\"image\/jpeg\" \/>\n<meta name=\"twitter:card\" content=\"summary_large_image\" \/>\n<script type=\"application\/ld+json\" class=\"yoast-schema-graph\">{\"@context\":\"https:\/\/schema.org\",\"@graph\":[{\"@type\":[\"WebPage\",\"ItemPage\"],\"@id\":\"https:\/\/www.shami-shop.com\/de\/produkt\/nostalgische-populaere-lieder-sammlung-bd-6\/\",\"url\":\"https:\/\/www.shami-shop.com\/de\/produkt\/nostalgische-populaere-lieder-sammlung-bd-6\/\",\"name\":\"Nostalgische Popul\u00e4re Lieder-Sammlung Bd. 6 - Shami-Shop\",\"isPartOf\":{\"@id\":\"https:\/\/www.shami-shop.com\/de\/#website\"},\"primaryImageOfPage\":{\"@id\":\"https:\/\/www.shami-shop.com\/de\/produkt\/nostalgische-populaere-lieder-sammlung-bd-6\/#primaryimage\"},\"image\":{\"@id\":\"https:\/\/www.shami-shop.com\/de\/produkt\/nostalgische-populaere-lieder-sammlung-bd-6\/#primaryimage\"},\"thumbnailUrl\":\"https:\/\/www.shami-shop.com\/wp-content\/uploads\/2025\/12\/POP-6-cover-scaled.jpg\",\"datePublished\":\"2025-12-06T19:43:01+00:00\",\"dateModified\":\"2025-12-06T20:01:42+00:00\",\"description\":\"Popul\u00e4re Lieder auf Shamisen in Bunkafu Notation. Mit japanischen Texten. Versand aus Berlin.\",\"breadcrumb\":{\"@id\":\"https:\/\/www.shami-shop.com\/de\/produkt\/nostalgische-populaere-lieder-sammlung-bd-6\/#breadcrumb\"},\"inLanguage\":\"de\",\"potentialAction\":[{\"@type\":\"ReadAction\",\"target\":[\"https:\/\/www.shami-shop.com\/de\/produkt\/nostalgische-populaere-lieder-sammlung-bd-6\/\"]}]},{\"@type\":\"ImageObject\",\"inLanguage\":\"de\",\"@id\":\"https:\/\/www.shami-shop.com\/de\/produkt\/nostalgische-populaere-lieder-sammlung-bd-6\/#primaryimage\",\"url\":\"https:\/\/www.shami-shop.com\/wp-content\/uploads\/2025\/12\/POP-6-cover-scaled.jpg\",\"contentUrl\":\"https:\/\/www.shami-shop.com\/wp-content\/uploads\/2025\/12\/POP-6-cover-scaled.jpg\",\"width\":2560,\"height\":2560},{\"@type\":\"BreadcrumbList\",\"@id\":\"https:\/\/www.shami-shop.com\/de\/produkt\/nostalgische-populaere-lieder-sammlung-bd-6\/#breadcrumb\",\"itemListElement\":[{\"@type\":\"ListItem\",\"position\":1,\"name\":\"Startseite\",\"item\":\"https:\/\/www.shami-shop.com\/de\/\"},{\"@type\":\"ListItem\",\"position\":2,\"name\":\"Shop\",\"item\":\"https:\/\/www.shami-shop.com\/de\/shop\/\"},{\"@type\":\"ListItem\",\"position\":3,\"name\":\"Nostalgische Popul\u00e4re Lieder-Sammlung Bd. 6\"}]},{\"@type\":\"WebSite\",\"@id\":\"https:\/\/www.shami-shop.com\/de\/#website\",\"url\":\"https:\/\/www.shami-shop.com\/de\/\",\"name\":\"Shami-Shop\",\"description\":\"Alles f\u00fcr den Shamisen-Spieler.\",\"publisher\":{\"@id\":\"https:\/\/www.shami-shop.com\/de\/#organization\"},\"potentialAction\":[{\"@type\":\"SearchAction\",\"target\":{\"@type\":\"EntryPoint\",\"urlTemplate\":\"https:\/\/www.shami-shop.com\/de\/?s={search_term_string}\"},\"query-input\":{\"@type\":\"PropertyValueSpecification\",\"valueRequired\":true,\"valueName\":\"search_term_string\"}}],\"inLanguage\":\"de\"},{\"@type\":\"Organization\",\"@id\":\"https:\/\/www.shami-shop.com\/de\/#organization\",\"name\":\"Shami-Shop\",\"url\":\"https:\/\/www.shami-shop.com\/de\/\",\"logo\":{\"@type\":\"ImageObject\",\"inLanguage\":\"de\",\"@id\":\"https:\/\/www.shami-shop.com\/de\/#\/schema\/logo\/image\/\",\"url\":\"https:\/\/shami-shop.com\/wp-content\/uploads\/2021\/01\/Shami-Shop-Logo-1080.png\",\"contentUrl\":\"https:\/\/shami-shop.com\/wp-content\/uploads\/2021\/01\/Shami-Shop-Logo-1080.png\",\"width\":1080,\"height\":1080,\"caption\":\"Shami-Shop\"},\"image\":{\"@id\":\"https:\/\/www.shami-shop.com\/de\/#\/schema\/logo\/image\/\"},\"sameAs\":[\"https:\/\/www.facebook.com\/weloveshamisen\/\",\"https:\/\/www.instagram.com\/shamishop.europe\/\"]}]}<\/script>\n<!-- \/ Yoast SEO plugin. -->","yoast_head_json":{"title":"Nostalgische Popul\u00e4re Lieder-Sammlung Bd. 6 - Shami-Shop","description":"Popul\u00e4re Lieder auf Shamisen in Bunkafu Notation. Mit japanischen Texten. Versand aus Berlin.","robots":{"index":"index","follow":"follow","max-snippet":"max-snippet:-1","max-image-preview":"max-image-preview:large","max-video-preview":"max-video-preview:-1"},"canonical":"https:\/\/www.shami-shop.com\/de\/produkt\/nostalgische-populaere-lieder-sammlung-bd-6\/","og_locale":"de_DE","og_type":"article","og_title":"Nostalgische Popul\u00e4re Lieder-Sammlung Bd. 6 - Shami-Shop","og_description":"Popul\u00e4re Lieder auf Shamisen in Bunkafu Notation. Mit japanischen Texten. Versand aus Berlin.","og_url":"https:\/\/www.shami-shop.com\/de\/produkt\/nostalgische-populaere-lieder-sammlung-bd-6\/","og_site_name":"Shami-Shop","article_publisher":"https:\/\/www.facebook.com\/weloveshamisen\/","article_modified_time":"2025-12-06T20:01:42+00:00","og_image":[{"width":2560,"height":2560,"url":"https:\/\/www.shami-shop.com\/wp-content\/uploads\/2025\/12\/POP-6-cover-scaled.jpg","type":"image\/jpeg"}],"twitter_card":"summary_large_image","schema":{"@context":"https:\/\/schema.org","@graph":[{"@type":["WebPage","ItemPage"],"@id":"https:\/\/www.shami-shop.com\/de\/produkt\/nostalgische-populaere-lieder-sammlung-bd-6\/","url":"https:\/\/www.shami-shop.com\/de\/produkt\/nostalgische-populaere-lieder-sammlung-bd-6\/","name":"Nostalgische Popul\u00e4re Lieder-Sammlung Bd. 6 - Shami-Shop","isPartOf":{"@id":"https:\/\/www.shami-shop.com\/de\/#website"},"primaryImageOfPage":{"@id":"https:\/\/www.shami-shop.com\/de\/produkt\/nostalgische-populaere-lieder-sammlung-bd-6\/#primaryimage"},"image":{"@id":"https:\/\/www.shami-shop.com\/de\/produkt\/nostalgische-populaere-lieder-sammlung-bd-6\/#primaryimage"},"thumbnailUrl":"https:\/\/www.shami-shop.com\/wp-content\/uploads\/2025\/12\/POP-6-cover-scaled.jpg","datePublished":"2025-12-06T19:43:01+00:00","dateModified":"2025-12-06T20:01:42+00:00","description":"Popul\u00e4re Lieder auf Shamisen in Bunkafu Notation. Mit japanischen Texten. Versand aus Berlin.","breadcrumb":{"@id":"https:\/\/www.shami-shop.com\/de\/produkt\/nostalgische-populaere-lieder-sammlung-bd-6\/#breadcrumb"},"inLanguage":"de","potentialAction":[{"@type":"ReadAction","target":["https:\/\/www.shami-shop.com\/de\/produkt\/nostalgische-populaere-lieder-sammlung-bd-6\/"]}]},{"@type":"ImageObject","inLanguage":"de","@id":"https:\/\/www.shami-shop.com\/de\/produkt\/nostalgische-populaere-lieder-sammlung-bd-6\/#primaryimage","url":"https:\/\/www.shami-shop.com\/wp-content\/uploads\/2025\/12\/POP-6-cover-scaled.jpg","contentUrl":"https:\/\/www.shami-shop.com\/wp-content\/uploads\/2025\/12\/POP-6-cover-scaled.jpg","width":2560,"height":2560},{"@type":"BreadcrumbList","@id":"https:\/\/www.shami-shop.com\/de\/produkt\/nostalgische-populaere-lieder-sammlung-bd-6\/#breadcrumb","itemListElement":[{"@type":"ListItem","position":1,"name":"Startseite","item":"https:\/\/www.shami-shop.com\/de\/"},{"@type":"ListItem","position":2,"name":"Shop","item":"https:\/\/www.shami-shop.com\/de\/shop\/"},{"@type":"ListItem","position":3,"name":"Nostalgische Popul\u00e4re Lieder-Sammlung Bd. 6"}]},{"@type":"WebSite","@id":"https:\/\/www.shami-shop.com\/de\/#website","url":"https:\/\/www.shami-shop.com\/de\/","name":"Shami-Shop","description":"Alles f\u00fcr den Shamisen-Spieler.","publisher":{"@id":"https:\/\/www.shami-shop.com\/de\/#organization"},"potentialAction":[{"@type":"SearchAction","target":{"@type":"EntryPoint","urlTemplate":"https:\/\/www.shami-shop.com\/de\/?s={search_term_string}"},"query-input":{"@type":"PropertyValueSpecification","valueRequired":true,"valueName":"search_term_string"}}],"inLanguage":"de"},{"@type":"Organization","@id":"https:\/\/www.shami-shop.com\/de\/#organization","name":"Shami-Shop","url":"https:\/\/www.shami-shop.com\/de\/","logo":{"@type":"ImageObject","inLanguage":"de","@id":"https:\/\/www.shami-shop.com\/de\/#\/schema\/logo\/image\/","url":"https:\/\/shami-shop.com\/wp-content\/uploads\/2021\/01\/Shami-Shop-Logo-1080.png","contentUrl":"https:\/\/shami-shop.com\/wp-content\/uploads\/2021\/01\/Shami-Shop-Logo-1080.png","width":1080,"height":1080,"caption":"Shami-Shop"},"image":{"@id":"https:\/\/www.shami-shop.com\/de\/#\/schema\/logo\/image\/"},"sameAs":["https:\/\/www.facebook.com\/weloveshamisen\/","https:\/\/www.instagram.com\/shamishop.europe\/"]}]}},"jetpack_sharing_enabled":true,"_links":{"self":[{"href":"https:\/\/www.shami-shop.com\/de\/wp-json\/wp\/v2\/product\/29223","targetHints":{"allow":["GET"]}}],"collection":[{"href":"https:\/\/www.shami-shop.com\/de\/wp-json\/wp\/v2\/product"}],"about":[{"href":"https:\/\/www.shami-shop.com\/de\/wp-json\/wp\/v2\/types\/product"}],"wp:featuredmedia":[{"embeddable":true,"href":"https:\/\/www.shami-shop.com\/de\/wp-json\/wp\/v2\/media\/29220"}],"wp:attachment":[{"href":"https:\/\/www.shami-shop.com\/de\/wp-json\/wp\/v2\/media?parent=29223"}],"wp:term":[{"taxonomy":"product_brand","embeddable":true,"href":"https:\/\/www.shami-shop.com\/de\/wp-json\/wp\/v2\/product_brand?post=29223"},{"taxonomy":"product_cat","embeddable":true,"href":"https:\/\/www.shami-shop.com\/de\/wp-json\/wp\/v2\/product_cat?post=29223"},{"taxonomy":"product_tag","embeddable":true,"href":"https:\/\/www.shami-shop.com\/de\/wp-json\/wp\/v2\/product_tag?post=29223"}],"curies":[{"name":"wp","href":"https:\/\/api.w.org\/{rel}","templated":true}]}}