{"id":29791,"date":"2026-01-24T16:52:45","date_gmt":"2026-01-24T15:52:45","guid":{"rendered":"https:\/\/www.shami-shop.com\/product\/kimono-mit-nadelstreifen-fuer-maenner\/"},"modified":"2026-01-24T22:35:24","modified_gmt":"2026-01-24T21:35:24","slug":"kimono-mit-nadelstreifen-fuer-maenner","status":"publish","type":"product","link":"https:\/\/www.shami-shop.com\/de\/produkt\/kimono-mit-nadelstreifen-fuer-maenner\/","title":{"rendered":"Kimono mit Nadelstreifen f\u00fcr M\u00e4nner"},"content":{"rendered":"<p>Stylisher, authentischer japanischer Kimono f\u00fcr M\u00e4nner. <br \/> Vintage in fantastischem Zustand.<\/p>\n<p>Der Oberstoff ist Seide oder ein Seidenmischgewebe \u2013 schwarz mit feinen Nadelstreifen. Das Innenfutter ist aus blauer Baumwolle. Der Stoff f\u00fchlt sich angenehm fest und griffig an \u2013 perfekt auch zum Shamisen-Spielen, da nichts verrutscht oder rutschig wird \ud83d\ude42<\/p>\n<p>Am Innenfutter befindet sich ein kleiner wei\u00dfer Fleck (siehe Fotos), der sich wahrscheinlich mit einem feuchten Tuch entfernen l\u00e4sst.<\/p>\n<p><strong>Ma\u00dfe:<\/strong><\/p>\n<ul>\n<li>L\u00e4nge: 133cm<\/li>\n<li>Spannweite: 136cm<\/li>\n<\/ul>\n","protected":false},"excerpt":{"rendered":"<p><strong>Stoff:<\/strong> Seiden-Mix und Baumwolle<\/p>\n<p><strong>Hauptfarbe:<\/strong> Schwarz<\/p>\n<p><strong>Muster:<\/strong> Nadelstreifen<\/p>\n<p>&nbsp;<\/p>\n","protected":false},"featured_media":29781,"template":"","meta":{"_et_pb_use_builder":"","_et_pb_old_content":"","_et_gb_content_width":""},"product_brand":[],"product_cat":[491,496],"product_tag":[],"class_list":{"0":"post-29791","1":"product","2":"type-product","3":"status-publish","4":"has-post-thumbnail","6":"product_cat-kimono","7":"product_cat-vintage-kimono","8":"product_shipping_class-paket-m-2kg-de","10":"first","11":"instock","12":"shipping-taxable","13":"purchasable","14":"product-type-simple"},"yoast_head":"<!-- This site is optimized with the Yoast SEO plugin v26.9 - https:\/\/yoast.com\/product\/yoast-seo-wordpress\/ -->\n<title>Kimono mit Nadelstreifen f\u00fcr M\u00e4nner - Shami-Shop<\/title>\n<meta name=\"description\" content=\"Sch\u00f6ner japanischer Kimono f\u00fcr M\u00e4nner. Vielseitig f\u00fcr einen entspannten Look und t\u00e4glichen Luxus. Versand direkt aus Berlin.\" \/>\n<meta name=\"robots\" content=\"index, follow, max-snippet:-1, max-image-preview:large, max-video-preview:-1\" \/>\n<link rel=\"canonical\" href=\"https:\/\/www.shami-shop.com\/de\/produkt\/kimono-mit-nadelstreifen-fuer-maenner\/\" \/>\n<meta property=\"og:locale\" content=\"de_DE\" \/>\n<meta property=\"og:type\" content=\"article\" \/>\n<meta property=\"og:title\" content=\"Kimono mit Nadelstreifen f\u00fcr M\u00e4nner - Shami-Shop\" \/>\n<meta property=\"og:description\" content=\"Sch\u00f6ner japanischer Kimono f\u00fcr M\u00e4nner. Vielseitig f\u00fcr einen entspannten Look und t\u00e4glichen Luxus. Versand direkt aus Berlin.\" \/>\n<meta property=\"og:url\" content=\"https:\/\/www.shami-shop.com\/de\/produkt\/kimono-mit-nadelstreifen-fuer-maenner\/\" \/>\n<meta property=\"og:site_name\" content=\"Shami-Shop\" \/>\n<meta property=\"article:publisher\" content=\"https:\/\/www.facebook.com\/weloveshamisen\/\" \/>\n<meta property=\"article:modified_time\" content=\"2026-01-24T21:35:24+00:00\" \/>\n<meta property=\"og:image\" content=\"https:\/\/www.shami-shop.com\/wp-content\/uploads\/2026\/01\/K-036-front-open.jpg\" \/>\n\t<meta property=\"og:image:width\" content=\"646\" \/>\n\t<meta property=\"og:image:height\" content=\"671\" \/>\n\t<meta property=\"og:image:type\" content=\"image\/jpeg\" \/>\n<meta name=\"twitter:card\" content=\"summary_large_image\" \/>\n<script type=\"application\/ld+json\" class=\"yoast-schema-graph\">{\"@context\":\"https:\/\/schema.org\",\"@graph\":[{\"@type\":[\"WebPage\",\"ItemPage\"],\"@id\":\"https:\/\/www.shami-shop.com\/de\/produkt\/kimono-mit-nadelstreifen-fuer-maenner\/\",\"url\":\"https:\/\/www.shami-shop.com\/de\/produkt\/kimono-mit-nadelstreifen-fuer-maenner\/\",\"name\":\"Kimono mit Nadelstreifen f\u00fcr M\u00e4nner - Shami-Shop\",\"isPartOf\":{\"@id\":\"https:\/\/www.shami-shop.com\/de\/#website\"},\"primaryImageOfPage\":{\"@id\":\"https:\/\/www.shami-shop.com\/de\/produkt\/kimono-mit-nadelstreifen-fuer-maenner\/#primaryimage\"},\"image\":{\"@id\":\"https:\/\/www.shami-shop.com\/de\/produkt\/kimono-mit-nadelstreifen-fuer-maenner\/#primaryimage\"},\"thumbnailUrl\":\"https:\/\/www.shami-shop.com\/wp-content\/uploads\/2026\/01\/K-036-front-open.jpg\",\"datePublished\":\"2026-01-24T15:52:45+00:00\",\"dateModified\":\"2026-01-24T21:35:24+00:00\",\"description\":\"Sch\u00f6ner japanischer Kimono f\u00fcr M\u00e4nner. Vielseitig f\u00fcr einen entspannten Look und t\u00e4glichen Luxus. Versand direkt aus Berlin.\",\"breadcrumb\":{\"@id\":\"https:\/\/www.shami-shop.com\/de\/produkt\/kimono-mit-nadelstreifen-fuer-maenner\/#breadcrumb\"},\"inLanguage\":\"de\",\"potentialAction\":[{\"@type\":\"ReadAction\",\"target\":[\"https:\/\/www.shami-shop.com\/de\/produkt\/kimono-mit-nadelstreifen-fuer-maenner\/\"]}]},{\"@type\":\"ImageObject\",\"inLanguage\":\"de\",\"@id\":\"https:\/\/www.shami-shop.com\/de\/produkt\/kimono-mit-nadelstreifen-fuer-maenner\/#primaryimage\",\"url\":\"https:\/\/www.shami-shop.com\/wp-content\/uploads\/2026\/01\/K-036-front-open.jpg\",\"contentUrl\":\"https:\/\/www.shami-shop.com\/wp-content\/uploads\/2026\/01\/K-036-front-open.jpg\",\"width\":646,\"height\":671},{\"@type\":\"BreadcrumbList\",\"@id\":\"https:\/\/www.shami-shop.com\/de\/produkt\/kimono-mit-nadelstreifen-fuer-maenner\/#breadcrumb\",\"itemListElement\":[{\"@type\":\"ListItem\",\"position\":1,\"name\":\"Startseite\",\"item\":\"https:\/\/www.shami-shop.com\/de\/\"},{\"@type\":\"ListItem\",\"position\":2,\"name\":\"Shop\",\"item\":\"https:\/\/www.shami-shop.com\/de\/shop\/\"},{\"@type\":\"ListItem\",\"position\":3,\"name\":\"Kimono mit Nadelstreifen f\u00fcr M\u00e4nner\"}]},{\"@type\":\"WebSite\",\"@id\":\"https:\/\/www.shami-shop.com\/de\/#website\",\"url\":\"https:\/\/www.shami-shop.com\/de\/\",\"name\":\"Shami-Shop\",\"description\":\"Alles f\u00fcr den Shamisen-Spieler.\",\"publisher\":{\"@id\":\"https:\/\/www.shami-shop.com\/de\/#organization\"},\"potentialAction\":[{\"@type\":\"SearchAction\",\"target\":{\"@type\":\"EntryPoint\",\"urlTemplate\":\"https:\/\/www.shami-shop.com\/de\/?s={search_term_string}\"},\"query-input\":{\"@type\":\"PropertyValueSpecification\",\"valueRequired\":true,\"valueName\":\"search_term_string\"}}],\"inLanguage\":\"de\"},{\"@type\":\"Organization\",\"@id\":\"https:\/\/www.shami-shop.com\/de\/#organization\",\"name\":\"Shami-Shop\",\"url\":\"https:\/\/www.shami-shop.com\/de\/\",\"logo\":{\"@type\":\"ImageObject\",\"inLanguage\":\"de\",\"@id\":\"https:\/\/www.shami-shop.com\/de\/#\/schema\/logo\/image\/\",\"url\":\"https:\/\/shami-shop.com\/wp-content\/uploads\/2021\/01\/Shami-Shop-Logo-1080.png\",\"contentUrl\":\"https:\/\/shami-shop.com\/wp-content\/uploads\/2021\/01\/Shami-Shop-Logo-1080.png\",\"width\":1080,\"height\":1080,\"caption\":\"Shami-Shop\"},\"image\":{\"@id\":\"https:\/\/www.shami-shop.com\/de\/#\/schema\/logo\/image\/\"},\"sameAs\":[\"https:\/\/www.facebook.com\/weloveshamisen\/\",\"https:\/\/www.instagram.com\/shamishop.europe\/\"]}]}<\/script>\n<!-- \/ Yoast SEO plugin. -->","yoast_head_json":{"title":"Kimono mit Nadelstreifen f\u00fcr M\u00e4nner - Shami-Shop","description":"Sch\u00f6ner japanischer Kimono f\u00fcr M\u00e4nner. Vielseitig f\u00fcr einen entspannten Look und t\u00e4glichen Luxus. Versand direkt aus Berlin.","robots":{"index":"index","follow":"follow","max-snippet":"max-snippet:-1","max-image-preview":"max-image-preview:large","max-video-preview":"max-video-preview:-1"},"canonical":"https:\/\/www.shami-shop.com\/de\/produkt\/kimono-mit-nadelstreifen-fuer-maenner\/","og_locale":"de_DE","og_type":"article","og_title":"Kimono mit Nadelstreifen f\u00fcr M\u00e4nner - Shami-Shop","og_description":"Sch\u00f6ner japanischer Kimono f\u00fcr M\u00e4nner. Vielseitig f\u00fcr einen entspannten Look und t\u00e4glichen Luxus. Versand direkt aus Berlin.","og_url":"https:\/\/www.shami-shop.com\/de\/produkt\/kimono-mit-nadelstreifen-fuer-maenner\/","og_site_name":"Shami-Shop","article_publisher":"https:\/\/www.facebook.com\/weloveshamisen\/","article_modified_time":"2026-01-24T21:35:24+00:00","og_image":[{"width":646,"height":671,"url":"https:\/\/www.shami-shop.com\/wp-content\/uploads\/2026\/01\/K-036-front-open.jpg","type":"image\/jpeg"}],"twitter_card":"summary_large_image","schema":{"@context":"https:\/\/schema.org","@graph":[{"@type":["WebPage","ItemPage"],"@id":"https:\/\/www.shami-shop.com\/de\/produkt\/kimono-mit-nadelstreifen-fuer-maenner\/","url":"https:\/\/www.shami-shop.com\/de\/produkt\/kimono-mit-nadelstreifen-fuer-maenner\/","name":"Kimono mit Nadelstreifen f\u00fcr M\u00e4nner - Shami-Shop","isPartOf":{"@id":"https:\/\/www.shami-shop.com\/de\/#website"},"primaryImageOfPage":{"@id":"https:\/\/www.shami-shop.com\/de\/produkt\/kimono-mit-nadelstreifen-fuer-maenner\/#primaryimage"},"image":{"@id":"https:\/\/www.shami-shop.com\/de\/produkt\/kimono-mit-nadelstreifen-fuer-maenner\/#primaryimage"},"thumbnailUrl":"https:\/\/www.shami-shop.com\/wp-content\/uploads\/2026\/01\/K-036-front-open.jpg","datePublished":"2026-01-24T15:52:45+00:00","dateModified":"2026-01-24T21:35:24+00:00","description":"Sch\u00f6ner japanischer Kimono f\u00fcr M\u00e4nner. Vielseitig f\u00fcr einen entspannten Look und t\u00e4glichen Luxus. Versand direkt aus Berlin.","breadcrumb":{"@id":"https:\/\/www.shami-shop.com\/de\/produkt\/kimono-mit-nadelstreifen-fuer-maenner\/#breadcrumb"},"inLanguage":"de","potentialAction":[{"@type":"ReadAction","target":["https:\/\/www.shami-shop.com\/de\/produkt\/kimono-mit-nadelstreifen-fuer-maenner\/"]}]},{"@type":"ImageObject","inLanguage":"de","@id":"https:\/\/www.shami-shop.com\/de\/produkt\/kimono-mit-nadelstreifen-fuer-maenner\/#primaryimage","url":"https:\/\/www.shami-shop.com\/wp-content\/uploads\/2026\/01\/K-036-front-open.jpg","contentUrl":"https:\/\/www.shami-shop.com\/wp-content\/uploads\/2026\/01\/K-036-front-open.jpg","width":646,"height":671},{"@type":"BreadcrumbList","@id":"https:\/\/www.shami-shop.com\/de\/produkt\/kimono-mit-nadelstreifen-fuer-maenner\/#breadcrumb","itemListElement":[{"@type":"ListItem","position":1,"name":"Startseite","item":"https:\/\/www.shami-shop.com\/de\/"},{"@type":"ListItem","position":2,"name":"Shop","item":"https:\/\/www.shami-shop.com\/de\/shop\/"},{"@type":"ListItem","position":3,"name":"Kimono mit Nadelstreifen f\u00fcr M\u00e4nner"}]},{"@type":"WebSite","@id":"https:\/\/www.shami-shop.com\/de\/#website","url":"https:\/\/www.shami-shop.com\/de\/","name":"Shami-Shop","description":"Alles f\u00fcr den Shamisen-Spieler.","publisher":{"@id":"https:\/\/www.shami-shop.com\/de\/#organization"},"potentialAction":[{"@type":"SearchAction","target":{"@type":"EntryPoint","urlTemplate":"https:\/\/www.shami-shop.com\/de\/?s={search_term_string}"},"query-input":{"@type":"PropertyValueSpecification","valueRequired":true,"valueName":"search_term_string"}}],"inLanguage":"de"},{"@type":"Organization","@id":"https:\/\/www.shami-shop.com\/de\/#organization","name":"Shami-Shop","url":"https:\/\/www.shami-shop.com\/de\/","logo":{"@type":"ImageObject","inLanguage":"de","@id":"https:\/\/www.shami-shop.com\/de\/#\/schema\/logo\/image\/","url":"https:\/\/shami-shop.com\/wp-content\/uploads\/2021\/01\/Shami-Shop-Logo-1080.png","contentUrl":"https:\/\/shami-shop.com\/wp-content\/uploads\/2021\/01\/Shami-Shop-Logo-1080.png","width":1080,"height":1080,"caption":"Shami-Shop"},"image":{"@id":"https:\/\/www.shami-shop.com\/de\/#\/schema\/logo\/image\/"},"sameAs":["https:\/\/www.facebook.com\/weloveshamisen\/","https:\/\/www.instagram.com\/shamishop.europe\/"]}]}},"jetpack_sharing_enabled":true,"_links":{"self":[{"href":"https:\/\/www.shami-shop.com\/de\/wp-json\/wp\/v2\/product\/29791","targetHints":{"allow":["GET"]}}],"collection":[{"href":"https:\/\/www.shami-shop.com\/de\/wp-json\/wp\/v2\/product"}],"about":[{"href":"https:\/\/www.shami-shop.com\/de\/wp-json\/wp\/v2\/types\/product"}],"wp:featuredmedia":[{"embeddable":true,"href":"https:\/\/www.shami-shop.com\/de\/wp-json\/wp\/v2\/media\/29781"}],"wp:attachment":[{"href":"https:\/\/www.shami-shop.com\/de\/wp-json\/wp\/v2\/media?parent=29791"}],"wp:term":[{"taxonomy":"product_brand","embeddable":true,"href":"https:\/\/www.shami-shop.com\/de\/wp-json\/wp\/v2\/product_brand?post=29791"},{"taxonomy":"product_cat","embeddable":true,"href":"https:\/\/www.shami-shop.com\/de\/wp-json\/wp\/v2\/product_cat?post=29791"},{"taxonomy":"product_tag","embeddable":true,"href":"https:\/\/www.shami-shop.com\/de\/wp-json\/wp\/v2\/product_tag?post=29791"}],"curies":[{"name":"wp","href":"https:\/\/api.w.org\/{rel}","templated":true}]}}