{"id":29846,"date":"2026-01-24T22:31:48","date_gmt":"2026-01-24T21:31:48","guid":{"rendered":"https:\/\/www.shami-shop.com\/product\/blauer-kimono-fuer-maenner\/"},"modified":"2026-01-24T22:35:04","modified_gmt":"2026-01-24T21:35:04","slug":"blauer-kimono-fuer-maenner","status":"publish","type":"product","link":"https:\/\/www.shami-shop.com\/de\/produkt\/blauer-kimono-fuer-maenner\/","title":{"rendered":"Blauer Kimono f\u00fcr M\u00e4nner"},"content":{"rendered":"<p>L\u00e4ssiger, authentischer japanischer Kimono f\u00fcr M\u00e4nner. Vintage in fantastischem Zustand.<\/p>\n<p>Es handelt sich um einen ungef\u00fctterten Kimono aus einem Wollmischgewebe. Wenn man genau hinschaut, ist der Stoff nicht einfach nur blau, sondern eine feine Mischung aus Schwarz und Blau. Genau solche subtilen Details sind es, die ich an japanischen Dingen besonders liebe. Der Stoff ist angenehm griffig \u2013 perfekt zum Shamisen-Spielen, wenn du mich fragst \ud83d\ude42<\/p>\n<p>&nbsp;<\/p>\n<p><strong>Ma\u00dfe:<\/strong><\/p>\n<ul>\n<li>L\u00e4nge: 129cm<\/li>\n<li>Spannweite: 126cm<\/li>\n<\/ul>\n","protected":false},"excerpt":{"rendered":"<p><strong>Stoff:<\/strong> wool mix<\/p>\n<p><strong>Hauptfarbe:<\/strong> Blau<\/p>\n","protected":false},"featured_media":29837,"template":"","meta":{"_et_pb_use_builder":"","_et_pb_old_content":"","_et_gb_content_width":""},"product_brand":[],"product_cat":[491,496],"product_tag":[],"class_list":{"0":"post-29846","1":"product","2":"type-product","3":"status-publish","4":"has-post-thumbnail","6":"product_cat-kimono","7":"product_cat-vintage-kimono","8":"product_shipping_class-paket-m-2kg-de","10":"first","11":"instock","12":"shipping-taxable","13":"purchasable","14":"product-type-simple"},"yoast_head":"<!-- This site is optimized with the Yoast SEO plugin v26.9 - https:\/\/yoast.com\/product\/yoast-seo-wordpress\/ -->\n<title>Blauer Kimono f\u00fcr M\u00e4nner - Shami-Shop<\/title>\n<meta name=\"description\" content=\"Sch\u00f6ner japanischer Kimono f\u00fcr M\u00e4nner. Vielseitig f\u00fcr einen entspannten Look und t\u00e4glichen Luxus. Versand direkt aus Berlin.\" \/>\n<meta name=\"robots\" content=\"index, follow, max-snippet:-1, max-image-preview:large, max-video-preview:-1\" \/>\n<link rel=\"canonical\" href=\"https:\/\/www.shami-shop.com\/de\/produkt\/blauer-kimono-fuer-maenner\/\" \/>\n<meta property=\"og:locale\" content=\"de_DE\" \/>\n<meta property=\"og:type\" content=\"article\" \/>\n<meta property=\"og:title\" content=\"Blauer Kimono f\u00fcr M\u00e4nner - Shami-Shop\" \/>\n<meta property=\"og:description\" content=\"Sch\u00f6ner japanischer Kimono f\u00fcr M\u00e4nner. Vielseitig f\u00fcr einen entspannten Look und t\u00e4glichen Luxus. Versand direkt aus Berlin.\" \/>\n<meta property=\"og:url\" content=\"https:\/\/www.shami-shop.com\/de\/produkt\/blauer-kimono-fuer-maenner\/\" \/>\n<meta property=\"og:site_name\" content=\"Shami-Shop\" \/>\n<meta property=\"article:publisher\" content=\"https:\/\/www.facebook.com\/weloveshamisen\/\" \/>\n<meta property=\"article:modified_time\" content=\"2026-01-24T21:35:04+00:00\" \/>\n<meta property=\"og:image\" content=\"https:\/\/www.shami-shop.com\/wp-content\/uploads\/2026\/01\/K-037-back-open.jpg\" \/>\n\t<meta property=\"og:image:width\" content=\"670\" \/>\n\t<meta property=\"og:image:height\" content=\"670\" \/>\n\t<meta property=\"og:image:type\" content=\"image\/jpeg\" \/>\n<meta name=\"twitter:card\" content=\"summary_large_image\" \/>\n<script type=\"application\/ld+json\" class=\"yoast-schema-graph\">{\"@context\":\"https:\/\/schema.org\",\"@graph\":[{\"@type\":[\"WebPage\",\"ItemPage\"],\"@id\":\"https:\/\/www.shami-shop.com\/de\/produkt\/blauer-kimono-fuer-maenner\/\",\"url\":\"https:\/\/www.shami-shop.com\/de\/produkt\/blauer-kimono-fuer-maenner\/\",\"name\":\"Blauer Kimono f\u00fcr M\u00e4nner - Shami-Shop\",\"isPartOf\":{\"@id\":\"https:\/\/www.shami-shop.com\/de\/#website\"},\"primaryImageOfPage\":{\"@id\":\"https:\/\/www.shami-shop.com\/de\/produkt\/blauer-kimono-fuer-maenner\/#primaryimage\"},\"image\":{\"@id\":\"https:\/\/www.shami-shop.com\/de\/produkt\/blauer-kimono-fuer-maenner\/#primaryimage\"},\"thumbnailUrl\":\"https:\/\/www.shami-shop.com\/wp-content\/uploads\/2026\/01\/K-037-back-open.jpg\",\"datePublished\":\"2026-01-24T21:31:48+00:00\",\"dateModified\":\"2026-01-24T21:35:04+00:00\",\"description\":\"Sch\u00f6ner japanischer Kimono f\u00fcr M\u00e4nner. Vielseitig f\u00fcr einen entspannten Look und t\u00e4glichen Luxus. Versand direkt aus Berlin.\",\"breadcrumb\":{\"@id\":\"https:\/\/www.shami-shop.com\/de\/produkt\/blauer-kimono-fuer-maenner\/#breadcrumb\"},\"inLanguage\":\"de\",\"potentialAction\":[{\"@type\":\"ReadAction\",\"target\":[\"https:\/\/www.shami-shop.com\/de\/produkt\/blauer-kimono-fuer-maenner\/\"]}]},{\"@type\":\"ImageObject\",\"inLanguage\":\"de\",\"@id\":\"https:\/\/www.shami-shop.com\/de\/produkt\/blauer-kimono-fuer-maenner\/#primaryimage\",\"url\":\"https:\/\/www.shami-shop.com\/wp-content\/uploads\/2026\/01\/K-037-back-open.jpg\",\"contentUrl\":\"https:\/\/www.shami-shop.com\/wp-content\/uploads\/2026\/01\/K-037-back-open.jpg\",\"width\":670,\"height\":670},{\"@type\":\"BreadcrumbList\",\"@id\":\"https:\/\/www.shami-shop.com\/de\/produkt\/blauer-kimono-fuer-maenner\/#breadcrumb\",\"itemListElement\":[{\"@type\":\"ListItem\",\"position\":1,\"name\":\"Startseite\",\"item\":\"https:\/\/www.shami-shop.com\/de\/\"},{\"@type\":\"ListItem\",\"position\":2,\"name\":\"Shop\",\"item\":\"https:\/\/www.shami-shop.com\/de\/shop\/\"},{\"@type\":\"ListItem\",\"position\":3,\"name\":\"Blauer Kimono f\u00fcr M\u00e4nner\"}]},{\"@type\":\"WebSite\",\"@id\":\"https:\/\/www.shami-shop.com\/de\/#website\",\"url\":\"https:\/\/www.shami-shop.com\/de\/\",\"name\":\"Shami-Shop\",\"description\":\"Alles f\u00fcr den Shamisen-Spieler.\",\"publisher\":{\"@id\":\"https:\/\/www.shami-shop.com\/de\/#organization\"},\"potentialAction\":[{\"@type\":\"SearchAction\",\"target\":{\"@type\":\"EntryPoint\",\"urlTemplate\":\"https:\/\/www.shami-shop.com\/de\/?s={search_term_string}\"},\"query-input\":{\"@type\":\"PropertyValueSpecification\",\"valueRequired\":true,\"valueName\":\"search_term_string\"}}],\"inLanguage\":\"de\"},{\"@type\":\"Organization\",\"@id\":\"https:\/\/www.shami-shop.com\/de\/#organization\",\"name\":\"Shami-Shop\",\"url\":\"https:\/\/www.shami-shop.com\/de\/\",\"logo\":{\"@type\":\"ImageObject\",\"inLanguage\":\"de\",\"@id\":\"https:\/\/www.shami-shop.com\/de\/#\/schema\/logo\/image\/\",\"url\":\"https:\/\/shami-shop.com\/wp-content\/uploads\/2021\/01\/Shami-Shop-Logo-1080.png\",\"contentUrl\":\"https:\/\/shami-shop.com\/wp-content\/uploads\/2021\/01\/Shami-Shop-Logo-1080.png\",\"width\":1080,\"height\":1080,\"caption\":\"Shami-Shop\"},\"image\":{\"@id\":\"https:\/\/www.shami-shop.com\/de\/#\/schema\/logo\/image\/\"},\"sameAs\":[\"https:\/\/www.facebook.com\/weloveshamisen\/\",\"https:\/\/www.instagram.com\/shamishop.europe\/\"]}]}<\/script>\n<!-- \/ Yoast SEO plugin. -->","yoast_head_json":{"title":"Blauer Kimono f\u00fcr M\u00e4nner - Shami-Shop","description":"Sch\u00f6ner japanischer Kimono f\u00fcr M\u00e4nner. Vielseitig f\u00fcr einen entspannten Look und t\u00e4glichen Luxus. Versand direkt aus Berlin.","robots":{"index":"index","follow":"follow","max-snippet":"max-snippet:-1","max-image-preview":"max-image-preview:large","max-video-preview":"max-video-preview:-1"},"canonical":"https:\/\/www.shami-shop.com\/de\/produkt\/blauer-kimono-fuer-maenner\/","og_locale":"de_DE","og_type":"article","og_title":"Blauer Kimono f\u00fcr M\u00e4nner - Shami-Shop","og_description":"Sch\u00f6ner japanischer Kimono f\u00fcr M\u00e4nner. Vielseitig f\u00fcr einen entspannten Look und t\u00e4glichen Luxus. Versand direkt aus Berlin.","og_url":"https:\/\/www.shami-shop.com\/de\/produkt\/blauer-kimono-fuer-maenner\/","og_site_name":"Shami-Shop","article_publisher":"https:\/\/www.facebook.com\/weloveshamisen\/","article_modified_time":"2026-01-24T21:35:04+00:00","og_image":[{"width":670,"height":670,"url":"https:\/\/www.shami-shop.com\/wp-content\/uploads\/2026\/01\/K-037-back-open.jpg","type":"image\/jpeg"}],"twitter_card":"summary_large_image","schema":{"@context":"https:\/\/schema.org","@graph":[{"@type":["WebPage","ItemPage"],"@id":"https:\/\/www.shami-shop.com\/de\/produkt\/blauer-kimono-fuer-maenner\/","url":"https:\/\/www.shami-shop.com\/de\/produkt\/blauer-kimono-fuer-maenner\/","name":"Blauer Kimono f\u00fcr M\u00e4nner - Shami-Shop","isPartOf":{"@id":"https:\/\/www.shami-shop.com\/de\/#website"},"primaryImageOfPage":{"@id":"https:\/\/www.shami-shop.com\/de\/produkt\/blauer-kimono-fuer-maenner\/#primaryimage"},"image":{"@id":"https:\/\/www.shami-shop.com\/de\/produkt\/blauer-kimono-fuer-maenner\/#primaryimage"},"thumbnailUrl":"https:\/\/www.shami-shop.com\/wp-content\/uploads\/2026\/01\/K-037-back-open.jpg","datePublished":"2026-01-24T21:31:48+00:00","dateModified":"2026-01-24T21:35:04+00:00","description":"Sch\u00f6ner japanischer Kimono f\u00fcr M\u00e4nner. Vielseitig f\u00fcr einen entspannten Look und t\u00e4glichen Luxus. Versand direkt aus Berlin.","breadcrumb":{"@id":"https:\/\/www.shami-shop.com\/de\/produkt\/blauer-kimono-fuer-maenner\/#breadcrumb"},"inLanguage":"de","potentialAction":[{"@type":"ReadAction","target":["https:\/\/www.shami-shop.com\/de\/produkt\/blauer-kimono-fuer-maenner\/"]}]},{"@type":"ImageObject","inLanguage":"de","@id":"https:\/\/www.shami-shop.com\/de\/produkt\/blauer-kimono-fuer-maenner\/#primaryimage","url":"https:\/\/www.shami-shop.com\/wp-content\/uploads\/2026\/01\/K-037-back-open.jpg","contentUrl":"https:\/\/www.shami-shop.com\/wp-content\/uploads\/2026\/01\/K-037-back-open.jpg","width":670,"height":670},{"@type":"BreadcrumbList","@id":"https:\/\/www.shami-shop.com\/de\/produkt\/blauer-kimono-fuer-maenner\/#breadcrumb","itemListElement":[{"@type":"ListItem","position":1,"name":"Startseite","item":"https:\/\/www.shami-shop.com\/de\/"},{"@type":"ListItem","position":2,"name":"Shop","item":"https:\/\/www.shami-shop.com\/de\/shop\/"},{"@type":"ListItem","position":3,"name":"Blauer Kimono f\u00fcr M\u00e4nner"}]},{"@type":"WebSite","@id":"https:\/\/www.shami-shop.com\/de\/#website","url":"https:\/\/www.shami-shop.com\/de\/","name":"Shami-Shop","description":"Alles f\u00fcr den Shamisen-Spieler.","publisher":{"@id":"https:\/\/www.shami-shop.com\/de\/#organization"},"potentialAction":[{"@type":"SearchAction","target":{"@type":"EntryPoint","urlTemplate":"https:\/\/www.shami-shop.com\/de\/?s={search_term_string}"},"query-input":{"@type":"PropertyValueSpecification","valueRequired":true,"valueName":"search_term_string"}}],"inLanguage":"de"},{"@type":"Organization","@id":"https:\/\/www.shami-shop.com\/de\/#organization","name":"Shami-Shop","url":"https:\/\/www.shami-shop.com\/de\/","logo":{"@type":"ImageObject","inLanguage":"de","@id":"https:\/\/www.shami-shop.com\/de\/#\/schema\/logo\/image\/","url":"https:\/\/shami-shop.com\/wp-content\/uploads\/2021\/01\/Shami-Shop-Logo-1080.png","contentUrl":"https:\/\/shami-shop.com\/wp-content\/uploads\/2021\/01\/Shami-Shop-Logo-1080.png","width":1080,"height":1080,"caption":"Shami-Shop"},"image":{"@id":"https:\/\/www.shami-shop.com\/de\/#\/schema\/logo\/image\/"},"sameAs":["https:\/\/www.facebook.com\/weloveshamisen\/","https:\/\/www.instagram.com\/shamishop.europe\/"]}]}},"jetpack_sharing_enabled":true,"_links":{"self":[{"href":"https:\/\/www.shami-shop.com\/de\/wp-json\/wp\/v2\/product\/29846","targetHints":{"allow":["GET"]}}],"collection":[{"href":"https:\/\/www.shami-shop.com\/de\/wp-json\/wp\/v2\/product"}],"about":[{"href":"https:\/\/www.shami-shop.com\/de\/wp-json\/wp\/v2\/types\/product"}],"wp:featuredmedia":[{"embeddable":true,"href":"https:\/\/www.shami-shop.com\/de\/wp-json\/wp\/v2\/media\/29837"}],"wp:attachment":[{"href":"https:\/\/www.shami-shop.com\/de\/wp-json\/wp\/v2\/media?parent=29846"}],"wp:term":[{"taxonomy":"product_brand","embeddable":true,"href":"https:\/\/www.shami-shop.com\/de\/wp-json\/wp\/v2\/product_brand?post=29846"},{"taxonomy":"product_cat","embeddable":true,"href":"https:\/\/www.shami-shop.com\/de\/wp-json\/wp\/v2\/product_cat?post=29846"},{"taxonomy":"product_tag","embeddable":true,"href":"https:\/\/www.shami-shop.com\/de\/wp-json\/wp\/v2\/product_tag?post=29846"}],"curies":[{"name":"wp","href":"https:\/\/api.w.org\/{rel}","templated":true}]}}