{"id":29880,"date":"2026-01-24T23:47:09","date_gmt":"2026-01-24T22:47:09","guid":{"rendered":"https:\/\/www.shami-shop.com\/product\/kurotomesode-mit-trommeln-und-floeten\/"},"modified":"2026-01-24T23:54:27","modified_gmt":"2026-01-24T22:54:27","slug":"kurotomesode-mit-trommeln-und-floeten","status":"publish","type":"product","link":"https:\/\/www.shami-shop.com\/de\/produkt\/kurotomesode-mit-trommeln-und-floeten\/","title":{"rendered":"Kurotomesode mit Trommeln und Fl\u00f6ten"},"content":{"rendered":"<p>Authentischer japanischer Kimono mit f\u00fcnf Mon (Familienwappen). Vintage in fantastischem Zustand. Es gibt lediglich einige sehr kleine braune Sprenkel auf der Innenseite \u2013 beim Tragen oder Ausstellen v\u00f6llig unsichtbar (siehe Fotos).<\/p>\n<p>Dieser Kimono ist eigentlich zwei Kimonos in einem: In den Hauptkimono ist ein komplett wei\u00dfer Innenkimono eingen\u00e4ht. Der \u00e4u\u00dfere Kimono hat zus\u00e4tzlich ein eigenes wei\u00dfes Futter. Alles ist aus Seide gefertigt! Der schwarze Au\u00dfenkimono besteht aus superweicher Chirimen-Seide \u2013 das ist die Seide mit einer geschmeidigen, aber gleichzeitig leicht griffigen Oberfl\u00e4che und einem sehr edlen, dezenten Glanz (mein pers\u00f6nlicher Favorit).<\/p>\n<p>Die Trommeln und die Fl\u00f6tes sind von Hand gestickt \u2013 mit einer wahnsinnigen Liebe zum Detail! Man erkennt sogar die Struktur der Kordeln durch die kunstvolle Sticktechnik. Jede Trommel hat ein anderes dekoratives Muster, und die Art, wie sich die Schn\u00fcre winden und verschlingen, wirkt unglaublich lebendig. Wie wundersch\u00f6n ist das bitte? Au\u00dferdem gibt es zwei Fl\u00f6ten, von denen eine in einer kimonoesken H\u00fclle steckt. Ich liebe es!<\/p>\n<p>Als Musiker habe ich eine besondere Vorliebe f\u00fcr Kimonos mit Musik- und Theatermotiven. Ich finde diesen Kimono absolut beeindruckend. Ich finde diesen Kimono absolut beeindruckend. Ein tragbares Kunstwerk aus Japan \u2013 oder ein spektakul\u00e4rer Blickfang an der Wand, der jedem Raum das gewisse Etwas verleiht.<\/p>\n<p>&nbsp;<\/p>\n<p><strong>Ma\u00dfe:<\/strong><\/p>\n<ul>\n<li>L\u00e4nge: 154cm<\/li>\n<li>Spannbreite: 124cm<\/li>\n<li>\u00c4rmell\u00e4nge: 48cm<\/li>\n<\/ul>\n","protected":false},"excerpt":{"rendered":"<p><strong>Material:<\/strong> Seide<\/p>\n<p><strong>Hauptfarbe:<\/strong> Schwarz<\/p>\n<p><strong>Muster: <\/strong>Trommeln und Fl\u00f6ten, handgestickt mit Goldf\u00e4den<\/p>\n<p><strong>extras: <\/strong>sewn-in white full inner kimono<\/p>\n","protected":false},"featured_media":29863,"template":"","meta":{"_et_pb_use_builder":"","_et_pb_old_content":"","_et_gb_content_width":""},"product_brand":[],"product_cat":[491,496],"product_tag":[],"class_list":{"0":"post-29880","1":"product","2":"type-product","3":"status-publish","4":"has-post-thumbnail","6":"product_cat-kimono","7":"product_cat-vintage-kimono","8":"product_shipping_class-paket-m-2kg-de","10":"first","11":"instock","12":"shipping-taxable","13":"purchasable","14":"product-type-simple"},"yoast_head":"<!-- This site is optimized with the Yoast SEO plugin v26.9 - https:\/\/yoast.com\/product\/yoast-seo-wordpress\/ -->\n<title>Kurotomesode mit Trommeln und Fl\u00f6ten - Shami-Shop<\/title>\n<meta name=\"description\" content=\"Sch\u00f6ner japanischer Kimono f\u00fcr M\u00e4nner. Vielseitig f\u00fcr einen entspannten Look und t\u00e4glichen Luxus. Versand direkt aus Berlin.\" \/>\n<meta name=\"robots\" content=\"index, follow, max-snippet:-1, max-image-preview:large, max-video-preview:-1\" \/>\n<link rel=\"canonical\" href=\"https:\/\/www.shami-shop.com\/de\/produkt\/kurotomesode-mit-trommeln-und-floeten\/\" \/>\n<meta property=\"og:locale\" content=\"de_DE\" \/>\n<meta property=\"og:type\" content=\"article\" \/>\n<meta property=\"og:title\" content=\"Kurotomesode mit Trommeln und Fl\u00f6ten - Shami-Shop\" \/>\n<meta property=\"og:description\" content=\"Sch\u00f6ner japanischer Kimono f\u00fcr M\u00e4nner. Vielseitig f\u00fcr einen entspannten Look und t\u00e4glichen Luxus. Versand direkt aus Berlin.\" \/>\n<meta property=\"og:url\" content=\"https:\/\/www.shami-shop.com\/de\/produkt\/kurotomesode-mit-trommeln-und-floeten\/\" \/>\n<meta property=\"og:site_name\" content=\"Shami-Shop\" \/>\n<meta property=\"article:publisher\" content=\"https:\/\/www.facebook.com\/weloveshamisen\/\" \/>\n<meta property=\"article:modified_time\" content=\"2026-01-24T22:54:27+00:00\" \/>\n<meta property=\"og:image\" content=\"https:\/\/www.shami-shop.com\/wp-content\/uploads\/2026\/01\/K-040-back-open.jpg\" \/>\n\t<meta property=\"og:image:width\" content=\"727\" \/>\n\t<meta property=\"og:image:height\" content=\"684\" \/>\n\t<meta property=\"og:image:type\" content=\"image\/jpeg\" \/>\n<meta name=\"twitter:card\" content=\"summary_large_image\" \/>\n<meta name=\"twitter:label1\" content=\"Gesch\u00e4tzte Lesezeit\" \/>\n\t<meta name=\"twitter:data1\" content=\"1\u00a0Minute\" \/>\n<script type=\"application\/ld+json\" class=\"yoast-schema-graph\">{\"@context\":\"https:\/\/schema.org\",\"@graph\":[{\"@type\":[\"WebPage\",\"ItemPage\"],\"@id\":\"https:\/\/www.shami-shop.com\/de\/produkt\/kurotomesode-mit-trommeln-und-floeten\/\",\"url\":\"https:\/\/www.shami-shop.com\/de\/produkt\/kurotomesode-mit-trommeln-und-floeten\/\",\"name\":\"Kurotomesode mit Trommeln und Fl\u00f6ten - Shami-Shop\",\"isPartOf\":{\"@id\":\"https:\/\/www.shami-shop.com\/de\/#website\"},\"primaryImageOfPage\":{\"@id\":\"https:\/\/www.shami-shop.com\/de\/produkt\/kurotomesode-mit-trommeln-und-floeten\/#primaryimage\"},\"image\":{\"@id\":\"https:\/\/www.shami-shop.com\/de\/produkt\/kurotomesode-mit-trommeln-und-floeten\/#primaryimage\"},\"thumbnailUrl\":\"https:\/\/www.shami-shop.com\/wp-content\/uploads\/2026\/01\/K-040-back-open.jpg\",\"datePublished\":\"2026-01-24T22:47:09+00:00\",\"dateModified\":\"2026-01-24T22:54:27+00:00\",\"description\":\"Sch\u00f6ner japanischer Kimono f\u00fcr M\u00e4nner. Vielseitig f\u00fcr einen entspannten Look und t\u00e4glichen Luxus. Versand direkt aus Berlin.\",\"breadcrumb\":{\"@id\":\"https:\/\/www.shami-shop.com\/de\/produkt\/kurotomesode-mit-trommeln-und-floeten\/#breadcrumb\"},\"inLanguage\":\"de\",\"potentialAction\":[{\"@type\":\"ReadAction\",\"target\":[\"https:\/\/www.shami-shop.com\/de\/produkt\/kurotomesode-mit-trommeln-und-floeten\/\"]}]},{\"@type\":\"ImageObject\",\"inLanguage\":\"de\",\"@id\":\"https:\/\/www.shami-shop.com\/de\/produkt\/kurotomesode-mit-trommeln-und-floeten\/#primaryimage\",\"url\":\"https:\/\/www.shami-shop.com\/wp-content\/uploads\/2026\/01\/K-040-back-open.jpg\",\"contentUrl\":\"https:\/\/www.shami-shop.com\/wp-content\/uploads\/2026\/01\/K-040-back-open.jpg\",\"width\":727,\"height\":684},{\"@type\":\"BreadcrumbList\",\"@id\":\"https:\/\/www.shami-shop.com\/de\/produkt\/kurotomesode-mit-trommeln-und-floeten\/#breadcrumb\",\"itemListElement\":[{\"@type\":\"ListItem\",\"position\":1,\"name\":\"Startseite\",\"item\":\"https:\/\/www.shami-shop.com\/de\/\"},{\"@type\":\"ListItem\",\"position\":2,\"name\":\"Shop\",\"item\":\"https:\/\/www.shami-shop.com\/de\/shop\/\"},{\"@type\":\"ListItem\",\"position\":3,\"name\":\"Kurotomesode mit Trommeln und Fl\u00f6ten\"}]},{\"@type\":\"WebSite\",\"@id\":\"https:\/\/www.shami-shop.com\/de\/#website\",\"url\":\"https:\/\/www.shami-shop.com\/de\/\",\"name\":\"Shami-Shop\",\"description\":\"Alles f\u00fcr den Shamisen-Spieler.\",\"publisher\":{\"@id\":\"https:\/\/www.shami-shop.com\/de\/#organization\"},\"potentialAction\":[{\"@type\":\"SearchAction\",\"target\":{\"@type\":\"EntryPoint\",\"urlTemplate\":\"https:\/\/www.shami-shop.com\/de\/?s={search_term_string}\"},\"query-input\":{\"@type\":\"PropertyValueSpecification\",\"valueRequired\":true,\"valueName\":\"search_term_string\"}}],\"inLanguage\":\"de\"},{\"@type\":\"Organization\",\"@id\":\"https:\/\/www.shami-shop.com\/de\/#organization\",\"name\":\"Shami-Shop\",\"url\":\"https:\/\/www.shami-shop.com\/de\/\",\"logo\":{\"@type\":\"ImageObject\",\"inLanguage\":\"de\",\"@id\":\"https:\/\/www.shami-shop.com\/de\/#\/schema\/logo\/image\/\",\"url\":\"https:\/\/shami-shop.com\/wp-content\/uploads\/2021\/01\/Shami-Shop-Logo-1080.png\",\"contentUrl\":\"https:\/\/shami-shop.com\/wp-content\/uploads\/2021\/01\/Shami-Shop-Logo-1080.png\",\"width\":1080,\"height\":1080,\"caption\":\"Shami-Shop\"},\"image\":{\"@id\":\"https:\/\/www.shami-shop.com\/de\/#\/schema\/logo\/image\/\"},\"sameAs\":[\"https:\/\/www.facebook.com\/weloveshamisen\/\",\"https:\/\/www.instagram.com\/shamishop.europe\/\"]}]}<\/script>\n<!-- \/ Yoast SEO plugin. -->","yoast_head_json":{"title":"Kurotomesode mit Trommeln und Fl\u00f6ten - Shami-Shop","description":"Sch\u00f6ner japanischer Kimono f\u00fcr M\u00e4nner. Vielseitig f\u00fcr einen entspannten Look und t\u00e4glichen Luxus. Versand direkt aus Berlin.","robots":{"index":"index","follow":"follow","max-snippet":"max-snippet:-1","max-image-preview":"max-image-preview:large","max-video-preview":"max-video-preview:-1"},"canonical":"https:\/\/www.shami-shop.com\/de\/produkt\/kurotomesode-mit-trommeln-und-floeten\/","og_locale":"de_DE","og_type":"article","og_title":"Kurotomesode mit Trommeln und Fl\u00f6ten - Shami-Shop","og_description":"Sch\u00f6ner japanischer Kimono f\u00fcr M\u00e4nner. Vielseitig f\u00fcr einen entspannten Look und t\u00e4glichen Luxus. Versand direkt aus Berlin.","og_url":"https:\/\/www.shami-shop.com\/de\/produkt\/kurotomesode-mit-trommeln-und-floeten\/","og_site_name":"Shami-Shop","article_publisher":"https:\/\/www.facebook.com\/weloveshamisen\/","article_modified_time":"2026-01-24T22:54:27+00:00","og_image":[{"width":727,"height":684,"url":"https:\/\/www.shami-shop.com\/wp-content\/uploads\/2026\/01\/K-040-back-open.jpg","type":"image\/jpeg"}],"twitter_card":"summary_large_image","twitter_misc":{"Gesch\u00e4tzte Lesezeit":"1\u00a0Minute"},"schema":{"@context":"https:\/\/schema.org","@graph":[{"@type":["WebPage","ItemPage"],"@id":"https:\/\/www.shami-shop.com\/de\/produkt\/kurotomesode-mit-trommeln-und-floeten\/","url":"https:\/\/www.shami-shop.com\/de\/produkt\/kurotomesode-mit-trommeln-und-floeten\/","name":"Kurotomesode mit Trommeln und Fl\u00f6ten - Shami-Shop","isPartOf":{"@id":"https:\/\/www.shami-shop.com\/de\/#website"},"primaryImageOfPage":{"@id":"https:\/\/www.shami-shop.com\/de\/produkt\/kurotomesode-mit-trommeln-und-floeten\/#primaryimage"},"image":{"@id":"https:\/\/www.shami-shop.com\/de\/produkt\/kurotomesode-mit-trommeln-und-floeten\/#primaryimage"},"thumbnailUrl":"https:\/\/www.shami-shop.com\/wp-content\/uploads\/2026\/01\/K-040-back-open.jpg","datePublished":"2026-01-24T22:47:09+00:00","dateModified":"2026-01-24T22:54:27+00:00","description":"Sch\u00f6ner japanischer Kimono f\u00fcr M\u00e4nner. Vielseitig f\u00fcr einen entspannten Look und t\u00e4glichen Luxus. Versand direkt aus Berlin.","breadcrumb":{"@id":"https:\/\/www.shami-shop.com\/de\/produkt\/kurotomesode-mit-trommeln-und-floeten\/#breadcrumb"},"inLanguage":"de","potentialAction":[{"@type":"ReadAction","target":["https:\/\/www.shami-shop.com\/de\/produkt\/kurotomesode-mit-trommeln-und-floeten\/"]}]},{"@type":"ImageObject","inLanguage":"de","@id":"https:\/\/www.shami-shop.com\/de\/produkt\/kurotomesode-mit-trommeln-und-floeten\/#primaryimage","url":"https:\/\/www.shami-shop.com\/wp-content\/uploads\/2026\/01\/K-040-back-open.jpg","contentUrl":"https:\/\/www.shami-shop.com\/wp-content\/uploads\/2026\/01\/K-040-back-open.jpg","width":727,"height":684},{"@type":"BreadcrumbList","@id":"https:\/\/www.shami-shop.com\/de\/produkt\/kurotomesode-mit-trommeln-und-floeten\/#breadcrumb","itemListElement":[{"@type":"ListItem","position":1,"name":"Startseite","item":"https:\/\/www.shami-shop.com\/de\/"},{"@type":"ListItem","position":2,"name":"Shop","item":"https:\/\/www.shami-shop.com\/de\/shop\/"},{"@type":"ListItem","position":3,"name":"Kurotomesode mit Trommeln und Fl\u00f6ten"}]},{"@type":"WebSite","@id":"https:\/\/www.shami-shop.com\/de\/#website","url":"https:\/\/www.shami-shop.com\/de\/","name":"Shami-Shop","description":"Alles f\u00fcr den Shamisen-Spieler.","publisher":{"@id":"https:\/\/www.shami-shop.com\/de\/#organization"},"potentialAction":[{"@type":"SearchAction","target":{"@type":"EntryPoint","urlTemplate":"https:\/\/www.shami-shop.com\/de\/?s={search_term_string}"},"query-input":{"@type":"PropertyValueSpecification","valueRequired":true,"valueName":"search_term_string"}}],"inLanguage":"de"},{"@type":"Organization","@id":"https:\/\/www.shami-shop.com\/de\/#organization","name":"Shami-Shop","url":"https:\/\/www.shami-shop.com\/de\/","logo":{"@type":"ImageObject","inLanguage":"de","@id":"https:\/\/www.shami-shop.com\/de\/#\/schema\/logo\/image\/","url":"https:\/\/shami-shop.com\/wp-content\/uploads\/2021\/01\/Shami-Shop-Logo-1080.png","contentUrl":"https:\/\/shami-shop.com\/wp-content\/uploads\/2021\/01\/Shami-Shop-Logo-1080.png","width":1080,"height":1080,"caption":"Shami-Shop"},"image":{"@id":"https:\/\/www.shami-shop.com\/de\/#\/schema\/logo\/image\/"},"sameAs":["https:\/\/www.facebook.com\/weloveshamisen\/","https:\/\/www.instagram.com\/shamishop.europe\/"]}]}},"jetpack_sharing_enabled":true,"_links":{"self":[{"href":"https:\/\/www.shami-shop.com\/de\/wp-json\/wp\/v2\/product\/29880","targetHints":{"allow":["GET"]}}],"collection":[{"href":"https:\/\/www.shami-shop.com\/de\/wp-json\/wp\/v2\/product"}],"about":[{"href":"https:\/\/www.shami-shop.com\/de\/wp-json\/wp\/v2\/types\/product"}],"wp:featuredmedia":[{"embeddable":true,"href":"https:\/\/www.shami-shop.com\/de\/wp-json\/wp\/v2\/media\/29863"}],"wp:attachment":[{"href":"https:\/\/www.shami-shop.com\/de\/wp-json\/wp\/v2\/media?parent=29880"}],"wp:term":[{"taxonomy":"product_brand","embeddable":true,"href":"https:\/\/www.shami-shop.com\/de\/wp-json\/wp\/v2\/product_brand?post=29880"},{"taxonomy":"product_cat","embeddable":true,"href":"https:\/\/www.shami-shop.com\/de\/wp-json\/wp\/v2\/product_cat?post=29880"},{"taxonomy":"product_tag","embeddable":true,"href":"https:\/\/www.shami-shop.com\/de\/wp-json\/wp\/v2\/product_tag?post=29880"}],"curies":[{"name":"wp","href":"https:\/\/api.w.org\/{rel}","templated":true}]}}