{"id":29904,"date":"2026-01-25T02:56:49","date_gmt":"2026-01-25T01:56:49","guid":{"rendered":"https:\/\/www.shami-shop.com\/?post_type=product&#038;p=29904"},"modified":"2026-01-25T04:19:29","modified_gmt":"2026-01-25T03:19:29","slug":"kimono-14","status":"publish","type":"product","link":"https:\/\/www.shami-shop.com\/de\/produkt\/kimono-14\/","title":{"rendered":"Blauer Kimono"},"content":{"rendered":"<p>Authentic Japanese silk kimono in stunning blue with gorgeous pattern. Dieses St\u00fcck ist vintage, aber in ausgezeichnetem Zustand.<\/p>\n<p>Dieser leuchtend blaue Kimono ist aus Seide gefertigt und hat ein strahlend wei\u00dfes Innenutter mit tief roten Akzenten an den S\u00e4umen, die einen tollen Kontrast zur Hauptfarbe bilden. Das Muster besteht aus stilisierten Papierstreifen, von denen jeder ein anderes grafisches Muster enth\u00e4lt: rot-wei\u00dfe Punkte (\u00e4hnlich wie Shibori), gr\u00fcne Wellen, Pfingstrosen auf dunklem goldgelbem Grund, stilisierte goldene Chrysanthemen und noch mehr Blumenmotive.<\/p>\n<p>Nimm dir Zeit, die Liebe zum Detail zu genie\u00dfen, die in das Design dieses Kimonos eingeflossen ist!<!-- notionvc: 6f4a9419-6d4d-4054-97c5-60bfac098753 --><\/p>\n<p><strong>Ma\u00dfe:<\/strong><\/p>\n<ul>\n<li>L\u00e4nge: 162cm<\/li>\n<li>Spannweite: 130cm<\/li>\n<li>\u00c4rmell\u00e4nge: 49cm<\/li>\n<\/ul>\n","protected":false},"excerpt":{"rendered":"<p><strong>Material:<\/strong> Seide<\/p>\n<p><strong>Hauptfarbe:<\/strong> Blau<\/p>\n<p><strong>Muster: <\/strong>Papier-Streifen mit Mustern<\/p>\n","protected":false},"featured_media":29905,"template":"","meta":{"_et_pb_use_builder":"","_et_pb_old_content":"","_et_gb_content_width":""},"product_brand":[],"product_cat":[491,496],"product_tag":[],"class_list":{"0":"post-29904","1":"product","2":"type-product","3":"status-publish","4":"has-post-thumbnail","6":"product_cat-kimono","7":"product_cat-vintage-kimono","8":"product_shipping_class-paket-m-2kg-de","10":"first","11":"instock","12":"shipping-taxable","13":"purchasable","14":"product-type-simple"},"yoast_head":"<!-- This site is optimized with the Yoast SEO plugin v26.9 - https:\/\/yoast.com\/product\/yoast-seo-wordpress\/ -->\n<title>Blauer Kimono - Shami-Shop<\/title>\n<meta name=\"description\" content=\"Sch\u00f6ner japanischer Kimono f\u00fcr M\u00e4nner. Vielseitig f\u00fcr einen entspannten Look und t\u00e4glichen Luxus. Versand direkt aus Berlin.\" \/>\n<meta name=\"robots\" content=\"index, follow, max-snippet:-1, max-image-preview:large, max-video-preview:-1\" \/>\n<link rel=\"canonical\" href=\"https:\/\/www.shami-shop.com\/de\/produkt\/kimono-14\/\" \/>\n<meta property=\"og:locale\" content=\"de_DE\" \/>\n<meta property=\"og:type\" content=\"article\" \/>\n<meta property=\"og:title\" content=\"Blauer Kimono - Shami-Shop\" \/>\n<meta property=\"og:description\" content=\"Sch\u00f6ner japanischer Kimono f\u00fcr M\u00e4nner. Vielseitig f\u00fcr einen entspannten Look und t\u00e4glichen Luxus. Versand direkt aus Berlin.\" \/>\n<meta property=\"og:url\" content=\"https:\/\/www.shami-shop.com\/de\/produkt\/kimono-14\/\" \/>\n<meta property=\"og:site_name\" content=\"Shami-Shop\" \/>\n<meta property=\"article:publisher\" content=\"https:\/\/www.facebook.com\/weloveshamisen\/\" \/>\n<meta property=\"article:modified_time\" content=\"2026-01-25T03:19:29+00:00\" \/>\n<meta property=\"og:image\" content=\"https:\/\/www.shami-shop.com\/wp-content\/uploads\/2025\/12\/K-014-back-open-scaled.jpg\" \/>\n\t<meta property=\"og:image:width\" content=\"2560\" \/>\n\t<meta property=\"og:image:height\" content=\"2560\" \/>\n\t<meta property=\"og:image:type\" content=\"image\/jpeg\" \/>\n<meta name=\"twitter:card\" content=\"summary_large_image\" \/>\n<meta name=\"twitter:label1\" content=\"Gesch\u00e4tzte Lesezeit\" \/>\n\t<meta name=\"twitter:data1\" content=\"1\u00a0Minute\" \/>\n<script type=\"application\/ld+json\" class=\"yoast-schema-graph\">{\"@context\":\"https:\/\/schema.org\",\"@graph\":[{\"@type\":[\"WebPage\",\"ItemPage\"],\"@id\":\"https:\/\/www.shami-shop.com\/de\/produkt\/kimono-14\/\",\"url\":\"https:\/\/www.shami-shop.com\/de\/produkt\/kimono-14\/\",\"name\":\"Blauer Kimono - Shami-Shop\",\"isPartOf\":{\"@id\":\"https:\/\/www.shami-shop.com\/de\/#website\"},\"primaryImageOfPage\":{\"@id\":\"https:\/\/www.shami-shop.com\/de\/produkt\/kimono-14\/#primaryimage\"},\"image\":{\"@id\":\"https:\/\/www.shami-shop.com\/de\/produkt\/kimono-14\/#primaryimage\"},\"thumbnailUrl\":\"https:\/\/www.shami-shop.com\/wp-content\/uploads\/2025\/12\/K-014-back-open-scaled.jpg\",\"datePublished\":\"2026-01-25T01:56:49+00:00\",\"dateModified\":\"2026-01-25T03:19:29+00:00\",\"description\":\"Sch\u00f6ner japanischer Kimono f\u00fcr M\u00e4nner. Vielseitig f\u00fcr einen entspannten Look und t\u00e4glichen Luxus. Versand direkt aus Berlin.\",\"breadcrumb\":{\"@id\":\"https:\/\/www.shami-shop.com\/de\/produkt\/kimono-14\/#breadcrumb\"},\"inLanguage\":\"de\",\"potentialAction\":[{\"@type\":\"ReadAction\",\"target\":[\"https:\/\/www.shami-shop.com\/de\/produkt\/kimono-14\/\"]}]},{\"@type\":\"ImageObject\",\"inLanguage\":\"de\",\"@id\":\"https:\/\/www.shami-shop.com\/de\/produkt\/kimono-14\/#primaryimage\",\"url\":\"https:\/\/www.shami-shop.com\/wp-content\/uploads\/2025\/12\/K-014-back-open-scaled.jpg\",\"contentUrl\":\"https:\/\/www.shami-shop.com\/wp-content\/uploads\/2025\/12\/K-014-back-open-scaled.jpg\",\"width\":2560,\"height\":2560},{\"@type\":\"BreadcrumbList\",\"@id\":\"https:\/\/www.shami-shop.com\/de\/produkt\/kimono-14\/#breadcrumb\",\"itemListElement\":[{\"@type\":\"ListItem\",\"position\":1,\"name\":\"Startseite\",\"item\":\"https:\/\/www.shami-shop.com\/de\/\"},{\"@type\":\"ListItem\",\"position\":2,\"name\":\"Shop\",\"item\":\"https:\/\/www.shami-shop.com\/de\/shop\/\"},{\"@type\":\"ListItem\",\"position\":3,\"name\":\"Blauer Kimono\"}]},{\"@type\":\"WebSite\",\"@id\":\"https:\/\/www.shami-shop.com\/de\/#website\",\"url\":\"https:\/\/www.shami-shop.com\/de\/\",\"name\":\"Shami-Shop\",\"description\":\"Alles f\u00fcr den Shamisen-Spieler.\",\"publisher\":{\"@id\":\"https:\/\/www.shami-shop.com\/de\/#organization\"},\"potentialAction\":[{\"@type\":\"SearchAction\",\"target\":{\"@type\":\"EntryPoint\",\"urlTemplate\":\"https:\/\/www.shami-shop.com\/de\/?s={search_term_string}\"},\"query-input\":{\"@type\":\"PropertyValueSpecification\",\"valueRequired\":true,\"valueName\":\"search_term_string\"}}],\"inLanguage\":\"de\"},{\"@type\":\"Organization\",\"@id\":\"https:\/\/www.shami-shop.com\/de\/#organization\",\"name\":\"Shami-Shop\",\"url\":\"https:\/\/www.shami-shop.com\/de\/\",\"logo\":{\"@type\":\"ImageObject\",\"inLanguage\":\"de\",\"@id\":\"https:\/\/www.shami-shop.com\/de\/#\/schema\/logo\/image\/\",\"url\":\"https:\/\/shami-shop.com\/wp-content\/uploads\/2021\/01\/Shami-Shop-Logo-1080.png\",\"contentUrl\":\"https:\/\/shami-shop.com\/wp-content\/uploads\/2021\/01\/Shami-Shop-Logo-1080.png\",\"width\":1080,\"height\":1080,\"caption\":\"Shami-Shop\"},\"image\":{\"@id\":\"https:\/\/www.shami-shop.com\/de\/#\/schema\/logo\/image\/\"},\"sameAs\":[\"https:\/\/www.facebook.com\/weloveshamisen\/\",\"https:\/\/www.instagram.com\/shamishop.europe\/\"]}]}<\/script>\n<!-- \/ Yoast SEO plugin. -->","yoast_head_json":{"title":"Blauer Kimono - Shami-Shop","description":"Sch\u00f6ner japanischer Kimono f\u00fcr M\u00e4nner. Vielseitig f\u00fcr einen entspannten Look und t\u00e4glichen Luxus. Versand direkt aus Berlin.","robots":{"index":"index","follow":"follow","max-snippet":"max-snippet:-1","max-image-preview":"max-image-preview:large","max-video-preview":"max-video-preview:-1"},"canonical":"https:\/\/www.shami-shop.com\/de\/produkt\/kimono-14\/","og_locale":"de_DE","og_type":"article","og_title":"Blauer Kimono - Shami-Shop","og_description":"Sch\u00f6ner japanischer Kimono f\u00fcr M\u00e4nner. Vielseitig f\u00fcr einen entspannten Look und t\u00e4glichen Luxus. Versand direkt aus Berlin.","og_url":"https:\/\/www.shami-shop.com\/de\/produkt\/kimono-14\/","og_site_name":"Shami-Shop","article_publisher":"https:\/\/www.facebook.com\/weloveshamisen\/","article_modified_time":"2026-01-25T03:19:29+00:00","og_image":[{"width":2560,"height":2560,"url":"https:\/\/www.shami-shop.com\/wp-content\/uploads\/2025\/12\/K-014-back-open-scaled.jpg","type":"image\/jpeg"}],"twitter_card":"summary_large_image","twitter_misc":{"Gesch\u00e4tzte Lesezeit":"1\u00a0Minute"},"schema":{"@context":"https:\/\/schema.org","@graph":[{"@type":["WebPage","ItemPage"],"@id":"https:\/\/www.shami-shop.com\/de\/produkt\/kimono-14\/","url":"https:\/\/www.shami-shop.com\/de\/produkt\/kimono-14\/","name":"Blauer Kimono - Shami-Shop","isPartOf":{"@id":"https:\/\/www.shami-shop.com\/de\/#website"},"primaryImageOfPage":{"@id":"https:\/\/www.shami-shop.com\/de\/produkt\/kimono-14\/#primaryimage"},"image":{"@id":"https:\/\/www.shami-shop.com\/de\/produkt\/kimono-14\/#primaryimage"},"thumbnailUrl":"https:\/\/www.shami-shop.com\/wp-content\/uploads\/2025\/12\/K-014-back-open-scaled.jpg","datePublished":"2026-01-25T01:56:49+00:00","dateModified":"2026-01-25T03:19:29+00:00","description":"Sch\u00f6ner japanischer Kimono f\u00fcr M\u00e4nner. Vielseitig f\u00fcr einen entspannten Look und t\u00e4glichen Luxus. Versand direkt aus Berlin.","breadcrumb":{"@id":"https:\/\/www.shami-shop.com\/de\/produkt\/kimono-14\/#breadcrumb"},"inLanguage":"de","potentialAction":[{"@type":"ReadAction","target":["https:\/\/www.shami-shop.com\/de\/produkt\/kimono-14\/"]}]},{"@type":"ImageObject","inLanguage":"de","@id":"https:\/\/www.shami-shop.com\/de\/produkt\/kimono-14\/#primaryimage","url":"https:\/\/www.shami-shop.com\/wp-content\/uploads\/2025\/12\/K-014-back-open-scaled.jpg","contentUrl":"https:\/\/www.shami-shop.com\/wp-content\/uploads\/2025\/12\/K-014-back-open-scaled.jpg","width":2560,"height":2560},{"@type":"BreadcrumbList","@id":"https:\/\/www.shami-shop.com\/de\/produkt\/kimono-14\/#breadcrumb","itemListElement":[{"@type":"ListItem","position":1,"name":"Startseite","item":"https:\/\/www.shami-shop.com\/de\/"},{"@type":"ListItem","position":2,"name":"Shop","item":"https:\/\/www.shami-shop.com\/de\/shop\/"},{"@type":"ListItem","position":3,"name":"Blauer Kimono"}]},{"@type":"WebSite","@id":"https:\/\/www.shami-shop.com\/de\/#website","url":"https:\/\/www.shami-shop.com\/de\/","name":"Shami-Shop","description":"Alles f\u00fcr den Shamisen-Spieler.","publisher":{"@id":"https:\/\/www.shami-shop.com\/de\/#organization"},"potentialAction":[{"@type":"SearchAction","target":{"@type":"EntryPoint","urlTemplate":"https:\/\/www.shami-shop.com\/de\/?s={search_term_string}"},"query-input":{"@type":"PropertyValueSpecification","valueRequired":true,"valueName":"search_term_string"}}],"inLanguage":"de"},{"@type":"Organization","@id":"https:\/\/www.shami-shop.com\/de\/#organization","name":"Shami-Shop","url":"https:\/\/www.shami-shop.com\/de\/","logo":{"@type":"ImageObject","inLanguage":"de","@id":"https:\/\/www.shami-shop.com\/de\/#\/schema\/logo\/image\/","url":"https:\/\/shami-shop.com\/wp-content\/uploads\/2021\/01\/Shami-Shop-Logo-1080.png","contentUrl":"https:\/\/shami-shop.com\/wp-content\/uploads\/2021\/01\/Shami-Shop-Logo-1080.png","width":1080,"height":1080,"caption":"Shami-Shop"},"image":{"@id":"https:\/\/www.shami-shop.com\/de\/#\/schema\/logo\/image\/"},"sameAs":["https:\/\/www.facebook.com\/weloveshamisen\/","https:\/\/www.instagram.com\/shamishop.europe\/"]}]}},"jetpack_sharing_enabled":true,"_links":{"self":[{"href":"https:\/\/www.shami-shop.com\/de\/wp-json\/wp\/v2\/product\/29904","targetHints":{"allow":["GET"]}}],"collection":[{"href":"https:\/\/www.shami-shop.com\/de\/wp-json\/wp\/v2\/product"}],"about":[{"href":"https:\/\/www.shami-shop.com\/de\/wp-json\/wp\/v2\/types\/product"}],"wp:featuredmedia":[{"embeddable":true,"href":"https:\/\/www.shami-shop.com\/de\/wp-json\/wp\/v2\/media\/29905"}],"wp:attachment":[{"href":"https:\/\/www.shami-shop.com\/de\/wp-json\/wp\/v2\/media?parent=29904"}],"wp:term":[{"taxonomy":"product_brand","embeddable":true,"href":"https:\/\/www.shami-shop.com\/de\/wp-json\/wp\/v2\/product_brand?post=29904"},{"taxonomy":"product_cat","embeddable":true,"href":"https:\/\/www.shami-shop.com\/de\/wp-json\/wp\/v2\/product_cat?post=29904"},{"taxonomy":"product_tag","embeddable":true,"href":"https:\/\/www.shami-shop.com\/de\/wp-json\/wp\/v2\/product_tag?post=29904"}],"curies":[{"name":"wp","href":"https:\/\/api.w.org\/{rel}","templated":true}]}}