{"id":29920,"date":"2026-01-25T03:14:33","date_gmt":"2026-01-25T02:14:33","guid":{"rendered":"https:\/\/www.shami-shop.com\/?post_type=product&#038;p=29920"},"modified":"2026-01-25T04:15:40","modified_gmt":"2026-01-25T03:15:40","slug":"kimono-06","status":"publish","type":"product","link":"https:\/\/www.shami-shop.com\/de\/produkt\/kimono-06\/","title":{"rendered":"Zartrosa Kimono"},"content":{"rendered":"<p>Authentischer japanischer Seidenkimono in mildem Rosa. Dieses St\u00fcck ist vintage, aber in ausgezeichnetem Zustand.<\/p>\n<p>Dieser wundersch\u00f6ne Kimono ist aus Seide gefertigt und hat ein wei\u00dfes Innenfutter. Der Hauptstoff besitzt eingewebte Muster \u2013 schau dir die Fotos genau an, dann entdeckst du kleine kieselartige Formen und Rechtecke, die an Eiskristalle erinnern, aber auch Wirbel und feine Sprenkel. Das Muster am Saum besteht aus schwungvollen Schwaden in dunklerem Rosa und sanftem Gelb. Dieser Kimono f\u00fchlt sich an wie eine leichte Brise und l\u00e4sst dich beim Tragen einfach wundersch\u00f6n f\u00fchlen. Das Muster vom Saum taucht in klein auch am Kragen nochmals auf \u2013 ein dezentes und sehr schickes Detail!<!-- notionvc: 6f4a9419-6d4d-4054-97c5-60bfac098753 --><\/p>\n<p><strong>Ma\u00dfe:<\/strong><\/p>\n<ul>\n<li>L\u00e4nge: 165cm<\/li>\n<li>Spannweite: 122cm<\/li>\n<li>\u00c4rmell\u00e4nge: 49cm<\/li>\n<\/ul>\n","protected":false},"excerpt":{"rendered":"<p><strong>Material:<\/strong> Seide<\/p>\n<p><strong>Hauptfarbe:<\/strong> Zartrosa<\/p>\n<p><strong>Muster: <\/strong>Schwaden<\/p>\n","protected":false},"featured_media":0,"template":"","meta":{"_et_pb_use_builder":"","_et_pb_old_content":"","_et_gb_content_width":""},"product_brand":[],"product_cat":[491,496],"product_tag":[],"class_list":{"0":"post-29920","1":"product","2":"type-product","3":"status-publish","5":"product_cat-kimono","6":"product_cat-vintage-kimono","7":"product_shipping_class-paket-m-2kg-de","9":"first","10":"instock","11":"shipping-taxable","12":"purchasable","13":"product-type-simple"},"yoast_head":"<!-- This site is optimized with the Yoast SEO plugin v26.9 - https:\/\/yoast.com\/product\/yoast-seo-wordpress\/ -->\n<title>Zartrosa Kimono - Shami-Shop<\/title>\n<meta name=\"description\" content=\"Sch\u00f6ner japanischer Kimono f\u00fcr M\u00e4nner. Vielseitig f\u00fcr einen entspannten Look und t\u00e4glichen Luxus. Versand direkt aus Berlin.\" \/>\n<meta name=\"robots\" content=\"index, follow, max-snippet:-1, max-image-preview:large, max-video-preview:-1\" \/>\n<link rel=\"canonical\" href=\"https:\/\/www.shami-shop.com\/de\/produkt\/kimono-06\/\" \/>\n<meta property=\"og:locale\" content=\"de_DE\" \/>\n<meta property=\"og:type\" content=\"article\" \/>\n<meta property=\"og:title\" content=\"Zartrosa Kimono - Shami-Shop\" \/>\n<meta property=\"og:description\" content=\"Sch\u00f6ner japanischer Kimono f\u00fcr M\u00e4nner. Vielseitig f\u00fcr einen entspannten Look und t\u00e4glichen Luxus. Versand direkt aus Berlin.\" \/>\n<meta property=\"og:url\" content=\"https:\/\/www.shami-shop.com\/de\/produkt\/kimono-06\/\" \/>\n<meta property=\"og:site_name\" content=\"Shami-Shop\" \/>\n<meta property=\"article:publisher\" content=\"https:\/\/www.facebook.com\/weloveshamisen\/\" \/>\n<meta property=\"article:modified_time\" content=\"2026-01-25T03:15:40+00:00\" \/>\n<meta property=\"og:image\" content=\"https:\/\/www.shami-shop.com\/wp-content\/uploads\/2026\/01\/K-006-back-open-scaled.jpg\" \/>\n\t<meta property=\"og:image:width\" content=\"2560\" \/>\n\t<meta property=\"og:image:height\" content=\"2560\" \/>\n\t<meta property=\"og:image:type\" content=\"image\/jpeg\" \/>\n<meta name=\"twitter:card\" content=\"summary_large_image\" \/>\n<meta name=\"twitter:label1\" content=\"Gesch\u00e4tzte Lesezeit\" \/>\n\t<meta name=\"twitter:data1\" content=\"1\u00a0Minute\" \/>\n<script type=\"application\/ld+json\" class=\"yoast-schema-graph\">{\"@context\":\"https:\/\/schema.org\",\"@graph\":[{\"@type\":[\"WebPage\",\"ItemPage\"],\"@id\":\"https:\/\/www.shami-shop.com\/de\/produkt\/kimono-06\/\",\"url\":\"https:\/\/www.shami-shop.com\/de\/produkt\/kimono-06\/\",\"name\":\"Zartrosa Kimono - Shami-Shop\",\"isPartOf\":{\"@id\":\"https:\/\/www.shami-shop.com\/de\/#website\"},\"datePublished\":\"2026-01-25T02:14:33+00:00\",\"dateModified\":\"2026-01-25T03:15:40+00:00\",\"description\":\"Sch\u00f6ner japanischer Kimono f\u00fcr M\u00e4nner. Vielseitig f\u00fcr einen entspannten Look und t\u00e4glichen Luxus. Versand direkt aus Berlin.\",\"breadcrumb\":{\"@id\":\"https:\/\/www.shami-shop.com\/de\/produkt\/kimono-06\/#breadcrumb\"},\"inLanguage\":\"de\",\"potentialAction\":[{\"@type\":\"ReadAction\",\"target\":[\"https:\/\/www.shami-shop.com\/de\/produkt\/kimono-06\/\"]}]},{\"@type\":\"BreadcrumbList\",\"@id\":\"https:\/\/www.shami-shop.com\/de\/produkt\/kimono-06\/#breadcrumb\",\"itemListElement\":[{\"@type\":\"ListItem\",\"position\":1,\"name\":\"Startseite\",\"item\":\"https:\/\/www.shami-shop.com\/de\/\"},{\"@type\":\"ListItem\",\"position\":2,\"name\":\"Shop\",\"item\":\"https:\/\/www.shami-shop.com\/de\/shop\/\"},{\"@type\":\"ListItem\",\"position\":3,\"name\":\"Zartrosa Kimono\"}]},{\"@type\":\"WebSite\",\"@id\":\"https:\/\/www.shami-shop.com\/de\/#website\",\"url\":\"https:\/\/www.shami-shop.com\/de\/\",\"name\":\"Shami-Shop\",\"description\":\"Alles f\u00fcr den Shamisen-Spieler.\",\"publisher\":{\"@id\":\"https:\/\/www.shami-shop.com\/de\/#organization\"},\"potentialAction\":[{\"@type\":\"SearchAction\",\"target\":{\"@type\":\"EntryPoint\",\"urlTemplate\":\"https:\/\/www.shami-shop.com\/de\/?s={search_term_string}\"},\"query-input\":{\"@type\":\"PropertyValueSpecification\",\"valueRequired\":true,\"valueName\":\"search_term_string\"}}],\"inLanguage\":\"de\"},{\"@type\":\"Organization\",\"@id\":\"https:\/\/www.shami-shop.com\/de\/#organization\",\"name\":\"Shami-Shop\",\"url\":\"https:\/\/www.shami-shop.com\/de\/\",\"logo\":{\"@type\":\"ImageObject\",\"inLanguage\":\"de\",\"@id\":\"https:\/\/www.shami-shop.com\/de\/#\/schema\/logo\/image\/\",\"url\":\"https:\/\/shami-shop.com\/wp-content\/uploads\/2021\/01\/Shami-Shop-Logo-1080.png\",\"contentUrl\":\"https:\/\/shami-shop.com\/wp-content\/uploads\/2021\/01\/Shami-Shop-Logo-1080.png\",\"width\":1080,\"height\":1080,\"caption\":\"Shami-Shop\"},\"image\":{\"@id\":\"https:\/\/www.shami-shop.com\/de\/#\/schema\/logo\/image\/\"},\"sameAs\":[\"https:\/\/www.facebook.com\/weloveshamisen\/\",\"https:\/\/www.instagram.com\/shamishop.europe\/\"]}]}<\/script>\n<!-- \/ Yoast SEO plugin. -->","yoast_head_json":{"title":"Zartrosa Kimono - Shami-Shop","description":"Sch\u00f6ner japanischer Kimono f\u00fcr M\u00e4nner. Vielseitig f\u00fcr einen entspannten Look und t\u00e4glichen Luxus. Versand direkt aus Berlin.","robots":{"index":"index","follow":"follow","max-snippet":"max-snippet:-1","max-image-preview":"max-image-preview:large","max-video-preview":"max-video-preview:-1"},"canonical":"https:\/\/www.shami-shop.com\/de\/produkt\/kimono-06\/","og_locale":"de_DE","og_type":"article","og_title":"Zartrosa Kimono - Shami-Shop","og_description":"Sch\u00f6ner japanischer Kimono f\u00fcr M\u00e4nner. Vielseitig f\u00fcr einen entspannten Look und t\u00e4glichen Luxus. Versand direkt aus Berlin.","og_url":"https:\/\/www.shami-shop.com\/de\/produkt\/kimono-06\/","og_site_name":"Shami-Shop","article_publisher":"https:\/\/www.facebook.com\/weloveshamisen\/","article_modified_time":"2026-01-25T03:15:40+00:00","og_image":[{"width":2560,"height":2560,"url":"https:\/\/www.shami-shop.com\/wp-content\/uploads\/2026\/01\/K-006-back-open-scaled.jpg","type":"image\/jpeg"}],"twitter_card":"summary_large_image","twitter_misc":{"Gesch\u00e4tzte Lesezeit":"1\u00a0Minute"},"schema":{"@context":"https:\/\/schema.org","@graph":[{"@type":["WebPage","ItemPage"],"@id":"https:\/\/www.shami-shop.com\/de\/produkt\/kimono-06\/","url":"https:\/\/www.shami-shop.com\/de\/produkt\/kimono-06\/","name":"Zartrosa Kimono - Shami-Shop","isPartOf":{"@id":"https:\/\/www.shami-shop.com\/de\/#website"},"datePublished":"2026-01-25T02:14:33+00:00","dateModified":"2026-01-25T03:15:40+00:00","description":"Sch\u00f6ner japanischer Kimono f\u00fcr M\u00e4nner. Vielseitig f\u00fcr einen entspannten Look und t\u00e4glichen Luxus. Versand direkt aus Berlin.","breadcrumb":{"@id":"https:\/\/www.shami-shop.com\/de\/produkt\/kimono-06\/#breadcrumb"},"inLanguage":"de","potentialAction":[{"@type":"ReadAction","target":["https:\/\/www.shami-shop.com\/de\/produkt\/kimono-06\/"]}]},{"@type":"BreadcrumbList","@id":"https:\/\/www.shami-shop.com\/de\/produkt\/kimono-06\/#breadcrumb","itemListElement":[{"@type":"ListItem","position":1,"name":"Startseite","item":"https:\/\/www.shami-shop.com\/de\/"},{"@type":"ListItem","position":2,"name":"Shop","item":"https:\/\/www.shami-shop.com\/de\/shop\/"},{"@type":"ListItem","position":3,"name":"Zartrosa Kimono"}]},{"@type":"WebSite","@id":"https:\/\/www.shami-shop.com\/de\/#website","url":"https:\/\/www.shami-shop.com\/de\/","name":"Shami-Shop","description":"Alles f\u00fcr den Shamisen-Spieler.","publisher":{"@id":"https:\/\/www.shami-shop.com\/de\/#organization"},"potentialAction":[{"@type":"SearchAction","target":{"@type":"EntryPoint","urlTemplate":"https:\/\/www.shami-shop.com\/de\/?s={search_term_string}"},"query-input":{"@type":"PropertyValueSpecification","valueRequired":true,"valueName":"search_term_string"}}],"inLanguage":"de"},{"@type":"Organization","@id":"https:\/\/www.shami-shop.com\/de\/#organization","name":"Shami-Shop","url":"https:\/\/www.shami-shop.com\/de\/","logo":{"@type":"ImageObject","inLanguage":"de","@id":"https:\/\/www.shami-shop.com\/de\/#\/schema\/logo\/image\/","url":"https:\/\/shami-shop.com\/wp-content\/uploads\/2021\/01\/Shami-Shop-Logo-1080.png","contentUrl":"https:\/\/shami-shop.com\/wp-content\/uploads\/2021\/01\/Shami-Shop-Logo-1080.png","width":1080,"height":1080,"caption":"Shami-Shop"},"image":{"@id":"https:\/\/www.shami-shop.com\/de\/#\/schema\/logo\/image\/"},"sameAs":["https:\/\/www.facebook.com\/weloveshamisen\/","https:\/\/www.instagram.com\/shamishop.europe\/"]}]}},"jetpack_sharing_enabled":true,"_links":{"self":[{"href":"https:\/\/www.shami-shop.com\/de\/wp-json\/wp\/v2\/product\/29920","targetHints":{"allow":["GET"]}}],"collection":[{"href":"https:\/\/www.shami-shop.com\/de\/wp-json\/wp\/v2\/product"}],"about":[{"href":"https:\/\/www.shami-shop.com\/de\/wp-json\/wp\/v2\/types\/product"}],"wp:attachment":[{"href":"https:\/\/www.shami-shop.com\/de\/wp-json\/wp\/v2\/media?parent=29920"}],"wp:term":[{"taxonomy":"product_brand","embeddable":true,"href":"https:\/\/www.shami-shop.com\/de\/wp-json\/wp\/v2\/product_brand?post=29920"},{"taxonomy":"product_cat","embeddable":true,"href":"https:\/\/www.shami-shop.com\/de\/wp-json\/wp\/v2\/product_cat?post=29920"},{"taxonomy":"product_tag","embeddable":true,"href":"https:\/\/www.shami-shop.com\/de\/wp-json\/wp\/v2\/product_tag?post=29920"}],"curies":[{"name":"wp","href":"https:\/\/api.w.org\/{rel}","templated":true}]}}