{"id":29984,"date":"2026-01-26T03:22:45","date_gmt":"2026-01-26T02:22:45","guid":{"rendered":"https:\/\/www.shami-shop.com\/product\/gigbag-schwarz\/"},"modified":"2026-01-26T03:25:08","modified_gmt":"2026-01-26T02:25:08","slug":"gigbag-schwarz","status":"publish","type":"product","link":"https:\/\/www.shami-shop.com\/de\/produkt\/gigbag-schwarz\/","title":{"rendered":"Gigbag | Schwarz"},"content":{"rendered":"<p data-pm-slice=\"1 1 []\">Dies ist eine einfache Shamisen-Gigbag. Eine sehr minimalistische und leichte Option zum Transportieren oder Verstauen Ihrer Shamisen. Passend f\u00fcr Hosozao und Chuuzao Instrumente. An der Vorderseite gibt es ein kleines Fach f\u00fcr Bachi und Zubeh\u00f6r.<\/p>\n<p data-pm-slice=\"1 1 []\">Diese Tasche hat kein Innenfutter. Sie sollten also besonders vorsichtig sein, wenn Sie mit dieser Option drau\u00dfen unterwegs sind. Durch das fehlende Innenfutter ist diese Tasche besonders leicht zu falten und zu verstauen, wenn sie nicht benutzt wird.<\/p>\n<p data-pm-slice=\"1 1 []\">Der Rei\u00dfverschluss verl\u00e4uft entlang der langen Seite und wird erg\u00e4nzt durch einen kleinen Gurt, mit dem man die Tasche von au\u00dfen um den Hals der Shamisen fixiert. Der Tragegriff ist auch sehr einfach gehalten.<\/p>\n","protected":false},"excerpt":{"rendered":"<p data-pm-slice=\"1 1 []\">gebrauchtes einfaches Softcase\/Gigbag f\u00fcr Shamisen<\/p>\n<p>Passend f\u00fcr Hosozao and Chuuzao Gr\u00f6\u00dfe.<\/p>\n<ul>\n<li>Farbe: schwarz<\/li>\n<li>ohne Innenfutter<\/li>\n<li>Rei\u00dfverschluss<\/li>\n<\/ul>\n","protected":false},"featured_media":28611,"template":"","meta":{"_et_pb_use_builder":"","_et_pb_old_content":"","_et_gb_content_width":""},"product_brand":[],"product_cat":[138,246],"product_tag":[],"class_list":{"0":"post-29984","1":"product","2":"type-product","3":"status-publish","4":"has-post-thumbnail","6":"product_cat-shamisenkoffer","7":"product_cat-softcases-de","8":"product_shipping_class-paket-m-2kg-de","10":"first","11":"instock","12":"shipping-taxable","13":"purchasable","14":"product-type-simple"},"yoast_head":"<!-- This site is optimized with the Yoast SEO plugin v26.9 - https:\/\/yoast.com\/product\/yoast-seo-wordpress\/ -->\n<title>Gigbag | Schwarz - Shami-Shop<\/title>\n<meta name=\"description\" content=\"Gebrauchtes einfaches Gigbag\/Softcase f\u00fcr Shamisen mit Rei\u00dfverschluss. Die preisg\u00fcnstigste Option. Leicht reisen mit faltbarem Gigbag.\" \/>\n<meta name=\"robots\" content=\"index, follow, max-snippet:-1, max-image-preview:large, max-video-preview:-1\" \/>\n<link rel=\"canonical\" href=\"https:\/\/www.shami-shop.com\/de\/produkt\/gigbag-schwarz\/\" \/>\n<meta property=\"og:locale\" content=\"de_DE\" \/>\n<meta property=\"og:type\" content=\"article\" \/>\n<meta property=\"og:title\" content=\"Gigbag | Schwarz - Shami-Shop\" \/>\n<meta property=\"og:description\" content=\"Gebrauchtes einfaches Gigbag\/Softcase f\u00fcr Shamisen mit Rei\u00dfverschluss. Die preisg\u00fcnstigste Option. Leicht reisen mit faltbarem Gigbag.\" \/>\n<meta property=\"og:url\" content=\"https:\/\/www.shami-shop.com\/de\/produkt\/gigbag-schwarz\/\" \/>\n<meta property=\"og:site_name\" content=\"Shami-Shop\" \/>\n<meta property=\"article:publisher\" content=\"https:\/\/www.facebook.com\/weloveshamisen\/\" \/>\n<meta property=\"article:modified_time\" content=\"2026-01-26T02:25:08+00:00\" \/>\n<meta property=\"og:image\" content=\"https:\/\/www.shami-shop.com\/wp-content\/uploads\/2025\/04\/GB-01-Gigbag-C-scaled.jpg\" \/>\n\t<meta property=\"og:image:width\" content=\"2560\" \/>\n\t<meta property=\"og:image:height\" content=\"1720\" \/>\n\t<meta property=\"og:image:type\" content=\"image\/jpeg\" \/>\n<meta name=\"twitter:card\" content=\"summary_large_image\" \/>\n<meta name=\"twitter:label1\" content=\"Gesch\u00e4tzte Lesezeit\" \/>\n\t<meta name=\"twitter:data1\" content=\"1\u00a0Minute\" \/>\n<script type=\"application\/ld+json\" class=\"yoast-schema-graph\">{\"@context\":\"https:\/\/schema.org\",\"@graph\":[{\"@type\":[\"WebPage\",\"ItemPage\"],\"@id\":\"https:\/\/www.shami-shop.com\/de\/produkt\/gigbag-schwarz\/\",\"url\":\"https:\/\/www.shami-shop.com\/de\/produkt\/gigbag-schwarz\/\",\"name\":\"Gigbag | Schwarz - Shami-Shop\",\"isPartOf\":{\"@id\":\"https:\/\/www.shami-shop.com\/de\/#website\"},\"primaryImageOfPage\":{\"@id\":\"https:\/\/www.shami-shop.com\/de\/produkt\/gigbag-schwarz\/#primaryimage\"},\"image\":{\"@id\":\"https:\/\/www.shami-shop.com\/de\/produkt\/gigbag-schwarz\/#primaryimage\"},\"thumbnailUrl\":\"https:\/\/www.shami-shop.com\/wp-content\/uploads\/2025\/04\/GB-01-Gigbag-C-scaled.jpg\",\"datePublished\":\"2026-01-26T02:22:45+00:00\",\"dateModified\":\"2026-01-26T02:25:08+00:00\",\"description\":\"Gebrauchtes einfaches Gigbag\/Softcase f\u00fcr Shamisen mit Rei\u00dfverschluss. Die preisg\u00fcnstigste Option. Leicht reisen mit faltbarem Gigbag.\",\"breadcrumb\":{\"@id\":\"https:\/\/www.shami-shop.com\/de\/produkt\/gigbag-schwarz\/#breadcrumb\"},\"inLanguage\":\"de\",\"potentialAction\":[{\"@type\":\"ReadAction\",\"target\":[\"https:\/\/www.shami-shop.com\/de\/produkt\/gigbag-schwarz\/\"]}]},{\"@type\":\"ImageObject\",\"inLanguage\":\"de\",\"@id\":\"https:\/\/www.shami-shop.com\/de\/produkt\/gigbag-schwarz\/#primaryimage\",\"url\":\"https:\/\/www.shami-shop.com\/wp-content\/uploads\/2025\/04\/GB-01-Gigbag-C-scaled.jpg\",\"contentUrl\":\"https:\/\/www.shami-shop.com\/wp-content\/uploads\/2025\/04\/GB-01-Gigbag-C-scaled.jpg\",\"width\":2560,\"height\":1720},{\"@type\":\"BreadcrumbList\",\"@id\":\"https:\/\/www.shami-shop.com\/de\/produkt\/gigbag-schwarz\/#breadcrumb\",\"itemListElement\":[{\"@type\":\"ListItem\",\"position\":1,\"name\":\"Startseite\",\"item\":\"https:\/\/www.shami-shop.com\/de\/\"},{\"@type\":\"ListItem\",\"position\":2,\"name\":\"Shop\",\"item\":\"https:\/\/www.shami-shop.com\/de\/shop\/\"},{\"@type\":\"ListItem\",\"position\":3,\"name\":\"Gigbag | Schwarz\"}]},{\"@type\":\"WebSite\",\"@id\":\"https:\/\/www.shami-shop.com\/de\/#website\",\"url\":\"https:\/\/www.shami-shop.com\/de\/\",\"name\":\"Shami-Shop\",\"description\":\"Alles f\u00fcr den Shamisen-Spieler.\",\"publisher\":{\"@id\":\"https:\/\/www.shami-shop.com\/de\/#organization\"},\"potentialAction\":[{\"@type\":\"SearchAction\",\"target\":{\"@type\":\"EntryPoint\",\"urlTemplate\":\"https:\/\/www.shami-shop.com\/de\/?s={search_term_string}\"},\"query-input\":{\"@type\":\"PropertyValueSpecification\",\"valueRequired\":true,\"valueName\":\"search_term_string\"}}],\"inLanguage\":\"de\"},{\"@type\":\"Organization\",\"@id\":\"https:\/\/www.shami-shop.com\/de\/#organization\",\"name\":\"Shami-Shop\",\"url\":\"https:\/\/www.shami-shop.com\/de\/\",\"logo\":{\"@type\":\"ImageObject\",\"inLanguage\":\"de\",\"@id\":\"https:\/\/www.shami-shop.com\/de\/#\/schema\/logo\/image\/\",\"url\":\"https:\/\/shami-shop.com\/wp-content\/uploads\/2021\/01\/Shami-Shop-Logo-1080.png\",\"contentUrl\":\"https:\/\/shami-shop.com\/wp-content\/uploads\/2021\/01\/Shami-Shop-Logo-1080.png\",\"width\":1080,\"height\":1080,\"caption\":\"Shami-Shop\"},\"image\":{\"@id\":\"https:\/\/www.shami-shop.com\/de\/#\/schema\/logo\/image\/\"},\"sameAs\":[\"https:\/\/www.facebook.com\/weloveshamisen\/\",\"https:\/\/www.instagram.com\/shamishop.europe\/\"]}]}<\/script>\n<!-- \/ Yoast SEO plugin. -->","yoast_head_json":{"title":"Gigbag | Schwarz - Shami-Shop","description":"Gebrauchtes einfaches Gigbag\/Softcase f\u00fcr Shamisen mit Rei\u00dfverschluss. Die preisg\u00fcnstigste Option. Leicht reisen mit faltbarem Gigbag.","robots":{"index":"index","follow":"follow","max-snippet":"max-snippet:-1","max-image-preview":"max-image-preview:large","max-video-preview":"max-video-preview:-1"},"canonical":"https:\/\/www.shami-shop.com\/de\/produkt\/gigbag-schwarz\/","og_locale":"de_DE","og_type":"article","og_title":"Gigbag | Schwarz - Shami-Shop","og_description":"Gebrauchtes einfaches Gigbag\/Softcase f\u00fcr Shamisen mit Rei\u00dfverschluss. Die preisg\u00fcnstigste Option. Leicht reisen mit faltbarem Gigbag.","og_url":"https:\/\/www.shami-shop.com\/de\/produkt\/gigbag-schwarz\/","og_site_name":"Shami-Shop","article_publisher":"https:\/\/www.facebook.com\/weloveshamisen\/","article_modified_time":"2026-01-26T02:25:08+00:00","og_image":[{"width":2560,"height":1720,"url":"https:\/\/www.shami-shop.com\/wp-content\/uploads\/2025\/04\/GB-01-Gigbag-C-scaled.jpg","type":"image\/jpeg"}],"twitter_card":"summary_large_image","twitter_misc":{"Gesch\u00e4tzte Lesezeit":"1\u00a0Minute"},"schema":{"@context":"https:\/\/schema.org","@graph":[{"@type":["WebPage","ItemPage"],"@id":"https:\/\/www.shami-shop.com\/de\/produkt\/gigbag-schwarz\/","url":"https:\/\/www.shami-shop.com\/de\/produkt\/gigbag-schwarz\/","name":"Gigbag | Schwarz - Shami-Shop","isPartOf":{"@id":"https:\/\/www.shami-shop.com\/de\/#website"},"primaryImageOfPage":{"@id":"https:\/\/www.shami-shop.com\/de\/produkt\/gigbag-schwarz\/#primaryimage"},"image":{"@id":"https:\/\/www.shami-shop.com\/de\/produkt\/gigbag-schwarz\/#primaryimage"},"thumbnailUrl":"https:\/\/www.shami-shop.com\/wp-content\/uploads\/2025\/04\/GB-01-Gigbag-C-scaled.jpg","datePublished":"2026-01-26T02:22:45+00:00","dateModified":"2026-01-26T02:25:08+00:00","description":"Gebrauchtes einfaches Gigbag\/Softcase f\u00fcr Shamisen mit Rei\u00dfverschluss. Die preisg\u00fcnstigste Option. Leicht reisen mit faltbarem Gigbag.","breadcrumb":{"@id":"https:\/\/www.shami-shop.com\/de\/produkt\/gigbag-schwarz\/#breadcrumb"},"inLanguage":"de","potentialAction":[{"@type":"ReadAction","target":["https:\/\/www.shami-shop.com\/de\/produkt\/gigbag-schwarz\/"]}]},{"@type":"ImageObject","inLanguage":"de","@id":"https:\/\/www.shami-shop.com\/de\/produkt\/gigbag-schwarz\/#primaryimage","url":"https:\/\/www.shami-shop.com\/wp-content\/uploads\/2025\/04\/GB-01-Gigbag-C-scaled.jpg","contentUrl":"https:\/\/www.shami-shop.com\/wp-content\/uploads\/2025\/04\/GB-01-Gigbag-C-scaled.jpg","width":2560,"height":1720},{"@type":"BreadcrumbList","@id":"https:\/\/www.shami-shop.com\/de\/produkt\/gigbag-schwarz\/#breadcrumb","itemListElement":[{"@type":"ListItem","position":1,"name":"Startseite","item":"https:\/\/www.shami-shop.com\/de\/"},{"@type":"ListItem","position":2,"name":"Shop","item":"https:\/\/www.shami-shop.com\/de\/shop\/"},{"@type":"ListItem","position":3,"name":"Gigbag | Schwarz"}]},{"@type":"WebSite","@id":"https:\/\/www.shami-shop.com\/de\/#website","url":"https:\/\/www.shami-shop.com\/de\/","name":"Shami-Shop","description":"Alles f\u00fcr den Shamisen-Spieler.","publisher":{"@id":"https:\/\/www.shami-shop.com\/de\/#organization"},"potentialAction":[{"@type":"SearchAction","target":{"@type":"EntryPoint","urlTemplate":"https:\/\/www.shami-shop.com\/de\/?s={search_term_string}"},"query-input":{"@type":"PropertyValueSpecification","valueRequired":true,"valueName":"search_term_string"}}],"inLanguage":"de"},{"@type":"Organization","@id":"https:\/\/www.shami-shop.com\/de\/#organization","name":"Shami-Shop","url":"https:\/\/www.shami-shop.com\/de\/","logo":{"@type":"ImageObject","inLanguage":"de","@id":"https:\/\/www.shami-shop.com\/de\/#\/schema\/logo\/image\/","url":"https:\/\/shami-shop.com\/wp-content\/uploads\/2021\/01\/Shami-Shop-Logo-1080.png","contentUrl":"https:\/\/shami-shop.com\/wp-content\/uploads\/2021\/01\/Shami-Shop-Logo-1080.png","width":1080,"height":1080,"caption":"Shami-Shop"},"image":{"@id":"https:\/\/www.shami-shop.com\/de\/#\/schema\/logo\/image\/"},"sameAs":["https:\/\/www.facebook.com\/weloveshamisen\/","https:\/\/www.instagram.com\/shamishop.europe\/"]}]}},"jetpack_sharing_enabled":true,"_links":{"self":[{"href":"https:\/\/www.shami-shop.com\/de\/wp-json\/wp\/v2\/product\/29984","targetHints":{"allow":["GET"]}}],"collection":[{"href":"https:\/\/www.shami-shop.com\/de\/wp-json\/wp\/v2\/product"}],"about":[{"href":"https:\/\/www.shami-shop.com\/de\/wp-json\/wp\/v2\/types\/product"}],"wp:featuredmedia":[{"embeddable":true,"href":"https:\/\/www.shami-shop.com\/de\/wp-json\/wp\/v2\/media\/28611"}],"wp:attachment":[{"href":"https:\/\/www.shami-shop.com\/de\/wp-json\/wp\/v2\/media?parent=29984"}],"wp:term":[{"taxonomy":"product_brand","embeddable":true,"href":"https:\/\/www.shami-shop.com\/de\/wp-json\/wp\/v2\/product_brand?post=29984"},{"taxonomy":"product_cat","embeddable":true,"href":"https:\/\/www.shami-shop.com\/de\/wp-json\/wp\/v2\/product_cat?post=29984"},{"taxonomy":"product_tag","embeddable":true,"href":"https:\/\/www.shami-shop.com\/de\/wp-json\/wp\/v2\/product_tag?post=29984"}],"curies":[{"name":"wp","href":"https:\/\/api.w.org\/{rel}","templated":true}]}}