{"id":29986,"date":"2026-01-26T03:29:56","date_gmt":"2026-01-26T02:29:56","guid":{"rendered":"https:\/\/www.shami-shop.com\/product\/gigbag-blau\/"},"modified":"2026-01-26T03:34:50","modified_gmt":"2026-01-26T02:34:50","slug":"gigbag-blau","status":"publish","type":"product","link":"https:\/\/www.shami-shop.com\/de\/produkt\/gigbag-blau\/","title":{"rendered":"Gigbag | blau"},"content":{"rendered":"<p data-pm-slice=\"1 1 []\">Dies ist eine einfache Shamisen-Gigbag. Eine sehr minimalistische und leichte Option zum Transportieren oder Verstauen Ihrer Shamisen. Geeignet f\u00fcr Instrumente in Hosozao- und Ch\u016bzao-Gr\u00f6\u00dfe. Auf der Vorderseite gibt es ein kleines Fach f\u00fcr Bachi und Zubeh\u00f6r.<\/p>\n<p data-pm-slice=\"1 1 []\">Im Inneren befindet sich eine leichte Polsterung, dennoch solltest du bei dieser Art von Softcase vorsichtiger sein als bei einem Hardcase.<\/p>\n<p data-pm-slice=\"1 1 []\">Der Rei\u00dfverschluss verl\u00e4uft entlang der langen Seite und wird erg\u00e4nzt durch einen kleinen Gurt, mit dem man die Tasche von au\u00dfen um den Hals der Shamisen fixiert. Der Tragegriff ist auch sehr einfach gehalten.<\/p>\n","protected":false},"excerpt":{"rendered":"<p data-pm-slice=\"1 1 []\">gebrauchtes einfaches Softcase\/Gigbag f\u00fcr Shamisen<\/p>\n<p>Passend f\u00fcr Hosozao und Chuuzao Instrumente.<\/p>\n<ul>\n<li>Farbe: blau<\/li>\n<li>mit Futter<\/li>\n<li>Rei\u00dfverschluss<\/li>\n<\/ul>\n","protected":false},"featured_media":28627,"template":"","meta":{"_et_pb_use_builder":"","_et_pb_old_content":"","_et_gb_content_width":""},"product_brand":[],"product_cat":[138,246],"product_tag":[],"class_list":{"0":"post-29986","1":"product","2":"type-product","3":"status-publish","4":"has-post-thumbnail","6":"product_cat-shamisenkoffer","7":"product_cat-softcases-de","8":"product_shipping_class-paket-m-2kg-de","10":"first","11":"instock","12":"shipping-taxable","13":"purchasable","14":"product-type-simple"},"yoast_head":"<!-- This site is optimized with the Yoast SEO plugin v26.9 - https:\/\/yoast.com\/product\/yoast-seo-wordpress\/ -->\n<title>Gigbag | blau - Shami-Shop<\/title>\n<meta name=\"description\" content=\"Gebrauchtes einfaches Gigbag\/Softcase f\u00fcr Shamisen mit Rei\u00dfverschluss. Die preisg\u00fcnstigste Option. Leicht reisen mit faltbarem Gigbag.\" \/>\n<meta name=\"robots\" content=\"index, follow, max-snippet:-1, max-image-preview:large, max-video-preview:-1\" \/>\n<link rel=\"canonical\" href=\"https:\/\/www.shami-shop.com\/de\/produkt\/gigbag-blau\/\" \/>\n<meta property=\"og:locale\" content=\"de_DE\" \/>\n<meta property=\"og:type\" content=\"article\" \/>\n<meta property=\"og:title\" content=\"Gigbag | blau - Shami-Shop\" \/>\n<meta property=\"og:description\" content=\"Gebrauchtes einfaches Gigbag\/Softcase f\u00fcr Shamisen mit Rei\u00dfverschluss. Die preisg\u00fcnstigste Option. Leicht reisen mit faltbarem Gigbag.\" \/>\n<meta property=\"og:url\" content=\"https:\/\/www.shami-shop.com\/de\/produkt\/gigbag-blau\/\" \/>\n<meta property=\"og:site_name\" content=\"Shami-Shop\" \/>\n<meta property=\"article:publisher\" content=\"https:\/\/www.facebook.com\/weloveshamisen\/\" \/>\n<meta property=\"article:modified_time\" content=\"2026-01-26T02:34:50+00:00\" \/>\n<meta property=\"og:image\" content=\"https:\/\/www.shami-shop.com\/wp-content\/uploads\/2025\/04\/GB-03-Gigbag-A-scaled.jpg\" \/>\n\t<meta property=\"og:image:width\" content=\"2560\" \/>\n\t<meta property=\"og:image:height\" content=\"1188\" \/>\n\t<meta property=\"og:image:type\" content=\"image\/jpeg\" \/>\n<meta name=\"twitter:card\" content=\"summary_large_image\" \/>\n<meta name=\"twitter:label1\" content=\"Gesch\u00e4tzte Lesezeit\" \/>\n\t<meta name=\"twitter:data1\" content=\"1\u00a0Minute\" \/>\n<script type=\"application\/ld+json\" class=\"yoast-schema-graph\">{\"@context\":\"https:\/\/schema.org\",\"@graph\":[{\"@type\":[\"WebPage\",\"ItemPage\"],\"@id\":\"https:\/\/www.shami-shop.com\/de\/produkt\/gigbag-blau\/\",\"url\":\"https:\/\/www.shami-shop.com\/de\/produkt\/gigbag-blau\/\",\"name\":\"Gigbag | blau - Shami-Shop\",\"isPartOf\":{\"@id\":\"https:\/\/www.shami-shop.com\/de\/#website\"},\"primaryImageOfPage\":{\"@id\":\"https:\/\/www.shami-shop.com\/de\/produkt\/gigbag-blau\/#primaryimage\"},\"image\":{\"@id\":\"https:\/\/www.shami-shop.com\/de\/produkt\/gigbag-blau\/#primaryimage\"},\"thumbnailUrl\":\"https:\/\/www.shami-shop.com\/wp-content\/uploads\/2025\/04\/GB-03-Gigbag-A-scaled.jpg\",\"datePublished\":\"2026-01-26T02:29:56+00:00\",\"dateModified\":\"2026-01-26T02:34:50+00:00\",\"description\":\"Gebrauchtes einfaches Gigbag\/Softcase f\u00fcr Shamisen mit Rei\u00dfverschluss. Die preisg\u00fcnstigste Option. Leicht reisen mit faltbarem Gigbag.\",\"breadcrumb\":{\"@id\":\"https:\/\/www.shami-shop.com\/de\/produkt\/gigbag-blau\/#breadcrumb\"},\"inLanguage\":\"de\",\"potentialAction\":[{\"@type\":\"ReadAction\",\"target\":[\"https:\/\/www.shami-shop.com\/de\/produkt\/gigbag-blau\/\"]}]},{\"@type\":\"ImageObject\",\"inLanguage\":\"de\",\"@id\":\"https:\/\/www.shami-shop.com\/de\/produkt\/gigbag-blau\/#primaryimage\",\"url\":\"https:\/\/www.shami-shop.com\/wp-content\/uploads\/2025\/04\/GB-03-Gigbag-A-scaled.jpg\",\"contentUrl\":\"https:\/\/www.shami-shop.com\/wp-content\/uploads\/2025\/04\/GB-03-Gigbag-A-scaled.jpg\",\"width\":2560,\"height\":1188},{\"@type\":\"BreadcrumbList\",\"@id\":\"https:\/\/www.shami-shop.com\/de\/produkt\/gigbag-blau\/#breadcrumb\",\"itemListElement\":[{\"@type\":\"ListItem\",\"position\":1,\"name\":\"Startseite\",\"item\":\"https:\/\/www.shami-shop.com\/de\/\"},{\"@type\":\"ListItem\",\"position\":2,\"name\":\"Shop\",\"item\":\"https:\/\/www.shami-shop.com\/de\/shop\/\"},{\"@type\":\"ListItem\",\"position\":3,\"name\":\"Gigbag | blau\"}]},{\"@type\":\"WebSite\",\"@id\":\"https:\/\/www.shami-shop.com\/de\/#website\",\"url\":\"https:\/\/www.shami-shop.com\/de\/\",\"name\":\"Shami-Shop\",\"description\":\"Alles f\u00fcr den Shamisen-Spieler.\",\"publisher\":{\"@id\":\"https:\/\/www.shami-shop.com\/de\/#organization\"},\"potentialAction\":[{\"@type\":\"SearchAction\",\"target\":{\"@type\":\"EntryPoint\",\"urlTemplate\":\"https:\/\/www.shami-shop.com\/de\/?s={search_term_string}\"},\"query-input\":{\"@type\":\"PropertyValueSpecification\",\"valueRequired\":true,\"valueName\":\"search_term_string\"}}],\"inLanguage\":\"de\"},{\"@type\":\"Organization\",\"@id\":\"https:\/\/www.shami-shop.com\/de\/#organization\",\"name\":\"Shami-Shop\",\"url\":\"https:\/\/www.shami-shop.com\/de\/\",\"logo\":{\"@type\":\"ImageObject\",\"inLanguage\":\"de\",\"@id\":\"https:\/\/www.shami-shop.com\/de\/#\/schema\/logo\/image\/\",\"url\":\"https:\/\/shami-shop.com\/wp-content\/uploads\/2021\/01\/Shami-Shop-Logo-1080.png\",\"contentUrl\":\"https:\/\/shami-shop.com\/wp-content\/uploads\/2021\/01\/Shami-Shop-Logo-1080.png\",\"width\":1080,\"height\":1080,\"caption\":\"Shami-Shop\"},\"image\":{\"@id\":\"https:\/\/www.shami-shop.com\/de\/#\/schema\/logo\/image\/\"},\"sameAs\":[\"https:\/\/www.facebook.com\/weloveshamisen\/\",\"https:\/\/www.instagram.com\/shamishop.europe\/\"]}]}<\/script>\n<!-- \/ Yoast SEO plugin. -->","yoast_head_json":{"title":"Gigbag | blau - Shami-Shop","description":"Gebrauchtes einfaches Gigbag\/Softcase f\u00fcr Shamisen mit Rei\u00dfverschluss. Die preisg\u00fcnstigste Option. Leicht reisen mit faltbarem Gigbag.","robots":{"index":"index","follow":"follow","max-snippet":"max-snippet:-1","max-image-preview":"max-image-preview:large","max-video-preview":"max-video-preview:-1"},"canonical":"https:\/\/www.shami-shop.com\/de\/produkt\/gigbag-blau\/","og_locale":"de_DE","og_type":"article","og_title":"Gigbag | blau - Shami-Shop","og_description":"Gebrauchtes einfaches Gigbag\/Softcase f\u00fcr Shamisen mit Rei\u00dfverschluss. Die preisg\u00fcnstigste Option. Leicht reisen mit faltbarem Gigbag.","og_url":"https:\/\/www.shami-shop.com\/de\/produkt\/gigbag-blau\/","og_site_name":"Shami-Shop","article_publisher":"https:\/\/www.facebook.com\/weloveshamisen\/","article_modified_time":"2026-01-26T02:34:50+00:00","og_image":[{"width":2560,"height":1188,"url":"https:\/\/www.shami-shop.com\/wp-content\/uploads\/2025\/04\/GB-03-Gigbag-A-scaled.jpg","type":"image\/jpeg"}],"twitter_card":"summary_large_image","twitter_misc":{"Gesch\u00e4tzte Lesezeit":"1\u00a0Minute"},"schema":{"@context":"https:\/\/schema.org","@graph":[{"@type":["WebPage","ItemPage"],"@id":"https:\/\/www.shami-shop.com\/de\/produkt\/gigbag-blau\/","url":"https:\/\/www.shami-shop.com\/de\/produkt\/gigbag-blau\/","name":"Gigbag | blau - Shami-Shop","isPartOf":{"@id":"https:\/\/www.shami-shop.com\/de\/#website"},"primaryImageOfPage":{"@id":"https:\/\/www.shami-shop.com\/de\/produkt\/gigbag-blau\/#primaryimage"},"image":{"@id":"https:\/\/www.shami-shop.com\/de\/produkt\/gigbag-blau\/#primaryimage"},"thumbnailUrl":"https:\/\/www.shami-shop.com\/wp-content\/uploads\/2025\/04\/GB-03-Gigbag-A-scaled.jpg","datePublished":"2026-01-26T02:29:56+00:00","dateModified":"2026-01-26T02:34:50+00:00","description":"Gebrauchtes einfaches Gigbag\/Softcase f\u00fcr Shamisen mit Rei\u00dfverschluss. Die preisg\u00fcnstigste Option. Leicht reisen mit faltbarem Gigbag.","breadcrumb":{"@id":"https:\/\/www.shami-shop.com\/de\/produkt\/gigbag-blau\/#breadcrumb"},"inLanguage":"de","potentialAction":[{"@type":"ReadAction","target":["https:\/\/www.shami-shop.com\/de\/produkt\/gigbag-blau\/"]}]},{"@type":"ImageObject","inLanguage":"de","@id":"https:\/\/www.shami-shop.com\/de\/produkt\/gigbag-blau\/#primaryimage","url":"https:\/\/www.shami-shop.com\/wp-content\/uploads\/2025\/04\/GB-03-Gigbag-A-scaled.jpg","contentUrl":"https:\/\/www.shami-shop.com\/wp-content\/uploads\/2025\/04\/GB-03-Gigbag-A-scaled.jpg","width":2560,"height":1188},{"@type":"BreadcrumbList","@id":"https:\/\/www.shami-shop.com\/de\/produkt\/gigbag-blau\/#breadcrumb","itemListElement":[{"@type":"ListItem","position":1,"name":"Startseite","item":"https:\/\/www.shami-shop.com\/de\/"},{"@type":"ListItem","position":2,"name":"Shop","item":"https:\/\/www.shami-shop.com\/de\/shop\/"},{"@type":"ListItem","position":3,"name":"Gigbag | blau"}]},{"@type":"WebSite","@id":"https:\/\/www.shami-shop.com\/de\/#website","url":"https:\/\/www.shami-shop.com\/de\/","name":"Shami-Shop","description":"Alles f\u00fcr den Shamisen-Spieler.","publisher":{"@id":"https:\/\/www.shami-shop.com\/de\/#organization"},"potentialAction":[{"@type":"SearchAction","target":{"@type":"EntryPoint","urlTemplate":"https:\/\/www.shami-shop.com\/de\/?s={search_term_string}"},"query-input":{"@type":"PropertyValueSpecification","valueRequired":true,"valueName":"search_term_string"}}],"inLanguage":"de"},{"@type":"Organization","@id":"https:\/\/www.shami-shop.com\/de\/#organization","name":"Shami-Shop","url":"https:\/\/www.shami-shop.com\/de\/","logo":{"@type":"ImageObject","inLanguage":"de","@id":"https:\/\/www.shami-shop.com\/de\/#\/schema\/logo\/image\/","url":"https:\/\/shami-shop.com\/wp-content\/uploads\/2021\/01\/Shami-Shop-Logo-1080.png","contentUrl":"https:\/\/shami-shop.com\/wp-content\/uploads\/2021\/01\/Shami-Shop-Logo-1080.png","width":1080,"height":1080,"caption":"Shami-Shop"},"image":{"@id":"https:\/\/www.shami-shop.com\/de\/#\/schema\/logo\/image\/"},"sameAs":["https:\/\/www.facebook.com\/weloveshamisen\/","https:\/\/www.instagram.com\/shamishop.europe\/"]}]}},"jetpack_sharing_enabled":true,"_links":{"self":[{"href":"https:\/\/www.shami-shop.com\/de\/wp-json\/wp\/v2\/product\/29986","targetHints":{"allow":["GET"]}}],"collection":[{"href":"https:\/\/www.shami-shop.com\/de\/wp-json\/wp\/v2\/product"}],"about":[{"href":"https:\/\/www.shami-shop.com\/de\/wp-json\/wp\/v2\/types\/product"}],"wp:featuredmedia":[{"embeddable":true,"href":"https:\/\/www.shami-shop.com\/de\/wp-json\/wp\/v2\/media\/28627"}],"wp:attachment":[{"href":"https:\/\/www.shami-shop.com\/de\/wp-json\/wp\/v2\/media?parent=29986"}],"wp:term":[{"taxonomy":"product_brand","embeddable":true,"href":"https:\/\/www.shami-shop.com\/de\/wp-json\/wp\/v2\/product_brand?post=29986"},{"taxonomy":"product_cat","embeddable":true,"href":"https:\/\/www.shami-shop.com\/de\/wp-json\/wp\/v2\/product_cat?post=29986"},{"taxonomy":"product_tag","embeddable":true,"href":"https:\/\/www.shami-shop.com\/de\/wp-json\/wp\/v2\/product_tag?post=29986"}],"curies":[{"name":"wp","href":"https:\/\/api.w.org\/{rel}","templated":true}]}}