{"id":29991,"date":"2026-01-26T04:29:27","date_gmt":"2026-01-26T03:29:27","guid":{"rendered":"https:\/\/www.shami-shop.com\/product\/tsugaru-longcase-super-deluxe-mit-reissverschluss\/"},"modified":"2026-01-26T04:34:00","modified_gmt":"2026-01-26T03:34:00","slug":"tsugaru-longcase-super-deluxe-mit-reissverschluss","status":"publish","type":"product","link":"https:\/\/www.shami-shop.com\/de\/produkt\/tsugaru-longcase-super-deluxe-mit-reissverschluss\/","title":{"rendered":"Tsugaru Longcase | Super Deluxe mit Rei\u00dfverschluss"},"content":{"rendered":"<p data-pm-slice=\"1 1 []\">Dies ist ein absolutes Super-Deluxe-Premium-Longcase f\u00fcr Tsugaru-Shamisen. Die Gr\u00f6\u00dfe ist gedacht f\u00fcr Futozao \/ Tsugaru Shamisen, aber nat\u00fcrlich passen auch kleinere Modelle in den Koffer. Es handelt sich um ein seltenes Modell von au\u00dfergew\u00f6hnlicher Qualit\u00e4t. Das extrem luxuri\u00f6se rote Samt-Innenfutter ist ein echter Hingucker, und rund um den Korpus (seitlich, oben und unten) gibt es eine extra Polsterung \u2013 rundum bestens gebettet. Au\u00dferdem verf\u00fcgt der Koffer \u00fcber ein besonder ger\u00e4umiges Fach f\u00fcr Noten, Bachi, Zubeh\u00f6r und vieles mehr. Die goldenen Details und die durchdachten Extras, wie Standf\u00fc\u00dfe an der Unterseite, heben diesesn Koffer deutlich von anderen ab. Wenn du dein Shamisen wie die K\u00f6nigin behandeln m\u00f6chtest, die sie ist, kann ich dieses wundersch\u00f6ne High-End-Case nur empfehlen.<\/p>\n<p data-pm-slice=\"1 1 []\">Das Instrument f\u00fcr den Transport nicht auseinanderbauen zu m\u00fcssen macht einen gewaltigen Unterschied, denn die Shamisen ist sofort einsatz- und spielbereit! Das Instrument komplett zusammengebaut zu lassen bedeutet auch, dass die Stimmung stabil bleibt und man viel weniger Zeit aufs Stimmen und Nachstimmen verwenden muss. Die harte Au\u00dfenschale des Koffers sch\u00fctzt Ihr Instrument vor Leuten, Ecken und T\u00fcrrahmen, die Ihnen in den Weg kommen.<\/p>\n<p>Das Au\u00dfenmaterial ist aus Kunststoff und wasserabweisend.<\/p>\n<p>Der Koffer schlie\u00dft sicher mit einem Zwei-Wege-Rei\u00dfverschluss<\/p>\n","protected":false},"excerpt":{"rendered":"<p data-pm-slice=\"1 1 []\">F\u00fcr Futozao \/ Tsugaru Shamisen.<\/p>\n<p>Au\u00dfen schwarz, innen luxuri\u00f6ser roter Samt.<\/p>\n<p>&nbsp;<\/p>\n<p><strong>Produktabmessungen (au\u00dfen):<\/strong><\/p>\n<ul>\n<li>L\u00e4nge: 105 cm<\/li>\n<li>Breite: 29 cm<\/li>\n<li>H\u00f6he: 15 cm<\/li>\n<\/ul>\n<p><strong>Produktabmessungen (innen):<\/strong><\/p>\n<ul>\n<li>L\u00e4nge: 103 cm<\/li>\n<li>Breite: 27,5 cm<\/li>\n<\/ul>\n<p>Rei\u00dfverschluss<\/p>\n","protected":false},"featured_media":25130,"template":"","meta":{"_et_pb_use_builder":"","_et_pb_old_content":"","_et_gb_content_width":""},"product_brand":[],"product_cat":[138,436,62,63],"product_tag":[],"class_list":{"0":"post-29991","1":"product","2":"type-product","3":"status-publish","4":"has-post-thumbnail","6":"product_cat-shamisenkoffer","7":"product_cat-koffer-futozao","8":"product_cat-instrumentenkasten","9":"product_cat-lange-koffer","10":"product_shipping_class-5kg-de","12":"first","13":"instock","14":"shipping-taxable","15":"purchasable","16":"product-type-simple"},"yoast_head":"<!-- This site is optimized with the Yoast SEO plugin v26.9 - https:\/\/yoast.com\/product\/yoast-seo-wordpress\/ -->\n<title>Tsugaru Longcase | Super Deluxe mit Rei\u00dfverschluss - Shami-Shop<\/title>\n<meta name=\"description\" content=\"Luxuri\u00f6ser Tsugaru Shamisen Koffer mit rotem Samt, der deine Shamisen sicher sch\u00fctzt, egal wohin die Reise geht.\" \/>\n<meta name=\"robots\" content=\"index, follow, max-snippet:-1, max-image-preview:large, max-video-preview:-1\" \/>\n<link rel=\"canonical\" href=\"https:\/\/www.shami-shop.com\/de\/produkt\/tsugaru-longcase-super-deluxe-mit-reissverschluss\/\" \/>\n<meta property=\"og:locale\" content=\"de_DE\" \/>\n<meta property=\"og:type\" content=\"article\" \/>\n<meta property=\"og:title\" content=\"Tsugaru Longcase | Super Deluxe mit Rei\u00dfverschluss - Shami-Shop\" \/>\n<meta property=\"og:description\" content=\"Luxuri\u00f6ser Tsugaru Shamisen Koffer mit rotem Samt, der deine Shamisen sicher sch\u00fctzt, egal wohin die Reise geht.\" \/>\n<meta property=\"og:url\" content=\"https:\/\/www.shami-shop.com\/de\/produkt\/tsugaru-longcase-super-deluxe-mit-reissverschluss\/\" \/>\n<meta property=\"og:site_name\" content=\"Shami-Shop\" \/>\n<meta property=\"article:publisher\" content=\"https:\/\/www.facebook.com\/weloveshamisen\/\" \/>\n<meta property=\"article:modified_time\" content=\"2026-01-26T03:34:00+00:00\" \/>\n<meta property=\"og:image\" content=\"https:\/\/www.shami-shop.com\/wp-content\/uploads\/2024\/06\/TSU-32-open.png\" \/>\n\t<meta property=\"og:image:width\" content=\"1000\" \/>\n\t<meta property=\"og:image:height\" content=\"1000\" \/>\n\t<meta property=\"og:image:type\" content=\"image\/png\" \/>\n<meta name=\"twitter:card\" content=\"summary_large_image\" \/>\n<meta name=\"twitter:label1\" content=\"Gesch\u00e4tzte Lesezeit\" \/>\n\t<meta name=\"twitter:data1\" content=\"1\u00a0Minute\" \/>\n<script type=\"application\/ld+json\" class=\"yoast-schema-graph\">{\"@context\":\"https:\/\/schema.org\",\"@graph\":[{\"@type\":[\"WebPage\",\"ItemPage\"],\"@id\":\"https:\/\/www.shami-shop.com\/de\/produkt\/tsugaru-longcase-super-deluxe-mit-reissverschluss\/\",\"url\":\"https:\/\/www.shami-shop.com\/de\/produkt\/tsugaru-longcase-super-deluxe-mit-reissverschluss\/\",\"name\":\"Tsugaru Longcase | Super Deluxe mit Rei\u00dfverschluss - Shami-Shop\",\"isPartOf\":{\"@id\":\"https:\/\/www.shami-shop.com\/de\/#website\"},\"primaryImageOfPage\":{\"@id\":\"https:\/\/www.shami-shop.com\/de\/produkt\/tsugaru-longcase-super-deluxe-mit-reissverschluss\/#primaryimage\"},\"image\":{\"@id\":\"https:\/\/www.shami-shop.com\/de\/produkt\/tsugaru-longcase-super-deluxe-mit-reissverschluss\/#primaryimage\"},\"thumbnailUrl\":\"https:\/\/www.shami-shop.com\/wp-content\/uploads\/2024\/06\/TSU-32-open.png\",\"datePublished\":\"2026-01-26T03:29:27+00:00\",\"dateModified\":\"2026-01-26T03:34:00+00:00\",\"description\":\"Luxuri\u00f6ser Tsugaru Shamisen Koffer mit rotem Samt, der deine Shamisen sicher sch\u00fctzt, egal wohin die Reise geht.\",\"breadcrumb\":{\"@id\":\"https:\/\/www.shami-shop.com\/de\/produkt\/tsugaru-longcase-super-deluxe-mit-reissverschluss\/#breadcrumb\"},\"inLanguage\":\"de\",\"potentialAction\":[{\"@type\":\"ReadAction\",\"target\":[\"https:\/\/www.shami-shop.com\/de\/produkt\/tsugaru-longcase-super-deluxe-mit-reissverschluss\/\"]}]},{\"@type\":\"ImageObject\",\"inLanguage\":\"de\",\"@id\":\"https:\/\/www.shami-shop.com\/de\/produkt\/tsugaru-longcase-super-deluxe-mit-reissverschluss\/#primaryimage\",\"url\":\"https:\/\/www.shami-shop.com\/wp-content\/uploads\/2024\/06\/TSU-32-open.png\",\"contentUrl\":\"https:\/\/www.shami-shop.com\/wp-content\/uploads\/2024\/06\/TSU-32-open.png\",\"width\":1000,\"height\":1000},{\"@type\":\"BreadcrumbList\",\"@id\":\"https:\/\/www.shami-shop.com\/de\/produkt\/tsugaru-longcase-super-deluxe-mit-reissverschluss\/#breadcrumb\",\"itemListElement\":[{\"@type\":\"ListItem\",\"position\":1,\"name\":\"Startseite\",\"item\":\"https:\/\/www.shami-shop.com\/de\/\"},{\"@type\":\"ListItem\",\"position\":2,\"name\":\"Shop\",\"item\":\"https:\/\/www.shami-shop.com\/de\/shop\/\"},{\"@type\":\"ListItem\",\"position\":3,\"name\":\"Tsugaru Longcase | Super Deluxe mit Rei\u00dfverschluss\"}]},{\"@type\":\"WebSite\",\"@id\":\"https:\/\/www.shami-shop.com\/de\/#website\",\"url\":\"https:\/\/www.shami-shop.com\/de\/\",\"name\":\"Shami-Shop\",\"description\":\"Alles f\u00fcr den Shamisen-Spieler.\",\"publisher\":{\"@id\":\"https:\/\/www.shami-shop.com\/de\/#organization\"},\"potentialAction\":[{\"@type\":\"SearchAction\",\"target\":{\"@type\":\"EntryPoint\",\"urlTemplate\":\"https:\/\/www.shami-shop.com\/de\/?s={search_term_string}\"},\"query-input\":{\"@type\":\"PropertyValueSpecification\",\"valueRequired\":true,\"valueName\":\"search_term_string\"}}],\"inLanguage\":\"de\"},{\"@type\":\"Organization\",\"@id\":\"https:\/\/www.shami-shop.com\/de\/#organization\",\"name\":\"Shami-Shop\",\"url\":\"https:\/\/www.shami-shop.com\/de\/\",\"logo\":{\"@type\":\"ImageObject\",\"inLanguage\":\"de\",\"@id\":\"https:\/\/www.shami-shop.com\/de\/#\/schema\/logo\/image\/\",\"url\":\"https:\/\/shami-shop.com\/wp-content\/uploads\/2021\/01\/Shami-Shop-Logo-1080.png\",\"contentUrl\":\"https:\/\/shami-shop.com\/wp-content\/uploads\/2021\/01\/Shami-Shop-Logo-1080.png\",\"width\":1080,\"height\":1080,\"caption\":\"Shami-Shop\"},\"image\":{\"@id\":\"https:\/\/www.shami-shop.com\/de\/#\/schema\/logo\/image\/\"},\"sameAs\":[\"https:\/\/www.facebook.com\/weloveshamisen\/\",\"https:\/\/www.instagram.com\/shamishop.europe\/\"]}]}<\/script>\n<!-- \/ Yoast SEO plugin. -->","yoast_head_json":{"title":"Tsugaru Longcase | Super Deluxe mit Rei\u00dfverschluss - Shami-Shop","description":"Luxuri\u00f6ser Tsugaru Shamisen Koffer mit rotem Samt, der deine Shamisen sicher sch\u00fctzt, egal wohin die Reise geht.","robots":{"index":"index","follow":"follow","max-snippet":"max-snippet:-1","max-image-preview":"max-image-preview:large","max-video-preview":"max-video-preview:-1"},"canonical":"https:\/\/www.shami-shop.com\/de\/produkt\/tsugaru-longcase-super-deluxe-mit-reissverschluss\/","og_locale":"de_DE","og_type":"article","og_title":"Tsugaru Longcase | Super Deluxe mit Rei\u00dfverschluss - Shami-Shop","og_description":"Luxuri\u00f6ser Tsugaru Shamisen Koffer mit rotem Samt, der deine Shamisen sicher sch\u00fctzt, egal wohin die Reise geht.","og_url":"https:\/\/www.shami-shop.com\/de\/produkt\/tsugaru-longcase-super-deluxe-mit-reissverschluss\/","og_site_name":"Shami-Shop","article_publisher":"https:\/\/www.facebook.com\/weloveshamisen\/","article_modified_time":"2026-01-26T03:34:00+00:00","og_image":[{"width":1000,"height":1000,"url":"https:\/\/www.shami-shop.com\/wp-content\/uploads\/2024\/06\/TSU-32-open.png","type":"image\/png"}],"twitter_card":"summary_large_image","twitter_misc":{"Gesch\u00e4tzte Lesezeit":"1\u00a0Minute"},"schema":{"@context":"https:\/\/schema.org","@graph":[{"@type":["WebPage","ItemPage"],"@id":"https:\/\/www.shami-shop.com\/de\/produkt\/tsugaru-longcase-super-deluxe-mit-reissverschluss\/","url":"https:\/\/www.shami-shop.com\/de\/produkt\/tsugaru-longcase-super-deluxe-mit-reissverschluss\/","name":"Tsugaru Longcase | Super Deluxe mit Rei\u00dfverschluss - Shami-Shop","isPartOf":{"@id":"https:\/\/www.shami-shop.com\/de\/#website"},"primaryImageOfPage":{"@id":"https:\/\/www.shami-shop.com\/de\/produkt\/tsugaru-longcase-super-deluxe-mit-reissverschluss\/#primaryimage"},"image":{"@id":"https:\/\/www.shami-shop.com\/de\/produkt\/tsugaru-longcase-super-deluxe-mit-reissverschluss\/#primaryimage"},"thumbnailUrl":"https:\/\/www.shami-shop.com\/wp-content\/uploads\/2024\/06\/TSU-32-open.png","datePublished":"2026-01-26T03:29:27+00:00","dateModified":"2026-01-26T03:34:00+00:00","description":"Luxuri\u00f6ser Tsugaru Shamisen Koffer mit rotem Samt, der deine Shamisen sicher sch\u00fctzt, egal wohin die Reise geht.","breadcrumb":{"@id":"https:\/\/www.shami-shop.com\/de\/produkt\/tsugaru-longcase-super-deluxe-mit-reissverschluss\/#breadcrumb"},"inLanguage":"de","potentialAction":[{"@type":"ReadAction","target":["https:\/\/www.shami-shop.com\/de\/produkt\/tsugaru-longcase-super-deluxe-mit-reissverschluss\/"]}]},{"@type":"ImageObject","inLanguage":"de","@id":"https:\/\/www.shami-shop.com\/de\/produkt\/tsugaru-longcase-super-deluxe-mit-reissverschluss\/#primaryimage","url":"https:\/\/www.shami-shop.com\/wp-content\/uploads\/2024\/06\/TSU-32-open.png","contentUrl":"https:\/\/www.shami-shop.com\/wp-content\/uploads\/2024\/06\/TSU-32-open.png","width":1000,"height":1000},{"@type":"BreadcrumbList","@id":"https:\/\/www.shami-shop.com\/de\/produkt\/tsugaru-longcase-super-deluxe-mit-reissverschluss\/#breadcrumb","itemListElement":[{"@type":"ListItem","position":1,"name":"Startseite","item":"https:\/\/www.shami-shop.com\/de\/"},{"@type":"ListItem","position":2,"name":"Shop","item":"https:\/\/www.shami-shop.com\/de\/shop\/"},{"@type":"ListItem","position":3,"name":"Tsugaru Longcase | Super Deluxe mit Rei\u00dfverschluss"}]},{"@type":"WebSite","@id":"https:\/\/www.shami-shop.com\/de\/#website","url":"https:\/\/www.shami-shop.com\/de\/","name":"Shami-Shop","description":"Alles f\u00fcr den Shamisen-Spieler.","publisher":{"@id":"https:\/\/www.shami-shop.com\/de\/#organization"},"potentialAction":[{"@type":"SearchAction","target":{"@type":"EntryPoint","urlTemplate":"https:\/\/www.shami-shop.com\/de\/?s={search_term_string}"},"query-input":{"@type":"PropertyValueSpecification","valueRequired":true,"valueName":"search_term_string"}}],"inLanguage":"de"},{"@type":"Organization","@id":"https:\/\/www.shami-shop.com\/de\/#organization","name":"Shami-Shop","url":"https:\/\/www.shami-shop.com\/de\/","logo":{"@type":"ImageObject","inLanguage":"de","@id":"https:\/\/www.shami-shop.com\/de\/#\/schema\/logo\/image\/","url":"https:\/\/shami-shop.com\/wp-content\/uploads\/2021\/01\/Shami-Shop-Logo-1080.png","contentUrl":"https:\/\/shami-shop.com\/wp-content\/uploads\/2021\/01\/Shami-Shop-Logo-1080.png","width":1080,"height":1080,"caption":"Shami-Shop"},"image":{"@id":"https:\/\/www.shami-shop.com\/de\/#\/schema\/logo\/image\/"},"sameAs":["https:\/\/www.facebook.com\/weloveshamisen\/","https:\/\/www.instagram.com\/shamishop.europe\/"]}]}},"jetpack_sharing_enabled":true,"_links":{"self":[{"href":"https:\/\/www.shami-shop.com\/de\/wp-json\/wp\/v2\/product\/29991","targetHints":{"allow":["GET"]}}],"collection":[{"href":"https:\/\/www.shami-shop.com\/de\/wp-json\/wp\/v2\/product"}],"about":[{"href":"https:\/\/www.shami-shop.com\/de\/wp-json\/wp\/v2\/types\/product"}],"wp:featuredmedia":[{"embeddable":true,"href":"https:\/\/www.shami-shop.com\/de\/wp-json\/wp\/v2\/media\/25130"}],"wp:attachment":[{"href":"https:\/\/www.shami-shop.com\/de\/wp-json\/wp\/v2\/media?parent=29991"}],"wp:term":[{"taxonomy":"product_brand","embeddable":true,"href":"https:\/\/www.shami-shop.com\/de\/wp-json\/wp\/v2\/product_brand?post=29991"},{"taxonomy":"product_cat","embeddable":true,"href":"https:\/\/www.shami-shop.com\/de\/wp-json\/wp\/v2\/product_cat?post=29991"},{"taxonomy":"product_tag","embeddable":true,"href":"https:\/\/www.shami-shop.com\/de\/wp-json\/wp\/v2\/product_tag?post=29991"}],"curies":[{"name":"wp","href":"https:\/\/api.w.org\/{rel}","templated":true}]}}