{"id":4485,"date":"2021-05-01T10:01:14","date_gmt":"2021-05-01T09:01:15","guid":{"rendered":"https:\/\/www.shami-shop.com\/?post_type=product&#038;p=4485"},"modified":"2021-05-01T11:24:36","modified_gmt":"2021-05-01T10:24:36","slug":"koffer-schwarz-blau-samt-36","status":"publish","type":"product","link":"https:\/\/www.shami-shop.com\/de\/produkt\/koffer-schwarz-blau-samt-36\/","title":{"rendered":"Koffer | schwarz mit blauem Samt (gebraucht)"},"content":{"rendered":"<p data-pm-slice=\"1 1 []\">Dieser gebrauchte Koffer mit mildem blauem Samt-Innenfutter ist ein verl\u00e4sslicher Begleiter f\u00fcr Ihre Chuuzao oder Hosozao Shamisen. Ihr Instrument f\u00fcr den Transport nicht auseinanderbauen zu m\u00fcssen macht einen gewaltigen Unterschied, denn die Shamisen ist sofort einsatz- und spielbereit! Das Instrument komplett zusammengebaut zu lassen bedeutet auch, dass die Stimmung stabil bleibt und man viel weniger Zeit aufs Stimmen und Nachstimmen verwenden muss. Die harte Au\u00dfenschale des Koffers sch\u00fctzt Ihr Instrument vor Leuten, Ecken und T\u00fcrrahmen, die Ihnen in den Weg kommen.<\/p>\n<p>Das Au\u00dfenmaterial ist aus Kunststoff und wasserabweisend.<\/p>\n<p>Der Koffer hat vier Schlie\u00dfen. Ohne Schl\u00fcssel.<\/p>\n<p><strong>Produktabmessungen (au\u00dfen):<\/strong><\/p>\n<p>L\u00e4nge: 103,3 cm<\/p>\n<p>Breite: 26,3 cm<\/p>\n<p>H\u00f6he: 11,6 cm<\/p>\n<p>Gewicht: 2,85 kg<\/p>\n","protected":false},"excerpt":{"rendered":"<p data-pm-slice=\"1 1 []\">Gebrauchter Koffer f\u00fcr Chuuzao und Hosozao Shamisen<\/p>\n<p>Au\u00dfen schwarz, innen blauer Samt.<\/p>\n<p>&nbsp;<\/p>\n<p><strong>Produktabmessungen (au\u00dfen):<\/strong><\/p>\n<p>L\u00e4nge: 103,3 cm<\/p>\n<p>Breite: 26,3 cm<\/p>\n<p>H\u00f6he: 11,6 cm<\/p>\n<p>Gewicht: 2,85 kg<\/p>\n<p>&nbsp;<\/p>\n<p data-pm-slice=\"1 1 []\">4 Schlie\u00dfen<\/p>\n","protected":false},"featured_media":4328,"template":"","meta":{"_et_pb_use_builder":"","_et_pb_old_content":"","_et_gb_content_width":""},"product_brand":[],"product_cat":[62,63],"product_tag":[342,67,233,164,65,66,176],"class_list":{"0":"post-4485","1":"product","2":"type-product","3":"status-publish","4":"has-post-thumbnail","6":"product_cat-instrumentenkasten","7":"product_cat-lange-koffer","8":"product_tag-chuuzao-de","9":"product_tag-gebraucht","10":"product_tag-hosozao-de","11":"product_tag-jiuta-de","12":"product_tag-koffer-de","13":"product_tag-longcase-de","14":"product_tag-nagauta-de","15":"product_shipping_class-5kg-de","17":"first","18":"outofstock","19":"purchasable","20":"product-type-simple"},"yoast_head":"<!-- This site is optimized with the Yoast SEO plugin v26.9 - https:\/\/yoast.com\/product\/yoast-seo-wordpress\/ -->\n<title>Koffer | schwarz mit blauem Samt (gebraucht) - Shami-Shop<\/title>\n<meta name=\"description\" content=\"Gebrauchter Shamisen Koffer (Longcase\/Hardcase) mit blauem Samt-Futter - damit Ihre Shamisen immer und \u00fcberall bestens gesch\u00fctzt ist.\" \/>\n<meta name=\"robots\" content=\"index, follow, max-snippet:-1, max-image-preview:large, max-video-preview:-1\" \/>\n<link rel=\"canonical\" href=\"https:\/\/www.shami-shop.com\/de\/produkt\/koffer-schwarz-blau-samt-36\/\" \/>\n<meta property=\"og:locale\" content=\"de_DE\" \/>\n<meta property=\"og:type\" content=\"article\" \/>\n<meta property=\"og:title\" content=\"Koffer | schwarz mit blauem Samt (gebraucht) - Shami-Shop\" \/>\n<meta property=\"og:description\" content=\"Gebrauchter Shamisen Koffer (Longcase\/Hardcase) mit blauem Samt-Futter - damit Ihre Shamisen immer und \u00fcberall bestens gesch\u00fctzt ist.\" \/>\n<meta property=\"og:url\" content=\"https:\/\/www.shami-shop.com\/de\/produkt\/koffer-schwarz-blau-samt-36\/\" \/>\n<meta property=\"og:site_name\" content=\"Shami-Shop\" \/>\n<meta property=\"article:publisher\" content=\"https:\/\/www.facebook.com\/weloveshamisen\/\" \/>\n<meta property=\"article:modified_time\" content=\"2021-05-01T10:24:36+00:00\" \/>\n<meta property=\"og:image\" content=\"https:\/\/www.shami-shop.com\/wp-content\/uploads\/2021\/05\/36C.png\" \/>\n\t<meta property=\"og:image:width\" content=\"917\" \/>\n\t<meta property=\"og:image:height\" content=\"440\" \/>\n\t<meta property=\"og:image:type\" content=\"image\/png\" \/>\n<meta name=\"twitter:card\" content=\"summary_large_image\" \/>\n<meta name=\"twitter:label1\" content=\"Gesch\u00e4tzte Lesezeit\" \/>\n\t<meta name=\"twitter:data1\" content=\"1\u00a0Minute\" \/>\n<script type=\"application\/ld+json\" class=\"yoast-schema-graph\">{\"@context\":\"https:\/\/schema.org\",\"@graph\":[{\"@type\":[\"WebPage\",\"ItemPage\"],\"@id\":\"https:\/\/www.shami-shop.com\/de\/produkt\/koffer-schwarz-blau-samt-36\/\",\"url\":\"https:\/\/www.shami-shop.com\/de\/produkt\/koffer-schwarz-blau-samt-36\/\",\"name\":\"Koffer | schwarz mit blauem Samt (gebraucht) - Shami-Shop\",\"isPartOf\":{\"@id\":\"https:\/\/www.shami-shop.com\/de\/#website\"},\"primaryImageOfPage\":{\"@id\":\"https:\/\/www.shami-shop.com\/de\/produkt\/koffer-schwarz-blau-samt-36\/#primaryimage\"},\"image\":{\"@id\":\"https:\/\/www.shami-shop.com\/de\/produkt\/koffer-schwarz-blau-samt-36\/#primaryimage\"},\"thumbnailUrl\":\"https:\/\/www.shami-shop.com\/wp-content\/uploads\/2021\/05\/36C.png\",\"datePublished\":\"2021-05-01T09:01:15+00:00\",\"dateModified\":\"2021-05-01T10:24:36+00:00\",\"description\":\"Gebrauchter Shamisen Koffer (Longcase\/Hardcase) mit blauem Samt-Futter - damit Ihre Shamisen immer und \u00fcberall bestens gesch\u00fctzt ist.\",\"breadcrumb\":{\"@id\":\"https:\/\/www.shami-shop.com\/de\/produkt\/koffer-schwarz-blau-samt-36\/#breadcrumb\"},\"inLanguage\":\"de\",\"potentialAction\":[{\"@type\":\"ReadAction\",\"target\":[\"https:\/\/www.shami-shop.com\/de\/produkt\/koffer-schwarz-blau-samt-36\/\"]}]},{\"@type\":\"ImageObject\",\"inLanguage\":\"de\",\"@id\":\"https:\/\/www.shami-shop.com\/de\/produkt\/koffer-schwarz-blau-samt-36\/#primaryimage\",\"url\":\"https:\/\/www.shami-shop.com\/wp-content\/uploads\/2021\/05\/36C.png\",\"contentUrl\":\"https:\/\/www.shami-shop.com\/wp-content\/uploads\/2021\/05\/36C.png\",\"width\":917,\"height\":440},{\"@type\":\"BreadcrumbList\",\"@id\":\"https:\/\/www.shami-shop.com\/de\/produkt\/koffer-schwarz-blau-samt-36\/#breadcrumb\",\"itemListElement\":[{\"@type\":\"ListItem\",\"position\":1,\"name\":\"Startseite\",\"item\":\"https:\/\/www.shami-shop.com\/de\/\"},{\"@type\":\"ListItem\",\"position\":2,\"name\":\"Shop\",\"item\":\"https:\/\/www.shami-shop.com\/de\/shop\/\"},{\"@type\":\"ListItem\",\"position\":3,\"name\":\"Koffer | schwarz mit blauem Samt (gebraucht)\"}]},{\"@type\":\"WebSite\",\"@id\":\"https:\/\/www.shami-shop.com\/de\/#website\",\"url\":\"https:\/\/www.shami-shop.com\/de\/\",\"name\":\"Shami-Shop\",\"description\":\"Alles f\u00fcr den Shamisen-Spieler.\",\"publisher\":{\"@id\":\"https:\/\/www.shami-shop.com\/de\/#organization\"},\"potentialAction\":[{\"@type\":\"SearchAction\",\"target\":{\"@type\":\"EntryPoint\",\"urlTemplate\":\"https:\/\/www.shami-shop.com\/de\/?s={search_term_string}\"},\"query-input\":{\"@type\":\"PropertyValueSpecification\",\"valueRequired\":true,\"valueName\":\"search_term_string\"}}],\"inLanguage\":\"de\"},{\"@type\":\"Organization\",\"@id\":\"https:\/\/www.shami-shop.com\/de\/#organization\",\"name\":\"Shami-Shop\",\"url\":\"https:\/\/www.shami-shop.com\/de\/\",\"logo\":{\"@type\":\"ImageObject\",\"inLanguage\":\"de\",\"@id\":\"https:\/\/www.shami-shop.com\/de\/#\/schema\/logo\/image\/\",\"url\":\"https:\/\/shami-shop.com\/wp-content\/uploads\/2021\/01\/Shami-Shop-Logo-1080.png\",\"contentUrl\":\"https:\/\/shami-shop.com\/wp-content\/uploads\/2021\/01\/Shami-Shop-Logo-1080.png\",\"width\":1080,\"height\":1080,\"caption\":\"Shami-Shop\"},\"image\":{\"@id\":\"https:\/\/www.shami-shop.com\/de\/#\/schema\/logo\/image\/\"},\"sameAs\":[\"https:\/\/www.facebook.com\/weloveshamisen\/\",\"https:\/\/www.instagram.com\/shamishop.europe\/\"]}]}<\/script>\n<!-- \/ Yoast SEO plugin. -->","yoast_head_json":{"title":"Koffer | schwarz mit blauem Samt (gebraucht) - Shami-Shop","description":"Gebrauchter Shamisen Koffer (Longcase\/Hardcase) mit blauem Samt-Futter - damit Ihre Shamisen immer und \u00fcberall bestens gesch\u00fctzt ist.","robots":{"index":"index","follow":"follow","max-snippet":"max-snippet:-1","max-image-preview":"max-image-preview:large","max-video-preview":"max-video-preview:-1"},"canonical":"https:\/\/www.shami-shop.com\/de\/produkt\/koffer-schwarz-blau-samt-36\/","og_locale":"de_DE","og_type":"article","og_title":"Koffer | schwarz mit blauem Samt (gebraucht) - Shami-Shop","og_description":"Gebrauchter Shamisen Koffer (Longcase\/Hardcase) mit blauem Samt-Futter - damit Ihre Shamisen immer und \u00fcberall bestens gesch\u00fctzt ist.","og_url":"https:\/\/www.shami-shop.com\/de\/produkt\/koffer-schwarz-blau-samt-36\/","og_site_name":"Shami-Shop","article_publisher":"https:\/\/www.facebook.com\/weloveshamisen\/","article_modified_time":"2021-05-01T10:24:36+00:00","og_image":[{"width":917,"height":440,"url":"https:\/\/www.shami-shop.com\/wp-content\/uploads\/2021\/05\/36C.png","type":"image\/png"}],"twitter_card":"summary_large_image","twitter_misc":{"Gesch\u00e4tzte Lesezeit":"1\u00a0Minute"},"schema":{"@context":"https:\/\/schema.org","@graph":[{"@type":["WebPage","ItemPage"],"@id":"https:\/\/www.shami-shop.com\/de\/produkt\/koffer-schwarz-blau-samt-36\/","url":"https:\/\/www.shami-shop.com\/de\/produkt\/koffer-schwarz-blau-samt-36\/","name":"Koffer | schwarz mit blauem Samt (gebraucht) - Shami-Shop","isPartOf":{"@id":"https:\/\/www.shami-shop.com\/de\/#website"},"primaryImageOfPage":{"@id":"https:\/\/www.shami-shop.com\/de\/produkt\/koffer-schwarz-blau-samt-36\/#primaryimage"},"image":{"@id":"https:\/\/www.shami-shop.com\/de\/produkt\/koffer-schwarz-blau-samt-36\/#primaryimage"},"thumbnailUrl":"https:\/\/www.shami-shop.com\/wp-content\/uploads\/2021\/05\/36C.png","datePublished":"2021-05-01T09:01:15+00:00","dateModified":"2021-05-01T10:24:36+00:00","description":"Gebrauchter Shamisen Koffer (Longcase\/Hardcase) mit blauem Samt-Futter - damit Ihre Shamisen immer und \u00fcberall bestens gesch\u00fctzt ist.","breadcrumb":{"@id":"https:\/\/www.shami-shop.com\/de\/produkt\/koffer-schwarz-blau-samt-36\/#breadcrumb"},"inLanguage":"de","potentialAction":[{"@type":"ReadAction","target":["https:\/\/www.shami-shop.com\/de\/produkt\/koffer-schwarz-blau-samt-36\/"]}]},{"@type":"ImageObject","inLanguage":"de","@id":"https:\/\/www.shami-shop.com\/de\/produkt\/koffer-schwarz-blau-samt-36\/#primaryimage","url":"https:\/\/www.shami-shop.com\/wp-content\/uploads\/2021\/05\/36C.png","contentUrl":"https:\/\/www.shami-shop.com\/wp-content\/uploads\/2021\/05\/36C.png","width":917,"height":440},{"@type":"BreadcrumbList","@id":"https:\/\/www.shami-shop.com\/de\/produkt\/koffer-schwarz-blau-samt-36\/#breadcrumb","itemListElement":[{"@type":"ListItem","position":1,"name":"Startseite","item":"https:\/\/www.shami-shop.com\/de\/"},{"@type":"ListItem","position":2,"name":"Shop","item":"https:\/\/www.shami-shop.com\/de\/shop\/"},{"@type":"ListItem","position":3,"name":"Koffer | schwarz mit blauem Samt (gebraucht)"}]},{"@type":"WebSite","@id":"https:\/\/www.shami-shop.com\/de\/#website","url":"https:\/\/www.shami-shop.com\/de\/","name":"Shami-Shop","description":"Alles f\u00fcr den Shamisen-Spieler.","publisher":{"@id":"https:\/\/www.shami-shop.com\/de\/#organization"},"potentialAction":[{"@type":"SearchAction","target":{"@type":"EntryPoint","urlTemplate":"https:\/\/www.shami-shop.com\/de\/?s={search_term_string}"},"query-input":{"@type":"PropertyValueSpecification","valueRequired":true,"valueName":"search_term_string"}}],"inLanguage":"de"},{"@type":"Organization","@id":"https:\/\/www.shami-shop.com\/de\/#organization","name":"Shami-Shop","url":"https:\/\/www.shami-shop.com\/de\/","logo":{"@type":"ImageObject","inLanguage":"de","@id":"https:\/\/www.shami-shop.com\/de\/#\/schema\/logo\/image\/","url":"https:\/\/shami-shop.com\/wp-content\/uploads\/2021\/01\/Shami-Shop-Logo-1080.png","contentUrl":"https:\/\/shami-shop.com\/wp-content\/uploads\/2021\/01\/Shami-Shop-Logo-1080.png","width":1080,"height":1080,"caption":"Shami-Shop"},"image":{"@id":"https:\/\/www.shami-shop.com\/de\/#\/schema\/logo\/image\/"},"sameAs":["https:\/\/www.facebook.com\/weloveshamisen\/","https:\/\/www.instagram.com\/shamishop.europe\/"]}]}},"jetpack_sharing_enabled":true,"_links":{"self":[{"href":"https:\/\/www.shami-shop.com\/de\/wp-json\/wp\/v2\/product\/4485","targetHints":{"allow":["GET"]}}],"collection":[{"href":"https:\/\/www.shami-shop.com\/de\/wp-json\/wp\/v2\/product"}],"about":[{"href":"https:\/\/www.shami-shop.com\/de\/wp-json\/wp\/v2\/types\/product"}],"wp:featuredmedia":[{"embeddable":true,"href":"https:\/\/www.shami-shop.com\/de\/wp-json\/wp\/v2\/media\/4328"}],"wp:attachment":[{"href":"https:\/\/www.shami-shop.com\/de\/wp-json\/wp\/v2\/media?parent=4485"}],"wp:term":[{"taxonomy":"product_brand","embeddable":true,"href":"https:\/\/www.shami-shop.com\/de\/wp-json\/wp\/v2\/product_brand?post=4485"},{"taxonomy":"product_cat","embeddable":true,"href":"https:\/\/www.shami-shop.com\/de\/wp-json\/wp\/v2\/product_cat?post=4485"},{"taxonomy":"product_tag","embeddable":true,"href":"https:\/\/www.shami-shop.com\/de\/wp-json\/wp\/v2\/product_tag?post=4485"}],"curies":[{"name":"wp","href":"https:\/\/api.w.org\/{rel}","templated":true}]}}