{"id":4501,"date":"2021-05-11T11:09:42","date_gmt":"2021-05-11T10:09:43","guid":{"rendered":"https:\/\/www.shami-shop.com\/?post_type=product&#038;p=4501"},"modified":"2021-07-08T07:22:28","modified_gmt":"2021-07-08T06:22:28","slug":"longcase-21","status":"publish","type":"product","link":"https:\/\/www.shami-shop.com\/de\/produkt\/longcase-21\/","title":{"rendered":"Koffer | schwarz mit rotem Filz (neu)"},"content":{"rendered":"<p data-pm-slice=\"1 1 []\">Dieser au\u00dfergew\u00f6hnlich coole, moderne Koffer ist einfach nur unwiderstehlich. Nagelneu und unbenutzt. Das strahlend rote Innere ist ein wahrer Blickfang, sobald sich der Deckel hebt. In diesen Koffer passt eine Chuuzao oder Hosozao Shamisen. Ihr Instrument f\u00fcr den Transport nicht auseinanderbauen zu m\u00fcssen macht einen gewaltigen Unterschied, denn die Shamisen ist sofort einsatz- und spielbereit! Das Instrument komplett zusammengebaut zu lassen bedeutet auch, dass die Stimmung stabil bleibt und man viel weniger Zeit aufs Stimmen und Nachstimmen verwenden muss. Die harte Au\u00dfenschale des Koffers sch\u00fctzt Ihr Instrument vor Leuten, Ecken und T\u00fcrrahmen, die Ihnen in den Weg kommen.<\/p>\n<p>Ich habe noch nie einen so coolen Shamisen-Koffer gesehen! Das Au\u00dfenmaterial ist aus Kunststoff und wasserabweisend.<\/p>\n<p>Der Koffer schlie\u00dft mit drei schwarzen Schnappverschl\u00fcssen.<\/p>\n<p>&nbsp;<\/p>\n<p><strong>Produktma\u00dfe:<\/strong><\/p>\n<p>L\u00e4nge: 104 cm<\/p>\n<p>Breite: 27 cm<\/p>\n<p>H\u00f6he: 13 cm<\/p>\n<p>Gewicht: 3,27 kg<\/p>\n","protected":false},"excerpt":{"rendered":"<p data-pm-slice=\"1 1 []\">Nagelneuer super cooler Koffer f\u00fcr Chuuzao und Hosozao Shamisen.<\/p>\n<p>Schwarze Hartschale mit rotem Innenfutter aus Filz.<\/p>\n<p>&nbsp;<\/p>\n<p><strong>Produktma\u00dfe:<\/strong><\/p>\n<p>L\u00e4nge: 104 cm<\/p>\n<p>Breite: 27 cm<\/p>\n<p>H\u00f6he: 13 cm<\/p>\n<p>Gewicht: 3,27 kg<\/p>\n","protected":false},"featured_media":18005,"template":"","meta":{"_et_pb_use_builder":"","_et_pb_old_content":"","_et_gb_content_width":""},"product_brand":[],"product_cat":[440,441,62,63],"product_tag":[342,442,233,164,66,132,176],"class_list":{"0":"post-4501","1":"product","2":"type-product","3":"status-publish","4":"has-post-thumbnail","6":"product_cat-koffer-chuuzao","7":"product_cat-koffer-hosozao","8":"product_cat-instrumentenkasten","9":"product_cat-lange-koffer","10":"product_tag-chuuzao-de","11":"product_tag-hardcase-de","12":"product_tag-hosozao-de","13":"product_tag-jiuta-de","14":"product_tag-longcase-de","15":"product_tag-minyo-de","16":"product_tag-nagauta-de","17":"product_shipping_class-5kg-de","19":"first","20":"outofstock","21":"purchasable","22":"product-type-simple"},"yoast_head":"<!-- This site is optimized with the Yoast SEO plugin v26.9 - https:\/\/yoast.com\/product\/yoast-seo-wordpress\/ -->\n<title>Koffer | schwarz mit rotem Filz (neu) - Shami-Shop<\/title>\n<meta name=\"description\" content=\"Nagelneuer schwarzer Shamisen-Koffer mit rotem Innenfutter aus Filz. Damit Ihre Shamisen immer und \u00fcberall sicher aufgehoben ist.\" \/>\n<meta name=\"robots\" content=\"index, follow, max-snippet:-1, max-image-preview:large, max-video-preview:-1\" \/>\n<link rel=\"canonical\" href=\"https:\/\/www.shami-shop.com\/de\/produkt\/longcase-21\/\" \/>\n<meta property=\"og:locale\" content=\"de_DE\" \/>\n<meta property=\"og:type\" content=\"article\" \/>\n<meta property=\"og:title\" content=\"Koffer | schwarz mit rotem Filz (neu) - Shami-Shop\" \/>\n<meta property=\"og:description\" content=\"Nagelneuer schwarzer Shamisen-Koffer mit rotem Innenfutter aus Filz. Damit Ihre Shamisen immer und \u00fcberall sicher aufgehoben ist.\" \/>\n<meta property=\"og:url\" content=\"https:\/\/www.shami-shop.com\/de\/produkt\/longcase-21\/\" \/>\n<meta property=\"og:site_name\" content=\"Shami-Shop\" \/>\n<meta property=\"article:publisher\" content=\"https:\/\/www.facebook.com\/weloveshamisen\/\" \/>\n<meta property=\"article:modified_time\" content=\"2021-07-08T06:22:28+00:00\" \/>\n<meta property=\"og:image\" content=\"https:\/\/www.shami-shop.com\/wp-content\/uploads\/2021\/05\/00_B.png\" \/>\n\t<meta property=\"og:image:width\" content=\"917\" \/>\n\t<meta property=\"og:image:height\" content=\"440\" \/>\n\t<meta property=\"og:image:type\" content=\"image\/png\" \/>\n<meta name=\"twitter:card\" content=\"summary_large_image\" \/>\n<meta name=\"twitter:label1\" content=\"Gesch\u00e4tzte Lesezeit\" \/>\n\t<meta name=\"twitter:data1\" content=\"1\u00a0Minute\" \/>\n<script type=\"application\/ld+json\" class=\"yoast-schema-graph\">{\"@context\":\"https:\/\/schema.org\",\"@graph\":[{\"@type\":[\"WebPage\",\"ItemPage\"],\"@id\":\"https:\/\/www.shami-shop.com\/de\/produkt\/longcase-21\/\",\"url\":\"https:\/\/www.shami-shop.com\/de\/produkt\/longcase-21\/\",\"name\":\"Koffer | schwarz mit rotem Filz (neu) - Shami-Shop\",\"isPartOf\":{\"@id\":\"https:\/\/www.shami-shop.com\/de\/#website\"},\"primaryImageOfPage\":{\"@id\":\"https:\/\/www.shami-shop.com\/de\/produkt\/longcase-21\/#primaryimage\"},\"image\":{\"@id\":\"https:\/\/www.shami-shop.com\/de\/produkt\/longcase-21\/#primaryimage\"},\"thumbnailUrl\":\"https:\/\/www.shami-shop.com\/wp-content\/uploads\/2021\/05\/00_feat.png\",\"datePublished\":\"2021-05-11T10:09:43+00:00\",\"dateModified\":\"2021-07-08T06:22:28+00:00\",\"description\":\"Nagelneuer schwarzer Shamisen-Koffer mit rotem Innenfutter aus Filz. Damit Ihre Shamisen immer und \u00fcberall sicher aufgehoben ist.\",\"breadcrumb\":{\"@id\":\"https:\/\/www.shami-shop.com\/de\/produkt\/longcase-21\/#breadcrumb\"},\"inLanguage\":\"de\",\"potentialAction\":[{\"@type\":\"ReadAction\",\"target\":[\"https:\/\/www.shami-shop.com\/de\/produkt\/longcase-21\/\"]}]},{\"@type\":\"ImageObject\",\"inLanguage\":\"de\",\"@id\":\"https:\/\/www.shami-shop.com\/de\/produkt\/longcase-21\/#primaryimage\",\"url\":\"https:\/\/www.shami-shop.com\/wp-content\/uploads\/2021\/05\/00_feat.png\",\"contentUrl\":\"https:\/\/www.shami-shop.com\/wp-content\/uploads\/2021\/05\/00_feat.png\",\"width\":810,\"height\":810},{\"@type\":\"BreadcrumbList\",\"@id\":\"https:\/\/www.shami-shop.com\/de\/produkt\/longcase-21\/#breadcrumb\",\"itemListElement\":[{\"@type\":\"ListItem\",\"position\":1,\"name\":\"Startseite\",\"item\":\"https:\/\/www.shami-shop.com\/de\/\"},{\"@type\":\"ListItem\",\"position\":2,\"name\":\"Shop\",\"item\":\"https:\/\/www.shami-shop.com\/de\/shop\/\"},{\"@type\":\"ListItem\",\"position\":3,\"name\":\"Koffer | schwarz mit rotem Filz (neu)\"}]},{\"@type\":\"WebSite\",\"@id\":\"https:\/\/www.shami-shop.com\/de\/#website\",\"url\":\"https:\/\/www.shami-shop.com\/de\/\",\"name\":\"Shami-Shop\",\"description\":\"Alles f\u00fcr den Shamisen-Spieler.\",\"publisher\":{\"@id\":\"https:\/\/www.shami-shop.com\/de\/#organization\"},\"potentialAction\":[{\"@type\":\"SearchAction\",\"target\":{\"@type\":\"EntryPoint\",\"urlTemplate\":\"https:\/\/www.shami-shop.com\/de\/?s={search_term_string}\"},\"query-input\":{\"@type\":\"PropertyValueSpecification\",\"valueRequired\":true,\"valueName\":\"search_term_string\"}}],\"inLanguage\":\"de\"},{\"@type\":\"Organization\",\"@id\":\"https:\/\/www.shami-shop.com\/de\/#organization\",\"name\":\"Shami-Shop\",\"url\":\"https:\/\/www.shami-shop.com\/de\/\",\"logo\":{\"@type\":\"ImageObject\",\"inLanguage\":\"de\",\"@id\":\"https:\/\/www.shami-shop.com\/de\/#\/schema\/logo\/image\/\",\"url\":\"https:\/\/shami-shop.com\/wp-content\/uploads\/2021\/01\/Shami-Shop-Logo-1080.png\",\"contentUrl\":\"https:\/\/shami-shop.com\/wp-content\/uploads\/2021\/01\/Shami-Shop-Logo-1080.png\",\"width\":1080,\"height\":1080,\"caption\":\"Shami-Shop\"},\"image\":{\"@id\":\"https:\/\/www.shami-shop.com\/de\/#\/schema\/logo\/image\/\"},\"sameAs\":[\"https:\/\/www.facebook.com\/weloveshamisen\/\",\"https:\/\/www.instagram.com\/shamishop.europe\/\"]}]}<\/script>\n<!-- \/ Yoast SEO plugin. -->","yoast_head_json":{"title":"Koffer | schwarz mit rotem Filz (neu) - Shami-Shop","description":"Nagelneuer schwarzer Shamisen-Koffer mit rotem Innenfutter aus Filz. Damit Ihre Shamisen immer und \u00fcberall sicher aufgehoben ist.","robots":{"index":"index","follow":"follow","max-snippet":"max-snippet:-1","max-image-preview":"max-image-preview:large","max-video-preview":"max-video-preview:-1"},"canonical":"https:\/\/www.shami-shop.com\/de\/produkt\/longcase-21\/","og_locale":"de_DE","og_type":"article","og_title":"Koffer | schwarz mit rotem Filz (neu) - Shami-Shop","og_description":"Nagelneuer schwarzer Shamisen-Koffer mit rotem Innenfutter aus Filz. Damit Ihre Shamisen immer und \u00fcberall sicher aufgehoben ist.","og_url":"https:\/\/www.shami-shop.com\/de\/produkt\/longcase-21\/","og_site_name":"Shami-Shop","article_publisher":"https:\/\/www.facebook.com\/weloveshamisen\/","article_modified_time":"2021-07-08T06:22:28+00:00","og_image":[{"width":917,"height":440,"url":"https:\/\/www.shami-shop.com\/wp-content\/uploads\/2021\/05\/00_B.png","type":"image\/png"}],"twitter_card":"summary_large_image","twitter_misc":{"Gesch\u00e4tzte Lesezeit":"1\u00a0Minute"},"schema":{"@context":"https:\/\/schema.org","@graph":[{"@type":["WebPage","ItemPage"],"@id":"https:\/\/www.shami-shop.com\/de\/produkt\/longcase-21\/","url":"https:\/\/www.shami-shop.com\/de\/produkt\/longcase-21\/","name":"Koffer | schwarz mit rotem Filz (neu) - Shami-Shop","isPartOf":{"@id":"https:\/\/www.shami-shop.com\/de\/#website"},"primaryImageOfPage":{"@id":"https:\/\/www.shami-shop.com\/de\/produkt\/longcase-21\/#primaryimage"},"image":{"@id":"https:\/\/www.shami-shop.com\/de\/produkt\/longcase-21\/#primaryimage"},"thumbnailUrl":"https:\/\/www.shami-shop.com\/wp-content\/uploads\/2021\/05\/00_feat.png","datePublished":"2021-05-11T10:09:43+00:00","dateModified":"2021-07-08T06:22:28+00:00","description":"Nagelneuer schwarzer Shamisen-Koffer mit rotem Innenfutter aus Filz. Damit Ihre Shamisen immer und \u00fcberall sicher aufgehoben ist.","breadcrumb":{"@id":"https:\/\/www.shami-shop.com\/de\/produkt\/longcase-21\/#breadcrumb"},"inLanguage":"de","potentialAction":[{"@type":"ReadAction","target":["https:\/\/www.shami-shop.com\/de\/produkt\/longcase-21\/"]}]},{"@type":"ImageObject","inLanguage":"de","@id":"https:\/\/www.shami-shop.com\/de\/produkt\/longcase-21\/#primaryimage","url":"https:\/\/www.shami-shop.com\/wp-content\/uploads\/2021\/05\/00_feat.png","contentUrl":"https:\/\/www.shami-shop.com\/wp-content\/uploads\/2021\/05\/00_feat.png","width":810,"height":810},{"@type":"BreadcrumbList","@id":"https:\/\/www.shami-shop.com\/de\/produkt\/longcase-21\/#breadcrumb","itemListElement":[{"@type":"ListItem","position":1,"name":"Startseite","item":"https:\/\/www.shami-shop.com\/de\/"},{"@type":"ListItem","position":2,"name":"Shop","item":"https:\/\/www.shami-shop.com\/de\/shop\/"},{"@type":"ListItem","position":3,"name":"Koffer | schwarz mit rotem Filz (neu)"}]},{"@type":"WebSite","@id":"https:\/\/www.shami-shop.com\/de\/#website","url":"https:\/\/www.shami-shop.com\/de\/","name":"Shami-Shop","description":"Alles f\u00fcr den Shamisen-Spieler.","publisher":{"@id":"https:\/\/www.shami-shop.com\/de\/#organization"},"potentialAction":[{"@type":"SearchAction","target":{"@type":"EntryPoint","urlTemplate":"https:\/\/www.shami-shop.com\/de\/?s={search_term_string}"},"query-input":{"@type":"PropertyValueSpecification","valueRequired":true,"valueName":"search_term_string"}}],"inLanguage":"de"},{"@type":"Organization","@id":"https:\/\/www.shami-shop.com\/de\/#organization","name":"Shami-Shop","url":"https:\/\/www.shami-shop.com\/de\/","logo":{"@type":"ImageObject","inLanguage":"de","@id":"https:\/\/www.shami-shop.com\/de\/#\/schema\/logo\/image\/","url":"https:\/\/shami-shop.com\/wp-content\/uploads\/2021\/01\/Shami-Shop-Logo-1080.png","contentUrl":"https:\/\/shami-shop.com\/wp-content\/uploads\/2021\/01\/Shami-Shop-Logo-1080.png","width":1080,"height":1080,"caption":"Shami-Shop"},"image":{"@id":"https:\/\/www.shami-shop.com\/de\/#\/schema\/logo\/image\/"},"sameAs":["https:\/\/www.facebook.com\/weloveshamisen\/","https:\/\/www.instagram.com\/shamishop.europe\/"]}]}},"jetpack_sharing_enabled":true,"_links":{"self":[{"href":"https:\/\/www.shami-shop.com\/de\/wp-json\/wp\/v2\/product\/4501","targetHints":{"allow":["GET"]}}],"collection":[{"href":"https:\/\/www.shami-shop.com\/de\/wp-json\/wp\/v2\/product"}],"about":[{"href":"https:\/\/www.shami-shop.com\/de\/wp-json\/wp\/v2\/types\/product"}],"wp:featuredmedia":[{"embeddable":true,"href":"https:\/\/www.shami-shop.com\/de\/wp-json\/wp\/v2\/media\/18005"}],"wp:attachment":[{"href":"https:\/\/www.shami-shop.com\/de\/wp-json\/wp\/v2\/media?parent=4501"}],"wp:term":[{"taxonomy":"product_brand","embeddable":true,"href":"https:\/\/www.shami-shop.com\/de\/wp-json\/wp\/v2\/product_brand?post=4501"},{"taxonomy":"product_cat","embeddable":true,"href":"https:\/\/www.shami-shop.com\/de\/wp-json\/wp\/v2\/product_cat?post=4501"},{"taxonomy":"product_tag","embeddable":true,"href":"https:\/\/www.shami-shop.com\/de\/wp-json\/wp\/v2\/product_tag?post=4501"}],"curies":[{"name":"wp","href":"https:\/\/api.w.org\/{rel}","templated":true}]}}