{"id":4504,"date":"2021-05-11T11:13:24","date_gmt":"2021-05-11T10:13:24","guid":{"rendered":"https:\/\/www.shami-shop.com\/?post_type=product&#038;p=4504"},"modified":"2023-07-31T20:53:01","modified_gmt":"2023-07-31T19:53:01","slug":"longcase-26","status":"publish","type":"product","link":"https:\/\/www.shami-shop.com\/de\/produkt\/longcase-26\/","title":{"rendered":"Koffer | schwarz mit rotem Filz"},"content":{"rendered":"<p data-pm-slice=\"1 1 []\">Dieser Koffer ist der perfekte Begleiter f\u00fcr Ihre Chuuzao or Hosozao Shamisen. Ihr Instrument f\u00fcr den Transport nicht auseinanderbauen zu m\u00fcssen macht einen gewaltigen Unterschied, denn die Shamisen ist sofort einsatz- und spielbereit! Das Instrument komplett zusammengebaut zu lassen bedeutet auch, dass die Stimmung stabil bleibt und man viel weniger Zeit aufs Stimmen und Nachstimmen verwenden muss. Die harte Au\u00dfenschale des Koffers sch\u00fctzt Ihr Instrument vor Leuten, Ecken und T\u00fcrrahmen, die Ihnen in den Weg kommen.<\/p>\n<p>Das feurig-rote Innenleben bildet einen fantastischen Kontrast zum schwarzen \u00c4u\u00dferen. Das Au\u00dfenmaterial ist aus Kunststoff und wasserabweisend.<\/p>\n<p>Der Koffer hat vier Schlie\u00dfen. Schl\u00fcssel sind enthalten.<\/p>\n<p><strong>Produktabmessungen (au\u00dfen):<\/strong><\/p>\n<ul>\n<li>L\u00e4nge: 103,5 cm<\/li>\n<li>Breite: 26,5 cm<\/li>\n<li>H\u00f6he: 12,5 cm<\/li>\n<li>Gewicht: 2,79 kg<\/li>\n<\/ul>\n","protected":false},"excerpt":{"rendered":"<p data-pm-slice=\"1 1 []\">Wundersch\u00f6ner Koffer f\u00fcr Chuuzao und Hosozao Shamisen.<\/p>\n<p>Au\u00dfen klassisch schwarz, innen feurig rot.<\/p>\n<p>&nbsp;<\/p>\n<ul>\n<li><strong>Produktabmessungen (au\u00dfen):<\/strong><\/li>\n<li>L\u00e4nge: 103,5 cm<\/li>\n<li>Breite: 26,5 cm<\/li>\n<li>H\u00f6he: 12,5 cm<\/li>\n<li>Gewicht: 2,79 kg<\/li>\n<\/ul>\n<p data-pm-slice=\"1 1 []\">4 Schlie\u00dfen. Schl\u00fcssel sind enthalten.<\/p>\n","protected":false},"featured_media":18835,"template":"","meta":{"_et_pb_use_builder":"","_et_pb_old_content":"","_et_gb_content_width":""},"product_brand":[],"product_cat":[440,441,62,63,404,411,403,412],"product_tag":[442,66,443],"class_list":{"0":"post-4504","1":"product","2":"type-product","3":"status-publish","4":"has-post-thumbnail","6":"product_cat-koffer-chuuzao","7":"product_cat-koffer-hosozao","8":"product_cat-instrumentenkasten","9":"product_cat-lange-koffer","10":"product_cat-minyo-stil","11":"product_cat-jiuta-stil","12":"product_cat-nagauta-stil","13":"product_cat-kouta-stil","14":"product_tag-hardcase-de","15":"product_tag-longcase-de","16":"product_tag-used-de","17":"product_shipping_class-5kg-de","19":"first","20":"outofstock","21":"sold-individually","22":"purchasable","23":"product-type-simple"},"yoast_head":"<!-- This site is optimized with the Yoast SEO plugin v26.9 - https:\/\/yoast.com\/product\/yoast-seo-wordpress\/ -->\n<title>Koffer | schwarz mit rotem Filz - Shami-Shop<\/title>\n<meta name=\"description\" content=\"Traumhafter gebrauchter Shamisen-Koffer mit rotem Filz-Innenleben. Damit ist die Shamisen immer und \u00fcberall sicher verstaut.\" \/>\n<meta name=\"robots\" content=\"index, follow, max-snippet:-1, max-image-preview:large, max-video-preview:-1\" \/>\n<link rel=\"canonical\" href=\"https:\/\/www.shami-shop.com\/de\/produkt\/longcase-26\/\" \/>\n<meta property=\"og:locale\" content=\"de_DE\" \/>\n<meta property=\"og:type\" content=\"article\" \/>\n<meta property=\"og:title\" content=\"Koffer | schwarz mit rotem Filz - Shami-Shop\" \/>\n<meta property=\"og:description\" content=\"Traumhafter gebrauchter Shamisen-Koffer mit rotem Filz-Innenleben. Damit ist die Shamisen immer und \u00fcberall sicher verstaut.\" \/>\n<meta property=\"og:url\" content=\"https:\/\/www.shami-shop.com\/de\/produkt\/longcase-26\/\" \/>\n<meta property=\"og:site_name\" content=\"Shami-Shop\" \/>\n<meta property=\"article:publisher\" content=\"https:\/\/www.facebook.com\/weloveshamisen\/\" \/>\n<meta property=\"article:modified_time\" content=\"2023-07-31T19:53:01+00:00\" \/>\n<meta property=\"og:image\" content=\"https:\/\/www.shami-shop.com\/wp-content\/uploads\/2021\/05\/K-26_thb.png\" \/>\n\t<meta property=\"og:image:width\" content=\"810\" \/>\n\t<meta property=\"og:image:height\" content=\"810\" \/>\n\t<meta property=\"og:image:type\" content=\"image\/png\" \/>\n<meta name=\"twitter:card\" content=\"summary_large_image\" \/>\n<meta name=\"twitter:label1\" content=\"Gesch\u00e4tzte Lesezeit\" \/>\n\t<meta name=\"twitter:data1\" content=\"1\u00a0Minute\" \/>\n<script type=\"application\/ld+json\" class=\"yoast-schema-graph\">{\"@context\":\"https:\/\/schema.org\",\"@graph\":[{\"@type\":[\"WebPage\",\"ItemPage\"],\"@id\":\"https:\/\/www.shami-shop.com\/de\/produkt\/longcase-26\/\",\"url\":\"https:\/\/www.shami-shop.com\/de\/produkt\/longcase-26\/\",\"name\":\"Koffer | schwarz mit rotem Filz - Shami-Shop\",\"isPartOf\":{\"@id\":\"https:\/\/www.shami-shop.com\/de\/#website\"},\"primaryImageOfPage\":{\"@id\":\"https:\/\/www.shami-shop.com\/de\/produkt\/longcase-26\/#primaryimage\"},\"image\":{\"@id\":\"https:\/\/www.shami-shop.com\/de\/produkt\/longcase-26\/#primaryimage\"},\"thumbnailUrl\":\"https:\/\/www.shami-shop.com\/wp-content\/uploads\/2021\/05\/K-26_thb.png\",\"datePublished\":\"2021-05-11T10:13:24+00:00\",\"dateModified\":\"2023-07-31T19:53:01+00:00\",\"description\":\"Traumhafter gebrauchter Shamisen-Koffer mit rotem Filz-Innenleben. Damit ist die Shamisen immer und \u00fcberall sicher verstaut.\",\"breadcrumb\":{\"@id\":\"https:\/\/www.shami-shop.com\/de\/produkt\/longcase-26\/#breadcrumb\"},\"inLanguage\":\"de\",\"potentialAction\":[{\"@type\":\"ReadAction\",\"target\":[\"https:\/\/www.shami-shop.com\/de\/produkt\/longcase-26\/\"]}]},{\"@type\":\"ImageObject\",\"inLanguage\":\"de\",\"@id\":\"https:\/\/www.shami-shop.com\/de\/produkt\/longcase-26\/#primaryimage\",\"url\":\"https:\/\/www.shami-shop.com\/wp-content\/uploads\/2021\/05\/K-26_thb.png\",\"contentUrl\":\"https:\/\/www.shami-shop.com\/wp-content\/uploads\/2021\/05\/K-26_thb.png\",\"width\":810,\"height\":810},{\"@type\":\"BreadcrumbList\",\"@id\":\"https:\/\/www.shami-shop.com\/de\/produkt\/longcase-26\/#breadcrumb\",\"itemListElement\":[{\"@type\":\"ListItem\",\"position\":1,\"name\":\"Startseite\",\"item\":\"https:\/\/www.shami-shop.com\/de\/\"},{\"@type\":\"ListItem\",\"position\":2,\"name\":\"Shop\",\"item\":\"https:\/\/www.shami-shop.com\/de\/shop\/\"},{\"@type\":\"ListItem\",\"position\":3,\"name\":\"Koffer | schwarz mit rotem Filz\"}]},{\"@type\":\"WebSite\",\"@id\":\"https:\/\/www.shami-shop.com\/de\/#website\",\"url\":\"https:\/\/www.shami-shop.com\/de\/\",\"name\":\"Shami-Shop\",\"description\":\"Alles f\u00fcr den Shamisen-Spieler.\",\"publisher\":{\"@id\":\"https:\/\/www.shami-shop.com\/de\/#organization\"},\"potentialAction\":[{\"@type\":\"SearchAction\",\"target\":{\"@type\":\"EntryPoint\",\"urlTemplate\":\"https:\/\/www.shami-shop.com\/de\/?s={search_term_string}\"},\"query-input\":{\"@type\":\"PropertyValueSpecification\",\"valueRequired\":true,\"valueName\":\"search_term_string\"}}],\"inLanguage\":\"de\"},{\"@type\":\"Organization\",\"@id\":\"https:\/\/www.shami-shop.com\/de\/#organization\",\"name\":\"Shami-Shop\",\"url\":\"https:\/\/www.shami-shop.com\/de\/\",\"logo\":{\"@type\":\"ImageObject\",\"inLanguage\":\"de\",\"@id\":\"https:\/\/www.shami-shop.com\/de\/#\/schema\/logo\/image\/\",\"url\":\"https:\/\/shami-shop.com\/wp-content\/uploads\/2021\/01\/Shami-Shop-Logo-1080.png\",\"contentUrl\":\"https:\/\/shami-shop.com\/wp-content\/uploads\/2021\/01\/Shami-Shop-Logo-1080.png\",\"width\":1080,\"height\":1080,\"caption\":\"Shami-Shop\"},\"image\":{\"@id\":\"https:\/\/www.shami-shop.com\/de\/#\/schema\/logo\/image\/\"},\"sameAs\":[\"https:\/\/www.facebook.com\/weloveshamisen\/\",\"https:\/\/www.instagram.com\/shamishop.europe\/\"]}]}<\/script>\n<!-- \/ Yoast SEO plugin. -->","yoast_head_json":{"title":"Koffer | schwarz mit rotem Filz - Shami-Shop","description":"Traumhafter gebrauchter Shamisen-Koffer mit rotem Filz-Innenleben. Damit ist die Shamisen immer und \u00fcberall sicher verstaut.","robots":{"index":"index","follow":"follow","max-snippet":"max-snippet:-1","max-image-preview":"max-image-preview:large","max-video-preview":"max-video-preview:-1"},"canonical":"https:\/\/www.shami-shop.com\/de\/produkt\/longcase-26\/","og_locale":"de_DE","og_type":"article","og_title":"Koffer | schwarz mit rotem Filz - Shami-Shop","og_description":"Traumhafter gebrauchter Shamisen-Koffer mit rotem Filz-Innenleben. Damit ist die Shamisen immer und \u00fcberall sicher verstaut.","og_url":"https:\/\/www.shami-shop.com\/de\/produkt\/longcase-26\/","og_site_name":"Shami-Shop","article_publisher":"https:\/\/www.facebook.com\/weloveshamisen\/","article_modified_time":"2023-07-31T19:53:01+00:00","og_image":[{"width":810,"height":810,"url":"https:\/\/www.shami-shop.com\/wp-content\/uploads\/2021\/05\/K-26_thb.png","type":"image\/png"}],"twitter_card":"summary_large_image","twitter_misc":{"Gesch\u00e4tzte Lesezeit":"1\u00a0Minute"},"schema":{"@context":"https:\/\/schema.org","@graph":[{"@type":["WebPage","ItemPage"],"@id":"https:\/\/www.shami-shop.com\/de\/produkt\/longcase-26\/","url":"https:\/\/www.shami-shop.com\/de\/produkt\/longcase-26\/","name":"Koffer | schwarz mit rotem Filz - Shami-Shop","isPartOf":{"@id":"https:\/\/www.shami-shop.com\/de\/#website"},"primaryImageOfPage":{"@id":"https:\/\/www.shami-shop.com\/de\/produkt\/longcase-26\/#primaryimage"},"image":{"@id":"https:\/\/www.shami-shop.com\/de\/produkt\/longcase-26\/#primaryimage"},"thumbnailUrl":"https:\/\/www.shami-shop.com\/wp-content\/uploads\/2021\/05\/K-26_thb.png","datePublished":"2021-05-11T10:13:24+00:00","dateModified":"2023-07-31T19:53:01+00:00","description":"Traumhafter gebrauchter Shamisen-Koffer mit rotem Filz-Innenleben. Damit ist die Shamisen immer und \u00fcberall sicher verstaut.","breadcrumb":{"@id":"https:\/\/www.shami-shop.com\/de\/produkt\/longcase-26\/#breadcrumb"},"inLanguage":"de","potentialAction":[{"@type":"ReadAction","target":["https:\/\/www.shami-shop.com\/de\/produkt\/longcase-26\/"]}]},{"@type":"ImageObject","inLanguage":"de","@id":"https:\/\/www.shami-shop.com\/de\/produkt\/longcase-26\/#primaryimage","url":"https:\/\/www.shami-shop.com\/wp-content\/uploads\/2021\/05\/K-26_thb.png","contentUrl":"https:\/\/www.shami-shop.com\/wp-content\/uploads\/2021\/05\/K-26_thb.png","width":810,"height":810},{"@type":"BreadcrumbList","@id":"https:\/\/www.shami-shop.com\/de\/produkt\/longcase-26\/#breadcrumb","itemListElement":[{"@type":"ListItem","position":1,"name":"Startseite","item":"https:\/\/www.shami-shop.com\/de\/"},{"@type":"ListItem","position":2,"name":"Shop","item":"https:\/\/www.shami-shop.com\/de\/shop\/"},{"@type":"ListItem","position":3,"name":"Koffer | schwarz mit rotem Filz"}]},{"@type":"WebSite","@id":"https:\/\/www.shami-shop.com\/de\/#website","url":"https:\/\/www.shami-shop.com\/de\/","name":"Shami-Shop","description":"Alles f\u00fcr den Shamisen-Spieler.","publisher":{"@id":"https:\/\/www.shami-shop.com\/de\/#organization"},"potentialAction":[{"@type":"SearchAction","target":{"@type":"EntryPoint","urlTemplate":"https:\/\/www.shami-shop.com\/de\/?s={search_term_string}"},"query-input":{"@type":"PropertyValueSpecification","valueRequired":true,"valueName":"search_term_string"}}],"inLanguage":"de"},{"@type":"Organization","@id":"https:\/\/www.shami-shop.com\/de\/#organization","name":"Shami-Shop","url":"https:\/\/www.shami-shop.com\/de\/","logo":{"@type":"ImageObject","inLanguage":"de","@id":"https:\/\/www.shami-shop.com\/de\/#\/schema\/logo\/image\/","url":"https:\/\/shami-shop.com\/wp-content\/uploads\/2021\/01\/Shami-Shop-Logo-1080.png","contentUrl":"https:\/\/shami-shop.com\/wp-content\/uploads\/2021\/01\/Shami-Shop-Logo-1080.png","width":1080,"height":1080,"caption":"Shami-Shop"},"image":{"@id":"https:\/\/www.shami-shop.com\/de\/#\/schema\/logo\/image\/"},"sameAs":["https:\/\/www.facebook.com\/weloveshamisen\/","https:\/\/www.instagram.com\/shamishop.europe\/"]}]}},"jetpack_sharing_enabled":true,"_links":{"self":[{"href":"https:\/\/www.shami-shop.com\/de\/wp-json\/wp\/v2\/product\/4504","targetHints":{"allow":["GET"]}}],"collection":[{"href":"https:\/\/www.shami-shop.com\/de\/wp-json\/wp\/v2\/product"}],"about":[{"href":"https:\/\/www.shami-shop.com\/de\/wp-json\/wp\/v2\/types\/product"}],"wp:featuredmedia":[{"embeddable":true,"href":"https:\/\/www.shami-shop.com\/de\/wp-json\/wp\/v2\/media\/18835"}],"wp:attachment":[{"href":"https:\/\/www.shami-shop.com\/de\/wp-json\/wp\/v2\/media?parent=4504"}],"wp:term":[{"taxonomy":"product_brand","embeddable":true,"href":"https:\/\/www.shami-shop.com\/de\/wp-json\/wp\/v2\/product_brand?post=4504"},{"taxonomy":"product_cat","embeddable":true,"href":"https:\/\/www.shami-shop.com\/de\/wp-json\/wp\/v2\/product_cat?post=4504"},{"taxonomy":"product_tag","embeddable":true,"href":"https:\/\/www.shami-shop.com\/de\/wp-json\/wp\/v2\/product_tag?post=4504"}],"curies":[{"name":"wp","href":"https:\/\/api.w.org\/{rel}","templated":true}]}}