{"id":5407,"date":"2021-05-18T19:19:32","date_gmt":"2021-05-18T18:19:33","guid":{"rendered":"https:\/\/www.shami-shop.com\/?post_type=product&#038;p=5407"},"modified":"2022-06-15T19:48:02","modified_gmt":"2022-06-15T18:48:02","slug":"tsuyafukin-violett","status":"publish","type":"product","link":"https:\/\/www.shami-shop.com\/de\/produkt\/tsuyafukin-violett\/","title":{"rendered":"Tsuyafukin | Shamisen Putztuch &#8211; violett"},"content":{"rendered":"<p data-pm-slice=\"1 1 []\">Diese original japanischen Reinigungst\u00fccher f\u00fcr Shamisen sind so haltbar und fantastisch, dass man nie wieder etwas anderes benutzen m\u00f6chte! Das Material ist synthetisch, liefert aber weitaus bessere Ergebnisse als Mikrofaser-T\u00fccher. Au\u00dferdem verhakt es sich dank seiner samtigen, weichen Strukur nicht an den H\u00e4nden und treibt einen in den Wahnsinn. G\u00f6nnen Sie Ihrer Shamisen ein Leben h\u00f6chsten Reinigungsgenusses!<\/p>\n<p data-pm-slice=\"1 1 []\">W\u00e4hlen Sie zwischen den verschiedenen Farben das passende Pendant f\u00fcr Ihr Instrument.<\/p>\n","protected":false},"excerpt":{"rendered":"<p data-pm-slice=\"1 1 []\">Japanisches Reinigungstuch f\u00fcr Shamisen. Liefert bessere Ergebnisse als Mikrofaser und h\u00e4lt ein Leben lang!<\/p>\n","protected":false},"featured_media":162,"template":"","meta":{"_et_pb_use_builder":"","_et_pb_old_content":"<p data-pm-slice=\"1 1 []\">Diese original japanischen Reinigungst\u00fccher sind so robust und qualitativ hochwertig, dass man sie vermutlich nie im Leben ersetzen muss. Auch nach vielen W\u00e4schen und t\u00e4glicher Benutzung reinigen sie besser als jedes Mikrofaser-Tuch - und dank der samtig-geschmeidigen Oberfl\u00e4che bleiben sie auch nicht an trockenen Fingern h\u00e4ngen. Das Material ist synthetisch, reinigt aber sehr viel besser als Mikrofaser-T\u00fccher. G\u00f6nnen Sie Ihrem geliebten Instrument das passende Reinigungstuch, damit es lange in seinem sch\u00f6nsten Glanz erstrahlen kann.<\/p>\r\n<p data-pm-slice=\"1 1 []\">F\u00fcr jeden Stil die passende Farbe.<\/p>","_et_gb_content_width":""},"product_brand":[],"product_cat":[139,138],"product_tag":[173,158,170],"class_list":{"0":"post-5407","1":"product","2":"type-product","3":"status-publish","4":"has-post-thumbnail","6":"product_cat-pflege","7":"product_cat-shamisenkoffer","8":"product_tag-pflege","9":"product_tag-reinigung","10":"product_tag-tsuyafukin-de","11":"product_shipping_class-maxibrief-de","13":"first","14":"outofstock","15":"featured","16":"purchasable","17":"product-type-simple"},"yoast_head":"<!-- This site is optimized with the Yoast SEO plugin v26.9 - https:\/\/yoast.com\/product\/yoast-seo-wordpress\/ -->\n<title>Tsuyafukin | Shamisen Putztuch - violett - Shami-Shop<\/title>\n<meta name=\"description\" content=\"Japanisches Reinigungstuch f\u00fcr Shamisen. Liefert bessere Ergebnisse als Mikrofaser und h\u00e4lt ein Leben lang! Verf\u00fcgbar in mehreren Farben.\" \/>\n<meta name=\"robots\" content=\"index, follow, max-snippet:-1, max-image-preview:large, max-video-preview:-1\" \/>\n<link rel=\"canonical\" href=\"https:\/\/www.shami-shop.com\/de\/produkt\/tsuyafukin-violett\/\" \/>\n<meta property=\"og:locale\" content=\"de_DE\" \/>\n<meta property=\"og:type\" content=\"article\" \/>\n<meta property=\"og:title\" content=\"Tsuyafukin | Shamisen Putztuch - violett - Shami-Shop\" \/>\n<meta property=\"og:description\" content=\"Japanisches Reinigungstuch f\u00fcr Shamisen. Liefert bessere Ergebnisse als Mikrofaser und h\u00e4lt ein Leben lang! Verf\u00fcgbar in mehreren Farben.\" \/>\n<meta property=\"og:url\" content=\"https:\/\/www.shami-shop.com\/de\/produkt\/tsuyafukin-violett\/\" \/>\n<meta property=\"og:site_name\" content=\"Shami-Shop\" \/>\n<meta property=\"article:publisher\" content=\"https:\/\/www.facebook.com\/weloveshamisen\/\" \/>\n<meta property=\"article:modified_time\" content=\"2022-06-15T18:48:02+00:00\" \/>\n<meta property=\"og:image\" content=\"https:\/\/www.shami-shop.com\/wp-content\/uploads\/2020\/11\/Putztuch-violett.png\" \/>\n\t<meta property=\"og:image:width\" content=\"1000\" \/>\n\t<meta property=\"og:image:height\" content=\"1000\" \/>\n\t<meta property=\"og:image:type\" content=\"image\/png\" \/>\n<meta name=\"twitter:card\" content=\"summary_large_image\" \/>\n<meta name=\"twitter:label1\" content=\"Gesch\u00e4tzte Lesezeit\" \/>\n\t<meta name=\"twitter:data1\" content=\"1\u00a0Minute\" \/>\n<script type=\"application\/ld+json\" class=\"yoast-schema-graph\">{\"@context\":\"https:\/\/schema.org\",\"@graph\":[{\"@type\":[\"WebPage\",\"ItemPage\"],\"@id\":\"https:\/\/www.shami-shop.com\/de\/produkt\/tsuyafukin-violett\/\",\"url\":\"https:\/\/www.shami-shop.com\/de\/produkt\/tsuyafukin-violett\/\",\"name\":\"Tsuyafukin | Shamisen Putztuch - violett - Shami-Shop\",\"isPartOf\":{\"@id\":\"https:\/\/www.shami-shop.com\/de\/#website\"},\"primaryImageOfPage\":{\"@id\":\"https:\/\/www.shami-shop.com\/de\/produkt\/tsuyafukin-violett\/#primaryimage\"},\"image\":{\"@id\":\"https:\/\/www.shami-shop.com\/de\/produkt\/tsuyafukin-violett\/#primaryimage\"},\"thumbnailUrl\":\"https:\/\/www.shami-shop.com\/wp-content\/uploads\/2020\/11\/Putztuch-violett.png\",\"datePublished\":\"2021-05-18T18:19:33+00:00\",\"dateModified\":\"2022-06-15T18:48:02+00:00\",\"description\":\"Japanisches Reinigungstuch f\u00fcr Shamisen. Liefert bessere Ergebnisse als Mikrofaser und h\u00e4lt ein Leben lang! Verf\u00fcgbar in mehreren Farben.\",\"breadcrumb\":{\"@id\":\"https:\/\/www.shami-shop.com\/de\/produkt\/tsuyafukin-violett\/#breadcrumb\"},\"inLanguage\":\"de\",\"potentialAction\":[{\"@type\":\"ReadAction\",\"target\":[\"https:\/\/www.shami-shop.com\/de\/produkt\/tsuyafukin-violett\/\"]}]},{\"@type\":\"ImageObject\",\"inLanguage\":\"de\",\"@id\":\"https:\/\/www.shami-shop.com\/de\/produkt\/tsuyafukin-violett\/#primaryimage\",\"url\":\"https:\/\/www.shami-shop.com\/wp-content\/uploads\/2020\/11\/Putztuch-violett.png\",\"contentUrl\":\"https:\/\/www.shami-shop.com\/wp-content\/uploads\/2020\/11\/Putztuch-violett.png\",\"width\":1000,\"height\":1000,\"caption\":\"tsuyafukin | shami-shop.cpm\"},{\"@type\":\"BreadcrumbList\",\"@id\":\"https:\/\/www.shami-shop.com\/de\/produkt\/tsuyafukin-violett\/#breadcrumb\",\"itemListElement\":[{\"@type\":\"ListItem\",\"position\":1,\"name\":\"Startseite\",\"item\":\"https:\/\/www.shami-shop.com\/de\/\"},{\"@type\":\"ListItem\",\"position\":2,\"name\":\"Shop\",\"item\":\"https:\/\/www.shami-shop.com\/de\/shop\/\"},{\"@type\":\"ListItem\",\"position\":3,\"name\":\"Tsuyafukin | Shamisen Putztuch &#8211; violett\"}]},{\"@type\":\"WebSite\",\"@id\":\"https:\/\/www.shami-shop.com\/de\/#website\",\"url\":\"https:\/\/www.shami-shop.com\/de\/\",\"name\":\"Shami-Shop\",\"description\":\"Alles f\u00fcr den Shamisen-Spieler.\",\"publisher\":{\"@id\":\"https:\/\/www.shami-shop.com\/de\/#organization\"},\"potentialAction\":[{\"@type\":\"SearchAction\",\"target\":{\"@type\":\"EntryPoint\",\"urlTemplate\":\"https:\/\/www.shami-shop.com\/de\/?s={search_term_string}\"},\"query-input\":{\"@type\":\"PropertyValueSpecification\",\"valueRequired\":true,\"valueName\":\"search_term_string\"}}],\"inLanguage\":\"de\"},{\"@type\":\"Organization\",\"@id\":\"https:\/\/www.shami-shop.com\/de\/#organization\",\"name\":\"Shami-Shop\",\"url\":\"https:\/\/www.shami-shop.com\/de\/\",\"logo\":{\"@type\":\"ImageObject\",\"inLanguage\":\"de\",\"@id\":\"https:\/\/www.shami-shop.com\/de\/#\/schema\/logo\/image\/\",\"url\":\"https:\/\/shami-shop.com\/wp-content\/uploads\/2021\/01\/Shami-Shop-Logo-1080.png\",\"contentUrl\":\"https:\/\/shami-shop.com\/wp-content\/uploads\/2021\/01\/Shami-Shop-Logo-1080.png\",\"width\":1080,\"height\":1080,\"caption\":\"Shami-Shop\"},\"image\":{\"@id\":\"https:\/\/www.shami-shop.com\/de\/#\/schema\/logo\/image\/\"},\"sameAs\":[\"https:\/\/www.facebook.com\/weloveshamisen\/\",\"https:\/\/www.instagram.com\/shamishop.europe\/\"]}]}<\/script>\n<!-- \/ Yoast SEO plugin. -->","yoast_head_json":{"title":"Tsuyafukin | Shamisen Putztuch - violett - Shami-Shop","description":"Japanisches Reinigungstuch f\u00fcr Shamisen. Liefert bessere Ergebnisse als Mikrofaser und h\u00e4lt ein Leben lang! Verf\u00fcgbar in mehreren Farben.","robots":{"index":"index","follow":"follow","max-snippet":"max-snippet:-1","max-image-preview":"max-image-preview:large","max-video-preview":"max-video-preview:-1"},"canonical":"https:\/\/www.shami-shop.com\/de\/produkt\/tsuyafukin-violett\/","og_locale":"de_DE","og_type":"article","og_title":"Tsuyafukin | Shamisen Putztuch - violett - Shami-Shop","og_description":"Japanisches Reinigungstuch f\u00fcr Shamisen. Liefert bessere Ergebnisse als Mikrofaser und h\u00e4lt ein Leben lang! Verf\u00fcgbar in mehreren Farben.","og_url":"https:\/\/www.shami-shop.com\/de\/produkt\/tsuyafukin-violett\/","og_site_name":"Shami-Shop","article_publisher":"https:\/\/www.facebook.com\/weloveshamisen\/","article_modified_time":"2022-06-15T18:48:02+00:00","og_image":[{"width":1000,"height":1000,"url":"https:\/\/www.shami-shop.com\/wp-content\/uploads\/2020\/11\/Putztuch-violett.png","type":"image\/png"}],"twitter_card":"summary_large_image","twitter_misc":{"Gesch\u00e4tzte Lesezeit":"1\u00a0Minute"},"schema":{"@context":"https:\/\/schema.org","@graph":[{"@type":["WebPage","ItemPage"],"@id":"https:\/\/www.shami-shop.com\/de\/produkt\/tsuyafukin-violett\/","url":"https:\/\/www.shami-shop.com\/de\/produkt\/tsuyafukin-violett\/","name":"Tsuyafukin | Shamisen Putztuch - violett - Shami-Shop","isPartOf":{"@id":"https:\/\/www.shami-shop.com\/de\/#website"},"primaryImageOfPage":{"@id":"https:\/\/www.shami-shop.com\/de\/produkt\/tsuyafukin-violett\/#primaryimage"},"image":{"@id":"https:\/\/www.shami-shop.com\/de\/produkt\/tsuyafukin-violett\/#primaryimage"},"thumbnailUrl":"https:\/\/www.shami-shop.com\/wp-content\/uploads\/2020\/11\/Putztuch-violett.png","datePublished":"2021-05-18T18:19:33+00:00","dateModified":"2022-06-15T18:48:02+00:00","description":"Japanisches Reinigungstuch f\u00fcr Shamisen. Liefert bessere Ergebnisse als Mikrofaser und h\u00e4lt ein Leben lang! Verf\u00fcgbar in mehreren Farben.","breadcrumb":{"@id":"https:\/\/www.shami-shop.com\/de\/produkt\/tsuyafukin-violett\/#breadcrumb"},"inLanguage":"de","potentialAction":[{"@type":"ReadAction","target":["https:\/\/www.shami-shop.com\/de\/produkt\/tsuyafukin-violett\/"]}]},{"@type":"ImageObject","inLanguage":"de","@id":"https:\/\/www.shami-shop.com\/de\/produkt\/tsuyafukin-violett\/#primaryimage","url":"https:\/\/www.shami-shop.com\/wp-content\/uploads\/2020\/11\/Putztuch-violett.png","contentUrl":"https:\/\/www.shami-shop.com\/wp-content\/uploads\/2020\/11\/Putztuch-violett.png","width":1000,"height":1000,"caption":"tsuyafukin | shami-shop.cpm"},{"@type":"BreadcrumbList","@id":"https:\/\/www.shami-shop.com\/de\/produkt\/tsuyafukin-violett\/#breadcrumb","itemListElement":[{"@type":"ListItem","position":1,"name":"Startseite","item":"https:\/\/www.shami-shop.com\/de\/"},{"@type":"ListItem","position":2,"name":"Shop","item":"https:\/\/www.shami-shop.com\/de\/shop\/"},{"@type":"ListItem","position":3,"name":"Tsuyafukin | Shamisen Putztuch &#8211; violett"}]},{"@type":"WebSite","@id":"https:\/\/www.shami-shop.com\/de\/#website","url":"https:\/\/www.shami-shop.com\/de\/","name":"Shami-Shop","description":"Alles f\u00fcr den Shamisen-Spieler.","publisher":{"@id":"https:\/\/www.shami-shop.com\/de\/#organization"},"potentialAction":[{"@type":"SearchAction","target":{"@type":"EntryPoint","urlTemplate":"https:\/\/www.shami-shop.com\/de\/?s={search_term_string}"},"query-input":{"@type":"PropertyValueSpecification","valueRequired":true,"valueName":"search_term_string"}}],"inLanguage":"de"},{"@type":"Organization","@id":"https:\/\/www.shami-shop.com\/de\/#organization","name":"Shami-Shop","url":"https:\/\/www.shami-shop.com\/de\/","logo":{"@type":"ImageObject","inLanguage":"de","@id":"https:\/\/www.shami-shop.com\/de\/#\/schema\/logo\/image\/","url":"https:\/\/shami-shop.com\/wp-content\/uploads\/2021\/01\/Shami-Shop-Logo-1080.png","contentUrl":"https:\/\/shami-shop.com\/wp-content\/uploads\/2021\/01\/Shami-Shop-Logo-1080.png","width":1080,"height":1080,"caption":"Shami-Shop"},"image":{"@id":"https:\/\/www.shami-shop.com\/de\/#\/schema\/logo\/image\/"},"sameAs":["https:\/\/www.facebook.com\/weloveshamisen\/","https:\/\/www.instagram.com\/shamishop.europe\/"]}]}},"jetpack_sharing_enabled":true,"_links":{"self":[{"href":"https:\/\/www.shami-shop.com\/de\/wp-json\/wp\/v2\/product\/5407","targetHints":{"allow":["GET"]}}],"collection":[{"href":"https:\/\/www.shami-shop.com\/de\/wp-json\/wp\/v2\/product"}],"about":[{"href":"https:\/\/www.shami-shop.com\/de\/wp-json\/wp\/v2\/types\/product"}],"wp:featuredmedia":[{"embeddable":true,"href":"https:\/\/www.shami-shop.com\/de\/wp-json\/wp\/v2\/media\/162"}],"wp:attachment":[{"href":"https:\/\/www.shami-shop.com\/de\/wp-json\/wp\/v2\/media?parent=5407"}],"wp:term":[{"taxonomy":"product_brand","embeddable":true,"href":"https:\/\/www.shami-shop.com\/de\/wp-json\/wp\/v2\/product_brand?post=5407"},{"taxonomy":"product_cat","embeddable":true,"href":"https:\/\/www.shami-shop.com\/de\/wp-json\/wp\/v2\/product_cat?post=5407"},{"taxonomy":"product_tag","embeddable":true,"href":"https:\/\/www.shami-shop.com\/de\/wp-json\/wp\/v2\/product_tag?post=5407"}],"curies":[{"name":"wp","href":"https:\/\/api.w.org\/{rel}","templated":true}]}}