{"id":5682,"date":"2021-05-26T09:56:59","date_gmt":"2021-05-26T08:57:00","guid":{"rendered":"https:\/\/www.shami-shop.com\/?post_type=product&#038;p=5682"},"modified":"2024-07-23T15:50:13","modified_gmt":"2024-07-23T14:50:13","slug":"minyo-bachi-34","status":"publish","type":"product","link":"https:\/\/www.shami-shop.com\/de\/produkt\/minyo-bachi-34\/","title":{"rendered":"Minyo Bachi Gr\u00f6\u00dfe M"},"content":{"rendered":"<p>Dieses Bachi ist aus Kunststoff und hat ein mittelfestes Blatt. Die Ecken sind minimalst bespielt. Das Blatt wurde so eingef\u00e4rbt, dass es aussieht wie Bekko. Wie auf den Bildern zu sehen, ist im Griff ein Riss.<\/p>\n<p>Diese Art von Bachi wird typischerweise f\u00fcr Minyo-Stil benutzt. Im Vergleich zu Tsugaru Bachi ist diese Art von Bachi insgesamt gr\u00f6\u00dfer.<\/p>\n","protected":false},"excerpt":{"rendered":"<p><strong>Stil:<\/strong> Minyo<\/p>\n<p><strong>Gr\u00f6\u00dfe:<\/strong> mittel<\/p>\n<p><strong>Batt: <\/strong>mittel<\/p>\n<p><strong>Gewicht:<\/strong> leicht<\/p>\n<p><strong>Ma\u00dfe:<\/strong><\/p>\n<ul>\n<li>Gewicht: 114 g<\/li>\n<li>Blatt: 9,2 cm<\/li>\n<li>L\u00e4nge: 19,6 cm<\/li>\n<li>Griffbrete (oberes Ende): 27 mm<\/li>\n<li>Griff H\u00f6he (unteres Ende): 27 mm<\/li>\n<\/ul>\n","protected":false},"featured_media":23672,"template":"","meta":{"_et_pb_use_builder":"","_et_pb_old_content":"","_et_gb_content_width":""},"product_brand":[],"product_cat":[135,385,404],"product_tag":[312,132],"class_list":{"0":"post-5682","1":"product","2":"type-product","3":"status-publish","4":"has-post-thumbnail","6":"product_cat-bachi-de","7":"product_cat-bachi-minyo-de","8":"product_cat-minyo-stil","9":"product_tag-bachi-de","10":"product_tag-minyo-de","11":"product_shipping_class-paket-m-2kg-de","13":"first","14":"outofstock","15":"purchasable","16":"product-type-simple"},"yoast_head":"<!-- This site is optimized with the Yoast SEO plugin v26.9 - https:\/\/yoast.com\/product\/yoast-seo-wordpress\/ -->\n<title>Minyo Bachi Gr\u00f6\u00dfe M - Shami-Shop<\/title>\n<meta name=\"description\" content=\"Minyo Bachi aus Kunststoff. Diese Art von Bachi ist etwas gr\u00f6\u00dfer als ein Tsugaru Bachi. Versand direkt aus Berlin.\" \/>\n<meta name=\"robots\" content=\"index, follow, max-snippet:-1, max-image-preview:large, max-video-preview:-1\" \/>\n<link rel=\"canonical\" href=\"https:\/\/www.shami-shop.com\/de\/produkt\/minyo-bachi-34\/\" \/>\n<meta property=\"og:locale\" content=\"de_DE\" \/>\n<meta property=\"og:type\" content=\"article\" \/>\n<meta property=\"og:title\" content=\"Minyo Bachi Gr\u00f6\u00dfe M - Shami-Shop\" \/>\n<meta property=\"og:description\" content=\"Minyo Bachi aus Kunststoff. Diese Art von Bachi ist etwas gr\u00f6\u00dfer als ein Tsugaru Bachi. Versand direkt aus Berlin.\" \/>\n<meta property=\"og:url\" content=\"https:\/\/www.shami-shop.com\/de\/produkt\/minyo-bachi-34\/\" \/>\n<meta property=\"og:site_name\" content=\"Shami-Shop\" \/>\n<meta property=\"article:publisher\" content=\"https:\/\/www.facebook.com\/weloveshamisen\/\" \/>\n<meta property=\"article:modified_time\" content=\"2024-07-23T14:50:13+00:00\" \/>\n<meta property=\"og:image\" content=\"https:\/\/www.shami-shop.com\/wp-content\/uploads\/2024\/04\/B-151-A.png\" \/>\n\t<meta property=\"og:image:width\" content=\"950\" \/>\n\t<meta property=\"og:image:height\" content=\"633\" \/>\n\t<meta property=\"og:image:type\" content=\"image\/png\" \/>\n<meta name=\"twitter:card\" content=\"summary_large_image\" \/>\n<script type=\"application\/ld+json\" class=\"yoast-schema-graph\">{\"@context\":\"https:\/\/schema.org\",\"@graph\":[{\"@type\":[\"WebPage\",\"ItemPage\"],\"@id\":\"https:\/\/www.shami-shop.com\/de\/produkt\/minyo-bachi-34\/\",\"url\":\"https:\/\/www.shami-shop.com\/de\/produkt\/minyo-bachi-34\/\",\"name\":\"Minyo Bachi Gr\u00f6\u00dfe M - Shami-Shop\",\"isPartOf\":{\"@id\":\"https:\/\/www.shami-shop.com\/de\/#website\"},\"primaryImageOfPage\":{\"@id\":\"https:\/\/www.shami-shop.com\/de\/produkt\/minyo-bachi-34\/#primaryimage\"},\"image\":{\"@id\":\"https:\/\/www.shami-shop.com\/de\/produkt\/minyo-bachi-34\/#primaryimage\"},\"thumbnailUrl\":\"https:\/\/www.shami-shop.com\/wp-content\/uploads\/2024\/04\/B-151-A.png\",\"datePublished\":\"2021-05-26T08:57:00+00:00\",\"dateModified\":\"2024-07-23T14:50:13+00:00\",\"description\":\"Minyo Bachi aus Kunststoff. Diese Art von Bachi ist etwas gr\u00f6\u00dfer als ein Tsugaru Bachi. Versand direkt aus Berlin.\",\"breadcrumb\":{\"@id\":\"https:\/\/www.shami-shop.com\/de\/produkt\/minyo-bachi-34\/#breadcrumb\"},\"inLanguage\":\"de\",\"potentialAction\":[{\"@type\":\"ReadAction\",\"target\":[\"https:\/\/www.shami-shop.com\/de\/produkt\/minyo-bachi-34\/\"]}]},{\"@type\":\"ImageObject\",\"inLanguage\":\"de\",\"@id\":\"https:\/\/www.shami-shop.com\/de\/produkt\/minyo-bachi-34\/#primaryimage\",\"url\":\"https:\/\/www.shami-shop.com\/wp-content\/uploads\/2024\/04\/B-151-A.png\",\"contentUrl\":\"https:\/\/www.shami-shop.com\/wp-content\/uploads\/2024\/04\/B-151-A.png\",\"width\":950,\"height\":633},{\"@type\":\"BreadcrumbList\",\"@id\":\"https:\/\/www.shami-shop.com\/de\/produkt\/minyo-bachi-34\/#breadcrumb\",\"itemListElement\":[{\"@type\":\"ListItem\",\"position\":1,\"name\":\"Startseite\",\"item\":\"https:\/\/www.shami-shop.com\/de\/\"},{\"@type\":\"ListItem\",\"position\":2,\"name\":\"Shop\",\"item\":\"https:\/\/www.shami-shop.com\/de\/shop\/\"},{\"@type\":\"ListItem\",\"position\":3,\"name\":\"Minyo Bachi Gr\u00f6\u00dfe M\"}]},{\"@type\":\"WebSite\",\"@id\":\"https:\/\/www.shami-shop.com\/de\/#website\",\"url\":\"https:\/\/www.shami-shop.com\/de\/\",\"name\":\"Shami-Shop\",\"description\":\"Alles f\u00fcr den Shamisen-Spieler.\",\"publisher\":{\"@id\":\"https:\/\/www.shami-shop.com\/de\/#organization\"},\"potentialAction\":[{\"@type\":\"SearchAction\",\"target\":{\"@type\":\"EntryPoint\",\"urlTemplate\":\"https:\/\/www.shami-shop.com\/de\/?s={search_term_string}\"},\"query-input\":{\"@type\":\"PropertyValueSpecification\",\"valueRequired\":true,\"valueName\":\"search_term_string\"}}],\"inLanguage\":\"de\"},{\"@type\":\"Organization\",\"@id\":\"https:\/\/www.shami-shop.com\/de\/#organization\",\"name\":\"Shami-Shop\",\"url\":\"https:\/\/www.shami-shop.com\/de\/\",\"logo\":{\"@type\":\"ImageObject\",\"inLanguage\":\"de\",\"@id\":\"https:\/\/www.shami-shop.com\/de\/#\/schema\/logo\/image\/\",\"url\":\"https:\/\/shami-shop.com\/wp-content\/uploads\/2021\/01\/Shami-Shop-Logo-1080.png\",\"contentUrl\":\"https:\/\/shami-shop.com\/wp-content\/uploads\/2021\/01\/Shami-Shop-Logo-1080.png\",\"width\":1080,\"height\":1080,\"caption\":\"Shami-Shop\"},\"image\":{\"@id\":\"https:\/\/www.shami-shop.com\/de\/#\/schema\/logo\/image\/\"},\"sameAs\":[\"https:\/\/www.facebook.com\/weloveshamisen\/\",\"https:\/\/www.instagram.com\/shamishop.europe\/\"]}]}<\/script>\n<!-- \/ Yoast SEO plugin. -->","yoast_head_json":{"title":"Minyo Bachi Gr\u00f6\u00dfe M - Shami-Shop","description":"Minyo Bachi aus Kunststoff. Diese Art von Bachi ist etwas gr\u00f6\u00dfer als ein Tsugaru Bachi. Versand direkt aus Berlin.","robots":{"index":"index","follow":"follow","max-snippet":"max-snippet:-1","max-image-preview":"max-image-preview:large","max-video-preview":"max-video-preview:-1"},"canonical":"https:\/\/www.shami-shop.com\/de\/produkt\/minyo-bachi-34\/","og_locale":"de_DE","og_type":"article","og_title":"Minyo Bachi Gr\u00f6\u00dfe M - Shami-Shop","og_description":"Minyo Bachi aus Kunststoff. Diese Art von Bachi ist etwas gr\u00f6\u00dfer als ein Tsugaru Bachi. Versand direkt aus Berlin.","og_url":"https:\/\/www.shami-shop.com\/de\/produkt\/minyo-bachi-34\/","og_site_name":"Shami-Shop","article_publisher":"https:\/\/www.facebook.com\/weloveshamisen\/","article_modified_time":"2024-07-23T14:50:13+00:00","og_image":[{"width":950,"height":633,"url":"https:\/\/www.shami-shop.com\/wp-content\/uploads\/2024\/04\/B-151-A.png","type":"image\/png"}],"twitter_card":"summary_large_image","schema":{"@context":"https:\/\/schema.org","@graph":[{"@type":["WebPage","ItemPage"],"@id":"https:\/\/www.shami-shop.com\/de\/produkt\/minyo-bachi-34\/","url":"https:\/\/www.shami-shop.com\/de\/produkt\/minyo-bachi-34\/","name":"Minyo Bachi Gr\u00f6\u00dfe M - Shami-Shop","isPartOf":{"@id":"https:\/\/www.shami-shop.com\/de\/#website"},"primaryImageOfPage":{"@id":"https:\/\/www.shami-shop.com\/de\/produkt\/minyo-bachi-34\/#primaryimage"},"image":{"@id":"https:\/\/www.shami-shop.com\/de\/produkt\/minyo-bachi-34\/#primaryimage"},"thumbnailUrl":"https:\/\/www.shami-shop.com\/wp-content\/uploads\/2024\/04\/B-151-A.png","datePublished":"2021-05-26T08:57:00+00:00","dateModified":"2024-07-23T14:50:13+00:00","description":"Minyo Bachi aus Kunststoff. Diese Art von Bachi ist etwas gr\u00f6\u00dfer als ein Tsugaru Bachi. Versand direkt aus Berlin.","breadcrumb":{"@id":"https:\/\/www.shami-shop.com\/de\/produkt\/minyo-bachi-34\/#breadcrumb"},"inLanguage":"de","potentialAction":[{"@type":"ReadAction","target":["https:\/\/www.shami-shop.com\/de\/produkt\/minyo-bachi-34\/"]}]},{"@type":"ImageObject","inLanguage":"de","@id":"https:\/\/www.shami-shop.com\/de\/produkt\/minyo-bachi-34\/#primaryimage","url":"https:\/\/www.shami-shop.com\/wp-content\/uploads\/2024\/04\/B-151-A.png","contentUrl":"https:\/\/www.shami-shop.com\/wp-content\/uploads\/2024\/04\/B-151-A.png","width":950,"height":633},{"@type":"BreadcrumbList","@id":"https:\/\/www.shami-shop.com\/de\/produkt\/minyo-bachi-34\/#breadcrumb","itemListElement":[{"@type":"ListItem","position":1,"name":"Startseite","item":"https:\/\/www.shami-shop.com\/de\/"},{"@type":"ListItem","position":2,"name":"Shop","item":"https:\/\/www.shami-shop.com\/de\/shop\/"},{"@type":"ListItem","position":3,"name":"Minyo Bachi Gr\u00f6\u00dfe M"}]},{"@type":"WebSite","@id":"https:\/\/www.shami-shop.com\/de\/#website","url":"https:\/\/www.shami-shop.com\/de\/","name":"Shami-Shop","description":"Alles f\u00fcr den Shamisen-Spieler.","publisher":{"@id":"https:\/\/www.shami-shop.com\/de\/#organization"},"potentialAction":[{"@type":"SearchAction","target":{"@type":"EntryPoint","urlTemplate":"https:\/\/www.shami-shop.com\/de\/?s={search_term_string}"},"query-input":{"@type":"PropertyValueSpecification","valueRequired":true,"valueName":"search_term_string"}}],"inLanguage":"de"},{"@type":"Organization","@id":"https:\/\/www.shami-shop.com\/de\/#organization","name":"Shami-Shop","url":"https:\/\/www.shami-shop.com\/de\/","logo":{"@type":"ImageObject","inLanguage":"de","@id":"https:\/\/www.shami-shop.com\/de\/#\/schema\/logo\/image\/","url":"https:\/\/shami-shop.com\/wp-content\/uploads\/2021\/01\/Shami-Shop-Logo-1080.png","contentUrl":"https:\/\/shami-shop.com\/wp-content\/uploads\/2021\/01\/Shami-Shop-Logo-1080.png","width":1080,"height":1080,"caption":"Shami-Shop"},"image":{"@id":"https:\/\/www.shami-shop.com\/de\/#\/schema\/logo\/image\/"},"sameAs":["https:\/\/www.facebook.com\/weloveshamisen\/","https:\/\/www.instagram.com\/shamishop.europe\/"]}]}},"jetpack_sharing_enabled":true,"_links":{"self":[{"href":"https:\/\/www.shami-shop.com\/de\/wp-json\/wp\/v2\/product\/5682","targetHints":{"allow":["GET"]}}],"collection":[{"href":"https:\/\/www.shami-shop.com\/de\/wp-json\/wp\/v2\/product"}],"about":[{"href":"https:\/\/www.shami-shop.com\/de\/wp-json\/wp\/v2\/types\/product"}],"wp:featuredmedia":[{"embeddable":true,"href":"https:\/\/www.shami-shop.com\/de\/wp-json\/wp\/v2\/media\/23672"}],"wp:attachment":[{"href":"https:\/\/www.shami-shop.com\/de\/wp-json\/wp\/v2\/media?parent=5682"}],"wp:term":[{"taxonomy":"product_brand","embeddable":true,"href":"https:\/\/www.shami-shop.com\/de\/wp-json\/wp\/v2\/product_brand?post=5682"},{"taxonomy":"product_cat","embeddable":true,"href":"https:\/\/www.shami-shop.com\/de\/wp-json\/wp\/v2\/product_cat?post=5682"},{"taxonomy":"product_tag","embeddable":true,"href":"https:\/\/www.shami-shop.com\/de\/wp-json\/wp\/v2\/product_tag?post=5682"}],"curies":[{"name":"wp","href":"https:\/\/api.w.org\/{rel}","templated":true}]}}