{"id":5700,"date":"2026-02-06T11:45:30","date_gmt":"2026-02-06T10:45:30","guid":{"rendered":"https:\/\/www.shami-shop.com\/?post_type=product&#038;p=5700"},"modified":"2026-02-10T00:22:05","modified_gmt":"2026-02-09T23:22:05","slug":"koma-plastik-26","status":"publish","type":"product","link":"https:\/\/www.shami-shop.com\/de\/produkt\/koma-plastik-26\/","title":{"rendered":"Koma | Kunststoff"},"content":{"rendered":"<p data-pm-slice=\"1 1 []\">Dieses Koma aus Kunststoff ist ein beliebtes Koma f\u00fcr Anf\u00e4nger. Das Material ist ziemlich starr. Deshalb brechen die Kanten leicht ab, wenn man versehentlich mit dem Bachi dagegen schl\u00e4gt.<\/p>\n<p data-pm-slice=\"1 1 []\"><strong>Was ist ein Koma?<\/strong> Das Koma ist die herausnehmbare Br\u00fccke, die die Saiten \u00fcber der Haut des Korpus (Dou) hebt. Koma werden aus verschiedenen Materialien gefertigt und variieren in Breite, L\u00e4nge und H\u00f6he. Diese Parameter bestimmen den Einfluss des Koma auf den Klang der Shamisen. Mit der Wahl des richtigen Koma kann der Klang des Instruments nach den eigenen Idealvorstellungen fein modifiziert werden.<\/p>\n<p><strong>Wie man das Koma richtig benutzt:<\/strong> Das Koma wird ca. 3 Finger breit entfernt vom Neo-Knoten platziert. Um es unter die Saiten zu schieben, hebt man am besten alle Saiten mit einem Finger an und schiebt das Koma dann in einer schnellen Bewegung mit m\u00f6glichst wenig Widerstand an die gew\u00fcnschte Stelle. Wenn es an der richtigen Stele sitzt, l\u00e4sst man die Saiten in die Vertiefungen gleiten. Scrollen Sie weiter f\u00fcr ein kurzes Anleitungsvideo.<\/p>\n<p>Nach dem Spielen muss das Koma entfernt werden, damit die Haut auf dem Dou m\u00f6glichst lange eine hohe Spannkraft beh\u00e4lt. Um das Koma zu entfernen, geht man genau so vor wie beim Einsetzen des Komas. Scrollen Sie bis ans Ende der Seite f\u00fcr ein kurzes Anleitungsvideo.<\/p>\n","protected":false},"excerpt":{"rendered":"<p data-pm-slice=\"1 1 []\"><strong>Stil:<\/strong> Tsugaru<\/p>\n<p data-pm-slice=\"1 1 []\"><strong>Material:<\/strong> Kunststoff<\/p>\n<p data-pm-slice=\"1 1 []\"><strong>Gr\u00f6\u00dfe: <\/strong>hoch<\/p>\n<p><strong>Klang:<\/strong> ausgewogen<\/p>\n<p data-pm-slice=\"1 1 []\"><strong>Abmessungen:<\/strong><\/p>\n<ul>\n<li>L\u00e4nge: 69,5 mm<\/li>\n<li>Breite: 9 mm<\/li>\n<li>H\u00f6he: 9 mm<\/li>\n<\/ul>\n","protected":false},"featured_media":26620,"template":"","meta":{"_et_pb_use_builder":"","_et_pb_old_content":"","_et_gb_content_width":""},"product_brand":[],"product_cat":[137,377],"product_tag":[165,132,176,235],"class_list":{"0":"post-5700","1":"product","2":"type-product","3":"status-publish","4":"has-post-thumbnail","6":"product_cat-koma-de","7":"product_cat-koma-tsugaru-de","8":"product_tag-koma-de","9":"product_tag-minyo-de","10":"product_tag-nagauta-de","11":"product_tag-plastic-de","12":"product_shipping_class-koma-fujaku-intl-packchen-xs-3cm","14":"first","15":"instock","16":"purchasable","17":"product-type-simple"},"yoast_head":"<!-- This site is optimized with the Yoast SEO plugin v26.9 - https:\/\/yoast.com\/product\/yoast-seo-wordpress\/ -->\n<title>Koma | Kunststoff - Shami-Shop<\/title>\n<meta name=\"description\" content=\"Vielseitiges Shamisen Koma aus Kunststoff. Diese Art von Koma sind preisg\u00fcnstig, brechen aber auch leichter. Versand direkt aus Berlin.\" \/>\n<meta name=\"robots\" content=\"index, follow, max-snippet:-1, max-image-preview:large, max-video-preview:-1\" \/>\n<link rel=\"canonical\" href=\"https:\/\/www.shami-shop.com\/de\/produkt\/koma-plastik-26\/\" \/>\n<meta property=\"og:locale\" content=\"de_DE\" \/>\n<meta property=\"og:type\" content=\"article\" \/>\n<meta property=\"og:title\" content=\"Koma | Kunststoff - Shami-Shop\" \/>\n<meta property=\"og:description\" content=\"Vielseitiges Shamisen Koma aus Kunststoff. Diese Art von Koma sind preisg\u00fcnstig, brechen aber auch leichter. Versand direkt aus Berlin.\" \/>\n<meta property=\"og:url\" content=\"https:\/\/www.shami-shop.com\/de\/produkt\/koma-plastik-26\/\" \/>\n<meta property=\"og:site_name\" content=\"Shami-Shop\" \/>\n<meta property=\"article:publisher\" content=\"https:\/\/www.facebook.com\/weloveshamisen\/\" \/>\n<meta property=\"article:modified_time\" content=\"2026-02-09T23:22:05+00:00\" \/>\n<meta property=\"og:image\" content=\"https:\/\/www.shami-shop.com\/wp-content\/uploads\/2025\/03\/KM-114-C.jpg\" \/>\n\t<meta property=\"og:image:width\" content=\"2218\" \/>\n\t<meta property=\"og:image:height\" content=\"2218\" \/>\n\t<meta property=\"og:image:type\" content=\"image\/jpeg\" \/>\n<meta name=\"twitter:card\" content=\"summary_large_image\" \/>\n<meta name=\"twitter:label1\" content=\"Gesch\u00e4tzte Lesezeit\" \/>\n\t<meta name=\"twitter:data1\" content=\"1\u00a0Minute\" \/>\n<script type=\"application\/ld+json\" class=\"yoast-schema-graph\">{\"@context\":\"https:\/\/schema.org\",\"@graph\":[{\"@type\":[\"WebPage\",\"ItemPage\"],\"@id\":\"https:\/\/www.shami-shop.com\/de\/produkt\/koma-plastik-26\/\",\"url\":\"https:\/\/www.shami-shop.com\/de\/produkt\/koma-plastik-26\/\",\"name\":\"Koma | Kunststoff - Shami-Shop\",\"isPartOf\":{\"@id\":\"https:\/\/www.shami-shop.com\/de\/#website\"},\"primaryImageOfPage\":{\"@id\":\"https:\/\/www.shami-shop.com\/de\/produkt\/koma-plastik-26\/#primaryimage\"},\"image\":{\"@id\":\"https:\/\/www.shami-shop.com\/de\/produkt\/koma-plastik-26\/#primaryimage\"},\"thumbnailUrl\":\"https:\/\/www.shami-shop.com\/wp-content\/uploads\/2025\/03\/KM-114-C.jpg\",\"datePublished\":\"2026-02-06T10:45:30+00:00\",\"dateModified\":\"2026-02-09T23:22:05+00:00\",\"description\":\"Vielseitiges Shamisen Koma aus Kunststoff. Diese Art von Koma sind preisg\u00fcnstig, brechen aber auch leichter. Versand direkt aus Berlin.\",\"breadcrumb\":{\"@id\":\"https:\/\/www.shami-shop.com\/de\/produkt\/koma-plastik-26\/#breadcrumb\"},\"inLanguage\":\"de\",\"potentialAction\":[{\"@type\":\"ReadAction\",\"target\":[\"https:\/\/www.shami-shop.com\/de\/produkt\/koma-plastik-26\/\"]}]},{\"@type\":\"ImageObject\",\"inLanguage\":\"de\",\"@id\":\"https:\/\/www.shami-shop.com\/de\/produkt\/koma-plastik-26\/#primaryimage\",\"url\":\"https:\/\/www.shami-shop.com\/wp-content\/uploads\/2025\/03\/KM-114-C.jpg\",\"contentUrl\":\"https:\/\/www.shami-shop.com\/wp-content\/uploads\/2025\/03\/KM-114-C.jpg\",\"width\":2218,\"height\":2218},{\"@type\":\"BreadcrumbList\",\"@id\":\"https:\/\/www.shami-shop.com\/de\/produkt\/koma-plastik-26\/#breadcrumb\",\"itemListElement\":[{\"@type\":\"ListItem\",\"position\":1,\"name\":\"Startseite\",\"item\":\"https:\/\/www.shami-shop.com\/de\/\"},{\"@type\":\"ListItem\",\"position\":2,\"name\":\"Shop\",\"item\":\"https:\/\/www.shami-shop.com\/de\/shop\/\"},{\"@type\":\"ListItem\",\"position\":3,\"name\":\"Koma | Kunststoff\"}]},{\"@type\":\"WebSite\",\"@id\":\"https:\/\/www.shami-shop.com\/de\/#website\",\"url\":\"https:\/\/www.shami-shop.com\/de\/\",\"name\":\"Shami-Shop\",\"description\":\"Alles f\u00fcr den Shamisen-Spieler.\",\"publisher\":{\"@id\":\"https:\/\/www.shami-shop.com\/de\/#organization\"},\"potentialAction\":[{\"@type\":\"SearchAction\",\"target\":{\"@type\":\"EntryPoint\",\"urlTemplate\":\"https:\/\/www.shami-shop.com\/de\/?s={search_term_string}\"},\"query-input\":{\"@type\":\"PropertyValueSpecification\",\"valueRequired\":true,\"valueName\":\"search_term_string\"}}],\"inLanguage\":\"de\"},{\"@type\":\"Organization\",\"@id\":\"https:\/\/www.shami-shop.com\/de\/#organization\",\"name\":\"Shami-Shop\",\"url\":\"https:\/\/www.shami-shop.com\/de\/\",\"logo\":{\"@type\":\"ImageObject\",\"inLanguage\":\"de\",\"@id\":\"https:\/\/www.shami-shop.com\/de\/#\/schema\/logo\/image\/\",\"url\":\"https:\/\/shami-shop.com\/wp-content\/uploads\/2021\/01\/Shami-Shop-Logo-1080.png\",\"contentUrl\":\"https:\/\/shami-shop.com\/wp-content\/uploads\/2021\/01\/Shami-Shop-Logo-1080.png\",\"width\":1080,\"height\":1080,\"caption\":\"Shami-Shop\"},\"image\":{\"@id\":\"https:\/\/www.shami-shop.com\/de\/#\/schema\/logo\/image\/\"},\"sameAs\":[\"https:\/\/www.facebook.com\/weloveshamisen\/\",\"https:\/\/www.instagram.com\/shamishop.europe\/\"]}]}<\/script>\n<!-- \/ Yoast SEO plugin. -->","yoast_head_json":{"title":"Koma | Kunststoff - Shami-Shop","description":"Vielseitiges Shamisen Koma aus Kunststoff. Diese Art von Koma sind preisg\u00fcnstig, brechen aber auch leichter. Versand direkt aus Berlin.","robots":{"index":"index","follow":"follow","max-snippet":"max-snippet:-1","max-image-preview":"max-image-preview:large","max-video-preview":"max-video-preview:-1"},"canonical":"https:\/\/www.shami-shop.com\/de\/produkt\/koma-plastik-26\/","og_locale":"de_DE","og_type":"article","og_title":"Koma | Kunststoff - Shami-Shop","og_description":"Vielseitiges Shamisen Koma aus Kunststoff. Diese Art von Koma sind preisg\u00fcnstig, brechen aber auch leichter. Versand direkt aus Berlin.","og_url":"https:\/\/www.shami-shop.com\/de\/produkt\/koma-plastik-26\/","og_site_name":"Shami-Shop","article_publisher":"https:\/\/www.facebook.com\/weloveshamisen\/","article_modified_time":"2026-02-09T23:22:05+00:00","og_image":[{"width":2218,"height":2218,"url":"https:\/\/www.shami-shop.com\/wp-content\/uploads\/2025\/03\/KM-114-C.jpg","type":"image\/jpeg"}],"twitter_card":"summary_large_image","twitter_misc":{"Gesch\u00e4tzte Lesezeit":"1\u00a0Minute"},"schema":{"@context":"https:\/\/schema.org","@graph":[{"@type":["WebPage","ItemPage"],"@id":"https:\/\/www.shami-shop.com\/de\/produkt\/koma-plastik-26\/","url":"https:\/\/www.shami-shop.com\/de\/produkt\/koma-plastik-26\/","name":"Koma | Kunststoff - Shami-Shop","isPartOf":{"@id":"https:\/\/www.shami-shop.com\/de\/#website"},"primaryImageOfPage":{"@id":"https:\/\/www.shami-shop.com\/de\/produkt\/koma-plastik-26\/#primaryimage"},"image":{"@id":"https:\/\/www.shami-shop.com\/de\/produkt\/koma-plastik-26\/#primaryimage"},"thumbnailUrl":"https:\/\/www.shami-shop.com\/wp-content\/uploads\/2025\/03\/KM-114-C.jpg","datePublished":"2026-02-06T10:45:30+00:00","dateModified":"2026-02-09T23:22:05+00:00","description":"Vielseitiges Shamisen Koma aus Kunststoff. Diese Art von Koma sind preisg\u00fcnstig, brechen aber auch leichter. Versand direkt aus Berlin.","breadcrumb":{"@id":"https:\/\/www.shami-shop.com\/de\/produkt\/koma-plastik-26\/#breadcrumb"},"inLanguage":"de","potentialAction":[{"@type":"ReadAction","target":["https:\/\/www.shami-shop.com\/de\/produkt\/koma-plastik-26\/"]}]},{"@type":"ImageObject","inLanguage":"de","@id":"https:\/\/www.shami-shop.com\/de\/produkt\/koma-plastik-26\/#primaryimage","url":"https:\/\/www.shami-shop.com\/wp-content\/uploads\/2025\/03\/KM-114-C.jpg","contentUrl":"https:\/\/www.shami-shop.com\/wp-content\/uploads\/2025\/03\/KM-114-C.jpg","width":2218,"height":2218},{"@type":"BreadcrumbList","@id":"https:\/\/www.shami-shop.com\/de\/produkt\/koma-plastik-26\/#breadcrumb","itemListElement":[{"@type":"ListItem","position":1,"name":"Startseite","item":"https:\/\/www.shami-shop.com\/de\/"},{"@type":"ListItem","position":2,"name":"Shop","item":"https:\/\/www.shami-shop.com\/de\/shop\/"},{"@type":"ListItem","position":3,"name":"Koma | Kunststoff"}]},{"@type":"WebSite","@id":"https:\/\/www.shami-shop.com\/de\/#website","url":"https:\/\/www.shami-shop.com\/de\/","name":"Shami-Shop","description":"Alles f\u00fcr den Shamisen-Spieler.","publisher":{"@id":"https:\/\/www.shami-shop.com\/de\/#organization"},"potentialAction":[{"@type":"SearchAction","target":{"@type":"EntryPoint","urlTemplate":"https:\/\/www.shami-shop.com\/de\/?s={search_term_string}"},"query-input":{"@type":"PropertyValueSpecification","valueRequired":true,"valueName":"search_term_string"}}],"inLanguage":"de"},{"@type":"Organization","@id":"https:\/\/www.shami-shop.com\/de\/#organization","name":"Shami-Shop","url":"https:\/\/www.shami-shop.com\/de\/","logo":{"@type":"ImageObject","inLanguage":"de","@id":"https:\/\/www.shami-shop.com\/de\/#\/schema\/logo\/image\/","url":"https:\/\/shami-shop.com\/wp-content\/uploads\/2021\/01\/Shami-Shop-Logo-1080.png","contentUrl":"https:\/\/shami-shop.com\/wp-content\/uploads\/2021\/01\/Shami-Shop-Logo-1080.png","width":1080,"height":1080,"caption":"Shami-Shop"},"image":{"@id":"https:\/\/www.shami-shop.com\/de\/#\/schema\/logo\/image\/"},"sameAs":["https:\/\/www.facebook.com\/weloveshamisen\/","https:\/\/www.instagram.com\/shamishop.europe\/"]}]}},"jetpack_sharing_enabled":true,"_links":{"self":[{"href":"https:\/\/www.shami-shop.com\/de\/wp-json\/wp\/v2\/product\/5700","targetHints":{"allow":["GET"]}}],"collection":[{"href":"https:\/\/www.shami-shop.com\/de\/wp-json\/wp\/v2\/product"}],"about":[{"href":"https:\/\/www.shami-shop.com\/de\/wp-json\/wp\/v2\/types\/product"}],"wp:featuredmedia":[{"embeddable":true,"href":"https:\/\/www.shami-shop.com\/de\/wp-json\/wp\/v2\/media\/26620"}],"wp:attachment":[{"href":"https:\/\/www.shami-shop.com\/de\/wp-json\/wp\/v2\/media?parent=5700"}],"wp:term":[{"taxonomy":"product_brand","embeddable":true,"href":"https:\/\/www.shami-shop.com\/de\/wp-json\/wp\/v2\/product_brand?post=5700"},{"taxonomy":"product_cat","embeddable":true,"href":"https:\/\/www.shami-shop.com\/de\/wp-json\/wp\/v2\/product_cat?post=5700"},{"taxonomy":"product_tag","embeddable":true,"href":"https:\/\/www.shami-shop.com\/de\/wp-json\/wp\/v2\/product_tag?post=5700"}],"curies":[{"name":"wp","href":"https:\/\/api.w.org\/{rel}","templated":true}]}}