{"id":5820,"date":"2021-06-25T08:47:50","date_gmt":"2021-06-25T07:47:51","guid":{"rendered":"https:\/\/www.shami-shop.com\/?post_type=product&#038;p=5820"},"modified":"2026-01-11T04:47:49","modified_gmt":"2026-01-11T03:47:49","slug":"san-no-ito-marusan-seide-14","status":"publish","type":"product","link":"https:\/\/www.shami-shop.com\/de\/produkt\/san-no-ito-marusan-seide-14\/","title":{"rendered":"San no Ito | Marusan (Seide) 14-3"},"content":{"rendered":"<p data-pm-slice=\"1 1 []\">Marusan Hashimoto ist einer der besten Hersteller f\u00fcr Shamisen Saiten und ber\u00fchmt wegen seiner exzellenten Qualit\u00e4t. Professionelle Spieler vertrauen auf diese Marke.<\/p>\n<p data-pm-slice=\"1 1 []\">Angeboten wird hier die d\u00fcnen Saite (san no ito) aus Seide mit einer Fadenst\u00e4rke von 14.<\/p>\n<p data-pm-slice=\"1 1 []\">Gr\u00f6\u00dfe 14 ist besonders beliebt f\u00fcr Jiuta and Tsugaru Shamisen.<\/p>\n<p data-pm-slice=\"1 1 []\"><span data-sheets-value=\"{\"1\":2,\"2\":\"Please note that all strings are sold individually and not in multi-packs.\"}\" data-sheets-userformat=\"{\"2\":513,\"3\":{\"1\":0},\"12\":0}\">Alle Saiten werden <em>einzeln<\/em> verkauft und nicht in Multi-Packs.<\/span><\/p>\n<p data-pm-slice=\"1 1 []\">Mehr Informationen \u00fcber Saiten gibt es auf der Kategorien-Seite<a href=\"https:\/\/shami-shop.com\/product-categorie\/strings\/\" target=\"_blank\" rel=\"noopener\">.<\/a><\/p>\n","protected":false},"excerpt":{"rendered":"<ul>\n<li data-pm-slice=\"1 1 []\">Seide<\/li>\n<li data-pm-slice=\"1 1 []\">Gr\u00f6\u00dfe 14-3<\/li>\n<\/ul>\n","protected":false},"featured_media":19290,"template":"","meta":{"_et_pb_use_builder":"","_et_pb_old_content":"","_et_gb_content_width":""},"product_brand":[],"product_cat":[148,279,252,332],"product_tag":[202,164,188,181,185,169],"class_list":{"0":"post-5820","1":"product","2":"type-product","3":"status-publish","4":"has-post-thumbnail","6":"product_cat-saiten","7":"product_cat-marusan-de","8":"product_cat-san-no-ito-de","9":"product_cat-seide","10":"product_tag-ito-de","11":"product_tag-jiuta-de","12":"product_tag-saiten-de","13":"product_tag-san-no-ito-de","14":"product_tag-seide","15":"product_tag-tsugaru-de","16":"product_shipping_class-brief-de","18":"first","19":"instock","20":"purchasable","21":"product-type-simple"},"yoast_head":"<!-- This site is optimized with the Yoast SEO plugin v26.9 - https:\/\/yoast.com\/product\/yoast-seo-wordpress\/ -->\n<title>San no Ito | Marusan (Seide) 14-3 - Shami-Shop<\/title>\n<meta name=\"description\" content=\"Shamisen Saiten aus Seide der Marke Marusan Hashimoto. Kaufen Sie Saiten in St\u00e4rke 14-3.\" \/>\n<meta name=\"robots\" content=\"index, follow, max-snippet:-1, max-image-preview:large, max-video-preview:-1\" \/>\n<link rel=\"canonical\" href=\"https:\/\/www.shami-shop.com\/de\/produkt\/san-no-ito-marusan-seide-14\/\" \/>\n<meta property=\"og:locale\" content=\"de_DE\" \/>\n<meta property=\"og:type\" content=\"article\" \/>\n<meta property=\"og:title\" content=\"San no Ito | Marusan (Seide) 14-3 - Shami-Shop\" \/>\n<meta property=\"og:description\" content=\"Shamisen Saiten aus Seide der Marke Marusan Hashimoto. Kaufen Sie Saiten in St\u00e4rke 14-3.\" \/>\n<meta property=\"og:url\" content=\"https:\/\/www.shami-shop.com\/de\/produkt\/san-no-ito-marusan-seide-14\/\" \/>\n<meta property=\"og:site_name\" content=\"Shami-Shop\" \/>\n<meta property=\"article:publisher\" content=\"https:\/\/www.facebook.com\/weloveshamisen\/\" \/>\n<meta property=\"article:modified_time\" content=\"2026-01-11T03:47:49+00:00\" \/>\n<meta property=\"og:image\" content=\"https:\/\/www.shami-shop.com\/wp-content\/uploads\/2023\/06\/MA-S-14-3.jpeg\" \/>\n\t<meta property=\"og:image:width\" content=\"1354\" \/>\n\t<meta property=\"og:image:height\" content=\"1354\" \/>\n\t<meta property=\"og:image:type\" content=\"image\/jpeg\" \/>\n<meta name=\"twitter:card\" content=\"summary_large_image\" \/>\n<meta name=\"twitter:label1\" content=\"Gesch\u00e4tzte Lesezeit\" \/>\n\t<meta name=\"twitter:data1\" content=\"1\u00a0Minute\" \/>\n<script type=\"application\/ld+json\" class=\"yoast-schema-graph\">{\"@context\":\"https:\/\/schema.org\",\"@graph\":[{\"@type\":[\"WebPage\",\"ItemPage\"],\"@id\":\"https:\/\/www.shami-shop.com\/de\/produkt\/san-no-ito-marusan-seide-14\/\",\"url\":\"https:\/\/www.shami-shop.com\/de\/produkt\/san-no-ito-marusan-seide-14\/\",\"name\":\"San no Ito | Marusan (Seide) 14-3 - Shami-Shop\",\"isPartOf\":{\"@id\":\"https:\/\/www.shami-shop.com\/de\/#website\"},\"primaryImageOfPage\":{\"@id\":\"https:\/\/www.shami-shop.com\/de\/produkt\/san-no-ito-marusan-seide-14\/#primaryimage\"},\"image\":{\"@id\":\"https:\/\/www.shami-shop.com\/de\/produkt\/san-no-ito-marusan-seide-14\/#primaryimage\"},\"thumbnailUrl\":\"https:\/\/www.shami-shop.com\/wp-content\/uploads\/2023\/06\/MA-S-14-3.jpeg\",\"datePublished\":\"2021-06-25T07:47:51+00:00\",\"dateModified\":\"2026-01-11T03:47:49+00:00\",\"description\":\"Shamisen Saiten aus Seide der Marke Marusan Hashimoto. Kaufen Sie Saiten in St\u00e4rke 14-3.\",\"breadcrumb\":{\"@id\":\"https:\/\/www.shami-shop.com\/de\/produkt\/san-no-ito-marusan-seide-14\/#breadcrumb\"},\"inLanguage\":\"de\",\"potentialAction\":[{\"@type\":\"ReadAction\",\"target\":[\"https:\/\/www.shami-shop.com\/de\/produkt\/san-no-ito-marusan-seide-14\/\"]}]},{\"@type\":\"ImageObject\",\"inLanguage\":\"de\",\"@id\":\"https:\/\/www.shami-shop.com\/de\/produkt\/san-no-ito-marusan-seide-14\/#primaryimage\",\"url\":\"https:\/\/www.shami-shop.com\/wp-content\/uploads\/2023\/06\/MA-S-14-3.jpeg\",\"contentUrl\":\"https:\/\/www.shami-shop.com\/wp-content\/uploads\/2023\/06\/MA-S-14-3.jpeg\",\"width\":1354,\"height\":1354},{\"@type\":\"BreadcrumbList\",\"@id\":\"https:\/\/www.shami-shop.com\/de\/produkt\/san-no-ito-marusan-seide-14\/#breadcrumb\",\"itemListElement\":[{\"@type\":\"ListItem\",\"position\":1,\"name\":\"Startseite\",\"item\":\"https:\/\/www.shami-shop.com\/de\/\"},{\"@type\":\"ListItem\",\"position\":2,\"name\":\"Shop\",\"item\":\"https:\/\/www.shami-shop.com\/de\/shop\/\"},{\"@type\":\"ListItem\",\"position\":3,\"name\":\"San no Ito | Marusan (Seide) 14-3\"}]},{\"@type\":\"WebSite\",\"@id\":\"https:\/\/www.shami-shop.com\/de\/#website\",\"url\":\"https:\/\/www.shami-shop.com\/de\/\",\"name\":\"Shami-Shop\",\"description\":\"Alles f\u00fcr den Shamisen-Spieler.\",\"publisher\":{\"@id\":\"https:\/\/www.shami-shop.com\/de\/#organization\"},\"potentialAction\":[{\"@type\":\"SearchAction\",\"target\":{\"@type\":\"EntryPoint\",\"urlTemplate\":\"https:\/\/www.shami-shop.com\/de\/?s={search_term_string}\"},\"query-input\":{\"@type\":\"PropertyValueSpecification\",\"valueRequired\":true,\"valueName\":\"search_term_string\"}}],\"inLanguage\":\"de\"},{\"@type\":\"Organization\",\"@id\":\"https:\/\/www.shami-shop.com\/de\/#organization\",\"name\":\"Shami-Shop\",\"url\":\"https:\/\/www.shami-shop.com\/de\/\",\"logo\":{\"@type\":\"ImageObject\",\"inLanguage\":\"de\",\"@id\":\"https:\/\/www.shami-shop.com\/de\/#\/schema\/logo\/image\/\",\"url\":\"https:\/\/shami-shop.com\/wp-content\/uploads\/2021\/01\/Shami-Shop-Logo-1080.png\",\"contentUrl\":\"https:\/\/shami-shop.com\/wp-content\/uploads\/2021\/01\/Shami-Shop-Logo-1080.png\",\"width\":1080,\"height\":1080,\"caption\":\"Shami-Shop\"},\"image\":{\"@id\":\"https:\/\/www.shami-shop.com\/de\/#\/schema\/logo\/image\/\"},\"sameAs\":[\"https:\/\/www.facebook.com\/weloveshamisen\/\",\"https:\/\/www.instagram.com\/shamishop.europe\/\"]}]}<\/script>\n<!-- \/ Yoast SEO plugin. -->","yoast_head_json":{"title":"San no Ito | Marusan (Seide) 14-3 - Shami-Shop","description":"Shamisen Saiten aus Seide der Marke Marusan Hashimoto. Kaufen Sie Saiten in St\u00e4rke 14-3.","robots":{"index":"index","follow":"follow","max-snippet":"max-snippet:-1","max-image-preview":"max-image-preview:large","max-video-preview":"max-video-preview:-1"},"canonical":"https:\/\/www.shami-shop.com\/de\/produkt\/san-no-ito-marusan-seide-14\/","og_locale":"de_DE","og_type":"article","og_title":"San no Ito | Marusan (Seide) 14-3 - Shami-Shop","og_description":"Shamisen Saiten aus Seide der Marke Marusan Hashimoto. Kaufen Sie Saiten in St\u00e4rke 14-3.","og_url":"https:\/\/www.shami-shop.com\/de\/produkt\/san-no-ito-marusan-seide-14\/","og_site_name":"Shami-Shop","article_publisher":"https:\/\/www.facebook.com\/weloveshamisen\/","article_modified_time":"2026-01-11T03:47:49+00:00","og_image":[{"width":1354,"height":1354,"url":"https:\/\/www.shami-shop.com\/wp-content\/uploads\/2023\/06\/MA-S-14-3.jpeg","type":"image\/jpeg"}],"twitter_card":"summary_large_image","twitter_misc":{"Gesch\u00e4tzte Lesezeit":"1\u00a0Minute"},"schema":{"@context":"https:\/\/schema.org","@graph":[{"@type":["WebPage","ItemPage"],"@id":"https:\/\/www.shami-shop.com\/de\/produkt\/san-no-ito-marusan-seide-14\/","url":"https:\/\/www.shami-shop.com\/de\/produkt\/san-no-ito-marusan-seide-14\/","name":"San no Ito | Marusan (Seide) 14-3 - Shami-Shop","isPartOf":{"@id":"https:\/\/www.shami-shop.com\/de\/#website"},"primaryImageOfPage":{"@id":"https:\/\/www.shami-shop.com\/de\/produkt\/san-no-ito-marusan-seide-14\/#primaryimage"},"image":{"@id":"https:\/\/www.shami-shop.com\/de\/produkt\/san-no-ito-marusan-seide-14\/#primaryimage"},"thumbnailUrl":"https:\/\/www.shami-shop.com\/wp-content\/uploads\/2023\/06\/MA-S-14-3.jpeg","datePublished":"2021-06-25T07:47:51+00:00","dateModified":"2026-01-11T03:47:49+00:00","description":"Shamisen Saiten aus Seide der Marke Marusan Hashimoto. Kaufen Sie Saiten in St\u00e4rke 14-3.","breadcrumb":{"@id":"https:\/\/www.shami-shop.com\/de\/produkt\/san-no-ito-marusan-seide-14\/#breadcrumb"},"inLanguage":"de","potentialAction":[{"@type":"ReadAction","target":["https:\/\/www.shami-shop.com\/de\/produkt\/san-no-ito-marusan-seide-14\/"]}]},{"@type":"ImageObject","inLanguage":"de","@id":"https:\/\/www.shami-shop.com\/de\/produkt\/san-no-ito-marusan-seide-14\/#primaryimage","url":"https:\/\/www.shami-shop.com\/wp-content\/uploads\/2023\/06\/MA-S-14-3.jpeg","contentUrl":"https:\/\/www.shami-shop.com\/wp-content\/uploads\/2023\/06\/MA-S-14-3.jpeg","width":1354,"height":1354},{"@type":"BreadcrumbList","@id":"https:\/\/www.shami-shop.com\/de\/produkt\/san-no-ito-marusan-seide-14\/#breadcrumb","itemListElement":[{"@type":"ListItem","position":1,"name":"Startseite","item":"https:\/\/www.shami-shop.com\/de\/"},{"@type":"ListItem","position":2,"name":"Shop","item":"https:\/\/www.shami-shop.com\/de\/shop\/"},{"@type":"ListItem","position":3,"name":"San no Ito | Marusan (Seide) 14-3"}]},{"@type":"WebSite","@id":"https:\/\/www.shami-shop.com\/de\/#website","url":"https:\/\/www.shami-shop.com\/de\/","name":"Shami-Shop","description":"Alles f\u00fcr den Shamisen-Spieler.","publisher":{"@id":"https:\/\/www.shami-shop.com\/de\/#organization"},"potentialAction":[{"@type":"SearchAction","target":{"@type":"EntryPoint","urlTemplate":"https:\/\/www.shami-shop.com\/de\/?s={search_term_string}"},"query-input":{"@type":"PropertyValueSpecification","valueRequired":true,"valueName":"search_term_string"}}],"inLanguage":"de"},{"@type":"Organization","@id":"https:\/\/www.shami-shop.com\/de\/#organization","name":"Shami-Shop","url":"https:\/\/www.shami-shop.com\/de\/","logo":{"@type":"ImageObject","inLanguage":"de","@id":"https:\/\/www.shami-shop.com\/de\/#\/schema\/logo\/image\/","url":"https:\/\/shami-shop.com\/wp-content\/uploads\/2021\/01\/Shami-Shop-Logo-1080.png","contentUrl":"https:\/\/shami-shop.com\/wp-content\/uploads\/2021\/01\/Shami-Shop-Logo-1080.png","width":1080,"height":1080,"caption":"Shami-Shop"},"image":{"@id":"https:\/\/www.shami-shop.com\/de\/#\/schema\/logo\/image\/"},"sameAs":["https:\/\/www.facebook.com\/weloveshamisen\/","https:\/\/www.instagram.com\/shamishop.europe\/"]}]}},"jetpack_sharing_enabled":true,"_links":{"self":[{"href":"https:\/\/www.shami-shop.com\/de\/wp-json\/wp\/v2\/product\/5820","targetHints":{"allow":["GET"]}}],"collection":[{"href":"https:\/\/www.shami-shop.com\/de\/wp-json\/wp\/v2\/product"}],"about":[{"href":"https:\/\/www.shami-shop.com\/de\/wp-json\/wp\/v2\/types\/product"}],"wp:featuredmedia":[{"embeddable":true,"href":"https:\/\/www.shami-shop.com\/de\/wp-json\/wp\/v2\/media\/19290"}],"wp:attachment":[{"href":"https:\/\/www.shami-shop.com\/de\/wp-json\/wp\/v2\/media?parent=5820"}],"wp:term":[{"taxonomy":"product_brand","embeddable":true,"href":"https:\/\/www.shami-shop.com\/de\/wp-json\/wp\/v2\/product_brand?post=5820"},{"taxonomy":"product_cat","embeddable":true,"href":"https:\/\/www.shami-shop.com\/de\/wp-json\/wp\/v2\/product_cat?post=5820"},{"taxonomy":"product_tag","embeddable":true,"href":"https:\/\/www.shami-shop.com\/de\/wp-json\/wp\/v2\/product_tag?post=5820"}],"curies":[{"name":"wp","href":"https:\/\/api.w.org\/{rel}","templated":true}]}}