{"id":6964,"date":"2021-07-02T20:48:04","date_gmt":"2021-07-02T19:48:04","guid":{"rendered":"https:\/\/www.shami-shop.com\/?post_type=product&#038;p=6964"},"modified":"2021-07-02T21:07:27","modified_gmt":"2021-07-02T20:07:27","slug":"bachi-clutch-04","status":"publish","type":"product","link":"https:\/\/www.shami-shop.com\/de\/produkt\/bachi-clutch-04\/","title":{"rendered":"Bachi Clutch"},"content":{"rendered":"<p>Die elegantese Art, Ihr Bachi zu sch\u00fctzen: Die Bachi-Clutch.<\/p>\n<p><strong>Was ist das?<\/strong> Bieten Sie Ihrem Bachi stilvollen Schutz mit dieser wundersch\u00f6nen H\u00fclle! Mit den traditionellen Japanischen Mustern wird Ihr Shamisen-Set noch sch\u00f6ner! Die Bachi-Clutch sieht nicht nur fantastisch aus, sie verhindert auch, dass Ihr Bachi beim Transport gef\u00e4hrlich und ziellos im Kasten herumfliegt. Zu Hause sorgt der Blickfang daf\u00fcr, dass Sie Ihr Bachi beim \u00dcben immer sofort und mit Freude ersp\u00e4hen.<\/p>\n<p><strong>Details:<\/strong> Diese Bachi Clutch ist neu und einfach nur traumhaft sch\u00f6n! Die Grundfarbe ist Zartrosa. Dar\u00fcber erstreckt sich ein stilisiertes Wassermotiv mit verschiedenen Bl\u00fcten: Sakura (Kirschbl\u00fcte), Kiku (Chrysantheme) und Ume (Pflaume). Der perfekte Schutz f\u00fcr Ihr geliebtes Bachi.<\/p>\n<p><strong>Gr\u00f6\u00dfe:<\/strong> Jiuta, Nagauta, Minyou, Tsugaru Bachi.<\/p>\n<p>&nbsp;<\/p>\n<p><strong>Abmessungen:<\/strong><\/p>\n<p>Length: 28 cm<\/p>\n<p>H\u00f6he: 15 cm<\/p>\n<p>mit Klettverschluss<\/p>\n","protected":false},"excerpt":{"rendered":"<ul>\n<li>rosa<\/li>\n<li>f\u00fcr Jiuta, Nagauta, Minyo, Tsugaru Bachi<\/li>\n<\/ul>\n<p><strong>Abmessungen:<\/strong><\/p>\n<p>Length: 28 cm<\/p>\n<p>H\u00f6he: 15 cm<\/p>\n","protected":false},"featured_media":6060,"template":"","meta":{"_et_pb_use_builder":"","_et_pb_old_content":"","_et_gb_content_width":""},"product_brand":[],"product_cat":[415,353,372],"product_tag":[164,132,176,169],"class_list":{"0":"post-6964","1":"product","2":"type-product","3":"status-publish","4":"has-post-thumbnail","6":"product_cat-aufbewahrung-und-pflege","7":"product_cat-bachi-aufbewahrung","8":"product_cat-bachi-clutch","9":"product_tag-jiuta-de","10":"product_tag-minyo-de","11":"product_tag-nagauta-de","12":"product_tag-tsugaru-de","13":"product_shipping_class-maxibrief-de","15":"first","16":"outofstock","17":"sold-individually","18":"shipping-taxable","19":"purchasable","20":"product-type-simple"},"yoast_head":"<!-- This site is optimized with the Yoast SEO plugin v26.9 - https:\/\/yoast.com\/product\/yoast-seo-wordpress\/ -->\n<title>Bachi Clutch - Shami-Shop<\/title>\n<meta name=\"description\" content=\"Bieten Sie Ihrem Bachi stilvollen Schutz mit einer wundersch\u00f6nen Bachi-Clutch! Passend f\u00fcr Nagauta, Minyo und Tsugaru Bachi. Lieferung direkt aus Berlin.\" \/>\n<meta name=\"robots\" content=\"index, follow, max-snippet:-1, max-image-preview:large, max-video-preview:-1\" \/>\n<link rel=\"canonical\" href=\"https:\/\/www.shami-shop.com\/de\/produkt\/bachi-clutch-04\/\" \/>\n<meta property=\"og:locale\" content=\"de_DE\" \/>\n<meta property=\"og:type\" content=\"article\" \/>\n<meta property=\"og:title\" content=\"Bachi Clutch - Shami-Shop\" \/>\n<meta property=\"og:description\" content=\"Bieten Sie Ihrem Bachi stilvollen Schutz mit einer wundersch\u00f6nen Bachi-Clutch! Passend f\u00fcr Nagauta, Minyo und Tsugaru Bachi. Lieferung direkt aus Berlin.\" \/>\n<meta property=\"og:url\" content=\"https:\/\/www.shami-shop.com\/de\/produkt\/bachi-clutch-04\/\" \/>\n<meta property=\"og:site_name\" content=\"Shami-Shop\" \/>\n<meta property=\"article:publisher\" content=\"https:\/\/www.facebook.com\/weloveshamisen\/\" \/>\n<meta property=\"article:modified_time\" content=\"2021-07-02T20:07:27+00:00\" \/>\n<meta property=\"og:image\" content=\"https:\/\/www.shami-shop.com\/wp-content\/uploads\/2021\/06\/BC-04-c.png\" \/>\n\t<meta property=\"og:image:width\" content=\"1080\" \/>\n\t<meta property=\"og:image:height\" content=\"720\" \/>\n\t<meta property=\"og:image:type\" content=\"image\/png\" \/>\n<meta name=\"twitter:card\" content=\"summary_large_image\" \/>\n<meta name=\"twitter:label1\" content=\"Gesch\u00e4tzte Lesezeit\" \/>\n\t<meta name=\"twitter:data1\" content=\"1\u00a0Minute\" \/>\n<script type=\"application\/ld+json\" class=\"yoast-schema-graph\">{\"@context\":\"https:\/\/schema.org\",\"@graph\":[{\"@type\":[\"WebPage\",\"ItemPage\"],\"@id\":\"https:\/\/www.shami-shop.com\/de\/produkt\/bachi-clutch-04\/\",\"url\":\"https:\/\/www.shami-shop.com\/de\/produkt\/bachi-clutch-04\/\",\"name\":\"Bachi Clutch - Shami-Shop\",\"isPartOf\":{\"@id\":\"https:\/\/www.shami-shop.com\/de\/#website\"},\"primaryImageOfPage\":{\"@id\":\"https:\/\/www.shami-shop.com\/de\/produkt\/bachi-clutch-04\/#primaryimage\"},\"image\":{\"@id\":\"https:\/\/www.shami-shop.com\/de\/produkt\/bachi-clutch-04\/#primaryimage\"},\"thumbnailUrl\":\"https:\/\/www.shami-shop.com\/wp-content\/uploads\/2021\/06\/BC-04-c.png\",\"datePublished\":\"2021-07-02T19:48:04+00:00\",\"dateModified\":\"2021-07-02T20:07:27+00:00\",\"description\":\"Bieten Sie Ihrem Bachi stilvollen Schutz mit einer wundersch\u00f6nen Bachi-Clutch! Passend f\u00fcr Nagauta, Minyo und Tsugaru Bachi. Lieferung direkt aus Berlin.\",\"breadcrumb\":{\"@id\":\"https:\/\/www.shami-shop.com\/de\/produkt\/bachi-clutch-04\/#breadcrumb\"},\"inLanguage\":\"de\",\"potentialAction\":[{\"@type\":\"ReadAction\",\"target\":[\"https:\/\/www.shami-shop.com\/de\/produkt\/bachi-clutch-04\/\"]}]},{\"@type\":\"ImageObject\",\"inLanguage\":\"de\",\"@id\":\"https:\/\/www.shami-shop.com\/de\/produkt\/bachi-clutch-04\/#primaryimage\",\"url\":\"https:\/\/www.shami-shop.com\/wp-content\/uploads\/2021\/06\/BC-04-c.png\",\"contentUrl\":\"https:\/\/www.shami-shop.com\/wp-content\/uploads\/2021\/06\/BC-04-c.png\",\"width\":1080,\"height\":720},{\"@type\":\"BreadcrumbList\",\"@id\":\"https:\/\/www.shami-shop.com\/de\/produkt\/bachi-clutch-04\/#breadcrumb\",\"itemListElement\":[{\"@type\":\"ListItem\",\"position\":1,\"name\":\"Startseite\",\"item\":\"https:\/\/www.shami-shop.com\/de\/\"},{\"@type\":\"ListItem\",\"position\":2,\"name\":\"Shop\",\"item\":\"https:\/\/www.shami-shop.com\/de\/shop\/\"},{\"@type\":\"ListItem\",\"position\":3,\"name\":\"Bachi Clutch\"}]},{\"@type\":\"WebSite\",\"@id\":\"https:\/\/www.shami-shop.com\/de\/#website\",\"url\":\"https:\/\/www.shami-shop.com\/de\/\",\"name\":\"Shami-Shop\",\"description\":\"Alles f\u00fcr den Shamisen-Spieler.\",\"publisher\":{\"@id\":\"https:\/\/www.shami-shop.com\/de\/#organization\"},\"potentialAction\":[{\"@type\":\"SearchAction\",\"target\":{\"@type\":\"EntryPoint\",\"urlTemplate\":\"https:\/\/www.shami-shop.com\/de\/?s={search_term_string}\"},\"query-input\":{\"@type\":\"PropertyValueSpecification\",\"valueRequired\":true,\"valueName\":\"search_term_string\"}}],\"inLanguage\":\"de\"},{\"@type\":\"Organization\",\"@id\":\"https:\/\/www.shami-shop.com\/de\/#organization\",\"name\":\"Shami-Shop\",\"url\":\"https:\/\/www.shami-shop.com\/de\/\",\"logo\":{\"@type\":\"ImageObject\",\"inLanguage\":\"de\",\"@id\":\"https:\/\/www.shami-shop.com\/de\/#\/schema\/logo\/image\/\",\"url\":\"https:\/\/shami-shop.com\/wp-content\/uploads\/2021\/01\/Shami-Shop-Logo-1080.png\",\"contentUrl\":\"https:\/\/shami-shop.com\/wp-content\/uploads\/2021\/01\/Shami-Shop-Logo-1080.png\",\"width\":1080,\"height\":1080,\"caption\":\"Shami-Shop\"},\"image\":{\"@id\":\"https:\/\/www.shami-shop.com\/de\/#\/schema\/logo\/image\/\"},\"sameAs\":[\"https:\/\/www.facebook.com\/weloveshamisen\/\",\"https:\/\/www.instagram.com\/shamishop.europe\/\"]}]}<\/script>\n<!-- \/ Yoast SEO plugin. -->","yoast_head_json":{"title":"Bachi Clutch - Shami-Shop","description":"Bieten Sie Ihrem Bachi stilvollen Schutz mit einer wundersch\u00f6nen Bachi-Clutch! Passend f\u00fcr Nagauta, Minyo und Tsugaru Bachi. Lieferung direkt aus Berlin.","robots":{"index":"index","follow":"follow","max-snippet":"max-snippet:-1","max-image-preview":"max-image-preview:large","max-video-preview":"max-video-preview:-1"},"canonical":"https:\/\/www.shami-shop.com\/de\/produkt\/bachi-clutch-04\/","og_locale":"de_DE","og_type":"article","og_title":"Bachi Clutch - Shami-Shop","og_description":"Bieten Sie Ihrem Bachi stilvollen Schutz mit einer wundersch\u00f6nen Bachi-Clutch! Passend f\u00fcr Nagauta, Minyo und Tsugaru Bachi. Lieferung direkt aus Berlin.","og_url":"https:\/\/www.shami-shop.com\/de\/produkt\/bachi-clutch-04\/","og_site_name":"Shami-Shop","article_publisher":"https:\/\/www.facebook.com\/weloveshamisen\/","article_modified_time":"2021-07-02T20:07:27+00:00","og_image":[{"width":1080,"height":720,"url":"https:\/\/www.shami-shop.com\/wp-content\/uploads\/2021\/06\/BC-04-c.png","type":"image\/png"}],"twitter_card":"summary_large_image","twitter_misc":{"Gesch\u00e4tzte Lesezeit":"1\u00a0Minute"},"schema":{"@context":"https:\/\/schema.org","@graph":[{"@type":["WebPage","ItemPage"],"@id":"https:\/\/www.shami-shop.com\/de\/produkt\/bachi-clutch-04\/","url":"https:\/\/www.shami-shop.com\/de\/produkt\/bachi-clutch-04\/","name":"Bachi Clutch - Shami-Shop","isPartOf":{"@id":"https:\/\/www.shami-shop.com\/de\/#website"},"primaryImageOfPage":{"@id":"https:\/\/www.shami-shop.com\/de\/produkt\/bachi-clutch-04\/#primaryimage"},"image":{"@id":"https:\/\/www.shami-shop.com\/de\/produkt\/bachi-clutch-04\/#primaryimage"},"thumbnailUrl":"https:\/\/www.shami-shop.com\/wp-content\/uploads\/2021\/06\/BC-04-c.png","datePublished":"2021-07-02T19:48:04+00:00","dateModified":"2021-07-02T20:07:27+00:00","description":"Bieten Sie Ihrem Bachi stilvollen Schutz mit einer wundersch\u00f6nen Bachi-Clutch! Passend f\u00fcr Nagauta, Minyo und Tsugaru Bachi. Lieferung direkt aus Berlin.","breadcrumb":{"@id":"https:\/\/www.shami-shop.com\/de\/produkt\/bachi-clutch-04\/#breadcrumb"},"inLanguage":"de","potentialAction":[{"@type":"ReadAction","target":["https:\/\/www.shami-shop.com\/de\/produkt\/bachi-clutch-04\/"]}]},{"@type":"ImageObject","inLanguage":"de","@id":"https:\/\/www.shami-shop.com\/de\/produkt\/bachi-clutch-04\/#primaryimage","url":"https:\/\/www.shami-shop.com\/wp-content\/uploads\/2021\/06\/BC-04-c.png","contentUrl":"https:\/\/www.shami-shop.com\/wp-content\/uploads\/2021\/06\/BC-04-c.png","width":1080,"height":720},{"@type":"BreadcrumbList","@id":"https:\/\/www.shami-shop.com\/de\/produkt\/bachi-clutch-04\/#breadcrumb","itemListElement":[{"@type":"ListItem","position":1,"name":"Startseite","item":"https:\/\/www.shami-shop.com\/de\/"},{"@type":"ListItem","position":2,"name":"Shop","item":"https:\/\/www.shami-shop.com\/de\/shop\/"},{"@type":"ListItem","position":3,"name":"Bachi Clutch"}]},{"@type":"WebSite","@id":"https:\/\/www.shami-shop.com\/de\/#website","url":"https:\/\/www.shami-shop.com\/de\/","name":"Shami-Shop","description":"Alles f\u00fcr den Shamisen-Spieler.","publisher":{"@id":"https:\/\/www.shami-shop.com\/de\/#organization"},"potentialAction":[{"@type":"SearchAction","target":{"@type":"EntryPoint","urlTemplate":"https:\/\/www.shami-shop.com\/de\/?s={search_term_string}"},"query-input":{"@type":"PropertyValueSpecification","valueRequired":true,"valueName":"search_term_string"}}],"inLanguage":"de"},{"@type":"Organization","@id":"https:\/\/www.shami-shop.com\/de\/#organization","name":"Shami-Shop","url":"https:\/\/www.shami-shop.com\/de\/","logo":{"@type":"ImageObject","inLanguage":"de","@id":"https:\/\/www.shami-shop.com\/de\/#\/schema\/logo\/image\/","url":"https:\/\/shami-shop.com\/wp-content\/uploads\/2021\/01\/Shami-Shop-Logo-1080.png","contentUrl":"https:\/\/shami-shop.com\/wp-content\/uploads\/2021\/01\/Shami-Shop-Logo-1080.png","width":1080,"height":1080,"caption":"Shami-Shop"},"image":{"@id":"https:\/\/www.shami-shop.com\/de\/#\/schema\/logo\/image\/"},"sameAs":["https:\/\/www.facebook.com\/weloveshamisen\/","https:\/\/www.instagram.com\/shamishop.europe\/"]}]}},"jetpack_sharing_enabled":true,"_links":{"self":[{"href":"https:\/\/www.shami-shop.com\/de\/wp-json\/wp\/v2\/product\/6964","targetHints":{"allow":["GET"]}}],"collection":[{"href":"https:\/\/www.shami-shop.com\/de\/wp-json\/wp\/v2\/product"}],"about":[{"href":"https:\/\/www.shami-shop.com\/de\/wp-json\/wp\/v2\/types\/product"}],"wp:featuredmedia":[{"embeddable":true,"href":"https:\/\/www.shami-shop.com\/de\/wp-json\/wp\/v2\/media\/6060"}],"wp:attachment":[{"href":"https:\/\/www.shami-shop.com\/de\/wp-json\/wp\/v2\/media?parent=6964"}],"wp:term":[{"taxonomy":"product_brand","embeddable":true,"href":"https:\/\/www.shami-shop.com\/de\/wp-json\/wp\/v2\/product_brand?post=6964"},{"taxonomy":"product_cat","embeddable":true,"href":"https:\/\/www.shami-shop.com\/de\/wp-json\/wp\/v2\/product_cat?post=6964"},{"taxonomy":"product_tag","embeddable":true,"href":"https:\/\/www.shami-shop.com\/de\/wp-json\/wp\/v2\/product_tag?post=6964"}],"curies":[{"name":"wp","href":"https:\/\/api.w.org\/{rel}","templated":true}]}}