{"id":6978,"date":"2021-07-03T08:04:18","date_gmt":"2021-07-03T07:04:19","guid":{"rendered":"https:\/\/www.shami-shop.com\/?post_type=product&#038;p=6978"},"modified":"2021-07-03T08:13:40","modified_gmt":"2021-07-03T07:13:40","slug":"tsugaru-koma-67","status":"publish","type":"product","link":"https:\/\/www.shami-shop.com\/de\/produkt\/tsugaru-koma-67\/","title":{"rendered":"Tsugaru Koma | Bambus mit Knochensattel"},"content":{"rendered":"<p data-pm-slice=\"1 1 []\">Dieses Bambus-Koma eignet sich f\u00fcr&#8217;s Spielen im Tsugaru-Stil. Koma f\u00fcr Tsugaru-Stil sind flacher und schmaler als Koma f\u00fcr andere Stile. Das macht es leichter, durch die Saiten hindurch bis auf die Haut zu schlagen. Sie werden auch f\u00fcr Minyo Stil benutzt.<\/p>\n<p data-pm-slice=\"1 1 []\">Dieses Koma hat einen Knochensattel, der f\u00fcr einen klaren und knackigen Klang sorgt. Es ist verh\u00e4ltnism\u00e4\u00dfig kurz und schmal, was den Klang noch knackiger macht.<\/p>\n<p data-pm-slice=\"1 1 []\"><strong>Was ist ein Koma?<\/strong> Das Koma ist die herausnehmbare Br\u00fccke, die die Saiten \u00fcber der Haut des Korpus (Dou) hebt. Koma werden aus verschiedenen Materialien gefertigt und variieren in Breite, L\u00e4nge und H\u00f6he. Diese Parameter bestimmen den Einfluss des Koma auf den Klang der Shamisen. Mit der Wahl des richtigen Koma kann der Klang des Instruments nach den eigenen Idealvorstellungen fein modifiziert werden.<\/p>\n<p><strong>Wie man das Koma richtig benutzt:<\/strong> Das Koma wird ca. 3 Finger breit entfernt vom Neo-Knoten platziert. Um es unter die Saiten zu schieben, hebt man am besten alle Saiten mit einem Finger an und schiebt das Koma dann in einer schnellen Bewegung mit m\u00f6glichst wenig Widerstand an die gew\u00fcnschte Stelle. Wenn es an der richtigen Stele sitzt, l\u00e4sst man die Saiten in die Vertiefungen gleiten. <a href=\"https:\/\/youtu.be\/C_cLt2q4yAE\" target=\"_blank\" rel=\"noopener\">Hier entlang geht es zu einem kurzen Anleitungsvideo: https:\/\/youtu.be\/QWDsqLcu9mQ<\/a><\/p>\n<p>Nach dem Spielen muss das Koma entfernt werden, damit die Haut auf dem Dou m\u00f6glichst lange eine hohe Spannkraft beh\u00e4lt. Um das Koma zu entfernen, geht man genau so vor wie beim Einsetzen des Komas. Hier gibt es ein kurzes Anleitungsvideo dazu: https:\/\/youtu.be\/96rXXmaVF78 <a href=\"https:\/\/youtu.be\/yRlxbngCdz0\" target=\"_blank\" rel=\"noopener\">.<\/a><\/p>\n<p>&nbsp;<\/p>\n<p><strong>Abmessungen:<\/strong><\/p>\n<p data-pm-slice=\"1 1 []\">L\u00e4nge: 62 mm<\/p>\n<p data-pm-slice=\"1 1 []\">Breite: 6,5 mm<\/p>\n<p data-pm-slice=\"1 1 []\">H\u00f6he: 8 mm<\/p>\n<p data-pm-slice=\"1 1 []\">Gewicht: 0,9 g<\/p>\n","protected":false},"excerpt":{"rendered":"<p data-pm-slice=\"1 1 []\"><strong>Stil:<\/strong> Tsugaru<\/p>\n<p data-pm-slice=\"1 1 []\"><strong>Material:<\/strong> Bambus mit Knochensattel<\/p>\n<p><strong>Klang:<\/strong> Hell und klar.<\/p>\n<p>&nbsp;<\/p>\n<p><strong>Abmessungen:<\/strong><\/p>\n<p data-pm-slice=\"1 1 []\">L\u00e4nge: 62 mm<\/p>\n<p data-pm-slice=\"1 1 []\">Breite: 6,5 mm<\/p>\n<p data-pm-slice=\"1 1 []\">H\u00f6he: 8 mm<\/p>\n<p data-pm-slice=\"1 1 []\">Gewicht: 0,9 g<\/p>\n","protected":false},"featured_media":6760,"template":"","meta":{"_et_pb_use_builder":"","_et_pb_old_content":"","_et_gb_content_width":""},"product_brand":[],"product_cat":[137,377],"product_tag":[153,154,165,169],"class_list":{"0":"post-6978","1":"product","2":"type-product","3":"status-publish","4":"has-post-thumbnail","6":"product_cat-koma-de","7":"product_cat-koma-tsugaru-de","8":"product_tag-bambus","9":"product_tag-knochen","10":"product_tag-koma-de","11":"product_tag-tsugaru-de","12":"product_shipping_class-maxibrief-de","14":"first","15":"outofstock","16":"sold-individually","17":"purchasable","18":"product-type-simple"},"yoast_head":"<!-- This site is optimized with the Yoast SEO plugin v26.9 - https:\/\/yoast.com\/product\/yoast-seo-wordpress\/ -->\n<title>Tsugaru Koma | Bambus mit Knochensattel - Shami-Shop<\/title>\n<meta name=\"description\" content=\"Koma f\u00fcr Tsugaru Stil aus Bambus mit Knochensattel. Klarer und ausgewogener Ton.\" \/>\n<meta name=\"robots\" content=\"index, follow, max-snippet:-1, max-image-preview:large, max-video-preview:-1\" \/>\n<link rel=\"canonical\" href=\"https:\/\/www.shami-shop.com\/de\/produkt\/tsugaru-koma-67\/\" \/>\n<meta property=\"og:locale\" content=\"de_DE\" \/>\n<meta property=\"og:type\" content=\"article\" \/>\n<meta property=\"og:title\" content=\"Tsugaru Koma | Bambus mit Knochensattel - Shami-Shop\" \/>\n<meta property=\"og:description\" content=\"Koma f\u00fcr Tsugaru Stil aus Bambus mit Knochensattel. Klarer und ausgewogener Ton.\" \/>\n<meta property=\"og:url\" content=\"https:\/\/www.shami-shop.com\/de\/produkt\/tsugaru-koma-67\/\" \/>\n<meta property=\"og:site_name\" content=\"Shami-Shop\" \/>\n<meta property=\"article:publisher\" content=\"https:\/\/www.facebook.com\/weloveshamisen\/\" \/>\n<meta property=\"article:modified_time\" content=\"2021-07-03T07:13:40+00:00\" \/>\n<meta property=\"og:image\" content=\"https:\/\/www.shami-shop.com\/wp-content\/uploads\/2021\/07\/KO-67-c.png\" \/>\n\t<meta property=\"og:image:width\" content=\"1080\" \/>\n\t<meta property=\"og:image:height\" content=\"720\" \/>\n\t<meta property=\"og:image:type\" content=\"image\/png\" \/>\n<meta name=\"twitter:card\" content=\"summary_large_image\" \/>\n<meta name=\"twitter:label1\" content=\"Gesch\u00e4tzte Lesezeit\" \/>\n\t<meta name=\"twitter:data1\" content=\"1\u00a0Minute\" \/>\n<script type=\"application\/ld+json\" class=\"yoast-schema-graph\">{\"@context\":\"https:\/\/schema.org\",\"@graph\":[{\"@type\":[\"WebPage\",\"ItemPage\"],\"@id\":\"https:\/\/www.shami-shop.com\/de\/produkt\/tsugaru-koma-67\/\",\"url\":\"https:\/\/www.shami-shop.com\/de\/produkt\/tsugaru-koma-67\/\",\"name\":\"Tsugaru Koma | Bambus mit Knochensattel - Shami-Shop\",\"isPartOf\":{\"@id\":\"https:\/\/www.shami-shop.com\/de\/#website\"},\"primaryImageOfPage\":{\"@id\":\"https:\/\/www.shami-shop.com\/de\/produkt\/tsugaru-koma-67\/#primaryimage\"},\"image\":{\"@id\":\"https:\/\/www.shami-shop.com\/de\/produkt\/tsugaru-koma-67\/#primaryimage\"},\"thumbnailUrl\":\"https:\/\/www.shami-shop.com\/wp-content\/uploads\/2021\/07\/KO-67-c.png\",\"datePublished\":\"2021-07-03T07:04:19+00:00\",\"dateModified\":\"2021-07-03T07:13:40+00:00\",\"description\":\"Koma f\u00fcr Tsugaru Stil aus Bambus mit Knochensattel. Klarer und ausgewogener Ton.\",\"breadcrumb\":{\"@id\":\"https:\/\/www.shami-shop.com\/de\/produkt\/tsugaru-koma-67\/#breadcrumb\"},\"inLanguage\":\"de\",\"potentialAction\":[{\"@type\":\"ReadAction\",\"target\":[\"https:\/\/www.shami-shop.com\/de\/produkt\/tsugaru-koma-67\/\"]}]},{\"@type\":\"ImageObject\",\"inLanguage\":\"de\",\"@id\":\"https:\/\/www.shami-shop.com\/de\/produkt\/tsugaru-koma-67\/#primaryimage\",\"url\":\"https:\/\/www.shami-shop.com\/wp-content\/uploads\/2021\/07\/KO-67-c.png\",\"contentUrl\":\"https:\/\/www.shami-shop.com\/wp-content\/uploads\/2021\/07\/KO-67-c.png\",\"width\":1080,\"height\":720,\"caption\":\"tsugaru shamisen bamboo bone koma\"},{\"@type\":\"BreadcrumbList\",\"@id\":\"https:\/\/www.shami-shop.com\/de\/produkt\/tsugaru-koma-67\/#breadcrumb\",\"itemListElement\":[{\"@type\":\"ListItem\",\"position\":1,\"name\":\"Startseite\",\"item\":\"https:\/\/www.shami-shop.com\/de\/\"},{\"@type\":\"ListItem\",\"position\":2,\"name\":\"Shop\",\"item\":\"https:\/\/www.shami-shop.com\/de\/shop\/\"},{\"@type\":\"ListItem\",\"position\":3,\"name\":\"Tsugaru Koma | Bambus mit Knochensattel\"}]},{\"@type\":\"WebSite\",\"@id\":\"https:\/\/www.shami-shop.com\/de\/#website\",\"url\":\"https:\/\/www.shami-shop.com\/de\/\",\"name\":\"Shami-Shop\",\"description\":\"Alles f\u00fcr den Shamisen-Spieler.\",\"publisher\":{\"@id\":\"https:\/\/www.shami-shop.com\/de\/#organization\"},\"potentialAction\":[{\"@type\":\"SearchAction\",\"target\":{\"@type\":\"EntryPoint\",\"urlTemplate\":\"https:\/\/www.shami-shop.com\/de\/?s={search_term_string}\"},\"query-input\":{\"@type\":\"PropertyValueSpecification\",\"valueRequired\":true,\"valueName\":\"search_term_string\"}}],\"inLanguage\":\"de\"},{\"@type\":\"Organization\",\"@id\":\"https:\/\/www.shami-shop.com\/de\/#organization\",\"name\":\"Shami-Shop\",\"url\":\"https:\/\/www.shami-shop.com\/de\/\",\"logo\":{\"@type\":\"ImageObject\",\"inLanguage\":\"de\",\"@id\":\"https:\/\/www.shami-shop.com\/de\/#\/schema\/logo\/image\/\",\"url\":\"https:\/\/shami-shop.com\/wp-content\/uploads\/2021\/01\/Shami-Shop-Logo-1080.png\",\"contentUrl\":\"https:\/\/shami-shop.com\/wp-content\/uploads\/2021\/01\/Shami-Shop-Logo-1080.png\",\"width\":1080,\"height\":1080,\"caption\":\"Shami-Shop\"},\"image\":{\"@id\":\"https:\/\/www.shami-shop.com\/de\/#\/schema\/logo\/image\/\"},\"sameAs\":[\"https:\/\/www.facebook.com\/weloveshamisen\/\",\"https:\/\/www.instagram.com\/shamishop.europe\/\"]}]}<\/script>\n<!-- \/ Yoast SEO plugin. -->","yoast_head_json":{"title":"Tsugaru Koma | Bambus mit Knochensattel - Shami-Shop","description":"Koma f\u00fcr Tsugaru Stil aus Bambus mit Knochensattel. Klarer und ausgewogener Ton.","robots":{"index":"index","follow":"follow","max-snippet":"max-snippet:-1","max-image-preview":"max-image-preview:large","max-video-preview":"max-video-preview:-1"},"canonical":"https:\/\/www.shami-shop.com\/de\/produkt\/tsugaru-koma-67\/","og_locale":"de_DE","og_type":"article","og_title":"Tsugaru Koma | Bambus mit Knochensattel - Shami-Shop","og_description":"Koma f\u00fcr Tsugaru Stil aus Bambus mit Knochensattel. Klarer und ausgewogener Ton.","og_url":"https:\/\/www.shami-shop.com\/de\/produkt\/tsugaru-koma-67\/","og_site_name":"Shami-Shop","article_publisher":"https:\/\/www.facebook.com\/weloveshamisen\/","article_modified_time":"2021-07-03T07:13:40+00:00","og_image":[{"width":1080,"height":720,"url":"https:\/\/www.shami-shop.com\/wp-content\/uploads\/2021\/07\/KO-67-c.png","type":"image\/png"}],"twitter_card":"summary_large_image","twitter_misc":{"Gesch\u00e4tzte Lesezeit":"1\u00a0Minute"},"schema":{"@context":"https:\/\/schema.org","@graph":[{"@type":["WebPage","ItemPage"],"@id":"https:\/\/www.shami-shop.com\/de\/produkt\/tsugaru-koma-67\/","url":"https:\/\/www.shami-shop.com\/de\/produkt\/tsugaru-koma-67\/","name":"Tsugaru Koma | Bambus mit Knochensattel - Shami-Shop","isPartOf":{"@id":"https:\/\/www.shami-shop.com\/de\/#website"},"primaryImageOfPage":{"@id":"https:\/\/www.shami-shop.com\/de\/produkt\/tsugaru-koma-67\/#primaryimage"},"image":{"@id":"https:\/\/www.shami-shop.com\/de\/produkt\/tsugaru-koma-67\/#primaryimage"},"thumbnailUrl":"https:\/\/www.shami-shop.com\/wp-content\/uploads\/2021\/07\/KO-67-c.png","datePublished":"2021-07-03T07:04:19+00:00","dateModified":"2021-07-03T07:13:40+00:00","description":"Koma f\u00fcr Tsugaru Stil aus Bambus mit Knochensattel. Klarer und ausgewogener Ton.","breadcrumb":{"@id":"https:\/\/www.shami-shop.com\/de\/produkt\/tsugaru-koma-67\/#breadcrumb"},"inLanguage":"de","potentialAction":[{"@type":"ReadAction","target":["https:\/\/www.shami-shop.com\/de\/produkt\/tsugaru-koma-67\/"]}]},{"@type":"ImageObject","inLanguage":"de","@id":"https:\/\/www.shami-shop.com\/de\/produkt\/tsugaru-koma-67\/#primaryimage","url":"https:\/\/www.shami-shop.com\/wp-content\/uploads\/2021\/07\/KO-67-c.png","contentUrl":"https:\/\/www.shami-shop.com\/wp-content\/uploads\/2021\/07\/KO-67-c.png","width":1080,"height":720,"caption":"tsugaru shamisen bamboo bone koma"},{"@type":"BreadcrumbList","@id":"https:\/\/www.shami-shop.com\/de\/produkt\/tsugaru-koma-67\/#breadcrumb","itemListElement":[{"@type":"ListItem","position":1,"name":"Startseite","item":"https:\/\/www.shami-shop.com\/de\/"},{"@type":"ListItem","position":2,"name":"Shop","item":"https:\/\/www.shami-shop.com\/de\/shop\/"},{"@type":"ListItem","position":3,"name":"Tsugaru Koma | Bambus mit Knochensattel"}]},{"@type":"WebSite","@id":"https:\/\/www.shami-shop.com\/de\/#website","url":"https:\/\/www.shami-shop.com\/de\/","name":"Shami-Shop","description":"Alles f\u00fcr den Shamisen-Spieler.","publisher":{"@id":"https:\/\/www.shami-shop.com\/de\/#organization"},"potentialAction":[{"@type":"SearchAction","target":{"@type":"EntryPoint","urlTemplate":"https:\/\/www.shami-shop.com\/de\/?s={search_term_string}"},"query-input":{"@type":"PropertyValueSpecification","valueRequired":true,"valueName":"search_term_string"}}],"inLanguage":"de"},{"@type":"Organization","@id":"https:\/\/www.shami-shop.com\/de\/#organization","name":"Shami-Shop","url":"https:\/\/www.shami-shop.com\/de\/","logo":{"@type":"ImageObject","inLanguage":"de","@id":"https:\/\/www.shami-shop.com\/de\/#\/schema\/logo\/image\/","url":"https:\/\/shami-shop.com\/wp-content\/uploads\/2021\/01\/Shami-Shop-Logo-1080.png","contentUrl":"https:\/\/shami-shop.com\/wp-content\/uploads\/2021\/01\/Shami-Shop-Logo-1080.png","width":1080,"height":1080,"caption":"Shami-Shop"},"image":{"@id":"https:\/\/www.shami-shop.com\/de\/#\/schema\/logo\/image\/"},"sameAs":["https:\/\/www.facebook.com\/weloveshamisen\/","https:\/\/www.instagram.com\/shamishop.europe\/"]}]}},"jetpack_sharing_enabled":true,"_links":{"self":[{"href":"https:\/\/www.shami-shop.com\/de\/wp-json\/wp\/v2\/product\/6978","targetHints":{"allow":["GET"]}}],"collection":[{"href":"https:\/\/www.shami-shop.com\/de\/wp-json\/wp\/v2\/product"}],"about":[{"href":"https:\/\/www.shami-shop.com\/de\/wp-json\/wp\/v2\/types\/product"}],"wp:featuredmedia":[{"embeddable":true,"href":"https:\/\/www.shami-shop.com\/de\/wp-json\/wp\/v2\/media\/6760"}],"wp:attachment":[{"href":"https:\/\/www.shami-shop.com\/de\/wp-json\/wp\/v2\/media?parent=6978"}],"wp:term":[{"taxonomy":"product_brand","embeddable":true,"href":"https:\/\/www.shami-shop.com\/de\/wp-json\/wp\/v2\/product_brand?post=6978"},{"taxonomy":"product_cat","embeddable":true,"href":"https:\/\/www.shami-shop.com\/de\/wp-json\/wp\/v2\/product_cat?post=6978"},{"taxonomy":"product_tag","embeddable":true,"href":"https:\/\/www.shami-shop.com\/de\/wp-json\/wp\/v2\/product_tag?post=6978"}],"curies":[{"name":"wp","href":"https:\/\/api.w.org\/{rel}","templated":true}]}}