{"id":7297,"date":"2021-07-05T20:51:41","date_gmt":"2021-07-05T19:51:42","guid":{"rendered":"https:\/\/www.shami-shop.com\/?post_type=product&#038;p=7297"},"modified":"2024-03-12T12:37:08","modified_gmt":"2024-03-12T11:37:08","slug":"nagabukuro-01","status":"publish","type":"product","link":"https:\/\/www.shami-shop.com\/de\/produkt\/nagabukuro-01\/","title":{"rendered":"Nagabukuro | Hosozao"},"content":{"rendered":"<p data-pm-slice=\"1 1 []\">Dieses gebrauchte Nagabukuro hat innen Verf\u00e4rbungen (siehe Foto). Es wird Ihr Instrument gl\u00fccklich und staubfrei halten. Das Violett ist sehr intensiv und wirklich sch\u00f6n. Eine sehr klassische Farbwahl in Japan.<\/p>\n<p data-pm-slice=\"1 1 []\"><strong>Was ist das? <\/strong>Das Nagabukuro ist eine weiche H\u00fclle, in die die Shamisen eingewickelt wird, um sie vor Staub und zu Hause oder im Koffer herumfliegenden Teilen zu sch\u00fctzen. Es ist keine Transporttasche (falls Sie danach suchen, schauen Sie sich die <em>Gigbags<\/em> und <em>Koffer <\/em>an).<\/p>\n<p data-pm-slice=\"1 1 []\">Das Nagabukuro ist eine rechteckige H\u00fclle aus Stoff mit einer \u00d6ffnung \u00fcber zwei Drittel der langen Seite und einem langen Band zum Zuschn\u00fcren. Wenn man das Instrument nach dem Spielen weglegt, wird es in das Nagabukuro geh\u00fcllt.<\/p>\n<p data-pm-slice=\"1 1 []\"><strong>So wird es benutzt:<\/strong> Stecken Sie Ihre Shamisen seitlich mitsamt der <a href=\"https:\/\/www.shami-shop.com\/product\/washi-bag-small\/\">Washi-H\u00fclle<\/a>, sofern Sie eine haben, durch die lange \u00d6ffnung so in das Nagabukuro, dass der Dou im geschlossenen Ende steckt. Schieben Sie den Hals und den Tenjin hinterher, bis das Instrument komplett von der H\u00fclle bedeckt ist. Drehen Sie die \u00d6ffnung am Tenjin zur Vorderseite des Tenjin. Der obere Teil sollte jetzt aussehen wie eine kleine Kapuze! Klappen Sie die abstehenden Stoffst\u00fccke nach innen (es sollte dann aussehen wie ein kleiner Bademantel) und wickeln Sie die lange Schnur um den Hals in Richtung Tenjin. Wenn das Band sehr lang ist, k\u00f6nnen Sie es \u00fcber Kreuz ein St\u00fcck zur\u00fcckf\u00fchren. Stecken Sie das Ende vom Band unter &#8211; fertig!<\/p>\n","protected":false},"excerpt":{"rendered":"<p data-pm-slice=\"1 1 []\">Nagabukuro H\u00fclle f\u00fcr Hosozao Shamisen.<\/p>\n<ul>\n<li>Farbe: Violett<\/li>\n<li>Stoff au\u00dfen: synthetischer Satin<\/li>\n<li>Innenfutter: Molton<\/li>\n<li>Breite: 31 cm<\/li>\n<\/ul>\n<p>&nbsp;<\/p>\n","protected":false},"featured_media":18929,"template":"","meta":{"_et_pb_use_builder":"","_et_pb_old_content":"","_et_gb_content_width":""},"product_brand":[],"product_cat":[141],"product_tag":[342,233,443],"class_list":{"0":"post-7297","1":"product","2":"type-product","3":"status-publish","4":"has-post-thumbnail","6":"product_cat-nagabukuro-de","7":"product_tag-chuuzao-de","8":"product_tag-hosozao-de","9":"product_tag-used-de","10":"product_shipping_class-paket-m-2kg-de","12":"first","13":"outofstock","14":"sold-individually","15":"purchasable","16":"product-type-simple"},"yoast_head":"<!-- This site is optimized with the Yoast SEO plugin v26.9 - https:\/\/yoast.com\/product\/yoast-seo-wordpress\/ -->\n<title>Nagabukuro | Hosozao - Shami-Shop<\/title>\n<meta name=\"description\" content=\"Original japanisches Nagabukuro f\u00fcr Shamisen. Damit Ihre Shamisen es kuschelig und sicher hat. Versand direkt aus Berlin.\" \/>\n<meta name=\"robots\" content=\"index, follow, max-snippet:-1, max-image-preview:large, max-video-preview:-1\" \/>\n<link rel=\"canonical\" href=\"https:\/\/www.shami-shop.com\/de\/produkt\/nagabukuro-01\/\" \/>\n<meta property=\"og:locale\" content=\"de_DE\" \/>\n<meta property=\"og:type\" content=\"article\" \/>\n<meta property=\"og:title\" content=\"Nagabukuro | Hosozao - Shami-Shop\" \/>\n<meta property=\"og:description\" content=\"Original japanisches Nagabukuro f\u00fcr Shamisen. Damit Ihre Shamisen es kuschelig und sicher hat. Versand direkt aus Berlin.\" \/>\n<meta property=\"og:url\" content=\"https:\/\/www.shami-shop.com\/de\/produkt\/nagabukuro-01\/\" \/>\n<meta property=\"og:site_name\" content=\"Shami-Shop\" \/>\n<meta property=\"article:publisher\" content=\"https:\/\/www.facebook.com\/weloveshamisen\/\" \/>\n<meta property=\"article:modified_time\" content=\"2024-03-12T11:37:08+00:00\" \/>\n<meta property=\"og:image\" content=\"https:\/\/www.shami-shop.com\/wp-content\/uploads\/2022\/12\/NB-48-futter.png\" \/>\n\t<meta property=\"og:image:width\" content=\"920\" \/>\n\t<meta property=\"og:image:height\" content=\"613\" \/>\n\t<meta property=\"og:image:type\" content=\"image\/png\" \/>\n<meta name=\"twitter:card\" content=\"summary_large_image\" \/>\n<meta name=\"twitter:label1\" content=\"Gesch\u00e4tzte Lesezeit\" \/>\n\t<meta name=\"twitter:data1\" content=\"1\u00a0Minute\" \/>\n<script type=\"application\/ld+json\" class=\"yoast-schema-graph\">{\"@context\":\"https:\/\/schema.org\",\"@graph\":[{\"@type\":[\"WebPage\",\"ItemPage\"],\"@id\":\"https:\/\/www.shami-shop.com\/de\/produkt\/nagabukuro-01\/\",\"url\":\"https:\/\/www.shami-shop.com\/de\/produkt\/nagabukuro-01\/\",\"name\":\"Nagabukuro | Hosozao - Shami-Shop\",\"isPartOf\":{\"@id\":\"https:\/\/www.shami-shop.com\/de\/#website\"},\"primaryImageOfPage\":{\"@id\":\"https:\/\/www.shami-shop.com\/de\/produkt\/nagabukuro-01\/#primaryimage\"},\"image\":{\"@id\":\"https:\/\/www.shami-shop.com\/de\/produkt\/nagabukuro-01\/#primaryimage\"},\"thumbnailUrl\":\"https:\/\/www.shami-shop.com\/wp-content\/uploads\/2022\/12\/NB-48-futter.png\",\"datePublished\":\"2021-07-05T19:51:42+00:00\",\"dateModified\":\"2024-03-12T11:37:08+00:00\",\"description\":\"Original japanisches Nagabukuro f\u00fcr Shamisen. Damit Ihre Shamisen es kuschelig und sicher hat. Versand direkt aus Berlin.\",\"breadcrumb\":{\"@id\":\"https:\/\/www.shami-shop.com\/de\/produkt\/nagabukuro-01\/#breadcrumb\"},\"inLanguage\":\"de\",\"potentialAction\":[{\"@type\":\"ReadAction\",\"target\":[\"https:\/\/www.shami-shop.com\/de\/produkt\/nagabukuro-01\/\"]}]},{\"@type\":\"ImageObject\",\"inLanguage\":\"de\",\"@id\":\"https:\/\/www.shami-shop.com\/de\/produkt\/nagabukuro-01\/#primaryimage\",\"url\":\"https:\/\/www.shami-shop.com\/wp-content\/uploads\/2022\/12\/NB-48-futter.png\",\"contentUrl\":\"https:\/\/www.shami-shop.com\/wp-content\/uploads\/2022\/12\/NB-48-futter.png\",\"width\":920,\"height\":613},{\"@type\":\"BreadcrumbList\",\"@id\":\"https:\/\/www.shami-shop.com\/de\/produkt\/nagabukuro-01\/#breadcrumb\",\"itemListElement\":[{\"@type\":\"ListItem\",\"position\":1,\"name\":\"Startseite\",\"item\":\"https:\/\/www.shami-shop.com\/de\/\"},{\"@type\":\"ListItem\",\"position\":2,\"name\":\"Shop\",\"item\":\"https:\/\/www.shami-shop.com\/de\/shop\/\"},{\"@type\":\"ListItem\",\"position\":3,\"name\":\"Nagabukuro | Hosozao\"}]},{\"@type\":\"WebSite\",\"@id\":\"https:\/\/www.shami-shop.com\/de\/#website\",\"url\":\"https:\/\/www.shami-shop.com\/de\/\",\"name\":\"Shami-Shop\",\"description\":\"Alles f\u00fcr den Shamisen-Spieler.\",\"publisher\":{\"@id\":\"https:\/\/www.shami-shop.com\/de\/#organization\"},\"potentialAction\":[{\"@type\":\"SearchAction\",\"target\":{\"@type\":\"EntryPoint\",\"urlTemplate\":\"https:\/\/www.shami-shop.com\/de\/?s={search_term_string}\"},\"query-input\":{\"@type\":\"PropertyValueSpecification\",\"valueRequired\":true,\"valueName\":\"search_term_string\"}}],\"inLanguage\":\"de\"},{\"@type\":\"Organization\",\"@id\":\"https:\/\/www.shami-shop.com\/de\/#organization\",\"name\":\"Shami-Shop\",\"url\":\"https:\/\/www.shami-shop.com\/de\/\",\"logo\":{\"@type\":\"ImageObject\",\"inLanguage\":\"de\",\"@id\":\"https:\/\/www.shami-shop.com\/de\/#\/schema\/logo\/image\/\",\"url\":\"https:\/\/shami-shop.com\/wp-content\/uploads\/2021\/01\/Shami-Shop-Logo-1080.png\",\"contentUrl\":\"https:\/\/shami-shop.com\/wp-content\/uploads\/2021\/01\/Shami-Shop-Logo-1080.png\",\"width\":1080,\"height\":1080,\"caption\":\"Shami-Shop\"},\"image\":{\"@id\":\"https:\/\/www.shami-shop.com\/de\/#\/schema\/logo\/image\/\"},\"sameAs\":[\"https:\/\/www.facebook.com\/weloveshamisen\/\",\"https:\/\/www.instagram.com\/shamishop.europe\/\"]}]}<\/script>\n<!-- \/ Yoast SEO plugin. -->","yoast_head_json":{"title":"Nagabukuro | Hosozao - Shami-Shop","description":"Original japanisches Nagabukuro f\u00fcr Shamisen. Damit Ihre Shamisen es kuschelig und sicher hat. Versand direkt aus Berlin.","robots":{"index":"index","follow":"follow","max-snippet":"max-snippet:-1","max-image-preview":"max-image-preview:large","max-video-preview":"max-video-preview:-1"},"canonical":"https:\/\/www.shami-shop.com\/de\/produkt\/nagabukuro-01\/","og_locale":"de_DE","og_type":"article","og_title":"Nagabukuro | Hosozao - Shami-Shop","og_description":"Original japanisches Nagabukuro f\u00fcr Shamisen. Damit Ihre Shamisen es kuschelig und sicher hat. Versand direkt aus Berlin.","og_url":"https:\/\/www.shami-shop.com\/de\/produkt\/nagabukuro-01\/","og_site_name":"Shami-Shop","article_publisher":"https:\/\/www.facebook.com\/weloveshamisen\/","article_modified_time":"2024-03-12T11:37:08+00:00","og_image":[{"width":920,"height":613,"url":"https:\/\/www.shami-shop.com\/wp-content\/uploads\/2022\/12\/NB-48-futter.png","type":"image\/png"}],"twitter_card":"summary_large_image","twitter_misc":{"Gesch\u00e4tzte Lesezeit":"1\u00a0Minute"},"schema":{"@context":"https:\/\/schema.org","@graph":[{"@type":["WebPage","ItemPage"],"@id":"https:\/\/www.shami-shop.com\/de\/produkt\/nagabukuro-01\/","url":"https:\/\/www.shami-shop.com\/de\/produkt\/nagabukuro-01\/","name":"Nagabukuro | Hosozao - Shami-Shop","isPartOf":{"@id":"https:\/\/www.shami-shop.com\/de\/#website"},"primaryImageOfPage":{"@id":"https:\/\/www.shami-shop.com\/de\/produkt\/nagabukuro-01\/#primaryimage"},"image":{"@id":"https:\/\/www.shami-shop.com\/de\/produkt\/nagabukuro-01\/#primaryimage"},"thumbnailUrl":"https:\/\/www.shami-shop.com\/wp-content\/uploads\/2022\/12\/NB-48-futter.png","datePublished":"2021-07-05T19:51:42+00:00","dateModified":"2024-03-12T11:37:08+00:00","description":"Original japanisches Nagabukuro f\u00fcr Shamisen. Damit Ihre Shamisen es kuschelig und sicher hat. Versand direkt aus Berlin.","breadcrumb":{"@id":"https:\/\/www.shami-shop.com\/de\/produkt\/nagabukuro-01\/#breadcrumb"},"inLanguage":"de","potentialAction":[{"@type":"ReadAction","target":["https:\/\/www.shami-shop.com\/de\/produkt\/nagabukuro-01\/"]}]},{"@type":"ImageObject","inLanguage":"de","@id":"https:\/\/www.shami-shop.com\/de\/produkt\/nagabukuro-01\/#primaryimage","url":"https:\/\/www.shami-shop.com\/wp-content\/uploads\/2022\/12\/NB-48-futter.png","contentUrl":"https:\/\/www.shami-shop.com\/wp-content\/uploads\/2022\/12\/NB-48-futter.png","width":920,"height":613},{"@type":"BreadcrumbList","@id":"https:\/\/www.shami-shop.com\/de\/produkt\/nagabukuro-01\/#breadcrumb","itemListElement":[{"@type":"ListItem","position":1,"name":"Startseite","item":"https:\/\/www.shami-shop.com\/de\/"},{"@type":"ListItem","position":2,"name":"Shop","item":"https:\/\/www.shami-shop.com\/de\/shop\/"},{"@type":"ListItem","position":3,"name":"Nagabukuro | Hosozao"}]},{"@type":"WebSite","@id":"https:\/\/www.shami-shop.com\/de\/#website","url":"https:\/\/www.shami-shop.com\/de\/","name":"Shami-Shop","description":"Alles f\u00fcr den Shamisen-Spieler.","publisher":{"@id":"https:\/\/www.shami-shop.com\/de\/#organization"},"potentialAction":[{"@type":"SearchAction","target":{"@type":"EntryPoint","urlTemplate":"https:\/\/www.shami-shop.com\/de\/?s={search_term_string}"},"query-input":{"@type":"PropertyValueSpecification","valueRequired":true,"valueName":"search_term_string"}}],"inLanguage":"de"},{"@type":"Organization","@id":"https:\/\/www.shami-shop.com\/de\/#organization","name":"Shami-Shop","url":"https:\/\/www.shami-shop.com\/de\/","logo":{"@type":"ImageObject","inLanguage":"de","@id":"https:\/\/www.shami-shop.com\/de\/#\/schema\/logo\/image\/","url":"https:\/\/shami-shop.com\/wp-content\/uploads\/2021\/01\/Shami-Shop-Logo-1080.png","contentUrl":"https:\/\/shami-shop.com\/wp-content\/uploads\/2021\/01\/Shami-Shop-Logo-1080.png","width":1080,"height":1080,"caption":"Shami-Shop"},"image":{"@id":"https:\/\/www.shami-shop.com\/de\/#\/schema\/logo\/image\/"},"sameAs":["https:\/\/www.facebook.com\/weloveshamisen\/","https:\/\/www.instagram.com\/shamishop.europe\/"]}]}},"jetpack_sharing_enabled":true,"_links":{"self":[{"href":"https:\/\/www.shami-shop.com\/de\/wp-json\/wp\/v2\/product\/7297","targetHints":{"allow":["GET"]}}],"collection":[{"href":"https:\/\/www.shami-shop.com\/de\/wp-json\/wp\/v2\/product"}],"about":[{"href":"https:\/\/www.shami-shop.com\/de\/wp-json\/wp\/v2\/types\/product"}],"wp:featuredmedia":[{"embeddable":true,"href":"https:\/\/www.shami-shop.com\/de\/wp-json\/wp\/v2\/media\/18929"}],"wp:attachment":[{"href":"https:\/\/www.shami-shop.com\/de\/wp-json\/wp\/v2\/media?parent=7297"}],"wp:term":[{"taxonomy":"product_brand","embeddable":true,"href":"https:\/\/www.shami-shop.com\/de\/wp-json\/wp\/v2\/product_brand?post=7297"},{"taxonomy":"product_cat","embeddable":true,"href":"https:\/\/www.shami-shop.com\/de\/wp-json\/wp\/v2\/product_cat?post=7297"},{"taxonomy":"product_tag","embeddable":true,"href":"https:\/\/www.shami-shop.com\/de\/wp-json\/wp\/v2\/product_tag?post=7297"}],"curies":[{"name":"wp","href":"https:\/\/api.w.org\/{rel}","templated":true}]}}