{"id":7325,"date":"2021-07-06T08:27:38","date_gmt":"2021-07-06T07:27:38","guid":{"rendered":"https:\/\/www.shami-shop.com\/?post_type=product&#038;p=7325"},"modified":"2021-07-06T08:44:00","modified_gmt":"2021-07-06T07:44:00","slug":"doubukuro-04","status":"publish","type":"product","link":"https:\/\/www.shami-shop.com\/de\/produkt\/doubukuro-04\/","title":{"rendered":"Doubukuro | Violett"},"content":{"rendered":"<p data-pm-slice=\"1 1 []\">Dieses Doubukuro ist so gut wie neu! G\u00f6nnen Sie Ihrem Dou eine Extralage Schutz! Diese Gr\u00f6\u00dfe eignet sich f\u00fcr alle Dou-Gr\u00f6\u00dfen. Der Au\u00dfenstoff ist Chirimen \u2013 eine traditionelle Webart, bei der die F\u00e4den w\u00e4hrend des Produktionsprozesses so manipuliert werden, dass kleine Falten entstehen, die dem Stoff eine wunderbare Griffigkeit und einen edlen Glanz verleihen. Ohne Innenfutter.<\/p>\n<p data-pm-slice=\"1 1 []\"><strong>Was ist das? <\/strong>Das Doubukuro ist eine weiche Schutzh\u00fclle f\u00fcr den Dou Ihrer Shamisen zum Schutz vor Staub und im Kasten oder daheim umherfliegenden Dingen.<\/p>\n<p data-pm-slice=\"1 1 []\">Das Doubukuro ist eine rechteckige weiche H\u00fclle mit einer \u00d6ffnung auf der Oberseite und Schn\u00fcren zum Zubinden. Nach dem \u00fcben wickelt man den Dou zum zus\u00e4tzlichen Schutz in diese H\u00fclle. Es ist vergleichbar mit dem Nagabukuro, aber schneller anzulegen. Der Nachteil: Hals, Tenjin und Itomaki sind Umwelteinfl\u00fcssen wie Katzenpf\u00f6tchen, Staub und Insekten schutslos ausgesetzt.<\/p>\n<p data-pm-slice=\"1 1 []\"><strong>So benutzt man es:<\/strong> Einfach die Shamisen mit dem Dou voran mitsamt <a href=\"https:\/\/www.shami-shop.com\/product\/washi-bag-small\/\">Washi H\u00fclle<\/a>, falls vorhanden, von oben in die H\u00fclle stecken, bis der Dou komplett bedeckt ist. Die B\u00e4nder herumwickeln zum Zubinden. Die Enden entweder unterstecken oder verknoten oder ein Schleifchen draufsetzen &#8211; fertig!<\/p>\n","protected":false},"excerpt":{"rendered":"<p data-pm-slice=\"1 1 []\">Doubukuro kurze weiche H\u00fclle<\/p>\n<ul>\n<li>Farbe: Violett<\/li>\n<li>Stoff au\u00dfen: Synthetisches Chirimen<\/li>\n<li>Breite: 33 cm<\/li>\n<li>L\u00e4nge: 41 cm<\/li>\n<\/ul>\n<p>&nbsp;<\/p>\n","protected":false},"featured_media":0,"template":"","meta":{"_et_pb_use_builder":"","_et_pb_old_content":"","_et_gb_content_width":""},"product_brand":[],"product_cat":[397],"product_tag":[342,228,233],"class_list":{"0":"post-7325","1":"product","2":"type-product","3":"status-publish","5":"product_cat-doubukuro-de","6":"product_tag-chuuzao-de","7":"product_tag-futozao-de","8":"product_tag-hosozao-de","9":"product_shipping_class-paket-m-2kg-de","11":"first","12":"outofstock","13":"sold-individually","14":"purchasable","15":"product-type-simple"},"yoast_head":"<!-- This site is optimized with the Yoast SEO plugin v26.9 - https:\/\/yoast.com\/product\/yoast-seo-wordpress\/ -->\n<title>Doubukuro | Violett - Shami-Shop<\/title>\n<meta name=\"description\" content=\"Original Japanisches Doubukuro f\u00fcr Shamisen. Damit Ihre Shamisen es kuschelig und sicher hat. Versand direkt aus Berlin.\" \/>\n<meta name=\"robots\" content=\"index, follow, max-snippet:-1, max-image-preview:large, max-video-preview:-1\" \/>\n<link rel=\"canonical\" href=\"https:\/\/www.shami-shop.com\/de\/produkt\/doubukuro-04\/\" \/>\n<meta property=\"og:locale\" content=\"de_DE\" \/>\n<meta property=\"og:type\" content=\"article\" \/>\n<meta property=\"og:title\" content=\"Doubukuro | Violett - Shami-Shop\" \/>\n<meta property=\"og:description\" content=\"Original Japanisches Doubukuro f\u00fcr Shamisen. Damit Ihre Shamisen es kuschelig und sicher hat. Versand direkt aus Berlin.\" \/>\n<meta property=\"og:url\" content=\"https:\/\/www.shami-shop.com\/de\/produkt\/doubukuro-04\/\" \/>\n<meta property=\"og:site_name\" content=\"Shami-Shop\" \/>\n<meta property=\"article:publisher\" content=\"https:\/\/www.facebook.com\/weloveshamisen\/\" \/>\n<meta property=\"article:modified_time\" content=\"2021-07-06T07:44:00+00:00\" \/>\n<meta property=\"og:image\" content=\"https:\/\/www.shami-shop.com\/wp-content\/uploads\/2021\/07\/DB-04.png\" \/>\n\t<meta property=\"og:image:width\" content=\"900\" \/>\n\t<meta property=\"og:image:height\" content=\"600\" \/>\n\t<meta property=\"og:image:type\" content=\"image\/png\" \/>\n<meta name=\"twitter:card\" content=\"summary_large_image\" \/>\n<meta name=\"twitter:label1\" content=\"Gesch\u00e4tzte Lesezeit\" \/>\n\t<meta name=\"twitter:data1\" content=\"1\u00a0Minute\" \/>\n<script type=\"application\/ld+json\" class=\"yoast-schema-graph\">{\"@context\":\"https:\/\/schema.org\",\"@graph\":[{\"@type\":[\"WebPage\",\"ItemPage\"],\"@id\":\"https:\/\/www.shami-shop.com\/de\/produkt\/doubukuro-04\/\",\"url\":\"https:\/\/www.shami-shop.com\/de\/produkt\/doubukuro-04\/\",\"name\":\"Doubukuro | Violett - Shami-Shop\",\"isPartOf\":{\"@id\":\"https:\/\/www.shami-shop.com\/de\/#website\"},\"datePublished\":\"2021-07-06T07:27:38+00:00\",\"dateModified\":\"2021-07-06T07:44:00+00:00\",\"description\":\"Original Japanisches Doubukuro f\u00fcr Shamisen. Damit Ihre Shamisen es kuschelig und sicher hat. Versand direkt aus Berlin.\",\"breadcrumb\":{\"@id\":\"https:\/\/www.shami-shop.com\/de\/produkt\/doubukuro-04\/#breadcrumb\"},\"inLanguage\":\"de\",\"potentialAction\":[{\"@type\":\"ReadAction\",\"target\":[\"https:\/\/www.shami-shop.com\/de\/produkt\/doubukuro-04\/\"]}]},{\"@type\":\"BreadcrumbList\",\"@id\":\"https:\/\/www.shami-shop.com\/de\/produkt\/doubukuro-04\/#breadcrumb\",\"itemListElement\":[{\"@type\":\"ListItem\",\"position\":1,\"name\":\"Startseite\",\"item\":\"https:\/\/www.shami-shop.com\/de\/\"},{\"@type\":\"ListItem\",\"position\":2,\"name\":\"Shop\",\"item\":\"https:\/\/www.shami-shop.com\/de\/shop\/\"},{\"@type\":\"ListItem\",\"position\":3,\"name\":\"Doubukuro | Violett\"}]},{\"@type\":\"WebSite\",\"@id\":\"https:\/\/www.shami-shop.com\/de\/#website\",\"url\":\"https:\/\/www.shami-shop.com\/de\/\",\"name\":\"Shami-Shop\",\"description\":\"Alles f\u00fcr den Shamisen-Spieler.\",\"publisher\":{\"@id\":\"https:\/\/www.shami-shop.com\/de\/#organization\"},\"potentialAction\":[{\"@type\":\"SearchAction\",\"target\":{\"@type\":\"EntryPoint\",\"urlTemplate\":\"https:\/\/www.shami-shop.com\/de\/?s={search_term_string}\"},\"query-input\":{\"@type\":\"PropertyValueSpecification\",\"valueRequired\":true,\"valueName\":\"search_term_string\"}}],\"inLanguage\":\"de\"},{\"@type\":\"Organization\",\"@id\":\"https:\/\/www.shami-shop.com\/de\/#organization\",\"name\":\"Shami-Shop\",\"url\":\"https:\/\/www.shami-shop.com\/de\/\",\"logo\":{\"@type\":\"ImageObject\",\"inLanguage\":\"de\",\"@id\":\"https:\/\/www.shami-shop.com\/de\/#\/schema\/logo\/image\/\",\"url\":\"https:\/\/shami-shop.com\/wp-content\/uploads\/2021\/01\/Shami-Shop-Logo-1080.png\",\"contentUrl\":\"https:\/\/shami-shop.com\/wp-content\/uploads\/2021\/01\/Shami-Shop-Logo-1080.png\",\"width\":1080,\"height\":1080,\"caption\":\"Shami-Shop\"},\"image\":{\"@id\":\"https:\/\/www.shami-shop.com\/de\/#\/schema\/logo\/image\/\"},\"sameAs\":[\"https:\/\/www.facebook.com\/weloveshamisen\/\",\"https:\/\/www.instagram.com\/shamishop.europe\/\"]}]}<\/script>\n<!-- \/ Yoast SEO plugin. -->","yoast_head_json":{"title":"Doubukuro | Violett - Shami-Shop","description":"Original Japanisches Doubukuro f\u00fcr Shamisen. Damit Ihre Shamisen es kuschelig und sicher hat. Versand direkt aus Berlin.","robots":{"index":"index","follow":"follow","max-snippet":"max-snippet:-1","max-image-preview":"max-image-preview:large","max-video-preview":"max-video-preview:-1"},"canonical":"https:\/\/www.shami-shop.com\/de\/produkt\/doubukuro-04\/","og_locale":"de_DE","og_type":"article","og_title":"Doubukuro | Violett - Shami-Shop","og_description":"Original Japanisches Doubukuro f\u00fcr Shamisen. Damit Ihre Shamisen es kuschelig und sicher hat. Versand direkt aus Berlin.","og_url":"https:\/\/www.shami-shop.com\/de\/produkt\/doubukuro-04\/","og_site_name":"Shami-Shop","article_publisher":"https:\/\/www.facebook.com\/weloveshamisen\/","article_modified_time":"2021-07-06T07:44:00+00:00","og_image":[{"width":900,"height":600,"url":"https:\/\/www.shami-shop.com\/wp-content\/uploads\/2021\/07\/DB-04.png","type":"image\/png"}],"twitter_card":"summary_large_image","twitter_misc":{"Gesch\u00e4tzte Lesezeit":"1\u00a0Minute"},"schema":{"@context":"https:\/\/schema.org","@graph":[{"@type":["WebPage","ItemPage"],"@id":"https:\/\/www.shami-shop.com\/de\/produkt\/doubukuro-04\/","url":"https:\/\/www.shami-shop.com\/de\/produkt\/doubukuro-04\/","name":"Doubukuro | Violett - Shami-Shop","isPartOf":{"@id":"https:\/\/www.shami-shop.com\/de\/#website"},"datePublished":"2021-07-06T07:27:38+00:00","dateModified":"2021-07-06T07:44:00+00:00","description":"Original Japanisches Doubukuro f\u00fcr Shamisen. Damit Ihre Shamisen es kuschelig und sicher hat. Versand direkt aus Berlin.","breadcrumb":{"@id":"https:\/\/www.shami-shop.com\/de\/produkt\/doubukuro-04\/#breadcrumb"},"inLanguage":"de","potentialAction":[{"@type":"ReadAction","target":["https:\/\/www.shami-shop.com\/de\/produkt\/doubukuro-04\/"]}]},{"@type":"BreadcrumbList","@id":"https:\/\/www.shami-shop.com\/de\/produkt\/doubukuro-04\/#breadcrumb","itemListElement":[{"@type":"ListItem","position":1,"name":"Startseite","item":"https:\/\/www.shami-shop.com\/de\/"},{"@type":"ListItem","position":2,"name":"Shop","item":"https:\/\/www.shami-shop.com\/de\/shop\/"},{"@type":"ListItem","position":3,"name":"Doubukuro | Violett"}]},{"@type":"WebSite","@id":"https:\/\/www.shami-shop.com\/de\/#website","url":"https:\/\/www.shami-shop.com\/de\/","name":"Shami-Shop","description":"Alles f\u00fcr den Shamisen-Spieler.","publisher":{"@id":"https:\/\/www.shami-shop.com\/de\/#organization"},"potentialAction":[{"@type":"SearchAction","target":{"@type":"EntryPoint","urlTemplate":"https:\/\/www.shami-shop.com\/de\/?s={search_term_string}"},"query-input":{"@type":"PropertyValueSpecification","valueRequired":true,"valueName":"search_term_string"}}],"inLanguage":"de"},{"@type":"Organization","@id":"https:\/\/www.shami-shop.com\/de\/#organization","name":"Shami-Shop","url":"https:\/\/www.shami-shop.com\/de\/","logo":{"@type":"ImageObject","inLanguage":"de","@id":"https:\/\/www.shami-shop.com\/de\/#\/schema\/logo\/image\/","url":"https:\/\/shami-shop.com\/wp-content\/uploads\/2021\/01\/Shami-Shop-Logo-1080.png","contentUrl":"https:\/\/shami-shop.com\/wp-content\/uploads\/2021\/01\/Shami-Shop-Logo-1080.png","width":1080,"height":1080,"caption":"Shami-Shop"},"image":{"@id":"https:\/\/www.shami-shop.com\/de\/#\/schema\/logo\/image\/"},"sameAs":["https:\/\/www.facebook.com\/weloveshamisen\/","https:\/\/www.instagram.com\/shamishop.europe\/"]}]}},"jetpack_sharing_enabled":true,"_links":{"self":[{"href":"https:\/\/www.shami-shop.com\/de\/wp-json\/wp\/v2\/product\/7325","targetHints":{"allow":["GET"]}}],"collection":[{"href":"https:\/\/www.shami-shop.com\/de\/wp-json\/wp\/v2\/product"}],"about":[{"href":"https:\/\/www.shami-shop.com\/de\/wp-json\/wp\/v2\/types\/product"}],"wp:attachment":[{"href":"https:\/\/www.shami-shop.com\/de\/wp-json\/wp\/v2\/media?parent=7325"}],"wp:term":[{"taxonomy":"product_brand","embeddable":true,"href":"https:\/\/www.shami-shop.com\/de\/wp-json\/wp\/v2\/product_brand?post=7325"},{"taxonomy":"product_cat","embeddable":true,"href":"https:\/\/www.shami-shop.com\/de\/wp-json\/wp\/v2\/product_cat?post=7325"},{"taxonomy":"product_tag","embeddable":true,"href":"https:\/\/www.shami-shop.com\/de\/wp-json\/wp\/v2\/product_tag?post=7325"}],"curies":[{"name":"wp","href":"https:\/\/api.w.org\/{rel}","templated":true}]}}