{"id":7765,"date":"2021-07-07T10:52:15","date_gmt":"2021-07-07T09:52:15","guid":{"rendered":"https:\/\/www.shami-shop.com\/?post_type=product&#038;p=7765"},"modified":"2021-07-30T05:42:50","modified_gmt":"2021-07-30T04:42:50","slug":"hosozao-shamisen-hinata","status":"publish","type":"product","link":"https:\/\/www.shami-shop.com\/de\/produkt\/hosozao-shamisen-hinata\/","title":{"rendered":"Hosozao Shamisen Set &#8222;Hinata&#8220;"},"content":{"rendered":"<p>Diese Shamisen ist eine so genannte Hosozao Shamisen, also eine Shamisen mit schmalem Hals &#8211; typischerweise gebraucht f\u00fcr Nagauta, Kouta und Hauta Stil. Die H\u00e4ute sind sch\u00f6n straff und das Instrument hat einen vollen und warmen Klang. Der Hals ist so gewinkelt, dass das Instrument wirklich angenehm zu spielen ist. Das Griffbrett zeigt leichte Abnutzungsspuren. Man sieht, dass das Instrument vom Vorbesitzer viel gespielt wurde. Kein Wunder! Es macht wirklich Spa\u00df, darauf zu spielen.<\/p>\n<p>Das Instrument ist aus Shitan-Holz gearbeitet &#8211; einem hochwertigen Hartholz, das traditionell im Shamisen-Bau Anwendung findet. Das Instrument ist mit einem h\u00fcbschen zart rosanen Neo und einem modernen t\u00fcrkis-goldenen Doukake ausgestattet. Im Set enthalten ist au\u00dferdem ein Set aufgezogener Saiten. Der Dou ist bespannt mit Naturhaut f\u00fcr den authentischen warmen Klang von Shamisen-Musik.<\/p>\n<p data-pm-slice=\"1 1 []\">Wenn Sie keine solche besitzen, ziehen Sie bitte in Betracht, sich eine <a class=\"ProsemirrorEditor-link\" href=\"https:\/\/shami-shop.com\/product\/washi-bag\/\">Washi-H\u00fclle<\/a> zuzulegen, um die Haut Ihrer Shamisen vor Feuchtigkeit zu sch\u00fctzen.<\/p>\n<p data-pm-slice=\"1 1 []\">Der Hals ist an der schmalsten Stelle 25 mm breit und 26 mm hoch\/dick. Der Hals verdickt sich leicht in Richtung de Korpus. Der Hals endet in einer elegant geschwungenen <em>Hatomune<\/em> &#8211; das ist der \u00dcbergang zwischen Griffbrett und Dou an der Stelle, wo der Hals in den Korpus eintaucht. Dieses Design ist typisch f\u00fcr Hosozao Shamisen, die mit Nagauta Stil verbunden werden.<\/p>\n<p>Die <i>Tsukigata<\/i> (das halbmondf\u00f6rmige Ende des <em>Tenjin<\/em>) hat einen kleinen Knacks, der aber normalerweise unter dem Tenjin-Schutz verborgen bleibt, der mit dem Instrument mitgeliefert wird. Das Holz hat einen tollen schokoladenbraunen Farbton. Der Hals ist im <em>Mitsuori<\/em> Stil gerabeitet: Er kann in drei Teile zerlegt werden. Die Verbindungen sind bei diesem Instrument in einfacher Ausfertigung gearbeitet gearbeitet. Dadurch, dass sich der Hals zerteilen l\u00e4sst, kann man mit diesem Instrument besonders bequem verreisen &#8211; selbst wenn man klein und leicht packen muss. Die Verbindungen sind aufw\u00e4ndig gearbeitet und erm\u00f6glichen so einen besonders langlebigen festen Sitz.<\/p>\n<p>Die <em>Itomaki<\/em> (Wirbel) sind aus Ebenholz gearbeitet und in einer traditionellen Art geschnitzt, sodass sie sich trotz ihrer schmalen Form leicht greifen lassen.<\/p>\n<p>Schauen Sie sich die wundersch\u00f6nen g\u00fcldenen <em>Zagane<\/em> mal genauer an (Metallh\u00fclsen f\u00fcr die Itomaki)! Sie sind in traditionellem Stil gearbeitet und sehen aus wie stilisierte Blumen. Die besondere Sorgfalt der japanischen Handwerkskunst und das Auge f\u00fcr solche Details lassen mich immer wieder auf Neue der Sch\u00f6nheit japanischer Kunst verfallen.<\/p>\n<p>Das Instrument ist ein wahrer Augen- und Ohrenschmaus! Wenn Sie noch Fragen haben, schicken Sie mir einfach eine Nachricht und ich helfe gerne weiter.<\/p>\n<p>Alles, was Sie zum losspielen noch ben\u00f6tigen, sind ein <a href=\"https:\/\/shami-shop.com\/product-categorie\/koma\/\" target=\"_blank\" rel=\"noopener\">Koma<\/a>, ein <a href=\"https:\/\/shami-shop.com\/product-categorie\/bachi\/\" target=\"_blank\" rel=\"noopener\">Bachi<\/a> und ein <a href=\"https:\/\/shami-shop.com\/product\/yubisuri\/\" target=\"_blank\" rel=\"noopener\">Yubisuri<\/a>. W\u00e4hlen Sie Koma und Bachi je nach dem Stil, den Sie spielen m\u00f6chten und Ihren pers\u00f6nlichen Vorlieben. Yubisuri gibt es in unterschiedlichen Gr\u00f6\u00dfen. Au\u00dferdem wollte ich Sie der bitters\u00fc\u00dfen Qual der Wahl zwischen all den sch\u00f6nen Farben nicht berauben. Ich rate Ihnen au\u00dferdem zu einem <a class=\"ProsemirrorEditor-link\" href=\"https:\/\/shami-shop.com\/product-categorie\/accessories\/\">Dougomu or a Hizagomu<\/a>, das daf\u00fcr sorgt, dass die Shamisen beim Spielen nicht vom Schenkel rutscht. Je nach Ihren Bed\u00fcrfnissen k\u00f6nnte f\u00fcr Sie auch ein <a class=\"ProsemirrorEditor-link\" href=\"https:\/\/shami-shop.com\/product\/fujaku-strip-shamisen-position-marker\/\">Fujaku Strip<\/a> zum Markieren der Positionen am Hals interessant sein. Alternativ kann man auch einzelne Positionen markieren oder ganz auf Markierungen verzichten.<\/p>\n<p>Wenn Sie Hilfe bei der Auwahl der richtigen Komponenten ben\u00f6tigen, schicken Sie gerne eine Nachricht und wir stellen gemeinsam das perfekte Paket f\u00fcr Sie zusammen.<\/p>\n<p>&nbsp;<\/p>\n","protected":false},"excerpt":{"rendered":"<ul>\n<li>Hosozao Shamisen (Sao Breite: 25mm, H\u00f6he: 26 mm)<\/li>\n<li>aus Shitan-Holz<\/li>\n<li>Natur-H\u00e4ute<\/li>\n<\/ul>\n<p>au\u00dferdem im Set enthalten:<\/p>\n<ul>\n<li>Neo<\/li>\n<li>Doukake<\/li>\n<li>Tenjin-Schutz<\/li>\n<li>Saiten<\/li>\n<\/ul>\n","protected":false},"featured_media":5457,"template":"","meta":{"_et_pb_use_builder":"","_et_pb_old_content":"","_et_gb_content_width":""},"product_brand":[],"product_cat":[339,389,392,403,412],"product_tag":[223,172,176],"class_list":{"0":"post-7765","1":"product","2":"type-product","3":"status-publish","4":"has-post-thumbnail","6":"product_cat-shamisen-de","7":"product_cat-hosozao-de","8":"product_cat-nagauta-sh-de","9":"product_cat-nagauta-stil","10":"product_cat-kouta-stil","11":"product_tag-hauta-de","12":"product_tag-kouta-de","13":"product_tag-nagauta-de","14":"product_shipping_class-5kg-de","16":"first","17":"outofstock","18":"sold-individually","19":"shipping-taxable","20":"purchasable","21":"product-type-simple"},"yoast_head":"<!-- This site is optimized with the Yoast SEO plugin v26.9 - https:\/\/yoast.com\/product\/yoast-seo-wordpress\/ -->\n<title>Hosozao Shamisen Set &quot;Hinata&quot; - Shami-Shop<\/title>\n<meta name=\"description\" content=\"Hosozao Nagauta aus Shitan-Holz mit Naturhaut kaufen. Versand direkt aus Berlin.\" \/>\n<meta name=\"robots\" content=\"index, follow, max-snippet:-1, max-image-preview:large, max-video-preview:-1\" \/>\n<link rel=\"canonical\" href=\"https:\/\/www.shami-shop.com\/de\/produkt\/hosozao-shamisen-hinata\/\" \/>\n<meta property=\"og:locale\" content=\"de_DE\" \/>\n<meta property=\"og:type\" content=\"article\" \/>\n<meta property=\"og:title\" content=\"Hosozao Shamisen Set &quot;Hinata&quot; - Shami-Shop\" \/>\n<meta property=\"og:description\" content=\"Hosozao Nagauta aus Shitan-Holz mit Naturhaut kaufen. Versand direkt aus Berlin.\" \/>\n<meta property=\"og:url\" content=\"https:\/\/www.shami-shop.com\/de\/produkt\/hosozao-shamisen-hinata\/\" \/>\n<meta property=\"og:site_name\" content=\"Shami-Shop\" \/>\n<meta property=\"article:publisher\" content=\"https:\/\/www.facebook.com\/weloveshamisen\/\" \/>\n<meta property=\"article:modified_time\" content=\"2021-07-30T04:42:50+00:00\" \/>\n<meta property=\"og:image\" content=\"https:\/\/www.shami-shop.com\/wp-content\/uploads\/2021\/05\/113-dou45-shami-shop.com-copy.png\" \/>\n\t<meta property=\"og:image:width\" content=\"1080\" \/>\n\t<meta property=\"og:image:height\" content=\"720\" \/>\n\t<meta property=\"og:image:type\" content=\"image\/png\" \/>\n<meta name=\"twitter:card\" content=\"summary_large_image\" \/>\n<meta name=\"twitter:label1\" content=\"Gesch\u00e4tzte Lesezeit\" \/>\n\t<meta name=\"twitter:data1\" content=\"3\u00a0Minuten\" \/>\n<script type=\"application\/ld+json\" class=\"yoast-schema-graph\">{\"@context\":\"https:\/\/schema.org\",\"@graph\":[{\"@type\":[\"WebPage\",\"ItemPage\"],\"@id\":\"https:\/\/www.shami-shop.com\/de\/produkt\/hosozao-shamisen-hinata\/\",\"url\":\"https:\/\/www.shami-shop.com\/de\/produkt\/hosozao-shamisen-hinata\/\",\"name\":\"Hosozao Shamisen Set \\\"Hinata\\\" - Shami-Shop\",\"isPartOf\":{\"@id\":\"https:\/\/www.shami-shop.com\/de\/#website\"},\"primaryImageOfPage\":{\"@id\":\"https:\/\/www.shami-shop.com\/de\/produkt\/hosozao-shamisen-hinata\/#primaryimage\"},\"image\":{\"@id\":\"https:\/\/www.shami-shop.com\/de\/produkt\/hosozao-shamisen-hinata\/#primaryimage\"},\"thumbnailUrl\":\"https:\/\/www.shami-shop.com\/wp-content\/uploads\/2021\/05\/113-dou45-shami-shop.com-copy.png\",\"datePublished\":\"2021-07-07T09:52:15+00:00\",\"dateModified\":\"2021-07-30T04:42:50+00:00\",\"description\":\"Hosozao Nagauta aus Shitan-Holz mit Naturhaut kaufen. Versand direkt aus Berlin.\",\"breadcrumb\":{\"@id\":\"https:\/\/www.shami-shop.com\/de\/produkt\/hosozao-shamisen-hinata\/#breadcrumb\"},\"inLanguage\":\"de\",\"potentialAction\":[{\"@type\":\"ReadAction\",\"target\":[\"https:\/\/www.shami-shop.com\/de\/produkt\/hosozao-shamisen-hinata\/\"]}]},{\"@type\":\"ImageObject\",\"inLanguage\":\"de\",\"@id\":\"https:\/\/www.shami-shop.com\/de\/produkt\/hosozao-shamisen-hinata\/#primaryimage\",\"url\":\"https:\/\/www.shami-shop.com\/wp-content\/uploads\/2021\/05\/113-dou45-shami-shop.com-copy.png\",\"contentUrl\":\"https:\/\/www.shami-shop.com\/wp-content\/uploads\/2021\/05\/113-dou45-shami-shop.com-copy.png\",\"width\":1080,\"height\":720},{\"@type\":\"BreadcrumbList\",\"@id\":\"https:\/\/www.shami-shop.com\/de\/produkt\/hosozao-shamisen-hinata\/#breadcrumb\",\"itemListElement\":[{\"@type\":\"ListItem\",\"position\":1,\"name\":\"Startseite\",\"item\":\"https:\/\/www.shami-shop.com\/de\/\"},{\"@type\":\"ListItem\",\"position\":2,\"name\":\"Shop\",\"item\":\"https:\/\/www.shami-shop.com\/de\/shop\/\"},{\"@type\":\"ListItem\",\"position\":3,\"name\":\"Hosozao Shamisen Set &#8222;Hinata&#8220;\"}]},{\"@type\":\"WebSite\",\"@id\":\"https:\/\/www.shami-shop.com\/de\/#website\",\"url\":\"https:\/\/www.shami-shop.com\/de\/\",\"name\":\"Shami-Shop\",\"description\":\"Alles f\u00fcr den Shamisen-Spieler.\",\"publisher\":{\"@id\":\"https:\/\/www.shami-shop.com\/de\/#organization\"},\"potentialAction\":[{\"@type\":\"SearchAction\",\"target\":{\"@type\":\"EntryPoint\",\"urlTemplate\":\"https:\/\/www.shami-shop.com\/de\/?s={search_term_string}\"},\"query-input\":{\"@type\":\"PropertyValueSpecification\",\"valueRequired\":true,\"valueName\":\"search_term_string\"}}],\"inLanguage\":\"de\"},{\"@type\":\"Organization\",\"@id\":\"https:\/\/www.shami-shop.com\/de\/#organization\",\"name\":\"Shami-Shop\",\"url\":\"https:\/\/www.shami-shop.com\/de\/\",\"logo\":{\"@type\":\"ImageObject\",\"inLanguage\":\"de\",\"@id\":\"https:\/\/www.shami-shop.com\/de\/#\/schema\/logo\/image\/\",\"url\":\"https:\/\/shami-shop.com\/wp-content\/uploads\/2021\/01\/Shami-Shop-Logo-1080.png\",\"contentUrl\":\"https:\/\/shami-shop.com\/wp-content\/uploads\/2021\/01\/Shami-Shop-Logo-1080.png\",\"width\":1080,\"height\":1080,\"caption\":\"Shami-Shop\"},\"image\":{\"@id\":\"https:\/\/www.shami-shop.com\/de\/#\/schema\/logo\/image\/\"},\"sameAs\":[\"https:\/\/www.facebook.com\/weloveshamisen\/\",\"https:\/\/www.instagram.com\/shamishop.europe\/\"]}]}<\/script>\n<!-- \/ Yoast SEO plugin. -->","yoast_head_json":{"title":"Hosozao Shamisen Set \"Hinata\" - Shami-Shop","description":"Hosozao Nagauta aus Shitan-Holz mit Naturhaut kaufen. Versand direkt aus Berlin.","robots":{"index":"index","follow":"follow","max-snippet":"max-snippet:-1","max-image-preview":"max-image-preview:large","max-video-preview":"max-video-preview:-1"},"canonical":"https:\/\/www.shami-shop.com\/de\/produkt\/hosozao-shamisen-hinata\/","og_locale":"de_DE","og_type":"article","og_title":"Hosozao Shamisen Set \"Hinata\" - Shami-Shop","og_description":"Hosozao Nagauta aus Shitan-Holz mit Naturhaut kaufen. Versand direkt aus Berlin.","og_url":"https:\/\/www.shami-shop.com\/de\/produkt\/hosozao-shamisen-hinata\/","og_site_name":"Shami-Shop","article_publisher":"https:\/\/www.facebook.com\/weloveshamisen\/","article_modified_time":"2021-07-30T04:42:50+00:00","og_image":[{"width":1080,"height":720,"url":"https:\/\/www.shami-shop.com\/wp-content\/uploads\/2021\/05\/113-dou45-shami-shop.com-copy.png","type":"image\/png"}],"twitter_card":"summary_large_image","twitter_misc":{"Gesch\u00e4tzte Lesezeit":"3\u00a0Minuten"},"schema":{"@context":"https:\/\/schema.org","@graph":[{"@type":["WebPage","ItemPage"],"@id":"https:\/\/www.shami-shop.com\/de\/produkt\/hosozao-shamisen-hinata\/","url":"https:\/\/www.shami-shop.com\/de\/produkt\/hosozao-shamisen-hinata\/","name":"Hosozao Shamisen Set \"Hinata\" - Shami-Shop","isPartOf":{"@id":"https:\/\/www.shami-shop.com\/de\/#website"},"primaryImageOfPage":{"@id":"https:\/\/www.shami-shop.com\/de\/produkt\/hosozao-shamisen-hinata\/#primaryimage"},"image":{"@id":"https:\/\/www.shami-shop.com\/de\/produkt\/hosozao-shamisen-hinata\/#primaryimage"},"thumbnailUrl":"https:\/\/www.shami-shop.com\/wp-content\/uploads\/2021\/05\/113-dou45-shami-shop.com-copy.png","datePublished":"2021-07-07T09:52:15+00:00","dateModified":"2021-07-30T04:42:50+00:00","description":"Hosozao Nagauta aus Shitan-Holz mit Naturhaut kaufen. Versand direkt aus Berlin.","breadcrumb":{"@id":"https:\/\/www.shami-shop.com\/de\/produkt\/hosozao-shamisen-hinata\/#breadcrumb"},"inLanguage":"de","potentialAction":[{"@type":"ReadAction","target":["https:\/\/www.shami-shop.com\/de\/produkt\/hosozao-shamisen-hinata\/"]}]},{"@type":"ImageObject","inLanguage":"de","@id":"https:\/\/www.shami-shop.com\/de\/produkt\/hosozao-shamisen-hinata\/#primaryimage","url":"https:\/\/www.shami-shop.com\/wp-content\/uploads\/2021\/05\/113-dou45-shami-shop.com-copy.png","contentUrl":"https:\/\/www.shami-shop.com\/wp-content\/uploads\/2021\/05\/113-dou45-shami-shop.com-copy.png","width":1080,"height":720},{"@type":"BreadcrumbList","@id":"https:\/\/www.shami-shop.com\/de\/produkt\/hosozao-shamisen-hinata\/#breadcrumb","itemListElement":[{"@type":"ListItem","position":1,"name":"Startseite","item":"https:\/\/www.shami-shop.com\/de\/"},{"@type":"ListItem","position":2,"name":"Shop","item":"https:\/\/www.shami-shop.com\/de\/shop\/"},{"@type":"ListItem","position":3,"name":"Hosozao Shamisen Set &#8222;Hinata&#8220;"}]},{"@type":"WebSite","@id":"https:\/\/www.shami-shop.com\/de\/#website","url":"https:\/\/www.shami-shop.com\/de\/","name":"Shami-Shop","description":"Alles f\u00fcr den Shamisen-Spieler.","publisher":{"@id":"https:\/\/www.shami-shop.com\/de\/#organization"},"potentialAction":[{"@type":"SearchAction","target":{"@type":"EntryPoint","urlTemplate":"https:\/\/www.shami-shop.com\/de\/?s={search_term_string}"},"query-input":{"@type":"PropertyValueSpecification","valueRequired":true,"valueName":"search_term_string"}}],"inLanguage":"de"},{"@type":"Organization","@id":"https:\/\/www.shami-shop.com\/de\/#organization","name":"Shami-Shop","url":"https:\/\/www.shami-shop.com\/de\/","logo":{"@type":"ImageObject","inLanguage":"de","@id":"https:\/\/www.shami-shop.com\/de\/#\/schema\/logo\/image\/","url":"https:\/\/shami-shop.com\/wp-content\/uploads\/2021\/01\/Shami-Shop-Logo-1080.png","contentUrl":"https:\/\/shami-shop.com\/wp-content\/uploads\/2021\/01\/Shami-Shop-Logo-1080.png","width":1080,"height":1080,"caption":"Shami-Shop"},"image":{"@id":"https:\/\/www.shami-shop.com\/de\/#\/schema\/logo\/image\/"},"sameAs":["https:\/\/www.facebook.com\/weloveshamisen\/","https:\/\/www.instagram.com\/shamishop.europe\/"]}]}},"jetpack_sharing_enabled":true,"_links":{"self":[{"href":"https:\/\/www.shami-shop.com\/de\/wp-json\/wp\/v2\/product\/7765","targetHints":{"allow":["GET"]}}],"collection":[{"href":"https:\/\/www.shami-shop.com\/de\/wp-json\/wp\/v2\/product"}],"about":[{"href":"https:\/\/www.shami-shop.com\/de\/wp-json\/wp\/v2\/types\/product"}],"wp:featuredmedia":[{"embeddable":true,"href":"https:\/\/www.shami-shop.com\/de\/wp-json\/wp\/v2\/media\/5457"}],"wp:attachment":[{"href":"https:\/\/www.shami-shop.com\/de\/wp-json\/wp\/v2\/media?parent=7765"}],"wp:term":[{"taxonomy":"product_brand","embeddable":true,"href":"https:\/\/www.shami-shop.com\/de\/wp-json\/wp\/v2\/product_brand?post=7765"},{"taxonomy":"product_cat","embeddable":true,"href":"https:\/\/www.shami-shop.com\/de\/wp-json\/wp\/v2\/product_cat?post=7765"},{"taxonomy":"product_tag","embeddable":true,"href":"https:\/\/www.shami-shop.com\/de\/wp-json\/wp\/v2\/product_tag?post=7765"}],"curies":[{"name":"wp","href":"https:\/\/api.w.org\/{rel}","templated":true}]}}