{"id":7773,"date":"2025-10-30T07:12:52","date_gmt":"2025-10-30T06:12:52","guid":{"rendered":"https:\/\/www.shami-shop.com\/?post_type=product&#038;p=7773"},"modified":"2025-10-31T03:48:23","modified_gmt":"2025-10-31T02:48:23","slug":"tsugarucase-3","status":"publish","type":"product","link":"https:\/\/www.shami-shop.com\/de\/produkt\/tsugarucase-3\/","title":{"rendered":"Tsugaru Koffer | Blau mit blauem Filz"},"content":{"rendered":"<p data-pm-slice=\"1 1 []\">Wer Blau mag, wird diesen Koffer lieben! Dieser gebrauchte Koffer hat ein wundersch\u00f6nes Blau au\u00dfen und ein ebenso tolles blaues Innenfutter aus Filz. Die Gr\u00f6\u00dfe ist gedacht f\u00fcr Futozao \/ Tsugaru Shamisen, aber nat\u00fcrlich passen auch kleinere Modelle in den Koffer. Dieser Kasten hat bereits gute Dienste geleistet und zeigt ein paar Nutzungsspuren, die das beweisen \ud83d\ude42 Wie auf den Fotos gut zu erkennen, ist das Innenfutter an zwei Stellen etwas abgenutzt. F\u00fcr Extra-Polsterung kann man einfach ein kleines St\u00fcck Filz dr\u00fcberkleben &#8211; super einfach \ud83d\ude42 Eine der Schnallen hat etwas Spiel, aber mit insgesamt vier Schnallen schlie\u00dft der Koffer nach wie vor komplett sicher, und ich w\u00fcrde ihn selbst komplett sorgenfrei benutzten.  But these signs of wear get you a sweet discount on this longcase.<\/p>\n<p data-pm-slice=\"1 1 []\">Das Instrument f\u00fcr den Transport nicht auseinanderbauen zu m\u00fcssen macht einen gewaltigen Unterschied, denn die Shamisen ist sofort einsatz- und spielbereit! Das Instrument komplett zusammengebaut zu lassen bedeutet auch, dass die Stimmung stabil bleibt und man viel weniger Zeit aufs Stimmen und Nachstimmen verwenden muss. Die harte Au\u00dfenschale des Koffers sch\u00fctzt Ihr Instrument vor Leuten, Ecken und T\u00fcrrahmen, die Ihnen in den Weg kommen.<\/p>\n<p>Das Au\u00dfenmaterial ist aus Kunststoff und wasserabweisend.<\/p>\n<p>Der Koffer hat vier Schlie\u00dfen.<\/p>\n","protected":false},"excerpt":{"rendered":"<p data-pm-slice=\"1 1 []\">Gebrauchter Koffer f\u00fcr Futozao \/ Tsugaru Shamisen.<\/p>\n<p>Blau mit blauem Filz<\/p>\n<p>4 Schnallen, ohne Schl\u00fcssel<\/p>\n<div class=\"page\" title=\"Seite 1\">\n<div class=\"layoutArea\">\n<div class=\"column\">\n<p><strong>Produktma\u00dfe:<\/strong><\/p>\n<ul>\n<li>L\u00e4nge: 103,5 cm<\/li>\n<li>Breite: 27,5 cm<\/li>\n<li>Breite innen: 26 cm<\/li>\n<li>height: 14,4 cm<\/li>\n<\/ul>\n<\/div>\n<\/div>\n<\/div>\n","protected":false},"featured_media":26869,"template":"","meta":{"_et_pb_use_builder":"","_et_pb_old_content":"","_et_gb_content_width":""},"product_brand":[],"product_cat":[436,62,63],"product_tag":[342,228,442,233,164,66,176,169,443],"class_list":{"0":"post-7773","1":"product","2":"type-product","3":"status-publish","4":"has-post-thumbnail","6":"product_cat-koffer-futozao","7":"product_cat-instrumentenkasten","8":"product_cat-lange-koffer","9":"product_tag-chuuzao-de","10":"product_tag-futozao-de","11":"product_tag-hardcase-de","12":"product_tag-hosozao-de","13":"product_tag-jiuta-de","14":"product_tag-longcase-de","15":"product_tag-nagauta-de","16":"product_tag-tsugaru-de","17":"product_tag-used-de","18":"product_shipping_class-5kg-de","20":"first","21":"outofstock","22":"sale","23":"sold-individually","24":"purchasable","25":"product-type-simple"},"yoast_head":"<!-- This site is optimized with the Yoast SEO plugin v26.9 - https:\/\/yoast.com\/product\/yoast-seo-wordpress\/ -->\n<title>Tsugaru Koffer | Blau mit blauem Filz - Shami-Shop<\/title>\n<meta name=\"description\" content=\"Gebrauchter Koffer f\u00fcr Tsugaru Shamisen. Innen und au\u00dfen blau, mit Filz-Innenfutter. H\u00e4lt Ihre Shamisen \u00fcberall sicher.\" \/>\n<meta name=\"robots\" content=\"index, follow, max-snippet:-1, max-image-preview:large, max-video-preview:-1\" \/>\n<link rel=\"canonical\" href=\"https:\/\/www.shami-shop.com\/de\/produkt\/tsugarucase-3\/\" \/>\n<meta property=\"og:locale\" content=\"de_DE\" \/>\n<meta property=\"og:type\" content=\"article\" \/>\n<meta property=\"og:title\" content=\"Tsugaru Koffer | Blau mit blauem Filz - Shami-Shop\" \/>\n<meta property=\"og:description\" content=\"Gebrauchter Koffer f\u00fcr Tsugaru Shamisen. Innen und au\u00dfen blau, mit Filz-Innenfutter. H\u00e4lt Ihre Shamisen \u00fcberall sicher.\" \/>\n<meta property=\"og:url\" content=\"https:\/\/www.shami-shop.com\/de\/produkt\/tsugarucase-3\/\" \/>\n<meta property=\"og:site_name\" content=\"Shami-Shop\" \/>\n<meta property=\"article:publisher\" content=\"https:\/\/www.facebook.com\/weloveshamisen\/\" \/>\n<meta property=\"article:modified_time\" content=\"2025-10-31T02:48:23+00:00\" \/>\n<meta property=\"og:image\" content=\"https:\/\/www.shami-shop.com\/wp-content\/uploads\/2025\/03\/TSU-35-B-thb-scaled.jpg\" \/>\n\t<meta property=\"og:image:width\" content=\"2542\" \/>\n\t<meta property=\"og:image:height\" content=\"2560\" \/>\n\t<meta property=\"og:image:type\" content=\"image\/jpeg\" \/>\n<meta name=\"twitter:card\" content=\"summary_large_image\" \/>\n<meta name=\"twitter:label1\" content=\"Gesch\u00e4tzte Lesezeit\" \/>\n\t<meta name=\"twitter:data1\" content=\"1\u00a0Minute\" \/>\n<script type=\"application\/ld+json\" class=\"yoast-schema-graph\">{\"@context\":\"https:\/\/schema.org\",\"@graph\":[{\"@type\":[\"WebPage\",\"ItemPage\"],\"@id\":\"https:\/\/www.shami-shop.com\/de\/produkt\/tsugarucase-3\/\",\"url\":\"https:\/\/www.shami-shop.com\/de\/produkt\/tsugarucase-3\/\",\"name\":\"Tsugaru Koffer | Blau mit blauem Filz - Shami-Shop\",\"isPartOf\":{\"@id\":\"https:\/\/www.shami-shop.com\/de\/#website\"},\"primaryImageOfPage\":{\"@id\":\"https:\/\/www.shami-shop.com\/de\/produkt\/tsugarucase-3\/#primaryimage\"},\"image\":{\"@id\":\"https:\/\/www.shami-shop.com\/de\/produkt\/tsugarucase-3\/#primaryimage\"},\"thumbnailUrl\":\"https:\/\/www.shami-shop.com\/wp-content\/uploads\/2025\/03\/TSU-35-B-thb-scaled.jpg\",\"datePublished\":\"2025-10-30T06:12:52+00:00\",\"dateModified\":\"2025-10-31T02:48:23+00:00\",\"description\":\"Gebrauchter Koffer f\u00fcr Tsugaru Shamisen. Innen und au\u00dfen blau, mit Filz-Innenfutter. H\u00e4lt Ihre Shamisen \u00fcberall sicher.\",\"breadcrumb\":{\"@id\":\"https:\/\/www.shami-shop.com\/de\/produkt\/tsugarucase-3\/#breadcrumb\"},\"inLanguage\":\"de\",\"potentialAction\":[{\"@type\":\"ReadAction\",\"target\":[\"https:\/\/www.shami-shop.com\/de\/produkt\/tsugarucase-3\/\"]}]},{\"@type\":\"ImageObject\",\"inLanguage\":\"de\",\"@id\":\"https:\/\/www.shami-shop.com\/de\/produkt\/tsugarucase-3\/#primaryimage\",\"url\":\"https:\/\/www.shami-shop.com\/wp-content\/uploads\/2025\/03\/TSU-35-B-thb-scaled.jpg\",\"contentUrl\":\"https:\/\/www.shami-shop.com\/wp-content\/uploads\/2025\/03\/TSU-35-B-thb-scaled.jpg\",\"width\":2542,\"height\":2560},{\"@type\":\"BreadcrumbList\",\"@id\":\"https:\/\/www.shami-shop.com\/de\/produkt\/tsugarucase-3\/#breadcrumb\",\"itemListElement\":[{\"@type\":\"ListItem\",\"position\":1,\"name\":\"Startseite\",\"item\":\"https:\/\/www.shami-shop.com\/de\/\"},{\"@type\":\"ListItem\",\"position\":2,\"name\":\"Shop\",\"item\":\"https:\/\/www.shami-shop.com\/de\/shop\/\"},{\"@type\":\"ListItem\",\"position\":3,\"name\":\"Tsugaru Koffer | Blau mit blauem Filz\"}]},{\"@type\":\"WebSite\",\"@id\":\"https:\/\/www.shami-shop.com\/de\/#website\",\"url\":\"https:\/\/www.shami-shop.com\/de\/\",\"name\":\"Shami-Shop\",\"description\":\"Alles f\u00fcr den Shamisen-Spieler.\",\"publisher\":{\"@id\":\"https:\/\/www.shami-shop.com\/de\/#organization\"},\"potentialAction\":[{\"@type\":\"SearchAction\",\"target\":{\"@type\":\"EntryPoint\",\"urlTemplate\":\"https:\/\/www.shami-shop.com\/de\/?s={search_term_string}\"},\"query-input\":{\"@type\":\"PropertyValueSpecification\",\"valueRequired\":true,\"valueName\":\"search_term_string\"}}],\"inLanguage\":\"de\"},{\"@type\":\"Organization\",\"@id\":\"https:\/\/www.shami-shop.com\/de\/#organization\",\"name\":\"Shami-Shop\",\"url\":\"https:\/\/www.shami-shop.com\/de\/\",\"logo\":{\"@type\":\"ImageObject\",\"inLanguage\":\"de\",\"@id\":\"https:\/\/www.shami-shop.com\/de\/#\/schema\/logo\/image\/\",\"url\":\"https:\/\/shami-shop.com\/wp-content\/uploads\/2021\/01\/Shami-Shop-Logo-1080.png\",\"contentUrl\":\"https:\/\/shami-shop.com\/wp-content\/uploads\/2021\/01\/Shami-Shop-Logo-1080.png\",\"width\":1080,\"height\":1080,\"caption\":\"Shami-Shop\"},\"image\":{\"@id\":\"https:\/\/www.shami-shop.com\/de\/#\/schema\/logo\/image\/\"},\"sameAs\":[\"https:\/\/www.facebook.com\/weloveshamisen\/\",\"https:\/\/www.instagram.com\/shamishop.europe\/\"]}]}<\/script>\n<!-- \/ Yoast SEO plugin. -->","yoast_head_json":{"title":"Tsugaru Koffer | Blau mit blauem Filz - Shami-Shop","description":"Gebrauchter Koffer f\u00fcr Tsugaru Shamisen. Innen und au\u00dfen blau, mit Filz-Innenfutter. H\u00e4lt Ihre Shamisen \u00fcberall sicher.","robots":{"index":"index","follow":"follow","max-snippet":"max-snippet:-1","max-image-preview":"max-image-preview:large","max-video-preview":"max-video-preview:-1"},"canonical":"https:\/\/www.shami-shop.com\/de\/produkt\/tsugarucase-3\/","og_locale":"de_DE","og_type":"article","og_title":"Tsugaru Koffer | Blau mit blauem Filz - Shami-Shop","og_description":"Gebrauchter Koffer f\u00fcr Tsugaru Shamisen. Innen und au\u00dfen blau, mit Filz-Innenfutter. H\u00e4lt Ihre Shamisen \u00fcberall sicher.","og_url":"https:\/\/www.shami-shop.com\/de\/produkt\/tsugarucase-3\/","og_site_name":"Shami-Shop","article_publisher":"https:\/\/www.facebook.com\/weloveshamisen\/","article_modified_time":"2025-10-31T02:48:23+00:00","og_image":[{"width":2542,"height":2560,"url":"https:\/\/www.shami-shop.com\/wp-content\/uploads\/2025\/03\/TSU-35-B-thb-scaled.jpg","type":"image\/jpeg"}],"twitter_card":"summary_large_image","twitter_misc":{"Gesch\u00e4tzte Lesezeit":"1\u00a0Minute"},"schema":{"@context":"https:\/\/schema.org","@graph":[{"@type":["WebPage","ItemPage"],"@id":"https:\/\/www.shami-shop.com\/de\/produkt\/tsugarucase-3\/","url":"https:\/\/www.shami-shop.com\/de\/produkt\/tsugarucase-3\/","name":"Tsugaru Koffer | Blau mit blauem Filz - Shami-Shop","isPartOf":{"@id":"https:\/\/www.shami-shop.com\/de\/#website"},"primaryImageOfPage":{"@id":"https:\/\/www.shami-shop.com\/de\/produkt\/tsugarucase-3\/#primaryimage"},"image":{"@id":"https:\/\/www.shami-shop.com\/de\/produkt\/tsugarucase-3\/#primaryimage"},"thumbnailUrl":"https:\/\/www.shami-shop.com\/wp-content\/uploads\/2025\/03\/TSU-35-B-thb-scaled.jpg","datePublished":"2025-10-30T06:12:52+00:00","dateModified":"2025-10-31T02:48:23+00:00","description":"Gebrauchter Koffer f\u00fcr Tsugaru Shamisen. Innen und au\u00dfen blau, mit Filz-Innenfutter. H\u00e4lt Ihre Shamisen \u00fcberall sicher.","breadcrumb":{"@id":"https:\/\/www.shami-shop.com\/de\/produkt\/tsugarucase-3\/#breadcrumb"},"inLanguage":"de","potentialAction":[{"@type":"ReadAction","target":["https:\/\/www.shami-shop.com\/de\/produkt\/tsugarucase-3\/"]}]},{"@type":"ImageObject","inLanguage":"de","@id":"https:\/\/www.shami-shop.com\/de\/produkt\/tsugarucase-3\/#primaryimage","url":"https:\/\/www.shami-shop.com\/wp-content\/uploads\/2025\/03\/TSU-35-B-thb-scaled.jpg","contentUrl":"https:\/\/www.shami-shop.com\/wp-content\/uploads\/2025\/03\/TSU-35-B-thb-scaled.jpg","width":2542,"height":2560},{"@type":"BreadcrumbList","@id":"https:\/\/www.shami-shop.com\/de\/produkt\/tsugarucase-3\/#breadcrumb","itemListElement":[{"@type":"ListItem","position":1,"name":"Startseite","item":"https:\/\/www.shami-shop.com\/de\/"},{"@type":"ListItem","position":2,"name":"Shop","item":"https:\/\/www.shami-shop.com\/de\/shop\/"},{"@type":"ListItem","position":3,"name":"Tsugaru Koffer | Blau mit blauem Filz"}]},{"@type":"WebSite","@id":"https:\/\/www.shami-shop.com\/de\/#website","url":"https:\/\/www.shami-shop.com\/de\/","name":"Shami-Shop","description":"Alles f\u00fcr den Shamisen-Spieler.","publisher":{"@id":"https:\/\/www.shami-shop.com\/de\/#organization"},"potentialAction":[{"@type":"SearchAction","target":{"@type":"EntryPoint","urlTemplate":"https:\/\/www.shami-shop.com\/de\/?s={search_term_string}"},"query-input":{"@type":"PropertyValueSpecification","valueRequired":true,"valueName":"search_term_string"}}],"inLanguage":"de"},{"@type":"Organization","@id":"https:\/\/www.shami-shop.com\/de\/#organization","name":"Shami-Shop","url":"https:\/\/www.shami-shop.com\/de\/","logo":{"@type":"ImageObject","inLanguage":"de","@id":"https:\/\/www.shami-shop.com\/de\/#\/schema\/logo\/image\/","url":"https:\/\/shami-shop.com\/wp-content\/uploads\/2021\/01\/Shami-Shop-Logo-1080.png","contentUrl":"https:\/\/shami-shop.com\/wp-content\/uploads\/2021\/01\/Shami-Shop-Logo-1080.png","width":1080,"height":1080,"caption":"Shami-Shop"},"image":{"@id":"https:\/\/www.shami-shop.com\/de\/#\/schema\/logo\/image\/"},"sameAs":["https:\/\/www.facebook.com\/weloveshamisen\/","https:\/\/www.instagram.com\/shamishop.europe\/"]}]}},"jetpack_sharing_enabled":true,"_links":{"self":[{"href":"https:\/\/www.shami-shop.com\/de\/wp-json\/wp\/v2\/product\/7773","targetHints":{"allow":["GET"]}}],"collection":[{"href":"https:\/\/www.shami-shop.com\/de\/wp-json\/wp\/v2\/product"}],"about":[{"href":"https:\/\/www.shami-shop.com\/de\/wp-json\/wp\/v2\/types\/product"}],"wp:featuredmedia":[{"embeddable":true,"href":"https:\/\/www.shami-shop.com\/de\/wp-json\/wp\/v2\/media\/26869"}],"wp:attachment":[{"href":"https:\/\/www.shami-shop.com\/de\/wp-json\/wp\/v2\/media?parent=7773"}],"wp:term":[{"taxonomy":"product_brand","embeddable":true,"href":"https:\/\/www.shami-shop.com\/de\/wp-json\/wp\/v2\/product_brand?post=7773"},{"taxonomy":"product_cat","embeddable":true,"href":"https:\/\/www.shami-shop.com\/de\/wp-json\/wp\/v2\/product_cat?post=7773"},{"taxonomy":"product_tag","embeddable":true,"href":"https:\/\/www.shami-shop.com\/de\/wp-json\/wp\/v2\/product_tag?post=7773"}],"curies":[{"name":"wp","href":"https:\/\/api.w.org\/{rel}","templated":true}]}}