{"id":7969,"date":"2021-07-09T14:00:26","date_gmt":"2021-07-09T13:00:26","guid":{"rendered":"https:\/\/www.shami-shop.com\/?post_type=product&#038;p=7969"},"modified":"2026-03-03T19:54:10","modified_gmt":"2026-03-03T18:54:10","slug":"koffer-tsugaru-51","status":"publish","type":"product","link":"https:\/\/www.shami-shop.com\/de\/produkt\/koffer-tsugaru-51\/","title":{"rendered":"Tsugaru Koffer | schwarz mit silber"},"content":{"rendered":"<p data-pm-slice=\"1 1 []\">Dieser Koffer sieht sehr, sehr cool aus mit seinen abgerundeten Ecken und seinem silberenen Samtfutter. Die Gr\u00f6\u00dfe ist gedacht f\u00fcr Futozao \/ Tsugaru Shamisen, aber nat\u00fcrlich passen auch kleinere Modelle in den Koffer. Man schaue sich einmal das ger\u00e4umige Innenfach an! Genug Platz, um wirklich alles unterzubringen, was man zum Spielen so braucht. An der unteren kurzen Seite befinden sich extra F\u00fc\u00dfe, die die Lagerung im aufrechten Stehen sicher und einfach machen.<\/p>\n<p data-pm-slice=\"1 1 []\">Das Instrument f\u00fcr den Transport nicht auseinanderbauen zu m\u00fcssen macht einen gewaltigen Unterschied, denn die Shamisen ist sofort einsatz- und spielbereit! Das Instrument komplett zusammengebaut zu lassen bedeutet auch, dass die Stimmung stabil bleibt und man viel weniger Zeit aufs Stimmen und Nachstimmen verwenden muss. Die harte Au\u00dfenschale des Koffers sch\u00fctzt Ihr Instrument vor Leuten, Ecken und T\u00fcrrahmen, die Ihnen in den Weg kommen.<\/p>\n<p>Das silberne Innenfutter sieh sehr stylisch aus und das extra Fach in der Mitte des Kastens bietet ausreichend Platz f\u00fcr Ihr Bachi, Ersatzsaiten und andere Accessoires, die Sie noch dabei haben m\u00f6chten.<\/p>\n","protected":false},"excerpt":{"rendered":"<p data-pm-slice=\"1 1 []\">Gebrauchter Koffer f\u00fcr Futozao \/ Tsugaru Shamisen<\/p>\n<p>Schwarz mit silbernem Innenfutter.<\/p>\n<p>&nbsp;<\/p>\n<p><strong>Produktabmessungen (au\u00dfen):<\/strong><\/p>\n<ul>\n<li>L\u00e4nge: 106 cm<\/li>\n<li>Breite: 29 cm<\/li>\n<li>H\u00f6he: 13 cm<\/li>\n<\/ul>\n<p><strong>Produktabmessungen (innen):<\/strong><\/p>\n<ul>\n<li>L\u00e4nge: 103 cm<\/li>\n<li>Breite: 25,5 cm<\/li>\n<\/ul>\n<p>4 Schlie\u00dfen, mit Schl\u00fcssel<\/p>\n","protected":false},"featured_media":26867,"template":"","meta":{"_et_pb_use_builder":"","_et_pb_old_content":"","_et_gb_content_width":""},"product_brand":[],"product_cat":[138,436,62,63],"product_tag":[342,228,442,233,164,66,176,169,443],"class_list":{"0":"post-7969","1":"product","2":"type-product","3":"status-publish","4":"has-post-thumbnail","6":"product_cat-shamisenkoffer","7":"product_cat-koffer-futozao","8":"product_cat-instrumentenkasten","9":"product_cat-lange-koffer","10":"product_tag-chuuzao-de","11":"product_tag-futozao-de","12":"product_tag-hardcase-de","13":"product_tag-hosozao-de","14":"product_tag-jiuta-de","15":"product_tag-longcase-de","16":"product_tag-nagauta-de","17":"product_tag-tsugaru-de","18":"product_tag-used-de","19":"product_shipping_class-5kg-de","21":"first","22":"outofstock","23":"featured","24":"purchasable","25":"product-type-simple"},"yoast_head":"<!-- This site is optimized with the Yoast SEO plugin v26.9 - https:\/\/yoast.com\/product\/yoast-seo-wordpress\/ -->\n<title>Tsugaru Koffer | schwarz mit silber - Shami-Shop<\/title>\n<meta name=\"description\" content=\"Gebrauchter blauer Tsugaru Shamisen Koffer mit blauem Futter. So ist die Shamisen immer sicher verstaut!\" \/>\n<meta name=\"robots\" content=\"index, follow, max-snippet:-1, max-image-preview:large, max-video-preview:-1\" \/>\n<link rel=\"canonical\" href=\"https:\/\/www.shami-shop.com\/de\/produkt\/koffer-tsugaru-51\/\" \/>\n<meta property=\"og:locale\" content=\"de_DE\" \/>\n<meta property=\"og:type\" content=\"article\" \/>\n<meta property=\"og:title\" content=\"Tsugaru Koffer | schwarz mit silber - Shami-Shop\" \/>\n<meta property=\"og:description\" content=\"Gebrauchter blauer Tsugaru Shamisen Koffer mit blauem Futter. So ist die Shamisen immer sicher verstaut!\" \/>\n<meta property=\"og:url\" content=\"https:\/\/www.shami-shop.com\/de\/produkt\/koffer-tsugaru-51\/\" \/>\n<meta property=\"og:site_name\" content=\"Shami-Shop\" \/>\n<meta property=\"article:publisher\" content=\"https:\/\/www.facebook.com\/weloveshamisen\/\" \/>\n<meta property=\"article:modified_time\" content=\"2026-03-03T18:54:10+00:00\" \/>\n<meta property=\"og:image\" content=\"https:\/\/www.shami-shop.com\/wp-content\/uploads\/2025\/03\/TSU-34-B-thb-scaled.jpg\" \/>\n\t<meta property=\"og:image:width\" content=\"2493\" \/>\n\t<meta property=\"og:image:height\" content=\"2560\" \/>\n\t<meta property=\"og:image:type\" content=\"image\/jpeg\" \/>\n<meta name=\"twitter:card\" content=\"summary_large_image\" \/>\n<meta name=\"twitter:label1\" content=\"Gesch\u00e4tzte Lesezeit\" \/>\n\t<meta name=\"twitter:data1\" content=\"1\u00a0Minute\" \/>\n<script type=\"application\/ld+json\" class=\"yoast-schema-graph\">{\"@context\":\"https:\/\/schema.org\",\"@graph\":[{\"@type\":[\"WebPage\",\"ItemPage\"],\"@id\":\"https:\/\/www.shami-shop.com\/de\/produkt\/koffer-tsugaru-51\/\",\"url\":\"https:\/\/www.shami-shop.com\/de\/produkt\/koffer-tsugaru-51\/\",\"name\":\"Tsugaru Koffer | schwarz mit silber - Shami-Shop\",\"isPartOf\":{\"@id\":\"https:\/\/www.shami-shop.com\/de\/#website\"},\"primaryImageOfPage\":{\"@id\":\"https:\/\/www.shami-shop.com\/de\/produkt\/koffer-tsugaru-51\/#primaryimage\"},\"image\":{\"@id\":\"https:\/\/www.shami-shop.com\/de\/produkt\/koffer-tsugaru-51\/#primaryimage\"},\"thumbnailUrl\":\"https:\/\/www.shami-shop.com\/wp-content\/uploads\/2025\/03\/TSU-34-B-thb-scaled.jpg\",\"datePublished\":\"2021-07-09T13:00:26+00:00\",\"dateModified\":\"2026-03-03T18:54:10+00:00\",\"description\":\"Gebrauchter blauer Tsugaru Shamisen Koffer mit blauem Futter. So ist die Shamisen immer sicher verstaut!\",\"breadcrumb\":{\"@id\":\"https:\/\/www.shami-shop.com\/de\/produkt\/koffer-tsugaru-51\/#breadcrumb\"},\"inLanguage\":\"de\",\"potentialAction\":[{\"@type\":\"ReadAction\",\"target\":[\"https:\/\/www.shami-shop.com\/de\/produkt\/koffer-tsugaru-51\/\"]}]},{\"@type\":\"ImageObject\",\"inLanguage\":\"de\",\"@id\":\"https:\/\/www.shami-shop.com\/de\/produkt\/koffer-tsugaru-51\/#primaryimage\",\"url\":\"https:\/\/www.shami-shop.com\/wp-content\/uploads\/2025\/03\/TSU-34-B-thb-scaled.jpg\",\"contentUrl\":\"https:\/\/www.shami-shop.com\/wp-content\/uploads\/2025\/03\/TSU-34-B-thb-scaled.jpg\",\"width\":2493,\"height\":2560},{\"@type\":\"BreadcrumbList\",\"@id\":\"https:\/\/www.shami-shop.com\/de\/produkt\/koffer-tsugaru-51\/#breadcrumb\",\"itemListElement\":[{\"@type\":\"ListItem\",\"position\":1,\"name\":\"Startseite\",\"item\":\"https:\/\/www.shami-shop.com\/de\/\"},{\"@type\":\"ListItem\",\"position\":2,\"name\":\"Shop\",\"item\":\"https:\/\/www.shami-shop.com\/de\/shop\/\"},{\"@type\":\"ListItem\",\"position\":3,\"name\":\"Tsugaru Koffer | schwarz mit silber\"}]},{\"@type\":\"WebSite\",\"@id\":\"https:\/\/www.shami-shop.com\/de\/#website\",\"url\":\"https:\/\/www.shami-shop.com\/de\/\",\"name\":\"Shami-Shop\",\"description\":\"Alles f\u00fcr den Shamisen-Spieler.\",\"publisher\":{\"@id\":\"https:\/\/www.shami-shop.com\/de\/#organization\"},\"potentialAction\":[{\"@type\":\"SearchAction\",\"target\":{\"@type\":\"EntryPoint\",\"urlTemplate\":\"https:\/\/www.shami-shop.com\/de\/?s={search_term_string}\"},\"query-input\":{\"@type\":\"PropertyValueSpecification\",\"valueRequired\":true,\"valueName\":\"search_term_string\"}}],\"inLanguage\":\"de\"},{\"@type\":\"Organization\",\"@id\":\"https:\/\/www.shami-shop.com\/de\/#organization\",\"name\":\"Shami-Shop\",\"url\":\"https:\/\/www.shami-shop.com\/de\/\",\"logo\":{\"@type\":\"ImageObject\",\"inLanguage\":\"de\",\"@id\":\"https:\/\/www.shami-shop.com\/de\/#\/schema\/logo\/image\/\",\"url\":\"https:\/\/shami-shop.com\/wp-content\/uploads\/2021\/01\/Shami-Shop-Logo-1080.png\",\"contentUrl\":\"https:\/\/shami-shop.com\/wp-content\/uploads\/2021\/01\/Shami-Shop-Logo-1080.png\",\"width\":1080,\"height\":1080,\"caption\":\"Shami-Shop\"},\"image\":{\"@id\":\"https:\/\/www.shami-shop.com\/de\/#\/schema\/logo\/image\/\"},\"sameAs\":[\"https:\/\/www.facebook.com\/weloveshamisen\/\",\"https:\/\/www.instagram.com\/shamishop.europe\/\"]}]}<\/script>\n<!-- \/ Yoast SEO plugin. -->","yoast_head_json":{"title":"Tsugaru Koffer | schwarz mit silber - Shami-Shop","description":"Gebrauchter blauer Tsugaru Shamisen Koffer mit blauem Futter. So ist die Shamisen immer sicher verstaut!","robots":{"index":"index","follow":"follow","max-snippet":"max-snippet:-1","max-image-preview":"max-image-preview:large","max-video-preview":"max-video-preview:-1"},"canonical":"https:\/\/www.shami-shop.com\/de\/produkt\/koffer-tsugaru-51\/","og_locale":"de_DE","og_type":"article","og_title":"Tsugaru Koffer | schwarz mit silber - Shami-Shop","og_description":"Gebrauchter blauer Tsugaru Shamisen Koffer mit blauem Futter. So ist die Shamisen immer sicher verstaut!","og_url":"https:\/\/www.shami-shop.com\/de\/produkt\/koffer-tsugaru-51\/","og_site_name":"Shami-Shop","article_publisher":"https:\/\/www.facebook.com\/weloveshamisen\/","article_modified_time":"2026-03-03T18:54:10+00:00","og_image":[{"width":2493,"height":2560,"url":"https:\/\/www.shami-shop.com\/wp-content\/uploads\/2025\/03\/TSU-34-B-thb-scaled.jpg","type":"image\/jpeg"}],"twitter_card":"summary_large_image","twitter_misc":{"Gesch\u00e4tzte Lesezeit":"1\u00a0Minute"},"schema":{"@context":"https:\/\/schema.org","@graph":[{"@type":["WebPage","ItemPage"],"@id":"https:\/\/www.shami-shop.com\/de\/produkt\/koffer-tsugaru-51\/","url":"https:\/\/www.shami-shop.com\/de\/produkt\/koffer-tsugaru-51\/","name":"Tsugaru Koffer | schwarz mit silber - Shami-Shop","isPartOf":{"@id":"https:\/\/www.shami-shop.com\/de\/#website"},"primaryImageOfPage":{"@id":"https:\/\/www.shami-shop.com\/de\/produkt\/koffer-tsugaru-51\/#primaryimage"},"image":{"@id":"https:\/\/www.shami-shop.com\/de\/produkt\/koffer-tsugaru-51\/#primaryimage"},"thumbnailUrl":"https:\/\/www.shami-shop.com\/wp-content\/uploads\/2025\/03\/TSU-34-B-thb-scaled.jpg","datePublished":"2021-07-09T13:00:26+00:00","dateModified":"2026-03-03T18:54:10+00:00","description":"Gebrauchter blauer Tsugaru Shamisen Koffer mit blauem Futter. So ist die Shamisen immer sicher verstaut!","breadcrumb":{"@id":"https:\/\/www.shami-shop.com\/de\/produkt\/koffer-tsugaru-51\/#breadcrumb"},"inLanguage":"de","potentialAction":[{"@type":"ReadAction","target":["https:\/\/www.shami-shop.com\/de\/produkt\/koffer-tsugaru-51\/"]}]},{"@type":"ImageObject","inLanguage":"de","@id":"https:\/\/www.shami-shop.com\/de\/produkt\/koffer-tsugaru-51\/#primaryimage","url":"https:\/\/www.shami-shop.com\/wp-content\/uploads\/2025\/03\/TSU-34-B-thb-scaled.jpg","contentUrl":"https:\/\/www.shami-shop.com\/wp-content\/uploads\/2025\/03\/TSU-34-B-thb-scaled.jpg","width":2493,"height":2560},{"@type":"BreadcrumbList","@id":"https:\/\/www.shami-shop.com\/de\/produkt\/koffer-tsugaru-51\/#breadcrumb","itemListElement":[{"@type":"ListItem","position":1,"name":"Startseite","item":"https:\/\/www.shami-shop.com\/de\/"},{"@type":"ListItem","position":2,"name":"Shop","item":"https:\/\/www.shami-shop.com\/de\/shop\/"},{"@type":"ListItem","position":3,"name":"Tsugaru Koffer | schwarz mit silber"}]},{"@type":"WebSite","@id":"https:\/\/www.shami-shop.com\/de\/#website","url":"https:\/\/www.shami-shop.com\/de\/","name":"Shami-Shop","description":"Alles f\u00fcr den Shamisen-Spieler.","publisher":{"@id":"https:\/\/www.shami-shop.com\/de\/#organization"},"potentialAction":[{"@type":"SearchAction","target":{"@type":"EntryPoint","urlTemplate":"https:\/\/www.shami-shop.com\/de\/?s={search_term_string}"},"query-input":{"@type":"PropertyValueSpecification","valueRequired":true,"valueName":"search_term_string"}}],"inLanguage":"de"},{"@type":"Organization","@id":"https:\/\/www.shami-shop.com\/de\/#organization","name":"Shami-Shop","url":"https:\/\/www.shami-shop.com\/de\/","logo":{"@type":"ImageObject","inLanguage":"de","@id":"https:\/\/www.shami-shop.com\/de\/#\/schema\/logo\/image\/","url":"https:\/\/shami-shop.com\/wp-content\/uploads\/2021\/01\/Shami-Shop-Logo-1080.png","contentUrl":"https:\/\/shami-shop.com\/wp-content\/uploads\/2021\/01\/Shami-Shop-Logo-1080.png","width":1080,"height":1080,"caption":"Shami-Shop"},"image":{"@id":"https:\/\/www.shami-shop.com\/de\/#\/schema\/logo\/image\/"},"sameAs":["https:\/\/www.facebook.com\/weloveshamisen\/","https:\/\/www.instagram.com\/shamishop.europe\/"]}]}},"jetpack_sharing_enabled":true,"_links":{"self":[{"href":"https:\/\/www.shami-shop.com\/de\/wp-json\/wp\/v2\/product\/7969","targetHints":{"allow":["GET"]}}],"collection":[{"href":"https:\/\/www.shami-shop.com\/de\/wp-json\/wp\/v2\/product"}],"about":[{"href":"https:\/\/www.shami-shop.com\/de\/wp-json\/wp\/v2\/types\/product"}],"wp:featuredmedia":[{"embeddable":true,"href":"https:\/\/www.shami-shop.com\/de\/wp-json\/wp\/v2\/media\/26867"}],"wp:attachment":[{"href":"https:\/\/www.shami-shop.com\/de\/wp-json\/wp\/v2\/media?parent=7969"}],"wp:term":[{"taxonomy":"product_brand","embeddable":true,"href":"https:\/\/www.shami-shop.com\/de\/wp-json\/wp\/v2\/product_brand?post=7969"},{"taxonomy":"product_cat","embeddable":true,"href":"https:\/\/www.shami-shop.com\/de\/wp-json\/wp\/v2\/product_cat?post=7969"},{"taxonomy":"product_tag","embeddable":true,"href":"https:\/\/www.shami-shop.com\/de\/wp-json\/wp\/v2\/product_tag?post=7969"}],"curies":[{"name":"wp","href":"https:\/\/api.w.org\/{rel}","templated":true}]}}