{"id":8095,"date":"2021-07-13T08:03:32","date_gmt":"2021-07-13T07:03:33","guid":{"rendered":"https:\/\/www.shami-shop.com\/?post_type=product&#038;p=8095"},"modified":"2024-04-02T09:47:53","modified_gmt":"2024-04-02T08:47:53","slug":"tsugaru-bachi-bekko-01","status":"publish","type":"product","link":"https:\/\/www.shami-shop.com\/de\/produkt\/tsugaru-bachi-bekko-01\/","title":{"rendered":"Tsugaru Bachi | Bekko"},"content":{"rendered":"<p>Traditionelles Bekko Bachi f\u00fcr Tsugaru Shamisen Stil. Bekko Bachi sind der Standard f\u00fcr Tsugaru Shamisen Stil. Die Flexibilit\u00e4t des Blattes und der unverkennbare perkussive Klang beim Anschlagen der Saiten ist eine wichtige Nuance des authentischen Klangs von Tsugaru Shamisen. Mit einem Bekko Bachi zu spielen f\u00fchlt sich g\u00e4nzlich anders an als mit einem Standard Sch\u00fcler-Bachi aus Kunststoff. Der Klang Ihrer Shamisen wird dadurch auch enorm ver\u00e4ndert.<\/p>\n<p>Das Blatt dieses spezifischen Bachi ist dick und kr\u00e4ftig und f\u00fchlt sich beim Spielen auch recht fest an. Es ist perfekt f\u00fcr Spieler mit einem sehr energischen Spiel-Stil, die ihre gesamte Energie ins Shamisen Spiel stecken. Wenn Sie sich die F\u00e4rbung des Blattes anschauen, werden Ihnen die sch\u00f6nen helleren Stellen auffallen. Das entspricht nicht nur dem \u00e4sthetischen Ideal f\u00fcr diese Art von Bachi (je heller desto besser, ist die allgemeine Meinung), sondern man munkelt auch, dass ein Bachi besser klingt, wenn das Blatt heller ist. Ich habe selbst noch nicht gen\u00fcgend Zeit mit dem Vergleich verschiedener Blattf\u00e4rbungen gemacht und kann diese Vermutung deshalb weder best\u00e4tigen noch verwerfen. Auf jeden Fall sieht das Blatt aber sehr sch\u00f6n aus mit seinen hellen Flecken. Es macht es zur puren Freude, das Bachi gegen das Sonnenlicht zu halten und sich an seiner Sch\u00f6nheit zu erfreuen. Der Griff hat eine normale L\u00e4nge. Schicken Sie aber gerne eine Nachricht, wenn Sie sich nicht sicher sind, ob das Bachi f\u00fcr Ihre Hand geeignet ist. Mit einem Gewicht von 136,4 Gramm f\u00fchlt es sich nicht schwer an, w\u00e4hrend es gleichzeitig dem Schlag mit seinem Eigengewicht ein bisschen extra Schwung verleiht. Es gibt kein besser oder schlechter beim Gewicht und das Gewicht hat auch nichts mit der K\u00f6rpergr\u00f6\u00dfe oder dem eigenen Spiel-Stil zu tun. Es ist schlichtweg pers\u00f6nliche Pr\u00e4ferenz, die das ideale Gewicht eines Bachi bestimmt.<\/p>\n<p>Wenn Sie gerade erst mit dem Shamisen Spielen anfangen: Es ist ganz normal, dass sich das Bachi anfangs etwas seltsam in der Hand anf\u00fchlt. Aber es sollte niemals zu Schmerzen f\u00fchren &#8211; weder im Handgelenk noch in den Fingern. Bitte achten Sie darauf, das Bachi am Griff nicht fest zu umschlie\u00dfen, sondern es eher locker zwischen den Fingern eingeklemmt zu haben. Das ist am Anfang wirklich (vor allem vom Kopf her) schwer, aber damit kommt man zu einem lockeren Schwung, schmerzfreiem und gesundem Spiel und einem fantastischen Klang.<\/p>\n<p><strong>Ma\u00dfe:<\/strong><\/p>\n<ul>\n<li>Blatt: 9,4 cm<\/li>\n<li>L\u00e4nge: 18,3 cm<\/li>\n<li>Griffbreite (unteres Ende): 26 mm<\/li>\n<li>Griffh\u00f6he (unteres Ende): 26 mm<\/li>\n<li>Gewicht: 136,4 g<\/li>\n<\/ul>\n","protected":false},"excerpt":{"rendered":"<p>Stil: Tsugaru<\/p>\n<p><strong>Ma\u00dfe:<\/strong><\/p>\n<ul>\n<li>Blatt: 9,4 cm<\/li>\n<li>L\u00e4nge: 18,3 cm<\/li>\n<li>Griffbreite (unteres Ende): 26 mm<\/li>\n<li>Griffh\u00f6he (unteres Ende): 26 mm<\/li>\n<li>Gewicht: 136,4 g<\/li>\n<\/ul>\n","protected":false},"featured_media":8020,"template":"","meta":{"_et_pb_use_builder":"","_et_pb_old_content":"","_et_gb_content_width":""},"product_brand":[],"product_cat":[135,393],"product_tag":[312,169],"class_list":{"0":"post-8095","1":"product","2":"type-product","3":"status-publish","4":"has-post-thumbnail","6":"product_cat-bachi-de","7":"product_cat-bachi-tsugaru-de","8":"product_tag-bachi-de","9":"product_tag-tsugaru-de","10":"product_shipping_class-paket-m-2kg","12":"first","13":"outofstock","14":"purchasable","15":"product-type-simple"},"yoast_head":"<!-- This site is optimized with the Yoast SEO plugin v26.9 - https:\/\/yoast.com\/product\/yoast-seo-wordpress\/ -->\n<title>Tsugaru Bachi | Bekko - Shami-Shop<\/title>\n<meta name=\"description\" content=\"Traditionelles Bekko Bachi f\u00fcr Tsugaru Shamisen Stil. F\u00fcr den authentischen Klang von Tsugaru Shamisen. Versand direkt aus Berlin.\" \/>\n<meta name=\"robots\" content=\"index, follow, max-snippet:-1, max-image-preview:large, max-video-preview:-1\" \/>\n<link rel=\"canonical\" href=\"https:\/\/www.shami-shop.com\/de\/produkt\/tsugaru-bachi-bekko-01\/\" \/>\n<meta property=\"og:locale\" content=\"de_DE\" \/>\n<meta property=\"og:type\" content=\"article\" \/>\n<meta property=\"og:title\" content=\"Tsugaru Bachi | Bekko - Shami-Shop\" \/>\n<meta property=\"og:description\" content=\"Traditionelles Bekko Bachi f\u00fcr Tsugaru Shamisen Stil. F\u00fcr den authentischen Klang von Tsugaru Shamisen. Versand direkt aus Berlin.\" \/>\n<meta property=\"og:url\" content=\"https:\/\/www.shami-shop.com\/de\/produkt\/tsugaru-bachi-bekko-01\/\" \/>\n<meta property=\"og:site_name\" content=\"Shami-Shop\" \/>\n<meta property=\"article:publisher\" content=\"https:\/\/www.facebook.com\/weloveshamisen\/\" \/>\n<meta property=\"article:modified_time\" content=\"2024-04-02T08:47:53+00:00\" \/>\n<meta property=\"og:image\" content=\"https:\/\/www.shami-shop.com\/wp-content\/uploads\/2021\/07\/BEK-01-2.png\" \/>\n\t<meta property=\"og:image:width\" content=\"1080\" \/>\n\t<meta property=\"og:image:height\" content=\"720\" \/>\n\t<meta property=\"og:image:type\" content=\"image\/png\" \/>\n<meta name=\"twitter:card\" content=\"summary_large_image\" \/>\n<meta name=\"twitter:label1\" content=\"Gesch\u00e4tzte Lesezeit\" \/>\n\t<meta name=\"twitter:data1\" content=\"2\u00a0Minuten\" \/>\n<script type=\"application\/ld+json\" class=\"yoast-schema-graph\">{\"@context\":\"https:\/\/schema.org\",\"@graph\":[{\"@type\":[\"WebPage\",\"ItemPage\"],\"@id\":\"https:\/\/www.shami-shop.com\/de\/produkt\/tsugaru-bachi-bekko-01\/\",\"url\":\"https:\/\/www.shami-shop.com\/de\/produkt\/tsugaru-bachi-bekko-01\/\",\"name\":\"Tsugaru Bachi | Bekko - Shami-Shop\",\"isPartOf\":{\"@id\":\"https:\/\/www.shami-shop.com\/de\/#website\"},\"primaryImageOfPage\":{\"@id\":\"https:\/\/www.shami-shop.com\/de\/produkt\/tsugaru-bachi-bekko-01\/#primaryimage\"},\"image\":{\"@id\":\"https:\/\/www.shami-shop.com\/de\/produkt\/tsugaru-bachi-bekko-01\/#primaryimage\"},\"thumbnailUrl\":\"https:\/\/www.shami-shop.com\/wp-content\/uploads\/2021\/07\/BEK-01-2.png\",\"datePublished\":\"2021-07-13T07:03:33+00:00\",\"dateModified\":\"2024-04-02T08:47:53+00:00\",\"description\":\"Traditionelles Bekko Bachi f\u00fcr Tsugaru Shamisen Stil. F\u00fcr den authentischen Klang von Tsugaru Shamisen. Versand direkt aus Berlin.\",\"breadcrumb\":{\"@id\":\"https:\/\/www.shami-shop.com\/de\/produkt\/tsugaru-bachi-bekko-01\/#breadcrumb\"},\"inLanguage\":\"de\",\"potentialAction\":[{\"@type\":\"ReadAction\",\"target\":[\"https:\/\/www.shami-shop.com\/de\/produkt\/tsugaru-bachi-bekko-01\/\"]}]},{\"@type\":\"ImageObject\",\"inLanguage\":\"de\",\"@id\":\"https:\/\/www.shami-shop.com\/de\/produkt\/tsugaru-bachi-bekko-01\/#primaryimage\",\"url\":\"https:\/\/www.shami-shop.com\/wp-content\/uploads\/2021\/07\/BEK-01-2.png\",\"contentUrl\":\"https:\/\/www.shami-shop.com\/wp-content\/uploads\/2021\/07\/BEK-01-2.png\",\"width\":1080,\"height\":720},{\"@type\":\"BreadcrumbList\",\"@id\":\"https:\/\/www.shami-shop.com\/de\/produkt\/tsugaru-bachi-bekko-01\/#breadcrumb\",\"itemListElement\":[{\"@type\":\"ListItem\",\"position\":1,\"name\":\"Startseite\",\"item\":\"https:\/\/www.shami-shop.com\/de\/\"},{\"@type\":\"ListItem\",\"position\":2,\"name\":\"Shop\",\"item\":\"https:\/\/www.shami-shop.com\/de\/shop\/\"},{\"@type\":\"ListItem\",\"position\":3,\"name\":\"Tsugaru Bachi | Bekko\"}]},{\"@type\":\"WebSite\",\"@id\":\"https:\/\/www.shami-shop.com\/de\/#website\",\"url\":\"https:\/\/www.shami-shop.com\/de\/\",\"name\":\"Shami-Shop\",\"description\":\"Alles f\u00fcr den Shamisen-Spieler.\",\"publisher\":{\"@id\":\"https:\/\/www.shami-shop.com\/de\/#organization\"},\"potentialAction\":[{\"@type\":\"SearchAction\",\"target\":{\"@type\":\"EntryPoint\",\"urlTemplate\":\"https:\/\/www.shami-shop.com\/de\/?s={search_term_string}\"},\"query-input\":{\"@type\":\"PropertyValueSpecification\",\"valueRequired\":true,\"valueName\":\"search_term_string\"}}],\"inLanguage\":\"de\"},{\"@type\":\"Organization\",\"@id\":\"https:\/\/www.shami-shop.com\/de\/#organization\",\"name\":\"Shami-Shop\",\"url\":\"https:\/\/www.shami-shop.com\/de\/\",\"logo\":{\"@type\":\"ImageObject\",\"inLanguage\":\"de\",\"@id\":\"https:\/\/www.shami-shop.com\/de\/#\/schema\/logo\/image\/\",\"url\":\"https:\/\/shami-shop.com\/wp-content\/uploads\/2021\/01\/Shami-Shop-Logo-1080.png\",\"contentUrl\":\"https:\/\/shami-shop.com\/wp-content\/uploads\/2021\/01\/Shami-Shop-Logo-1080.png\",\"width\":1080,\"height\":1080,\"caption\":\"Shami-Shop\"},\"image\":{\"@id\":\"https:\/\/www.shami-shop.com\/de\/#\/schema\/logo\/image\/\"},\"sameAs\":[\"https:\/\/www.facebook.com\/weloveshamisen\/\",\"https:\/\/www.instagram.com\/shamishop.europe\/\"]}]}<\/script>\n<!-- \/ Yoast SEO plugin. -->","yoast_head_json":{"title":"Tsugaru Bachi | Bekko - Shami-Shop","description":"Traditionelles Bekko Bachi f\u00fcr Tsugaru Shamisen Stil. F\u00fcr den authentischen Klang von Tsugaru Shamisen. Versand direkt aus Berlin.","robots":{"index":"index","follow":"follow","max-snippet":"max-snippet:-1","max-image-preview":"max-image-preview:large","max-video-preview":"max-video-preview:-1"},"canonical":"https:\/\/www.shami-shop.com\/de\/produkt\/tsugaru-bachi-bekko-01\/","og_locale":"de_DE","og_type":"article","og_title":"Tsugaru Bachi | Bekko - Shami-Shop","og_description":"Traditionelles Bekko Bachi f\u00fcr Tsugaru Shamisen Stil. F\u00fcr den authentischen Klang von Tsugaru Shamisen. Versand direkt aus Berlin.","og_url":"https:\/\/www.shami-shop.com\/de\/produkt\/tsugaru-bachi-bekko-01\/","og_site_name":"Shami-Shop","article_publisher":"https:\/\/www.facebook.com\/weloveshamisen\/","article_modified_time":"2024-04-02T08:47:53+00:00","og_image":[{"width":1080,"height":720,"url":"https:\/\/www.shami-shop.com\/wp-content\/uploads\/2021\/07\/BEK-01-2.png","type":"image\/png"}],"twitter_card":"summary_large_image","twitter_misc":{"Gesch\u00e4tzte Lesezeit":"2\u00a0Minuten"},"schema":{"@context":"https:\/\/schema.org","@graph":[{"@type":["WebPage","ItemPage"],"@id":"https:\/\/www.shami-shop.com\/de\/produkt\/tsugaru-bachi-bekko-01\/","url":"https:\/\/www.shami-shop.com\/de\/produkt\/tsugaru-bachi-bekko-01\/","name":"Tsugaru Bachi | Bekko - Shami-Shop","isPartOf":{"@id":"https:\/\/www.shami-shop.com\/de\/#website"},"primaryImageOfPage":{"@id":"https:\/\/www.shami-shop.com\/de\/produkt\/tsugaru-bachi-bekko-01\/#primaryimage"},"image":{"@id":"https:\/\/www.shami-shop.com\/de\/produkt\/tsugaru-bachi-bekko-01\/#primaryimage"},"thumbnailUrl":"https:\/\/www.shami-shop.com\/wp-content\/uploads\/2021\/07\/BEK-01-2.png","datePublished":"2021-07-13T07:03:33+00:00","dateModified":"2024-04-02T08:47:53+00:00","description":"Traditionelles Bekko Bachi f\u00fcr Tsugaru Shamisen Stil. F\u00fcr den authentischen Klang von Tsugaru Shamisen. Versand direkt aus Berlin.","breadcrumb":{"@id":"https:\/\/www.shami-shop.com\/de\/produkt\/tsugaru-bachi-bekko-01\/#breadcrumb"},"inLanguage":"de","potentialAction":[{"@type":"ReadAction","target":["https:\/\/www.shami-shop.com\/de\/produkt\/tsugaru-bachi-bekko-01\/"]}]},{"@type":"ImageObject","inLanguage":"de","@id":"https:\/\/www.shami-shop.com\/de\/produkt\/tsugaru-bachi-bekko-01\/#primaryimage","url":"https:\/\/www.shami-shop.com\/wp-content\/uploads\/2021\/07\/BEK-01-2.png","contentUrl":"https:\/\/www.shami-shop.com\/wp-content\/uploads\/2021\/07\/BEK-01-2.png","width":1080,"height":720},{"@type":"BreadcrumbList","@id":"https:\/\/www.shami-shop.com\/de\/produkt\/tsugaru-bachi-bekko-01\/#breadcrumb","itemListElement":[{"@type":"ListItem","position":1,"name":"Startseite","item":"https:\/\/www.shami-shop.com\/de\/"},{"@type":"ListItem","position":2,"name":"Shop","item":"https:\/\/www.shami-shop.com\/de\/shop\/"},{"@type":"ListItem","position":3,"name":"Tsugaru Bachi | Bekko"}]},{"@type":"WebSite","@id":"https:\/\/www.shami-shop.com\/de\/#website","url":"https:\/\/www.shami-shop.com\/de\/","name":"Shami-Shop","description":"Alles f\u00fcr den Shamisen-Spieler.","publisher":{"@id":"https:\/\/www.shami-shop.com\/de\/#organization"},"potentialAction":[{"@type":"SearchAction","target":{"@type":"EntryPoint","urlTemplate":"https:\/\/www.shami-shop.com\/de\/?s={search_term_string}"},"query-input":{"@type":"PropertyValueSpecification","valueRequired":true,"valueName":"search_term_string"}}],"inLanguage":"de"},{"@type":"Organization","@id":"https:\/\/www.shami-shop.com\/de\/#organization","name":"Shami-Shop","url":"https:\/\/www.shami-shop.com\/de\/","logo":{"@type":"ImageObject","inLanguage":"de","@id":"https:\/\/www.shami-shop.com\/de\/#\/schema\/logo\/image\/","url":"https:\/\/shami-shop.com\/wp-content\/uploads\/2021\/01\/Shami-Shop-Logo-1080.png","contentUrl":"https:\/\/shami-shop.com\/wp-content\/uploads\/2021\/01\/Shami-Shop-Logo-1080.png","width":1080,"height":1080,"caption":"Shami-Shop"},"image":{"@id":"https:\/\/www.shami-shop.com\/de\/#\/schema\/logo\/image\/"},"sameAs":["https:\/\/www.facebook.com\/weloveshamisen\/","https:\/\/www.instagram.com\/shamishop.europe\/"]}]}},"jetpack_sharing_enabled":true,"_links":{"self":[{"href":"https:\/\/www.shami-shop.com\/de\/wp-json\/wp\/v2\/product\/8095","targetHints":{"allow":["GET"]}}],"collection":[{"href":"https:\/\/www.shami-shop.com\/de\/wp-json\/wp\/v2\/product"}],"about":[{"href":"https:\/\/www.shami-shop.com\/de\/wp-json\/wp\/v2\/types\/product"}],"wp:featuredmedia":[{"embeddable":true,"href":"https:\/\/www.shami-shop.com\/de\/wp-json\/wp\/v2\/media\/8020"}],"wp:attachment":[{"href":"https:\/\/www.shami-shop.com\/de\/wp-json\/wp\/v2\/media?parent=8095"}],"wp:term":[{"taxonomy":"product_brand","embeddable":true,"href":"https:\/\/www.shami-shop.com\/de\/wp-json\/wp\/v2\/product_brand?post=8095"},{"taxonomy":"product_cat","embeddable":true,"href":"https:\/\/www.shami-shop.com\/de\/wp-json\/wp\/v2\/product_cat?post=8095"},{"taxonomy":"product_tag","embeddable":true,"href":"https:\/\/www.shami-shop.com\/de\/wp-json\/wp\/v2\/product_tag?post=8095"}],"curies":[{"name":"wp","href":"https:\/\/api.w.org\/{rel}","templated":true}]}}