{"id":895,"date":"2021-01-17T16:32:40","date_gmt":"2021-01-17T15:32:40","guid":{"rendered":"https:\/\/shami-shop.com\/produkt\/shinobi-koma-plastic-mute\/"},"modified":"2026-04-18T00:12:43","modified_gmt":"2026-04-17T23:12:43","slug":"shinobi-koma-plastic-mute","status":"publish","type":"product","link":"https:\/\/www.shami-shop.com\/de\/produkt\/shinobi-koma-plastic-mute\/","title":{"rendered":"Shinobi Koma | Kunststoff-D\u00e4mpfer"},"content":{"rendered":"<p data-pm-slice=\"1 1 []\">Das Shinobi Koma ist eine wunderbare L\u00f6sung, wenn das Instrument mal zeitweise etwas leiser klingen soll. Mit diesem Koma kann man selbst in den fr\u00fchen Morgenstunden und in den sp\u00e4ten Abendstunden \u00fcben, ohne die Mitbewohner oder ger\u00e4uschempfindliche Nachbarn zu st\u00f6ren.<\/p>\n<p>Wie funktioniert es?<\/p>\n<p>Das Shinobi Koma ist so lang, dass es sich \u00fcber die komplette Breite des Dou (Korpus) streckt und mit seinen F\u00fc\u00dfen auf dem Holzrand des Korpus aufsetzt und nicht auf der frei schwingenden Haut. Weil die Schwingungen der Saiten auf den Holzrahmen umgelenkt werden, klingt das Instrument ganz leise und ged\u00e4mpft.<\/p>\n<p>Eine wunderbare L\u00f6sung, wenn man mal leiser \u00fcben und spielen will oder muss.<\/p>\n","protected":false},"excerpt":{"rendered":"<p data-pm-slice=\"1 1 []\">Das Shinobi Koma reduziert die Lautst\u00e4rke des Instruments enorm, weil es die Schwingungen der Saiten auf den Holzrahmen des Korpus umlenkt. Der perfekte Gef\u00e4hrte also f\u00fcr n\u00e4chtliches \u00dcben oder um ger\u00e4uschempfindliche Mitbewohner und Nachbarn zu bes\u00e4nftigen.<\/p>\n","protected":false},"featured_media":196,"template":"","meta":{"_et_pb_use_builder":"","_et_pb_old_content":"","_et_gb_content_width":""},"product_brand":[],"product_cat":[137,379],"product_tag":[175,165,180],"class_list":{"0":"post-895","1":"product","2":"type-product","3":"status-publish","4":"has-post-thumbnail","6":"product_cat-koma-de","7":"product_cat-koma-shinobi-de","8":"product_tag-daempfer","9":"product_tag-koma-de","10":"product_tag-shinobi-koma-de","11":"product_shipping_class-koma-fujaku-intl-packchen-xs-3cm","13":"first","14":"outofstock","15":"purchasable","16":"product-type-simple"},"yoast_head":"<!-- This site is optimized with the Yoast SEO plugin v26.9 - https:\/\/yoast.com\/product\/yoast-seo-wordpress\/ -->\n<title>Shinobi Koma | Kunststoff-D\u00e4mpfer - Shami-Shop<\/title>\n<meta name=\"description\" content=\"Das Shinobi Koma d\u00e4mpft den Klang der Shamisen, ohne sie komplett verstummen zu lassen. Perfekt zum \u00dcben in hellh\u00f6rigen R\u00e4umen.\" \/>\n<meta name=\"robots\" content=\"index, follow, max-snippet:-1, max-image-preview:large, max-video-preview:-1\" \/>\n<link rel=\"canonical\" href=\"https:\/\/www.shami-shop.com\/de\/produkt\/shinobi-koma-plastic-mute\/\" \/>\n<meta property=\"og:locale\" content=\"de_DE\" \/>\n<meta property=\"og:type\" content=\"article\" \/>\n<meta property=\"og:title\" content=\"Shinobi Koma | Kunststoff-D\u00e4mpfer - Shami-Shop\" \/>\n<meta property=\"og:description\" content=\"Das Shinobi Koma d\u00e4mpft den Klang der Shamisen, ohne sie komplett verstummen zu lassen. Perfekt zum \u00dcben in hellh\u00f6rigen R\u00e4umen.\" \/>\n<meta property=\"og:url\" content=\"https:\/\/www.shami-shop.com\/de\/produkt\/shinobi-koma-plastic-mute\/\" \/>\n<meta property=\"og:site_name\" content=\"Shami-Shop\" \/>\n<meta property=\"article:publisher\" content=\"https:\/\/www.facebook.com\/weloveshamisen\/\" \/>\n<meta property=\"article:modified_time\" content=\"2026-04-17T23:12:43+00:00\" \/>\n<meta property=\"og:image\" content=\"https:\/\/www.shami-shop.com\/wp-content\/uploads\/2020\/11\/shinobikoma-plain-45.png\" \/>\n\t<meta property=\"og:image:width\" content=\"1000\" \/>\n\t<meta property=\"og:image:height\" content=\"1000\" \/>\n\t<meta property=\"og:image:type\" content=\"image\/png\" \/>\n<meta name=\"twitter:card\" content=\"summary_large_image\" \/>\n<meta name=\"twitter:label1\" content=\"Gesch\u00e4tzte Lesezeit\" \/>\n\t<meta name=\"twitter:data1\" content=\"1\u00a0Minute\" \/>\n<script type=\"application\/ld+json\" class=\"yoast-schema-graph\">{\"@context\":\"https:\/\/schema.org\",\"@graph\":[{\"@type\":[\"WebPage\",\"ItemPage\"],\"@id\":\"https:\/\/www.shami-shop.com\/de\/produkt\/shinobi-koma-plastic-mute\/\",\"url\":\"https:\/\/www.shami-shop.com\/de\/produkt\/shinobi-koma-plastic-mute\/\",\"name\":\"Shinobi Koma | Kunststoff-D\u00e4mpfer - Shami-Shop\",\"isPartOf\":{\"@id\":\"https:\/\/www.shami-shop.com\/de\/#website\"},\"primaryImageOfPage\":{\"@id\":\"https:\/\/www.shami-shop.com\/de\/produkt\/shinobi-koma-plastic-mute\/#primaryimage\"},\"image\":{\"@id\":\"https:\/\/www.shami-shop.com\/de\/produkt\/shinobi-koma-plastic-mute\/#primaryimage\"},\"thumbnailUrl\":\"https:\/\/www.shami-shop.com\/wp-content\/uploads\/2020\/11\/shinobikoma-plain-45.png\",\"datePublished\":\"2021-01-17T15:32:40+00:00\",\"dateModified\":\"2026-04-17T23:12:43+00:00\",\"description\":\"Das Shinobi Koma d\u00e4mpft den Klang der Shamisen, ohne sie komplett verstummen zu lassen. Perfekt zum \u00dcben in hellh\u00f6rigen R\u00e4umen.\",\"breadcrumb\":{\"@id\":\"https:\/\/www.shami-shop.com\/de\/produkt\/shinobi-koma-plastic-mute\/#breadcrumb\"},\"inLanguage\":\"de\",\"potentialAction\":[{\"@type\":\"ReadAction\",\"target\":[\"https:\/\/www.shami-shop.com\/de\/produkt\/shinobi-koma-plastic-mute\/\"]}]},{\"@type\":\"ImageObject\",\"inLanguage\":\"de\",\"@id\":\"https:\/\/www.shami-shop.com\/de\/produkt\/shinobi-koma-plastic-mute\/#primaryimage\",\"url\":\"https:\/\/www.shami-shop.com\/wp-content\/uploads\/2020\/11\/shinobikoma-plain-45.png\",\"contentUrl\":\"https:\/\/www.shami-shop.com\/wp-content\/uploads\/2020\/11\/shinobikoma-plain-45.png\",\"width\":1000,\"height\":1000,\"caption\":\"shinobi koma| shami-shop.com\"},{\"@type\":\"BreadcrumbList\",\"@id\":\"https:\/\/www.shami-shop.com\/de\/produkt\/shinobi-koma-plastic-mute\/#breadcrumb\",\"itemListElement\":[{\"@type\":\"ListItem\",\"position\":1,\"name\":\"Startseite\",\"item\":\"https:\/\/www.shami-shop.com\/de\/\"},{\"@type\":\"ListItem\",\"position\":2,\"name\":\"Shop\",\"item\":\"https:\/\/www.shami-shop.com\/de\/shop\/\"},{\"@type\":\"ListItem\",\"position\":3,\"name\":\"Shinobi Koma | Kunststoff-D\u00e4mpfer\"}]},{\"@type\":\"WebSite\",\"@id\":\"https:\/\/www.shami-shop.com\/de\/#website\",\"url\":\"https:\/\/www.shami-shop.com\/de\/\",\"name\":\"Shami-Shop\",\"description\":\"Alles f\u00fcr den Shamisen-Spieler.\",\"publisher\":{\"@id\":\"https:\/\/www.shami-shop.com\/de\/#organization\"},\"potentialAction\":[{\"@type\":\"SearchAction\",\"target\":{\"@type\":\"EntryPoint\",\"urlTemplate\":\"https:\/\/www.shami-shop.com\/de\/?s={search_term_string}\"},\"query-input\":{\"@type\":\"PropertyValueSpecification\",\"valueRequired\":true,\"valueName\":\"search_term_string\"}}],\"inLanguage\":\"de\"},{\"@type\":\"Organization\",\"@id\":\"https:\/\/www.shami-shop.com\/de\/#organization\",\"name\":\"Shami-Shop\",\"url\":\"https:\/\/www.shami-shop.com\/de\/\",\"logo\":{\"@type\":\"ImageObject\",\"inLanguage\":\"de\",\"@id\":\"https:\/\/www.shami-shop.com\/de\/#\/schema\/logo\/image\/\",\"url\":\"https:\/\/shami-shop.com\/wp-content\/uploads\/2021\/01\/Shami-Shop-Logo-1080.png\",\"contentUrl\":\"https:\/\/shami-shop.com\/wp-content\/uploads\/2021\/01\/Shami-Shop-Logo-1080.png\",\"width\":1080,\"height\":1080,\"caption\":\"Shami-Shop\"},\"image\":{\"@id\":\"https:\/\/www.shami-shop.com\/de\/#\/schema\/logo\/image\/\"},\"sameAs\":[\"https:\/\/www.facebook.com\/weloveshamisen\/\",\"https:\/\/www.instagram.com\/shamishop.europe\/\"]}]}<\/script>\n<!-- \/ Yoast SEO plugin. -->","yoast_head_json":{"title":"Shinobi Koma | Kunststoff-D\u00e4mpfer - Shami-Shop","description":"Das Shinobi Koma d\u00e4mpft den Klang der Shamisen, ohne sie komplett verstummen zu lassen. Perfekt zum \u00dcben in hellh\u00f6rigen R\u00e4umen.","robots":{"index":"index","follow":"follow","max-snippet":"max-snippet:-1","max-image-preview":"max-image-preview:large","max-video-preview":"max-video-preview:-1"},"canonical":"https:\/\/www.shami-shop.com\/de\/produkt\/shinobi-koma-plastic-mute\/","og_locale":"de_DE","og_type":"article","og_title":"Shinobi Koma | Kunststoff-D\u00e4mpfer - Shami-Shop","og_description":"Das Shinobi Koma d\u00e4mpft den Klang der Shamisen, ohne sie komplett verstummen zu lassen. Perfekt zum \u00dcben in hellh\u00f6rigen R\u00e4umen.","og_url":"https:\/\/www.shami-shop.com\/de\/produkt\/shinobi-koma-plastic-mute\/","og_site_name":"Shami-Shop","article_publisher":"https:\/\/www.facebook.com\/weloveshamisen\/","article_modified_time":"2026-04-17T23:12:43+00:00","og_image":[{"width":1000,"height":1000,"url":"https:\/\/www.shami-shop.com\/wp-content\/uploads\/2020\/11\/shinobikoma-plain-45.png","type":"image\/png"}],"twitter_card":"summary_large_image","twitter_misc":{"Gesch\u00e4tzte Lesezeit":"1\u00a0Minute"},"schema":{"@context":"https:\/\/schema.org","@graph":[{"@type":["WebPage","ItemPage"],"@id":"https:\/\/www.shami-shop.com\/de\/produkt\/shinobi-koma-plastic-mute\/","url":"https:\/\/www.shami-shop.com\/de\/produkt\/shinobi-koma-plastic-mute\/","name":"Shinobi Koma | Kunststoff-D\u00e4mpfer - Shami-Shop","isPartOf":{"@id":"https:\/\/www.shami-shop.com\/de\/#website"},"primaryImageOfPage":{"@id":"https:\/\/www.shami-shop.com\/de\/produkt\/shinobi-koma-plastic-mute\/#primaryimage"},"image":{"@id":"https:\/\/www.shami-shop.com\/de\/produkt\/shinobi-koma-plastic-mute\/#primaryimage"},"thumbnailUrl":"https:\/\/www.shami-shop.com\/wp-content\/uploads\/2020\/11\/shinobikoma-plain-45.png","datePublished":"2021-01-17T15:32:40+00:00","dateModified":"2026-04-17T23:12:43+00:00","description":"Das Shinobi Koma d\u00e4mpft den Klang der Shamisen, ohne sie komplett verstummen zu lassen. Perfekt zum \u00dcben in hellh\u00f6rigen R\u00e4umen.","breadcrumb":{"@id":"https:\/\/www.shami-shop.com\/de\/produkt\/shinobi-koma-plastic-mute\/#breadcrumb"},"inLanguage":"de","potentialAction":[{"@type":"ReadAction","target":["https:\/\/www.shami-shop.com\/de\/produkt\/shinobi-koma-plastic-mute\/"]}]},{"@type":"ImageObject","inLanguage":"de","@id":"https:\/\/www.shami-shop.com\/de\/produkt\/shinobi-koma-plastic-mute\/#primaryimage","url":"https:\/\/www.shami-shop.com\/wp-content\/uploads\/2020\/11\/shinobikoma-plain-45.png","contentUrl":"https:\/\/www.shami-shop.com\/wp-content\/uploads\/2020\/11\/shinobikoma-plain-45.png","width":1000,"height":1000,"caption":"shinobi koma| shami-shop.com"},{"@type":"BreadcrumbList","@id":"https:\/\/www.shami-shop.com\/de\/produkt\/shinobi-koma-plastic-mute\/#breadcrumb","itemListElement":[{"@type":"ListItem","position":1,"name":"Startseite","item":"https:\/\/www.shami-shop.com\/de\/"},{"@type":"ListItem","position":2,"name":"Shop","item":"https:\/\/www.shami-shop.com\/de\/shop\/"},{"@type":"ListItem","position":3,"name":"Shinobi Koma | Kunststoff-D\u00e4mpfer"}]},{"@type":"WebSite","@id":"https:\/\/www.shami-shop.com\/de\/#website","url":"https:\/\/www.shami-shop.com\/de\/","name":"Shami-Shop","description":"Alles f\u00fcr den Shamisen-Spieler.","publisher":{"@id":"https:\/\/www.shami-shop.com\/de\/#organization"},"potentialAction":[{"@type":"SearchAction","target":{"@type":"EntryPoint","urlTemplate":"https:\/\/www.shami-shop.com\/de\/?s={search_term_string}"},"query-input":{"@type":"PropertyValueSpecification","valueRequired":true,"valueName":"search_term_string"}}],"inLanguage":"de"},{"@type":"Organization","@id":"https:\/\/www.shami-shop.com\/de\/#organization","name":"Shami-Shop","url":"https:\/\/www.shami-shop.com\/de\/","logo":{"@type":"ImageObject","inLanguage":"de","@id":"https:\/\/www.shami-shop.com\/de\/#\/schema\/logo\/image\/","url":"https:\/\/shami-shop.com\/wp-content\/uploads\/2021\/01\/Shami-Shop-Logo-1080.png","contentUrl":"https:\/\/shami-shop.com\/wp-content\/uploads\/2021\/01\/Shami-Shop-Logo-1080.png","width":1080,"height":1080,"caption":"Shami-Shop"},"image":{"@id":"https:\/\/www.shami-shop.com\/de\/#\/schema\/logo\/image\/"},"sameAs":["https:\/\/www.facebook.com\/weloveshamisen\/","https:\/\/www.instagram.com\/shamishop.europe\/"]}]}},"jetpack_sharing_enabled":true,"_links":{"self":[{"href":"https:\/\/www.shami-shop.com\/de\/wp-json\/wp\/v2\/product\/895","targetHints":{"allow":["GET"]}}],"collection":[{"href":"https:\/\/www.shami-shop.com\/de\/wp-json\/wp\/v2\/product"}],"about":[{"href":"https:\/\/www.shami-shop.com\/de\/wp-json\/wp\/v2\/types\/product"}],"wp:featuredmedia":[{"embeddable":true,"href":"https:\/\/www.shami-shop.com\/de\/wp-json\/wp\/v2\/media\/196"}],"wp:attachment":[{"href":"https:\/\/www.shami-shop.com\/de\/wp-json\/wp\/v2\/media?parent=895"}],"wp:term":[{"taxonomy":"product_brand","embeddable":true,"href":"https:\/\/www.shami-shop.com\/de\/wp-json\/wp\/v2\/product_brand?post=895"},{"taxonomy":"product_cat","embeddable":true,"href":"https:\/\/www.shami-shop.com\/de\/wp-json\/wp\/v2\/product_cat?post=895"},{"taxonomy":"product_tag","embeddable":true,"href":"https:\/\/www.shami-shop.com\/de\/wp-json\/wp\/v2\/product_tag?post=895"}],"curies":[{"name":"wp","href":"https:\/\/api.w.org\/{rel}","templated":true}]}}