{"id":9128,"date":"2021-07-22T16:38:48","date_gmt":"2021-07-22T15:38:48","guid":{"rendered":"https:\/\/www.shami-shop.com\/?post_type=product&#038;p=9128"},"modified":"2021-07-23T06:16:59","modified_gmt":"2021-07-23T05:16:59","slug":"tsugaru-shamisen-set-kenji","status":"publish","type":"product","link":"https:\/\/www.shami-shop.com\/de\/produkt\/tsugaru-shamisen-set-kenji\/","title":{"rendered":"Tsugaru Shamisen Set | Kenji"},"content":{"rendered":"<p>Achtung! Sch\u00fctzen Sie Ihre Augen besser vor dem strahlenden Glanz dieser unglaublich traumhaften Tsugaru Shamisen! Dieses Instrument ist einfach nur umwerfend. Und es ist etwas wirklich Besonders. Ich weihe Sie gerne in eines der besonderen Geheimnisse ein: Es ist nicht leicht zu erkennen, und man muss ganz genau hinschauen um es \u00fcberhaupt wahrnehmen zu k\u00f6nnen: Das Griffbrett wurde als zus\u00e4tzliche Schicht auf den Sao geklebt. Das ist wahrscheinlich aus zweierlei Gr\u00fcnden so schwer zu erkennen: Das Griffbrett if unglaublich glatt und sch\u00f6n und l\u00e4sst einen mit seinem Strahlenden Glanz den Atem stocken. Au\u00dferdem kann man mit den Fingern kaum den \u00dcbergang zwischen den Holzteilen ersp\u00fcren. Einfach nur exquisit! Der Hals ist nicht nur eine Augenweide, sondern auch ein wunderbarer, seidig-glatter Handschmeichler mit Suchtfaktor. Was mich an Kenji am meisten \u00fcberraschte ist, dass der Hals am unteren Teil eine Verbindung hat, am oberen Teil aber keine. Wir hatten es also urspr\u00fcnglich mit einem zweiteiligen Hals zu tun, der dann in einen einteiligen Hals (<em>nobezao<\/em>) umgewandelt wurde?! Was ist da genau geschehen? Ich habe es nicht herausfinden k\u00f6nnen! Aber dieses Mysterium ist ein wunderbarer Eisbrecher, sollten Sie jemals auf der Suche nach einem harmlosen aber dennoch spannenden Gespr\u00e4chsthema f\u00fcr den n\u00e4chsten Smalltalk sein. Lasset die Spekulationen beginnen!<\/p>\n<p>Dieses Instrument ist aus Shitan Holz gefertigt &#8211; einem edlen Hartholz, das traditionell in der Shamisen-Fertigung Anwendung findet. Passend zum bet\u00f6renden Glanz des Holzes erstrahlt das rot-goldene Doukake im Tsugaru Lack Stil, gepaart mit einem feurig-roten Neo. Im Set enthalten sind au\u00dferdem ein Set angebrachter Saiten, ein Hautschutz Bachigawa, ein Tenjin-K\u00e4ppchen und ein Dougomu. Der Dou ist mit fantastisch straffen Naturh\u00e4uten bespannt. Der knackig-klare und volle Ton dieser Shamisen ist noch umwerfender als ihr \u00c4u\u00dferes. Das mag schwer zu glauben sein, aber es ist wahr. Ich wurde schon zu h\u00e4ufig von der \u00fcberragenden Kunstfertigkeit japanischen Handwerks \u00fcberw\u00e4ltigt, als dass ich &#8222;\u00fcberrascht&#8220; sein k\u00f6nnte. Aber ich bin absolut beeindruckt, ergriffen und begeistert. Der klare, kraftvolle Klang dieser Shamisen macht es schwer, mit dem Spielen aufzuh\u00f6ren. Es ist unm\u00f6glich, die Lust am Spielen zu verlieren mit diesem traumhaft sch\u00f6nen und traumhaft sch\u00f6n klingenden Instrument. Und nicht zu vergessen das geschmeidig-glatte Holz! Ein wahrliches Fest f\u00fcr die Sinne.<\/p>\n<p>Damit das Instrument auch so sch\u00f6n bleibt, sollte man sich nat\u00fcrlich auch gut darum k\u00fcmmern. Bei Naturh\u00e4uten ist die Anschaffung einer <a href=\"https:\/\/www.shami-shop.com\/product\/washi-bag-large\/\">Washi-H\u00fclle<\/a> zum Schutz immer ratsam.<\/p>\n<p>Was gibt es sonst noch zu sagen? Wie w\u00e4re es mit ein paar baulichen Details:<\/p>\n<p>Der Hals ist 31 mm breit und 34 mm hoch\/dick am Tenjin. Zum Korpus hin verdickt er sich etwas. Die <em>Hatomune<\/em> &#8211; der Teil , wo der Hals in den Korpus eintaucht &#8211; endet in einer scharfen Kante, die es erm\u00f6glicht, auf diesem Instrument bis zur Position 20 und dar\u00fcber hinaus zu spielen.<\/p>\n<p>Die <em>Itomaki<\/em> (Wirbel) sind aus Ebenholz gearbeitet und dank ihrer kr\u00e4ftigen Bauweise besonders bequem zum Stimmen.<\/p>\n<p>Alles, was Sie zum losspielen noch ben\u00f6tigen, sind ein <a href=\"https:\/\/shami-shop.com\/product-categorie\/koma\/\" target=\"_blank\" rel=\"noopener\">Koma<\/a>, ein <a href=\"https:\/\/shami-shop.com\/product-categorie\/bachi\/\" target=\"_blank\" rel=\"noopener\">Bachi<\/a> und ein <a href=\"https:\/\/shami-shop.com\/product\/yubisuri\/\" target=\"_blank\" rel=\"noopener\">Yubisuri<\/a>. Yubisuri gibt es in verschiedenen Farben und Gr\u00f6\u00dfen. W\u00e4hlen Sie also frei nach Ihrem Belieben aus &#8211; etwas den Farben der Shamisen entspricht oder einen sch\u00f6nen Kontrast als Farbakzent. Im Shop finden Sie eine breite Auswahl verschiedener Koma und Bachi.<\/p>\n<p>Wenn Sie Hilfe bei der Auwahl der richtigen Komponenten ben\u00f6tigen, schicken Sie gerne eine Nachricht und wir stellen gemeinsam das perfekte Paket f\u00fcr Sie zusammen.<\/p>\n<p>&nbsp;<\/p>\n","protected":false},"excerpt":{"rendered":"<p>Set beinhaltet:<\/p>\n<ul>\n<li>Futozao Shamisen (Sao Breite: 31 mm, H\u00f6he: 34 mm)<\/li>\n<li>Naturh\u00e4ute<\/li>\n<li>Neo<\/li>\n<li>Doukake<\/li>\n<li>Tenjin-Schutz<\/li>\n<li>Dougomu<\/li>\n<li>Saiten<\/li>\n<\/ul>\n","protected":false},"featured_media":6578,"template":"","meta":{"_et_pb_use_builder":"","_et_pb_old_content":"","_et_gb_content_width":""},"product_brand":[],"product_cat":[339,388,391,413],"product_tag":[169],"class_list":{"0":"post-9128","1":"product","2":"type-product","3":"status-publish","4":"has-post-thumbnail","6":"product_cat-shamisen-de","7":"product_cat-futozao-de","8":"product_cat-tsugaru-de","9":"product_cat-tsugaru-stil","10":"product_tag-tsugaru-de","11":"product_shipping_class-5kg500-de","13":"first","14":"outofstock","15":"sold-individually","16":"shipping-taxable","17":"purchasable","18":"product-type-simple"},"yoast_head":"<!-- This site is optimized with the Yoast SEO plugin v26.9 - https:\/\/yoast.com\/product\/yoast-seo-wordpress\/ -->\n<title>Tsugaru Shamisen Set | Kenji - Shami-Shop<\/title>\n<meta name=\"description\" content=\"Futozao Shamisen f\u00fcr Tsugaru Shamisen Stil kaufen. Mit Naturh\u00e4uten bespannt. Lieferung direkt aus Berlin.\" \/>\n<meta name=\"robots\" content=\"index, follow, max-snippet:-1, max-image-preview:large, max-video-preview:-1\" \/>\n<link rel=\"canonical\" href=\"https:\/\/www.shami-shop.com\/de\/produkt\/tsugaru-shamisen-set-kenji\/\" \/>\n<meta property=\"og:locale\" content=\"de_DE\" \/>\n<meta property=\"og:type\" content=\"article\" \/>\n<meta property=\"og:title\" content=\"Tsugaru Shamisen Set | Kenji - Shami-Shop\" \/>\n<meta property=\"og:description\" content=\"Futozao Shamisen f\u00fcr Tsugaru Shamisen Stil kaufen. Mit Naturh\u00e4uten bespannt. Lieferung direkt aus Berlin.\" \/>\n<meta property=\"og:url\" content=\"https:\/\/www.shami-shop.com\/de\/produkt\/tsugaru-shamisen-set-kenji\/\" \/>\n<meta property=\"og:site_name\" content=\"Shami-Shop\" \/>\n<meta property=\"article:publisher\" content=\"https:\/\/www.facebook.com\/weloveshamisen\/\" \/>\n<meta property=\"article:modified_time\" content=\"2021-07-23T05:16:59+00:00\" \/>\n<meta property=\"og:image\" content=\"https:\/\/www.shami-shop.com\/wp-content\/uploads\/2021\/07\/128-dou45-5.png\" \/>\n\t<meta property=\"og:image:width\" content=\"1080\" \/>\n\t<meta property=\"og:image:height\" content=\"720\" \/>\n\t<meta property=\"og:image:type\" content=\"image\/png\" \/>\n<meta name=\"twitter:card\" content=\"summary_large_image\" \/>\n<meta name=\"twitter:label1\" content=\"Gesch\u00e4tzte Lesezeit\" \/>\n\t<meta name=\"twitter:data1\" content=\"3\u00a0Minuten\" \/>\n<script type=\"application\/ld+json\" class=\"yoast-schema-graph\">{\"@context\":\"https:\/\/schema.org\",\"@graph\":[{\"@type\":[\"WebPage\",\"ItemPage\"],\"@id\":\"https:\/\/www.shami-shop.com\/de\/produkt\/tsugaru-shamisen-set-kenji\/\",\"url\":\"https:\/\/www.shami-shop.com\/de\/produkt\/tsugaru-shamisen-set-kenji\/\",\"name\":\"Tsugaru Shamisen Set | Kenji - Shami-Shop\",\"isPartOf\":{\"@id\":\"https:\/\/www.shami-shop.com\/de\/#website\"},\"primaryImageOfPage\":{\"@id\":\"https:\/\/www.shami-shop.com\/de\/produkt\/tsugaru-shamisen-set-kenji\/#primaryimage\"},\"image\":{\"@id\":\"https:\/\/www.shami-shop.com\/de\/produkt\/tsugaru-shamisen-set-kenji\/#primaryimage\"},\"thumbnailUrl\":\"https:\/\/www.shami-shop.com\/wp-content\/uploads\/2021\/07\/128-dou45-5.png\",\"datePublished\":\"2021-07-22T15:38:48+00:00\",\"dateModified\":\"2021-07-23T05:16:59+00:00\",\"description\":\"Futozao Shamisen f\u00fcr Tsugaru Shamisen Stil kaufen. Mit Naturh\u00e4uten bespannt. Lieferung direkt aus Berlin.\",\"breadcrumb\":{\"@id\":\"https:\/\/www.shami-shop.com\/de\/produkt\/tsugaru-shamisen-set-kenji\/#breadcrumb\"},\"inLanguage\":\"de\",\"potentialAction\":[{\"@type\":\"ReadAction\",\"target\":[\"https:\/\/www.shami-shop.com\/de\/produkt\/tsugaru-shamisen-set-kenji\/\"]}]},{\"@type\":\"ImageObject\",\"inLanguage\":\"de\",\"@id\":\"https:\/\/www.shami-shop.com\/de\/produkt\/tsugaru-shamisen-set-kenji\/#primaryimage\",\"url\":\"https:\/\/www.shami-shop.com\/wp-content\/uploads\/2021\/07\/128-dou45-5.png\",\"contentUrl\":\"https:\/\/www.shami-shop.com\/wp-content\/uploads\/2021\/07\/128-dou45-5.png\",\"width\":1080,\"height\":720},{\"@type\":\"BreadcrumbList\",\"@id\":\"https:\/\/www.shami-shop.com\/de\/produkt\/tsugaru-shamisen-set-kenji\/#breadcrumb\",\"itemListElement\":[{\"@type\":\"ListItem\",\"position\":1,\"name\":\"Startseite\",\"item\":\"https:\/\/www.shami-shop.com\/de\/\"},{\"@type\":\"ListItem\",\"position\":2,\"name\":\"Shop\",\"item\":\"https:\/\/www.shami-shop.com\/de\/shop\/\"},{\"@type\":\"ListItem\",\"position\":3,\"name\":\"Tsugaru Shamisen Set | Kenji\"}]},{\"@type\":\"WebSite\",\"@id\":\"https:\/\/www.shami-shop.com\/de\/#website\",\"url\":\"https:\/\/www.shami-shop.com\/de\/\",\"name\":\"Shami-Shop\",\"description\":\"Alles f\u00fcr den Shamisen-Spieler.\",\"publisher\":{\"@id\":\"https:\/\/www.shami-shop.com\/de\/#organization\"},\"potentialAction\":[{\"@type\":\"SearchAction\",\"target\":{\"@type\":\"EntryPoint\",\"urlTemplate\":\"https:\/\/www.shami-shop.com\/de\/?s={search_term_string}\"},\"query-input\":{\"@type\":\"PropertyValueSpecification\",\"valueRequired\":true,\"valueName\":\"search_term_string\"}}],\"inLanguage\":\"de\"},{\"@type\":\"Organization\",\"@id\":\"https:\/\/www.shami-shop.com\/de\/#organization\",\"name\":\"Shami-Shop\",\"url\":\"https:\/\/www.shami-shop.com\/de\/\",\"logo\":{\"@type\":\"ImageObject\",\"inLanguage\":\"de\",\"@id\":\"https:\/\/www.shami-shop.com\/de\/#\/schema\/logo\/image\/\",\"url\":\"https:\/\/shami-shop.com\/wp-content\/uploads\/2021\/01\/Shami-Shop-Logo-1080.png\",\"contentUrl\":\"https:\/\/shami-shop.com\/wp-content\/uploads\/2021\/01\/Shami-Shop-Logo-1080.png\",\"width\":1080,\"height\":1080,\"caption\":\"Shami-Shop\"},\"image\":{\"@id\":\"https:\/\/www.shami-shop.com\/de\/#\/schema\/logo\/image\/\"},\"sameAs\":[\"https:\/\/www.facebook.com\/weloveshamisen\/\",\"https:\/\/www.instagram.com\/shamishop.europe\/\"]}]}<\/script>\n<!-- \/ Yoast SEO plugin. -->","yoast_head_json":{"title":"Tsugaru Shamisen Set | Kenji - Shami-Shop","description":"Futozao Shamisen f\u00fcr Tsugaru Shamisen Stil kaufen. Mit Naturh\u00e4uten bespannt. Lieferung direkt aus Berlin.","robots":{"index":"index","follow":"follow","max-snippet":"max-snippet:-1","max-image-preview":"max-image-preview:large","max-video-preview":"max-video-preview:-1"},"canonical":"https:\/\/www.shami-shop.com\/de\/produkt\/tsugaru-shamisen-set-kenji\/","og_locale":"de_DE","og_type":"article","og_title":"Tsugaru Shamisen Set | Kenji - Shami-Shop","og_description":"Futozao Shamisen f\u00fcr Tsugaru Shamisen Stil kaufen. Mit Naturh\u00e4uten bespannt. Lieferung direkt aus Berlin.","og_url":"https:\/\/www.shami-shop.com\/de\/produkt\/tsugaru-shamisen-set-kenji\/","og_site_name":"Shami-Shop","article_publisher":"https:\/\/www.facebook.com\/weloveshamisen\/","article_modified_time":"2021-07-23T05:16:59+00:00","og_image":[{"width":1080,"height":720,"url":"https:\/\/www.shami-shop.com\/wp-content\/uploads\/2021\/07\/128-dou45-5.png","type":"image\/png"}],"twitter_card":"summary_large_image","twitter_misc":{"Gesch\u00e4tzte Lesezeit":"3\u00a0Minuten"},"schema":{"@context":"https:\/\/schema.org","@graph":[{"@type":["WebPage","ItemPage"],"@id":"https:\/\/www.shami-shop.com\/de\/produkt\/tsugaru-shamisen-set-kenji\/","url":"https:\/\/www.shami-shop.com\/de\/produkt\/tsugaru-shamisen-set-kenji\/","name":"Tsugaru Shamisen Set | Kenji - Shami-Shop","isPartOf":{"@id":"https:\/\/www.shami-shop.com\/de\/#website"},"primaryImageOfPage":{"@id":"https:\/\/www.shami-shop.com\/de\/produkt\/tsugaru-shamisen-set-kenji\/#primaryimage"},"image":{"@id":"https:\/\/www.shami-shop.com\/de\/produkt\/tsugaru-shamisen-set-kenji\/#primaryimage"},"thumbnailUrl":"https:\/\/www.shami-shop.com\/wp-content\/uploads\/2021\/07\/128-dou45-5.png","datePublished":"2021-07-22T15:38:48+00:00","dateModified":"2021-07-23T05:16:59+00:00","description":"Futozao Shamisen f\u00fcr Tsugaru Shamisen Stil kaufen. Mit Naturh\u00e4uten bespannt. Lieferung direkt aus Berlin.","breadcrumb":{"@id":"https:\/\/www.shami-shop.com\/de\/produkt\/tsugaru-shamisen-set-kenji\/#breadcrumb"},"inLanguage":"de","potentialAction":[{"@type":"ReadAction","target":["https:\/\/www.shami-shop.com\/de\/produkt\/tsugaru-shamisen-set-kenji\/"]}]},{"@type":"ImageObject","inLanguage":"de","@id":"https:\/\/www.shami-shop.com\/de\/produkt\/tsugaru-shamisen-set-kenji\/#primaryimage","url":"https:\/\/www.shami-shop.com\/wp-content\/uploads\/2021\/07\/128-dou45-5.png","contentUrl":"https:\/\/www.shami-shop.com\/wp-content\/uploads\/2021\/07\/128-dou45-5.png","width":1080,"height":720},{"@type":"BreadcrumbList","@id":"https:\/\/www.shami-shop.com\/de\/produkt\/tsugaru-shamisen-set-kenji\/#breadcrumb","itemListElement":[{"@type":"ListItem","position":1,"name":"Startseite","item":"https:\/\/www.shami-shop.com\/de\/"},{"@type":"ListItem","position":2,"name":"Shop","item":"https:\/\/www.shami-shop.com\/de\/shop\/"},{"@type":"ListItem","position":3,"name":"Tsugaru Shamisen Set | Kenji"}]},{"@type":"WebSite","@id":"https:\/\/www.shami-shop.com\/de\/#website","url":"https:\/\/www.shami-shop.com\/de\/","name":"Shami-Shop","description":"Alles f\u00fcr den Shamisen-Spieler.","publisher":{"@id":"https:\/\/www.shami-shop.com\/de\/#organization"},"potentialAction":[{"@type":"SearchAction","target":{"@type":"EntryPoint","urlTemplate":"https:\/\/www.shami-shop.com\/de\/?s={search_term_string}"},"query-input":{"@type":"PropertyValueSpecification","valueRequired":true,"valueName":"search_term_string"}}],"inLanguage":"de"},{"@type":"Organization","@id":"https:\/\/www.shami-shop.com\/de\/#organization","name":"Shami-Shop","url":"https:\/\/www.shami-shop.com\/de\/","logo":{"@type":"ImageObject","inLanguage":"de","@id":"https:\/\/www.shami-shop.com\/de\/#\/schema\/logo\/image\/","url":"https:\/\/shami-shop.com\/wp-content\/uploads\/2021\/01\/Shami-Shop-Logo-1080.png","contentUrl":"https:\/\/shami-shop.com\/wp-content\/uploads\/2021\/01\/Shami-Shop-Logo-1080.png","width":1080,"height":1080,"caption":"Shami-Shop"},"image":{"@id":"https:\/\/www.shami-shop.com\/de\/#\/schema\/logo\/image\/"},"sameAs":["https:\/\/www.facebook.com\/weloveshamisen\/","https:\/\/www.instagram.com\/shamishop.europe\/"]}]}},"jetpack_sharing_enabled":true,"_links":{"self":[{"href":"https:\/\/www.shami-shop.com\/de\/wp-json\/wp\/v2\/product\/9128","targetHints":{"allow":["GET"]}}],"collection":[{"href":"https:\/\/www.shami-shop.com\/de\/wp-json\/wp\/v2\/product"}],"about":[{"href":"https:\/\/www.shami-shop.com\/de\/wp-json\/wp\/v2\/types\/product"}],"wp:featuredmedia":[{"embeddable":true,"href":"https:\/\/www.shami-shop.com\/de\/wp-json\/wp\/v2\/media\/6578"}],"wp:attachment":[{"href":"https:\/\/www.shami-shop.com\/de\/wp-json\/wp\/v2\/media?parent=9128"}],"wp:term":[{"taxonomy":"product_brand","embeddable":true,"href":"https:\/\/www.shami-shop.com\/de\/wp-json\/wp\/v2\/product_brand?post=9128"},{"taxonomy":"product_cat","embeddable":true,"href":"https:\/\/www.shami-shop.com\/de\/wp-json\/wp\/v2\/product_cat?post=9128"},{"taxonomy":"product_tag","embeddable":true,"href":"https:\/\/www.shami-shop.com\/de\/wp-json\/wp\/v2\/product_tag?post=9128"}],"curies":[{"name":"wp","href":"https:\/\/api.w.org\/{rel}","templated":true}]}}