{"id":9247,"date":"2021-07-24T07:36:36","date_gmt":"2021-07-24T06:36:37","guid":{"rendered":"https:\/\/www.shami-shop.com\/?post_type=product&#038;p=9247"},"modified":"2022-12-02T16:52:19","modified_gmt":"2022-12-02T15:52:19","slug":"koffer-15","status":"publish","type":"product","link":"https:\/\/www.shami-shop.com\/de\/produkt\/koffer-15\/","title":{"rendered":"Koffer | Schwarz mit gr\u00fcnem Samt"},"content":{"rendered":"<p data-pm-slice=\"1 1 []\">Dieser gebrauchte Shamisen-Instrumentenkoffer hat ein seltenes gr\u00fcnes Samt-Innenfutter. Passend f\u00fcr eine Chuuzao or Hosozao Shamisen. Ihr Instrument f\u00fcr den Transport nicht auseinanderbauen zu m\u00fcssen macht einen gewaltigen Unterschied, denn die Shamisen ist sofort einsatz- und spielbereit! Das Instrument komplett zusammengebaut zu lassen bedeutet auch, dass die Stimmung stabil bleibt und man viel weniger Zeit aufs Stimmen und Nachstimmen verwenden muss. Die harte Au\u00dfenschale des Koffers sch\u00fctzt Ihr Instrument vor Leuten, Ecken und T\u00fcrrahmen, die Ihnen in den Weg kommen.<\/p>\n<p>Das Au\u00dfenmaterial ist aus Kunststoff und wasserabweisend.<\/p>\n<p>Der Koffer schlie\u00dft sicher mit drei Spannverschl\u00fcssen. Ohne Schl\u00fcssel.<\/p>\n<p><strong>Produktabmessungen (au\u00dfen):<\/strong><\/p>\n<p>L\u00e4nge: 103 cm<\/p>\n<p>Breite: 25,5 cm<\/p>\n<p>H\u00f6he: 12 cm<\/p>\n<p>Gewicht: 3,07 kg<\/p>\n","protected":false},"excerpt":{"rendered":"<p data-pm-slice=\"1 1 []\">Gebrauchter Koffer f\u00fcr Chuuzao und Hosozao Shamisen<\/p>\n<p>Au\u00dfen schwarz, innen gr\u00fcner Samt.<\/p>\n<p>&nbsp;<\/p>\n<p><strong>Produktabmessungen (au\u00dfen):<\/strong><\/p>\n<p>L\u00e4nge: 103 cm<\/p>\n<p>Breite: 25,5 cm<\/p>\n<p>H\u00f6he: 12 cm<\/p>\n<p>Gewicht: 3,07 kg<\/p>\n<p>&nbsp;<\/p>\n<p data-pm-slice=\"1 1 []\">3 Spannverschl\u00fcsse<\/p>\n","protected":false},"featured_media":18013,"template":"","meta":{"_et_pb_use_builder":"","_et_pb_old_content":"","_et_gb_content_width":""},"product_brand":[],"product_cat":[440,441,62,63],"product_tag":[342,442,233,164,66,176,443],"class_list":{"0":"post-9247","1":"product","2":"type-product","3":"status-publish","4":"has-post-thumbnail","6":"product_cat-koffer-chuuzao","7":"product_cat-koffer-hosozao","8":"product_cat-instrumentenkasten","9":"product_cat-lange-koffer","10":"product_tag-chuuzao-de","11":"product_tag-hardcase-de","12":"product_tag-hosozao-de","13":"product_tag-jiuta-de","14":"product_tag-longcase-de","15":"product_tag-nagauta-de","16":"product_tag-used-de","17":"product_shipping_class-5kg-de","19":"first","20":"outofstock","21":"purchasable","22":"product-type-simple"},"yoast_head":"<!-- This site is optimized with the Yoast SEO plugin v26.9 - https:\/\/yoast.com\/product\/yoast-seo-wordpress\/ -->\n<title>Koffer | Schwarz mit gr\u00fcnem Samt - Shami-Shop<\/title>\n<meta name=\"description\" content=\"Gebrauchter schwarzer Instrumentenkoffer f\u00fcr Shamisen mit seltenem gr\u00fcnem Innenfutter aus Samt. Damit die Shamisen \u00fcberall sicher aufgehoben ist.\" \/>\n<meta name=\"robots\" content=\"index, follow, max-snippet:-1, max-image-preview:large, max-video-preview:-1\" \/>\n<link rel=\"canonical\" href=\"https:\/\/www.shami-shop.com\/de\/produkt\/koffer-15\/\" \/>\n<meta property=\"og:locale\" content=\"de_DE\" \/>\n<meta property=\"og:type\" content=\"article\" \/>\n<meta property=\"og:title\" content=\"Koffer | Schwarz mit gr\u00fcnem Samt - Shami-Shop\" \/>\n<meta property=\"og:description\" content=\"Gebrauchter schwarzer Instrumentenkoffer f\u00fcr Shamisen mit seltenem gr\u00fcnem Innenfutter aus Samt. Damit die Shamisen \u00fcberall sicher aufgehoben ist.\" \/>\n<meta property=\"og:url\" content=\"https:\/\/www.shami-shop.com\/de\/produkt\/koffer-15\/\" \/>\n<meta property=\"og:site_name\" content=\"Shami-Shop\" \/>\n<meta property=\"article:publisher\" content=\"https:\/\/www.facebook.com\/weloveshamisen\/\" \/>\n<meta property=\"article:modified_time\" content=\"2022-12-02T15:52:19+00:00\" \/>\n<meta property=\"og:image\" content=\"https:\/\/www.shami-shop.com\/wp-content\/uploads\/2021\/07\/15_B.png\" \/>\n\t<meta property=\"og:image:width\" content=\"917\" \/>\n\t<meta property=\"og:image:height\" content=\"440\" \/>\n\t<meta property=\"og:image:type\" content=\"image\/png\" \/>\n<meta name=\"twitter:card\" content=\"summary_large_image\" \/>\n<meta name=\"twitter:label1\" content=\"Gesch\u00e4tzte Lesezeit\" \/>\n\t<meta name=\"twitter:data1\" content=\"1\u00a0Minute\" \/>\n<script type=\"application\/ld+json\" class=\"yoast-schema-graph\">{\"@context\":\"https:\/\/schema.org\",\"@graph\":[{\"@type\":[\"WebPage\",\"ItemPage\"],\"@id\":\"https:\/\/www.shami-shop.com\/de\/produkt\/koffer-15\/\",\"url\":\"https:\/\/www.shami-shop.com\/de\/produkt\/koffer-15\/\",\"name\":\"Koffer | Schwarz mit gr\u00fcnem Samt - Shami-Shop\",\"isPartOf\":{\"@id\":\"https:\/\/www.shami-shop.com\/de\/#website\"},\"primaryImageOfPage\":{\"@id\":\"https:\/\/www.shami-shop.com\/de\/produkt\/koffer-15\/#primaryimage\"},\"image\":{\"@id\":\"https:\/\/www.shami-shop.com\/de\/produkt\/koffer-15\/#primaryimage\"},\"thumbnailUrl\":\"https:\/\/www.shami-shop.com\/wp-content\/uploads\/2021\/07\/15_B_feat.png\",\"datePublished\":\"2021-07-24T06:36:37+00:00\",\"dateModified\":\"2022-12-02T15:52:19+00:00\",\"description\":\"Gebrauchter schwarzer Instrumentenkoffer f\u00fcr Shamisen mit seltenem gr\u00fcnem Innenfutter aus Samt. Damit die Shamisen \u00fcberall sicher aufgehoben ist.\",\"breadcrumb\":{\"@id\":\"https:\/\/www.shami-shop.com\/de\/produkt\/koffer-15\/#breadcrumb\"},\"inLanguage\":\"de\",\"potentialAction\":[{\"@type\":\"ReadAction\",\"target\":[\"https:\/\/www.shami-shop.com\/de\/produkt\/koffer-15\/\"]}]},{\"@type\":\"ImageObject\",\"inLanguage\":\"de\",\"@id\":\"https:\/\/www.shami-shop.com\/de\/produkt\/koffer-15\/#primaryimage\",\"url\":\"https:\/\/www.shami-shop.com\/wp-content\/uploads\/2021\/07\/15_B_feat.png\",\"contentUrl\":\"https:\/\/www.shami-shop.com\/wp-content\/uploads\/2021\/07\/15_B_feat.png\",\"width\":810,\"height\":810},{\"@type\":\"BreadcrumbList\",\"@id\":\"https:\/\/www.shami-shop.com\/de\/produkt\/koffer-15\/#breadcrumb\",\"itemListElement\":[{\"@type\":\"ListItem\",\"position\":1,\"name\":\"Startseite\",\"item\":\"https:\/\/www.shami-shop.com\/de\/\"},{\"@type\":\"ListItem\",\"position\":2,\"name\":\"Shop\",\"item\":\"https:\/\/www.shami-shop.com\/de\/shop\/\"},{\"@type\":\"ListItem\",\"position\":3,\"name\":\"Koffer | Schwarz mit gr\u00fcnem Samt\"}]},{\"@type\":\"WebSite\",\"@id\":\"https:\/\/www.shami-shop.com\/de\/#website\",\"url\":\"https:\/\/www.shami-shop.com\/de\/\",\"name\":\"Shami-Shop\",\"description\":\"Alles f\u00fcr den Shamisen-Spieler.\",\"publisher\":{\"@id\":\"https:\/\/www.shami-shop.com\/de\/#organization\"},\"potentialAction\":[{\"@type\":\"SearchAction\",\"target\":{\"@type\":\"EntryPoint\",\"urlTemplate\":\"https:\/\/www.shami-shop.com\/de\/?s={search_term_string}\"},\"query-input\":{\"@type\":\"PropertyValueSpecification\",\"valueRequired\":true,\"valueName\":\"search_term_string\"}}],\"inLanguage\":\"de\"},{\"@type\":\"Organization\",\"@id\":\"https:\/\/www.shami-shop.com\/de\/#organization\",\"name\":\"Shami-Shop\",\"url\":\"https:\/\/www.shami-shop.com\/de\/\",\"logo\":{\"@type\":\"ImageObject\",\"inLanguage\":\"de\",\"@id\":\"https:\/\/www.shami-shop.com\/de\/#\/schema\/logo\/image\/\",\"url\":\"https:\/\/shami-shop.com\/wp-content\/uploads\/2021\/01\/Shami-Shop-Logo-1080.png\",\"contentUrl\":\"https:\/\/shami-shop.com\/wp-content\/uploads\/2021\/01\/Shami-Shop-Logo-1080.png\",\"width\":1080,\"height\":1080,\"caption\":\"Shami-Shop\"},\"image\":{\"@id\":\"https:\/\/www.shami-shop.com\/de\/#\/schema\/logo\/image\/\"},\"sameAs\":[\"https:\/\/www.facebook.com\/weloveshamisen\/\",\"https:\/\/www.instagram.com\/shamishop.europe\/\"]}]}<\/script>\n<!-- \/ Yoast SEO plugin. -->","yoast_head_json":{"title":"Koffer | Schwarz mit gr\u00fcnem Samt - Shami-Shop","description":"Gebrauchter schwarzer Instrumentenkoffer f\u00fcr Shamisen mit seltenem gr\u00fcnem Innenfutter aus Samt. Damit die Shamisen \u00fcberall sicher aufgehoben ist.","robots":{"index":"index","follow":"follow","max-snippet":"max-snippet:-1","max-image-preview":"max-image-preview:large","max-video-preview":"max-video-preview:-1"},"canonical":"https:\/\/www.shami-shop.com\/de\/produkt\/koffer-15\/","og_locale":"de_DE","og_type":"article","og_title":"Koffer | Schwarz mit gr\u00fcnem Samt - Shami-Shop","og_description":"Gebrauchter schwarzer Instrumentenkoffer f\u00fcr Shamisen mit seltenem gr\u00fcnem Innenfutter aus Samt. Damit die Shamisen \u00fcberall sicher aufgehoben ist.","og_url":"https:\/\/www.shami-shop.com\/de\/produkt\/koffer-15\/","og_site_name":"Shami-Shop","article_publisher":"https:\/\/www.facebook.com\/weloveshamisen\/","article_modified_time":"2022-12-02T15:52:19+00:00","og_image":[{"width":917,"height":440,"url":"https:\/\/www.shami-shop.com\/wp-content\/uploads\/2021\/07\/15_B.png","type":"image\/png"}],"twitter_card":"summary_large_image","twitter_misc":{"Gesch\u00e4tzte Lesezeit":"1\u00a0Minute"},"schema":{"@context":"https:\/\/schema.org","@graph":[{"@type":["WebPage","ItemPage"],"@id":"https:\/\/www.shami-shop.com\/de\/produkt\/koffer-15\/","url":"https:\/\/www.shami-shop.com\/de\/produkt\/koffer-15\/","name":"Koffer | Schwarz mit gr\u00fcnem Samt - Shami-Shop","isPartOf":{"@id":"https:\/\/www.shami-shop.com\/de\/#website"},"primaryImageOfPage":{"@id":"https:\/\/www.shami-shop.com\/de\/produkt\/koffer-15\/#primaryimage"},"image":{"@id":"https:\/\/www.shami-shop.com\/de\/produkt\/koffer-15\/#primaryimage"},"thumbnailUrl":"https:\/\/www.shami-shop.com\/wp-content\/uploads\/2021\/07\/15_B_feat.png","datePublished":"2021-07-24T06:36:37+00:00","dateModified":"2022-12-02T15:52:19+00:00","description":"Gebrauchter schwarzer Instrumentenkoffer f\u00fcr Shamisen mit seltenem gr\u00fcnem Innenfutter aus Samt. Damit die Shamisen \u00fcberall sicher aufgehoben ist.","breadcrumb":{"@id":"https:\/\/www.shami-shop.com\/de\/produkt\/koffer-15\/#breadcrumb"},"inLanguage":"de","potentialAction":[{"@type":"ReadAction","target":["https:\/\/www.shami-shop.com\/de\/produkt\/koffer-15\/"]}]},{"@type":"ImageObject","inLanguage":"de","@id":"https:\/\/www.shami-shop.com\/de\/produkt\/koffer-15\/#primaryimage","url":"https:\/\/www.shami-shop.com\/wp-content\/uploads\/2021\/07\/15_B_feat.png","contentUrl":"https:\/\/www.shami-shop.com\/wp-content\/uploads\/2021\/07\/15_B_feat.png","width":810,"height":810},{"@type":"BreadcrumbList","@id":"https:\/\/www.shami-shop.com\/de\/produkt\/koffer-15\/#breadcrumb","itemListElement":[{"@type":"ListItem","position":1,"name":"Startseite","item":"https:\/\/www.shami-shop.com\/de\/"},{"@type":"ListItem","position":2,"name":"Shop","item":"https:\/\/www.shami-shop.com\/de\/shop\/"},{"@type":"ListItem","position":3,"name":"Koffer | Schwarz mit gr\u00fcnem Samt"}]},{"@type":"WebSite","@id":"https:\/\/www.shami-shop.com\/de\/#website","url":"https:\/\/www.shami-shop.com\/de\/","name":"Shami-Shop","description":"Alles f\u00fcr den Shamisen-Spieler.","publisher":{"@id":"https:\/\/www.shami-shop.com\/de\/#organization"},"potentialAction":[{"@type":"SearchAction","target":{"@type":"EntryPoint","urlTemplate":"https:\/\/www.shami-shop.com\/de\/?s={search_term_string}"},"query-input":{"@type":"PropertyValueSpecification","valueRequired":true,"valueName":"search_term_string"}}],"inLanguage":"de"},{"@type":"Organization","@id":"https:\/\/www.shami-shop.com\/de\/#organization","name":"Shami-Shop","url":"https:\/\/www.shami-shop.com\/de\/","logo":{"@type":"ImageObject","inLanguage":"de","@id":"https:\/\/www.shami-shop.com\/de\/#\/schema\/logo\/image\/","url":"https:\/\/shami-shop.com\/wp-content\/uploads\/2021\/01\/Shami-Shop-Logo-1080.png","contentUrl":"https:\/\/shami-shop.com\/wp-content\/uploads\/2021\/01\/Shami-Shop-Logo-1080.png","width":1080,"height":1080,"caption":"Shami-Shop"},"image":{"@id":"https:\/\/www.shami-shop.com\/de\/#\/schema\/logo\/image\/"},"sameAs":["https:\/\/www.facebook.com\/weloveshamisen\/","https:\/\/www.instagram.com\/shamishop.europe\/"]}]}},"jetpack_sharing_enabled":true,"_links":{"self":[{"href":"https:\/\/www.shami-shop.com\/de\/wp-json\/wp\/v2\/product\/9247","targetHints":{"allow":["GET"]}}],"collection":[{"href":"https:\/\/www.shami-shop.com\/de\/wp-json\/wp\/v2\/product"}],"about":[{"href":"https:\/\/www.shami-shop.com\/de\/wp-json\/wp\/v2\/types\/product"}],"wp:featuredmedia":[{"embeddable":true,"href":"https:\/\/www.shami-shop.com\/de\/wp-json\/wp\/v2\/media\/18013"}],"wp:attachment":[{"href":"https:\/\/www.shami-shop.com\/de\/wp-json\/wp\/v2\/media?parent=9247"}],"wp:term":[{"taxonomy":"product_brand","embeddable":true,"href":"https:\/\/www.shami-shop.com\/de\/wp-json\/wp\/v2\/product_brand?post=9247"},{"taxonomy":"product_cat","embeddable":true,"href":"https:\/\/www.shami-shop.com\/de\/wp-json\/wp\/v2\/product_cat?post=9247"},{"taxonomy":"product_tag","embeddable":true,"href":"https:\/\/www.shami-shop.com\/de\/wp-json\/wp\/v2\/product_tag?post=9247"}],"curies":[{"name":"wp","href":"https:\/\/api.w.org\/{rel}","templated":true}]}}