{"id":9252,"date":"2021-07-24T07:59:03","date_gmt":"2021-07-24T06:59:03","guid":{"rendered":"https:\/\/www.shami-shop.com\/?post_type=product&#038;p=9252"},"modified":"2021-07-24T08:07:43","modified_gmt":"2021-07-24T07:07:43","slug":"koffer-17","status":"publish","type":"product","link":"https:\/\/www.shami-shop.com\/de\/produkt\/koffer-17\/","title":{"rendered":"Koffer | Gr\u00fcn mit blauem Filz und Regenschutz"},"content":{"rendered":"<p data-pm-slice=\"1 1 []\">Dieser schnuckelige gr\u00fcne Shamisen-Koffer ist so gut wie neu und hat einen abnehmbaren blauen Regenschutz. Innen ist er in sch\u00f6nem blauem Filz ausgekleidet. Ich liebe die besondere Farbe und die schnittige Form. Passend f\u00fcr eine Chuuzao or Hosozao Shamisen. Ihr Instrument f\u00fcr den Transport nicht auseinanderbauen zu m\u00fcssen macht einen gewaltigen Unterschied, denn die Shamisen ist sofort einsatz- und spielbereit! Das Instrument komplett zusammengebaut zu lassen bedeutet auch, dass die Stimmung stabil bleibt und man viel weniger Zeit aufs Stimmen und Nachstimmen verwenden muss. Die harte Au\u00dfenschale des Koffers sch\u00fctzt Ihr Instrument vor Leuten, Ecken und T\u00fcrrahmen, die Ihnen in den Weg kommen.<\/p>\n<p>Das Au\u00dfenmaterial ist aus Kunststoff und wasserabweisend.<\/p>\n<p>Der Koffer schlie\u00dft sicher mit drei Spannverschl\u00fcssen. Schl\u00fcssel vorhanden.<\/p>\n<p><strong>Produktabmessungen (au\u00dfen):<\/strong><\/p>\n<p>L\u00e4nge: 103,8 cm<\/p>\n<p>Breite: 27 cm<\/p>\n<p>H\u00f6he: 12 cm<\/p>\n<p>Gewicht: 2,86 kg<\/p>\n","protected":false},"excerpt":{"rendered":"<p data-pm-slice=\"1 1 []\">Gebrauchter Koffer f\u00fcr Chuuzao und Hosozao Shamisen<\/p>\n<p>Gr\u00fcne Hartschale mit blauem Filz-Innenfutter und abnehmbarem Regenschutz.<\/p>\n<p>&nbsp;<\/p>\n<p><strong>Produktabmessungen (au\u00dfen):<\/strong><\/p>\n<p>L\u00e4nge: 103,8 cm<\/p>\n<p>Breite: 27 cm<\/p>\n<p>H\u00f6he: 12 cm<\/p>\n<p>Gewicht: 2,86 kg<\/p>\n<p>&nbsp;<\/p>\n<p data-pm-slice=\"1 1 []\">3 Spannverschl\u00fcsse<\/p>\n","protected":false},"featured_media":18015,"template":"","meta":{"_et_pb_use_builder":"","_et_pb_old_content":"","_et_gb_content_width":""},"product_brand":[],"product_cat":[440,441,62,63],"product_tag":[342,442,233,164,66,176,443],"class_list":{"0":"post-9252","1":"product","2":"type-product","3":"status-publish","4":"has-post-thumbnail","6":"product_cat-koffer-chuuzao","7":"product_cat-koffer-hosozao","8":"product_cat-instrumentenkasten","9":"product_cat-lange-koffer","10":"product_tag-chuuzao-de","11":"product_tag-hardcase-de","12":"product_tag-hosozao-de","13":"product_tag-jiuta-de","14":"product_tag-longcase-de","15":"product_tag-nagauta-de","16":"product_tag-used-de","17":"product_shipping_class-5kg-de","19":"first","20":"outofstock","21":"purchasable","22":"product-type-simple"},"yoast_head":"<!-- This site is optimized with the Yoast SEO plugin v26.9 - https:\/\/yoast.com\/product\/yoast-seo-wordpress\/ -->\n<title>Koffer | Gr\u00fcn mit blauem Filz und Regenschutz - Shami-Shop<\/title>\n<meta name=\"description\" content=\"Gr\u00fcner Shamisen Koffer mit Regenschutz und blauem Filz-Innenfutter. H\u00e4lt Ihre Shamisen immer und \u00fcberall sicher.\" \/>\n<meta name=\"robots\" content=\"index, follow, max-snippet:-1, max-image-preview:large, max-video-preview:-1\" \/>\n<link rel=\"canonical\" href=\"https:\/\/www.shami-shop.com\/de\/produkt\/koffer-17\/\" \/>\n<meta property=\"og:locale\" content=\"de_DE\" \/>\n<meta property=\"og:type\" content=\"article\" \/>\n<meta property=\"og:title\" content=\"Koffer | Gr\u00fcn mit blauem Filz und Regenschutz - Shami-Shop\" \/>\n<meta property=\"og:description\" content=\"Gr\u00fcner Shamisen Koffer mit Regenschutz und blauem Filz-Innenfutter. H\u00e4lt Ihre Shamisen immer und \u00fcberall sicher.\" \/>\n<meta property=\"og:url\" content=\"https:\/\/www.shami-shop.com\/de\/produkt\/koffer-17\/\" \/>\n<meta property=\"og:site_name\" content=\"Shami-Shop\" \/>\n<meta property=\"article:publisher\" content=\"https:\/\/www.facebook.com\/weloveshamisen\/\" \/>\n<meta property=\"article:modified_time\" content=\"2021-07-24T07:07:43+00:00\" \/>\n<meta property=\"og:image\" content=\"https:\/\/www.shami-shop.com\/wp-content\/uploads\/2021\/07\/17_Bhb.png\" \/>\n\t<meta property=\"og:image:width\" content=\"917\" \/>\n\t<meta property=\"og:image:height\" content=\"440\" \/>\n\t<meta property=\"og:image:type\" content=\"image\/png\" \/>\n<meta name=\"twitter:card\" content=\"summary_large_image\" \/>\n<meta name=\"twitter:label1\" content=\"Gesch\u00e4tzte Lesezeit\" \/>\n\t<meta name=\"twitter:data1\" content=\"1\u00a0Minute\" \/>\n<script type=\"application\/ld+json\" class=\"yoast-schema-graph\">{\"@context\":\"https:\/\/schema.org\",\"@graph\":[{\"@type\":[\"WebPage\",\"ItemPage\"],\"@id\":\"https:\/\/www.shami-shop.com\/de\/produkt\/koffer-17\/\",\"url\":\"https:\/\/www.shami-shop.com\/de\/produkt\/koffer-17\/\",\"name\":\"Koffer | Gr\u00fcn mit blauem Filz und Regenschutz - Shami-Shop\",\"isPartOf\":{\"@id\":\"https:\/\/www.shami-shop.com\/de\/#website\"},\"primaryImageOfPage\":{\"@id\":\"https:\/\/www.shami-shop.com\/de\/produkt\/koffer-17\/#primaryimage\"},\"image\":{\"@id\":\"https:\/\/www.shami-shop.com\/de\/produkt\/koffer-17\/#primaryimage\"},\"thumbnailUrl\":\"https:\/\/www.shami-shop.com\/wp-content\/uploads\/2021\/07\/17_Bhb_feat.png\",\"datePublished\":\"2021-07-24T06:59:03+00:00\",\"dateModified\":\"2021-07-24T07:07:43+00:00\",\"description\":\"Gr\u00fcner Shamisen Koffer mit Regenschutz und blauem Filz-Innenfutter. H\u00e4lt Ihre Shamisen immer und \u00fcberall sicher.\",\"breadcrumb\":{\"@id\":\"https:\/\/www.shami-shop.com\/de\/produkt\/koffer-17\/#breadcrumb\"},\"inLanguage\":\"de\",\"potentialAction\":[{\"@type\":\"ReadAction\",\"target\":[\"https:\/\/www.shami-shop.com\/de\/produkt\/koffer-17\/\"]}]},{\"@type\":\"ImageObject\",\"inLanguage\":\"de\",\"@id\":\"https:\/\/www.shami-shop.com\/de\/produkt\/koffer-17\/#primaryimage\",\"url\":\"https:\/\/www.shami-shop.com\/wp-content\/uploads\/2021\/07\/17_Bhb_feat.png\",\"contentUrl\":\"https:\/\/www.shami-shop.com\/wp-content\/uploads\/2021\/07\/17_Bhb_feat.png\",\"width\":810,\"height\":810},{\"@type\":\"BreadcrumbList\",\"@id\":\"https:\/\/www.shami-shop.com\/de\/produkt\/koffer-17\/#breadcrumb\",\"itemListElement\":[{\"@type\":\"ListItem\",\"position\":1,\"name\":\"Startseite\",\"item\":\"https:\/\/www.shami-shop.com\/de\/\"},{\"@type\":\"ListItem\",\"position\":2,\"name\":\"Shop\",\"item\":\"https:\/\/www.shami-shop.com\/de\/shop\/\"},{\"@type\":\"ListItem\",\"position\":3,\"name\":\"Koffer | Gr\u00fcn mit blauem Filz und Regenschutz\"}]},{\"@type\":\"WebSite\",\"@id\":\"https:\/\/www.shami-shop.com\/de\/#website\",\"url\":\"https:\/\/www.shami-shop.com\/de\/\",\"name\":\"Shami-Shop\",\"description\":\"Alles f\u00fcr den Shamisen-Spieler.\",\"publisher\":{\"@id\":\"https:\/\/www.shami-shop.com\/de\/#organization\"},\"potentialAction\":[{\"@type\":\"SearchAction\",\"target\":{\"@type\":\"EntryPoint\",\"urlTemplate\":\"https:\/\/www.shami-shop.com\/de\/?s={search_term_string}\"},\"query-input\":{\"@type\":\"PropertyValueSpecification\",\"valueRequired\":true,\"valueName\":\"search_term_string\"}}],\"inLanguage\":\"de\"},{\"@type\":\"Organization\",\"@id\":\"https:\/\/www.shami-shop.com\/de\/#organization\",\"name\":\"Shami-Shop\",\"url\":\"https:\/\/www.shami-shop.com\/de\/\",\"logo\":{\"@type\":\"ImageObject\",\"inLanguage\":\"de\",\"@id\":\"https:\/\/www.shami-shop.com\/de\/#\/schema\/logo\/image\/\",\"url\":\"https:\/\/shami-shop.com\/wp-content\/uploads\/2021\/01\/Shami-Shop-Logo-1080.png\",\"contentUrl\":\"https:\/\/shami-shop.com\/wp-content\/uploads\/2021\/01\/Shami-Shop-Logo-1080.png\",\"width\":1080,\"height\":1080,\"caption\":\"Shami-Shop\"},\"image\":{\"@id\":\"https:\/\/www.shami-shop.com\/de\/#\/schema\/logo\/image\/\"},\"sameAs\":[\"https:\/\/www.facebook.com\/weloveshamisen\/\",\"https:\/\/www.instagram.com\/shamishop.europe\/\"]}]}<\/script>\n<!-- \/ Yoast SEO plugin. -->","yoast_head_json":{"title":"Koffer | Gr\u00fcn mit blauem Filz und Regenschutz - Shami-Shop","description":"Gr\u00fcner Shamisen Koffer mit Regenschutz und blauem Filz-Innenfutter. H\u00e4lt Ihre Shamisen immer und \u00fcberall sicher.","robots":{"index":"index","follow":"follow","max-snippet":"max-snippet:-1","max-image-preview":"max-image-preview:large","max-video-preview":"max-video-preview:-1"},"canonical":"https:\/\/www.shami-shop.com\/de\/produkt\/koffer-17\/","og_locale":"de_DE","og_type":"article","og_title":"Koffer | Gr\u00fcn mit blauem Filz und Regenschutz - Shami-Shop","og_description":"Gr\u00fcner Shamisen Koffer mit Regenschutz und blauem Filz-Innenfutter. H\u00e4lt Ihre Shamisen immer und \u00fcberall sicher.","og_url":"https:\/\/www.shami-shop.com\/de\/produkt\/koffer-17\/","og_site_name":"Shami-Shop","article_publisher":"https:\/\/www.facebook.com\/weloveshamisen\/","article_modified_time":"2021-07-24T07:07:43+00:00","og_image":[{"width":917,"height":440,"url":"https:\/\/www.shami-shop.com\/wp-content\/uploads\/2021\/07\/17_Bhb.png","type":"image\/png"}],"twitter_card":"summary_large_image","twitter_misc":{"Gesch\u00e4tzte Lesezeit":"1\u00a0Minute"},"schema":{"@context":"https:\/\/schema.org","@graph":[{"@type":["WebPage","ItemPage"],"@id":"https:\/\/www.shami-shop.com\/de\/produkt\/koffer-17\/","url":"https:\/\/www.shami-shop.com\/de\/produkt\/koffer-17\/","name":"Koffer | Gr\u00fcn mit blauem Filz und Regenschutz - Shami-Shop","isPartOf":{"@id":"https:\/\/www.shami-shop.com\/de\/#website"},"primaryImageOfPage":{"@id":"https:\/\/www.shami-shop.com\/de\/produkt\/koffer-17\/#primaryimage"},"image":{"@id":"https:\/\/www.shami-shop.com\/de\/produkt\/koffer-17\/#primaryimage"},"thumbnailUrl":"https:\/\/www.shami-shop.com\/wp-content\/uploads\/2021\/07\/17_Bhb_feat.png","datePublished":"2021-07-24T06:59:03+00:00","dateModified":"2021-07-24T07:07:43+00:00","description":"Gr\u00fcner Shamisen Koffer mit Regenschutz und blauem Filz-Innenfutter. H\u00e4lt Ihre Shamisen immer und \u00fcberall sicher.","breadcrumb":{"@id":"https:\/\/www.shami-shop.com\/de\/produkt\/koffer-17\/#breadcrumb"},"inLanguage":"de","potentialAction":[{"@type":"ReadAction","target":["https:\/\/www.shami-shop.com\/de\/produkt\/koffer-17\/"]}]},{"@type":"ImageObject","inLanguage":"de","@id":"https:\/\/www.shami-shop.com\/de\/produkt\/koffer-17\/#primaryimage","url":"https:\/\/www.shami-shop.com\/wp-content\/uploads\/2021\/07\/17_Bhb_feat.png","contentUrl":"https:\/\/www.shami-shop.com\/wp-content\/uploads\/2021\/07\/17_Bhb_feat.png","width":810,"height":810},{"@type":"BreadcrumbList","@id":"https:\/\/www.shami-shop.com\/de\/produkt\/koffer-17\/#breadcrumb","itemListElement":[{"@type":"ListItem","position":1,"name":"Startseite","item":"https:\/\/www.shami-shop.com\/de\/"},{"@type":"ListItem","position":2,"name":"Shop","item":"https:\/\/www.shami-shop.com\/de\/shop\/"},{"@type":"ListItem","position":3,"name":"Koffer | Gr\u00fcn mit blauem Filz und Regenschutz"}]},{"@type":"WebSite","@id":"https:\/\/www.shami-shop.com\/de\/#website","url":"https:\/\/www.shami-shop.com\/de\/","name":"Shami-Shop","description":"Alles f\u00fcr den Shamisen-Spieler.","publisher":{"@id":"https:\/\/www.shami-shop.com\/de\/#organization"},"potentialAction":[{"@type":"SearchAction","target":{"@type":"EntryPoint","urlTemplate":"https:\/\/www.shami-shop.com\/de\/?s={search_term_string}"},"query-input":{"@type":"PropertyValueSpecification","valueRequired":true,"valueName":"search_term_string"}}],"inLanguage":"de"},{"@type":"Organization","@id":"https:\/\/www.shami-shop.com\/de\/#organization","name":"Shami-Shop","url":"https:\/\/www.shami-shop.com\/de\/","logo":{"@type":"ImageObject","inLanguage":"de","@id":"https:\/\/www.shami-shop.com\/de\/#\/schema\/logo\/image\/","url":"https:\/\/shami-shop.com\/wp-content\/uploads\/2021\/01\/Shami-Shop-Logo-1080.png","contentUrl":"https:\/\/shami-shop.com\/wp-content\/uploads\/2021\/01\/Shami-Shop-Logo-1080.png","width":1080,"height":1080,"caption":"Shami-Shop"},"image":{"@id":"https:\/\/www.shami-shop.com\/de\/#\/schema\/logo\/image\/"},"sameAs":["https:\/\/www.facebook.com\/weloveshamisen\/","https:\/\/www.instagram.com\/shamishop.europe\/"]}]}},"jetpack_sharing_enabled":true,"_links":{"self":[{"href":"https:\/\/www.shami-shop.com\/de\/wp-json\/wp\/v2\/product\/9252","targetHints":{"allow":["GET"]}}],"collection":[{"href":"https:\/\/www.shami-shop.com\/de\/wp-json\/wp\/v2\/product"}],"about":[{"href":"https:\/\/www.shami-shop.com\/de\/wp-json\/wp\/v2\/types\/product"}],"wp:featuredmedia":[{"embeddable":true,"href":"https:\/\/www.shami-shop.com\/de\/wp-json\/wp\/v2\/media\/18015"}],"wp:attachment":[{"href":"https:\/\/www.shami-shop.com\/de\/wp-json\/wp\/v2\/media?parent=9252"}],"wp:term":[{"taxonomy":"product_brand","embeddable":true,"href":"https:\/\/www.shami-shop.com\/de\/wp-json\/wp\/v2\/product_brand?post=9252"},{"taxonomy":"product_cat","embeddable":true,"href":"https:\/\/www.shami-shop.com\/de\/wp-json\/wp\/v2\/product_cat?post=9252"},{"taxonomy":"product_tag","embeddable":true,"href":"https:\/\/www.shami-shop.com\/de\/wp-json\/wp\/v2\/product_tag?post=9252"}],"curies":[{"name":"wp","href":"https:\/\/api.w.org\/{rel}","templated":true}]}}