{"id":941,"date":"2026-01-26T16:13:03","date_gmt":"2026-01-26T15:13:03","guid":{"rendered":"https:\/\/shami-shop.com\/produkt\/shamisen-longcase-brown-with-blue-velvet-used\/"},"modified":"2026-01-28T04:10:36","modified_gmt":"2026-01-28T03:10:36","slug":"shamisen-koffer-41","status":"publish","type":"product","link":"https:\/\/www.shami-shop.com\/de\/produkt\/shamisen-koffer-41\/","title":{"rendered":"Shamisen-Koffer | Braun mit blauem Samt"},"content":{"rendered":"<p data-pm-slice=\"1 1 []\">Dieser gebrauchte Shamisen-Koffer ist der perfekte Partner f\u00fcr Deine Chuuzao or Hosozao Shamisen. Es ist eine erhebliche Erleichterung, sein Instrument nicht auseinander nehmen zu m\u00fcssen. So ist man jederzeit spielbereit und braucht auch nicht mehr so lange zum Stimmen. Der harte Koffer sch\u00fctzt Dein Instrument for r\u00fccksichtslosen Passanten, T\u00fcren und hinterlistigen Ecken, die versuchen, gegen Deine Shamisen zu rempeln.<\/p>\n<p>Das rote Samtfutter erg\u00e4nzt den Retro-Charme der braunen Au\u00dfenschale perfekt. Das Au\u00dfenmaterial ist synthetisch und wasserabweisend. Die Bl\u00f6cke, auf denen der Hals der Shamisen ruht, sind besonders breit und gepolstert. Im Deckel ist innen eine praktische kleine Tasche. Zus\u00e4tzlich gibt es innen im Mittelteil eine ger\u00e4umigere Tasche, in der das Bachi und alle anderen Accessoires bequem Platz finden.<\/p>\n<p>Der Koffer schlie\u00dft sicher mit vier Schnallen. Schl\u00fcssel vorhanden.<\/p>\n","protected":false},"excerpt":{"rendered":"<p data-pm-slice=\"1 1 []\">Gebrauchter Koffer, passend f\u00fcr Chuuzao und Hosozao Shamisen.<br \/>\nRetro-Braun mit rotem Innenfutter aus Samt.<\/p>\n<p><strong>Au\u00dfenma\u00dfe:<\/strong><\/p>\n<ul>\n<li>L\u00e4nge: 103,5 cm<\/li>\n<li>Breite: 26 cm<\/li>\n<li>H\u00f6he: 13 cm<\/li>\n<\/ul>\n<p><strong>Innenma\u00dfe:<\/strong><\/p>\n<ul>\n<li>L\u00e4nge: 101,5 cm<\/li>\n<li>Breite: 24,5 cm<\/li>\n<\/ul>\n<p>4 Schnallen, Schl\u00fcssel vorhanden.<\/p>\n","protected":false},"featured_media":26859,"template":"","meta":{"_et_pb_use_builder":"","_et_pb_old_content":"","_et_gb_content_width":""},"product_brand":[],"product_cat":[138,440,441,62,63],"product_tag":[442,66,443],"class_list":{"0":"post-941","1":"product","2":"type-product","3":"status-publish","4":"has-post-thumbnail","6":"product_cat-shamisenkoffer","7":"product_cat-koffer-chuuzao","8":"product_cat-koffer-hosozao","9":"product_cat-instrumentenkasten","10":"product_cat-lange-koffer","11":"product_tag-hardcase-de","12":"product_tag-longcase-de","13":"product_tag-used-de","14":"product_shipping_class-5kg-de","16":"first","17":"instock","18":"sold-individually","19":"purchasable","20":"product-type-simple"},"yoast_head":"<!-- This site is optimized with the Yoast SEO plugin v26.9 - https:\/\/yoast.com\/product\/yoast-seo-wordpress\/ -->\n<title>Shamisen-Koffer | Braun mit blauem Samt - Shami-Shop<\/title>\n<meta name=\"description\" content=\"Gebrauchter brauner Shamisen-Koffer mit Innenfutter aus tiefblauem Samt. Damit die Shamisen sicher aufbewahrt ist, egal wohin es geht.\" \/>\n<meta name=\"robots\" content=\"index, follow, max-snippet:-1, max-image-preview:large, max-video-preview:-1\" \/>\n<link rel=\"canonical\" href=\"https:\/\/www.shami-shop.com\/de\/produkt\/shamisen-koffer-41\/\" \/>\n<meta property=\"og:locale\" content=\"de_DE\" \/>\n<meta property=\"og:type\" content=\"article\" \/>\n<meta property=\"og:title\" content=\"Shamisen-Koffer | Braun mit blauem Samt - Shami-Shop\" \/>\n<meta property=\"og:description\" content=\"Gebrauchter brauner Shamisen-Koffer mit Innenfutter aus tiefblauem Samt. Damit die Shamisen sicher aufbewahrt ist, egal wohin es geht.\" \/>\n<meta property=\"og:url\" content=\"https:\/\/www.shami-shop.com\/de\/produkt\/shamisen-koffer-41\/\" \/>\n<meta property=\"og:site_name\" content=\"Shami-Shop\" \/>\n<meta property=\"article:publisher\" content=\"https:\/\/www.facebook.com\/weloveshamisen\/\" \/>\n<meta property=\"article:modified_time\" content=\"2026-01-28T03:10:36+00:00\" \/>\n<meta property=\"og:image\" content=\"https:\/\/www.shami-shop.com\/wp-content\/uploads\/2025\/03\/KA-41-B-thb-scaled.jpg\" \/>\n\t<meta property=\"og:image:width\" content=\"2560\" \/>\n\t<meta property=\"og:image:height\" content=\"2537\" \/>\n\t<meta property=\"og:image:type\" content=\"image\/jpeg\" \/>\n<meta name=\"twitter:card\" content=\"summary_large_image\" \/>\n<meta name=\"twitter:label1\" content=\"Gesch\u00e4tzte Lesezeit\" \/>\n\t<meta name=\"twitter:data1\" content=\"1\u00a0Minute\" \/>\n<script type=\"application\/ld+json\" class=\"yoast-schema-graph\">{\"@context\":\"https:\/\/schema.org\",\"@graph\":[{\"@type\":[\"WebPage\",\"ItemPage\"],\"@id\":\"https:\/\/www.shami-shop.com\/de\/produkt\/shamisen-koffer-41\/\",\"url\":\"https:\/\/www.shami-shop.com\/de\/produkt\/shamisen-koffer-41\/\",\"name\":\"Shamisen-Koffer | Braun mit blauem Samt - Shami-Shop\",\"isPartOf\":{\"@id\":\"https:\/\/www.shami-shop.com\/de\/#website\"},\"primaryImageOfPage\":{\"@id\":\"https:\/\/www.shami-shop.com\/de\/produkt\/shamisen-koffer-41\/#primaryimage\"},\"image\":{\"@id\":\"https:\/\/www.shami-shop.com\/de\/produkt\/shamisen-koffer-41\/#primaryimage\"},\"thumbnailUrl\":\"https:\/\/www.shami-shop.com\/wp-content\/uploads\/2025\/03\/KA-41-B-thb-scaled.jpg\",\"datePublished\":\"2026-01-26T15:13:03+00:00\",\"dateModified\":\"2026-01-28T03:10:36+00:00\",\"description\":\"Gebrauchter brauner Shamisen-Koffer mit Innenfutter aus tiefblauem Samt. Damit die Shamisen sicher aufbewahrt ist, egal wohin es geht.\",\"breadcrumb\":{\"@id\":\"https:\/\/www.shami-shop.com\/de\/produkt\/shamisen-koffer-41\/#breadcrumb\"},\"inLanguage\":\"de\",\"potentialAction\":[{\"@type\":\"ReadAction\",\"target\":[\"https:\/\/www.shami-shop.com\/de\/produkt\/shamisen-koffer-41\/\"]}]},{\"@type\":\"ImageObject\",\"inLanguage\":\"de\",\"@id\":\"https:\/\/www.shami-shop.com\/de\/produkt\/shamisen-koffer-41\/#primaryimage\",\"url\":\"https:\/\/www.shami-shop.com\/wp-content\/uploads\/2025\/03\/KA-41-B-thb-scaled.jpg\",\"contentUrl\":\"https:\/\/www.shami-shop.com\/wp-content\/uploads\/2025\/03\/KA-41-B-thb-scaled.jpg\",\"width\":2560,\"height\":2537},{\"@type\":\"BreadcrumbList\",\"@id\":\"https:\/\/www.shami-shop.com\/de\/produkt\/shamisen-koffer-41\/#breadcrumb\",\"itemListElement\":[{\"@type\":\"ListItem\",\"position\":1,\"name\":\"Startseite\",\"item\":\"https:\/\/www.shami-shop.com\/de\/\"},{\"@type\":\"ListItem\",\"position\":2,\"name\":\"Shop\",\"item\":\"https:\/\/www.shami-shop.com\/de\/shop\/\"},{\"@type\":\"ListItem\",\"position\":3,\"name\":\"Shamisen-Koffer | Braun mit blauem Samt\"}]},{\"@type\":\"WebSite\",\"@id\":\"https:\/\/www.shami-shop.com\/de\/#website\",\"url\":\"https:\/\/www.shami-shop.com\/de\/\",\"name\":\"Shami-Shop\",\"description\":\"Alles f\u00fcr den Shamisen-Spieler.\",\"publisher\":{\"@id\":\"https:\/\/www.shami-shop.com\/de\/#organization\"},\"potentialAction\":[{\"@type\":\"SearchAction\",\"target\":{\"@type\":\"EntryPoint\",\"urlTemplate\":\"https:\/\/www.shami-shop.com\/de\/?s={search_term_string}\"},\"query-input\":{\"@type\":\"PropertyValueSpecification\",\"valueRequired\":true,\"valueName\":\"search_term_string\"}}],\"inLanguage\":\"de\"},{\"@type\":\"Organization\",\"@id\":\"https:\/\/www.shami-shop.com\/de\/#organization\",\"name\":\"Shami-Shop\",\"url\":\"https:\/\/www.shami-shop.com\/de\/\",\"logo\":{\"@type\":\"ImageObject\",\"inLanguage\":\"de\",\"@id\":\"https:\/\/www.shami-shop.com\/de\/#\/schema\/logo\/image\/\",\"url\":\"https:\/\/shami-shop.com\/wp-content\/uploads\/2021\/01\/Shami-Shop-Logo-1080.png\",\"contentUrl\":\"https:\/\/shami-shop.com\/wp-content\/uploads\/2021\/01\/Shami-Shop-Logo-1080.png\",\"width\":1080,\"height\":1080,\"caption\":\"Shami-Shop\"},\"image\":{\"@id\":\"https:\/\/www.shami-shop.com\/de\/#\/schema\/logo\/image\/\"},\"sameAs\":[\"https:\/\/www.facebook.com\/weloveshamisen\/\",\"https:\/\/www.instagram.com\/shamishop.europe\/\"]}]}<\/script>\n<!-- \/ Yoast SEO plugin. -->","yoast_head_json":{"title":"Shamisen-Koffer | Braun mit blauem Samt - Shami-Shop","description":"Gebrauchter brauner Shamisen-Koffer mit Innenfutter aus tiefblauem Samt. Damit die Shamisen sicher aufbewahrt ist, egal wohin es geht.","robots":{"index":"index","follow":"follow","max-snippet":"max-snippet:-1","max-image-preview":"max-image-preview:large","max-video-preview":"max-video-preview:-1"},"canonical":"https:\/\/www.shami-shop.com\/de\/produkt\/shamisen-koffer-41\/","og_locale":"de_DE","og_type":"article","og_title":"Shamisen-Koffer | Braun mit blauem Samt - Shami-Shop","og_description":"Gebrauchter brauner Shamisen-Koffer mit Innenfutter aus tiefblauem Samt. Damit die Shamisen sicher aufbewahrt ist, egal wohin es geht.","og_url":"https:\/\/www.shami-shop.com\/de\/produkt\/shamisen-koffer-41\/","og_site_name":"Shami-Shop","article_publisher":"https:\/\/www.facebook.com\/weloveshamisen\/","article_modified_time":"2026-01-28T03:10:36+00:00","og_image":[{"width":2560,"height":2537,"url":"https:\/\/www.shami-shop.com\/wp-content\/uploads\/2025\/03\/KA-41-B-thb-scaled.jpg","type":"image\/jpeg"}],"twitter_card":"summary_large_image","twitter_misc":{"Gesch\u00e4tzte Lesezeit":"1\u00a0Minute"},"schema":{"@context":"https:\/\/schema.org","@graph":[{"@type":["WebPage","ItemPage"],"@id":"https:\/\/www.shami-shop.com\/de\/produkt\/shamisen-koffer-41\/","url":"https:\/\/www.shami-shop.com\/de\/produkt\/shamisen-koffer-41\/","name":"Shamisen-Koffer | Braun mit blauem Samt - Shami-Shop","isPartOf":{"@id":"https:\/\/www.shami-shop.com\/de\/#website"},"primaryImageOfPage":{"@id":"https:\/\/www.shami-shop.com\/de\/produkt\/shamisen-koffer-41\/#primaryimage"},"image":{"@id":"https:\/\/www.shami-shop.com\/de\/produkt\/shamisen-koffer-41\/#primaryimage"},"thumbnailUrl":"https:\/\/www.shami-shop.com\/wp-content\/uploads\/2025\/03\/KA-41-B-thb-scaled.jpg","datePublished":"2026-01-26T15:13:03+00:00","dateModified":"2026-01-28T03:10:36+00:00","description":"Gebrauchter brauner Shamisen-Koffer mit Innenfutter aus tiefblauem Samt. Damit die Shamisen sicher aufbewahrt ist, egal wohin es geht.","breadcrumb":{"@id":"https:\/\/www.shami-shop.com\/de\/produkt\/shamisen-koffer-41\/#breadcrumb"},"inLanguage":"de","potentialAction":[{"@type":"ReadAction","target":["https:\/\/www.shami-shop.com\/de\/produkt\/shamisen-koffer-41\/"]}]},{"@type":"ImageObject","inLanguage":"de","@id":"https:\/\/www.shami-shop.com\/de\/produkt\/shamisen-koffer-41\/#primaryimage","url":"https:\/\/www.shami-shop.com\/wp-content\/uploads\/2025\/03\/KA-41-B-thb-scaled.jpg","contentUrl":"https:\/\/www.shami-shop.com\/wp-content\/uploads\/2025\/03\/KA-41-B-thb-scaled.jpg","width":2560,"height":2537},{"@type":"BreadcrumbList","@id":"https:\/\/www.shami-shop.com\/de\/produkt\/shamisen-koffer-41\/#breadcrumb","itemListElement":[{"@type":"ListItem","position":1,"name":"Startseite","item":"https:\/\/www.shami-shop.com\/de\/"},{"@type":"ListItem","position":2,"name":"Shop","item":"https:\/\/www.shami-shop.com\/de\/shop\/"},{"@type":"ListItem","position":3,"name":"Shamisen-Koffer | Braun mit blauem Samt"}]},{"@type":"WebSite","@id":"https:\/\/www.shami-shop.com\/de\/#website","url":"https:\/\/www.shami-shop.com\/de\/","name":"Shami-Shop","description":"Alles f\u00fcr den Shamisen-Spieler.","publisher":{"@id":"https:\/\/www.shami-shop.com\/de\/#organization"},"potentialAction":[{"@type":"SearchAction","target":{"@type":"EntryPoint","urlTemplate":"https:\/\/www.shami-shop.com\/de\/?s={search_term_string}"},"query-input":{"@type":"PropertyValueSpecification","valueRequired":true,"valueName":"search_term_string"}}],"inLanguage":"de"},{"@type":"Organization","@id":"https:\/\/www.shami-shop.com\/de\/#organization","name":"Shami-Shop","url":"https:\/\/www.shami-shop.com\/de\/","logo":{"@type":"ImageObject","inLanguage":"de","@id":"https:\/\/www.shami-shop.com\/de\/#\/schema\/logo\/image\/","url":"https:\/\/shami-shop.com\/wp-content\/uploads\/2021\/01\/Shami-Shop-Logo-1080.png","contentUrl":"https:\/\/shami-shop.com\/wp-content\/uploads\/2021\/01\/Shami-Shop-Logo-1080.png","width":1080,"height":1080,"caption":"Shami-Shop"},"image":{"@id":"https:\/\/www.shami-shop.com\/de\/#\/schema\/logo\/image\/"},"sameAs":["https:\/\/www.facebook.com\/weloveshamisen\/","https:\/\/www.instagram.com\/shamishop.europe\/"]}]}},"jetpack_sharing_enabled":true,"_links":{"self":[{"href":"https:\/\/www.shami-shop.com\/de\/wp-json\/wp\/v2\/product\/941","targetHints":{"allow":["GET"]}}],"collection":[{"href":"https:\/\/www.shami-shop.com\/de\/wp-json\/wp\/v2\/product"}],"about":[{"href":"https:\/\/www.shami-shop.com\/de\/wp-json\/wp\/v2\/types\/product"}],"wp:featuredmedia":[{"embeddable":true,"href":"https:\/\/www.shami-shop.com\/de\/wp-json\/wp\/v2\/media\/26859"}],"wp:attachment":[{"href":"https:\/\/www.shami-shop.com\/de\/wp-json\/wp\/v2\/media?parent=941"}],"wp:term":[{"taxonomy":"product_brand","embeddable":true,"href":"https:\/\/www.shami-shop.com\/de\/wp-json\/wp\/v2\/product_brand?post=941"},{"taxonomy":"product_cat","embeddable":true,"href":"https:\/\/www.shami-shop.com\/de\/wp-json\/wp\/v2\/product_cat?post=941"},{"taxonomy":"product_tag","embeddable":true,"href":"https:\/\/www.shami-shop.com\/de\/wp-json\/wp\/v2\/product_tag?post=941"}],"curies":[{"name":"wp","href":"https:\/\/api.w.org\/{rel}","templated":true}]}}