{"id":950,"date":"2024-11-23T17:14:58","date_gmt":"2021-01-16T17:14:58","guid":{"rendered":"https:\/\/shami-shop.com\/produkt\/shamisen-longcase-black-with-yellow-felt-used-2\/"},"modified":"2024-11-25T19:23:04","modified_gmt":"2024-11-25T18:23:04","slug":"shamisen-longcase-76","status":"publish","type":"product","link":"https:\/\/www.shami-shop.com\/de\/produkt\/shamisen-longcase-76\/","title":{"rendered":"Koffer | Marone mit gr\u00fcnem Samt"},"content":{"rendered":"<p data-pm-slice=\"1 1 []\">Wer auf der Suche nach etwas Besonderem ist, sollte hier genauer hinschauen! Dieser Shamisen-Koffer ist vom Hersteller &#8222;Toyogakki&#8220; und hat nicht nur eine au\u00dfergew\u00f6hnlicvhe Farbkombination, sondern auch ein paar besondere Eigentschaften.<\/p>\n<p data-pm-slice=\"1 1 []\">Der Koffer ist in hervorragendem gebrauchtem Zustand und wird ein toller Begleiter f\u00fcr deine Hosozao oder Chuuzao Shamisen sein. Das Instrument f\u00fcr den Transport nicht auseinanderbauen zu m\u00fcssen macht einen gewaltigen Unterschied, denn die Shamisen ist sofort einsatz- und spielbereit! Das Instrument komplett zusammengebaut zu lassen bedeutet auch, dass die Stimmung stabil bleibt und man viel weniger Zeit aufs Stimmen und Nachstimmen verwenden muss. Die harte Au\u00dfenschale des Koffers sch\u00fctzt Ihr Instrument vor Leuten, Ecken und T\u00fcrrahmen, die Ihnen in den Weg kommen.<\/p>\n<p>Die abgerundeten Ecken verleihen dem Koffer einen kompakten und knuffigen Touch. Er hat an der flachen Unterseite F\u00fc\u00dfchen &#8211; das ist sehr ungew\u00f6hnlich! Dadurch wird die Oberfl\u00e4che vor Kratzern gesch\u00fctzt, wenn man den Koffer mal auf einem nicht perfekt sauberen Untergrund ablegt \ud83d\ude42 Zus\u00e4tzlich hat der Koffer F\u00fc\u00dfchen am kurzen unteren Ende, was f\u00fcr besondere Stabilit\u00e4t in aufrechter Position sorgt.  Der abnehmbare Schultergurt sorgt f\u00fcr freie die H\u00e4nde und macht den Koffer besonders vielseitig. Das Innenfutter aus gr\u00fcnem Samt ist ein toller Kontrast zum marone-farbenen Au\u00dfenmaterial. Das Au\u00dfenmaterial ist aus Kunststoff und wasserabweisend.<\/p>\n<p>Der Koffer hat vier Schlie\u00dfen. Schl\u00fcssel vorhanden.<\/p>\n","protected":false},"excerpt":{"rendered":"<p data-pm-slice=\"1 1 []\">Koffer f\u00fcr Chuuzao und Hosozao Shamisen.<\/p>\n<p>Seltene Farbkombination: Marone mit gr\u00fcnem Samt-Innenfutter.<\/p>\n<p>&nbsp;<\/p>\n<p><strong>Produktabmessungen (au\u00dfen):<\/strong><\/p>\n<ul>\n<li>L\u00e4nge: 104 cm<\/li>\n<li>Breite: 25,5 cm<\/li>\n<li>H\u00f6he: 13 cm<\/li>\n<\/ul>\n<p><strong>Produktabmessungen (innen):<\/strong><\/p>\n<ul>\n<li>L\u00e4nge: 101,5 cm<\/li>\n<li>Breite: 24 cm<\/li>\n<\/ul>\n<p data-pm-slice=\"1 1 []\">4 Schlie\u00dfen, mit Schl\u00fcssel<\/p>\n","protected":false},"featured_media":0,"template":"","meta":{"_et_pb_use_builder":"","_et_pb_old_content":"","_et_gb_content_width":""},"product_brand":[],"product_cat":[440,441,62,63],"product_tag":[442,66,443],"class_list":{"0":"post-950","1":"product","2":"type-product","3":"status-publish","5":"product_cat-koffer-chuuzao","6":"product_cat-koffer-hosozao","7":"product_cat-instrumentenkasten","8":"product_cat-lange-koffer","9":"product_tag-hardcase-de","10":"product_tag-longcase-de","11":"product_tag-used-de","12":"product_shipping_class-5kg-de","14":"first","15":"outofstock","16":"sold-individually","17":"purchasable","18":"product-type-simple"},"yoast_head":"<!-- This site is optimized with the Yoast SEO plugin v26.9 - https:\/\/yoast.com\/product\/yoast-seo-wordpress\/ -->\n<title>Koffer | Marone mit gr\u00fcnem Samt - Shami-Shop<\/title>\n<meta name=\"description\" content=\"Gebrauchter schwarzer Shamisen-Koffer\/Longcase mit gelbem Filz Futter. Damit Ihre Shamisen immer und \u00fcberall sicher aufgehoben ist.\" \/>\n<meta name=\"robots\" content=\"index, follow, max-snippet:-1, max-image-preview:large, max-video-preview:-1\" \/>\n<link rel=\"canonical\" href=\"https:\/\/www.shami-shop.com\/de\/produkt\/shamisen-longcase-76\/\" \/>\n<meta property=\"og:locale\" content=\"de_DE\" \/>\n<meta property=\"og:type\" content=\"article\" \/>\n<meta property=\"og:title\" content=\"Koffer | Marone mit gr\u00fcnem Samt - Shami-Shop\" \/>\n<meta property=\"og:description\" content=\"Gebrauchter schwarzer Shamisen-Koffer\/Longcase mit gelbem Filz Futter. Damit Ihre Shamisen immer und \u00fcberall sicher aufgehoben ist.\" \/>\n<meta property=\"og:url\" content=\"https:\/\/www.shami-shop.com\/de\/produkt\/shamisen-longcase-76\/\" \/>\n<meta property=\"og:site_name\" content=\"Shami-Shop\" \/>\n<meta property=\"article:publisher\" content=\"https:\/\/www.facebook.com\/weloveshamisen\/\" \/>\n<meta property=\"article:modified_time\" content=\"2024-11-25T18:23:04+00:00\" \/>\n<meta property=\"og:image\" content=\"https:\/\/www.shami-shop.com\/wp-content\/uploads\/2024\/02\/KA-32.png\" \/>\n\t<meta property=\"og:image:width\" content=\"600\" \/>\n\t<meta property=\"og:image:height\" content=\"600\" \/>\n\t<meta property=\"og:image:type\" content=\"image\/png\" \/>\n<meta name=\"twitter:card\" content=\"summary_large_image\" \/>\n<meta name=\"twitter:label1\" content=\"Gesch\u00e4tzte Lesezeit\" \/>\n\t<meta name=\"twitter:data1\" content=\"1\u00a0Minute\" \/>\n<script type=\"application\/ld+json\" class=\"yoast-schema-graph\">{\"@context\":\"https:\/\/schema.org\",\"@graph\":[{\"@type\":[\"WebPage\",\"ItemPage\"],\"@id\":\"https:\/\/www.shami-shop.com\/de\/produkt\/shamisen-longcase-76\/\",\"url\":\"https:\/\/www.shami-shop.com\/de\/produkt\/shamisen-longcase-76\/\",\"name\":\"Koffer | Marone mit gr\u00fcnem Samt - Shami-Shop\",\"isPartOf\":{\"@id\":\"https:\/\/www.shami-shop.com\/de\/#website\"},\"datePublished\":\"2021-01-16T17:14:58+00:00\",\"dateModified\":\"2024-11-25T18:23:04+00:00\",\"description\":\"Gebrauchter schwarzer Shamisen-Koffer\/Longcase mit gelbem Filz Futter. Damit Ihre Shamisen immer und \u00fcberall sicher aufgehoben ist.\",\"breadcrumb\":{\"@id\":\"https:\/\/www.shami-shop.com\/de\/produkt\/shamisen-longcase-76\/#breadcrumb\"},\"inLanguage\":\"de\",\"potentialAction\":[{\"@type\":\"ReadAction\",\"target\":[\"https:\/\/www.shami-shop.com\/de\/produkt\/shamisen-longcase-76\/\"]}]},{\"@type\":\"BreadcrumbList\",\"@id\":\"https:\/\/www.shami-shop.com\/de\/produkt\/shamisen-longcase-76\/#breadcrumb\",\"itemListElement\":[{\"@type\":\"ListItem\",\"position\":1,\"name\":\"Startseite\",\"item\":\"https:\/\/www.shami-shop.com\/de\/\"},{\"@type\":\"ListItem\",\"position\":2,\"name\":\"Shop\",\"item\":\"https:\/\/www.shami-shop.com\/de\/shop\/\"},{\"@type\":\"ListItem\",\"position\":3,\"name\":\"Koffer | Marone mit gr\u00fcnem Samt\"}]},{\"@type\":\"WebSite\",\"@id\":\"https:\/\/www.shami-shop.com\/de\/#website\",\"url\":\"https:\/\/www.shami-shop.com\/de\/\",\"name\":\"Shami-Shop\",\"description\":\"Alles f\u00fcr den Shamisen-Spieler.\",\"publisher\":{\"@id\":\"https:\/\/www.shami-shop.com\/de\/#organization\"},\"potentialAction\":[{\"@type\":\"SearchAction\",\"target\":{\"@type\":\"EntryPoint\",\"urlTemplate\":\"https:\/\/www.shami-shop.com\/de\/?s={search_term_string}\"},\"query-input\":{\"@type\":\"PropertyValueSpecification\",\"valueRequired\":true,\"valueName\":\"search_term_string\"}}],\"inLanguage\":\"de\"},{\"@type\":\"Organization\",\"@id\":\"https:\/\/www.shami-shop.com\/de\/#organization\",\"name\":\"Shami-Shop\",\"url\":\"https:\/\/www.shami-shop.com\/de\/\",\"logo\":{\"@type\":\"ImageObject\",\"inLanguage\":\"de\",\"@id\":\"https:\/\/www.shami-shop.com\/de\/#\/schema\/logo\/image\/\",\"url\":\"https:\/\/shami-shop.com\/wp-content\/uploads\/2021\/01\/Shami-Shop-Logo-1080.png\",\"contentUrl\":\"https:\/\/shami-shop.com\/wp-content\/uploads\/2021\/01\/Shami-Shop-Logo-1080.png\",\"width\":1080,\"height\":1080,\"caption\":\"Shami-Shop\"},\"image\":{\"@id\":\"https:\/\/www.shami-shop.com\/de\/#\/schema\/logo\/image\/\"},\"sameAs\":[\"https:\/\/www.facebook.com\/weloveshamisen\/\",\"https:\/\/www.instagram.com\/shamishop.europe\/\"]}]}<\/script>\n<!-- \/ Yoast SEO plugin. -->","yoast_head_json":{"title":"Koffer | Marone mit gr\u00fcnem Samt - Shami-Shop","description":"Gebrauchter schwarzer Shamisen-Koffer\/Longcase mit gelbem Filz Futter. Damit Ihre Shamisen immer und \u00fcberall sicher aufgehoben ist.","robots":{"index":"index","follow":"follow","max-snippet":"max-snippet:-1","max-image-preview":"max-image-preview:large","max-video-preview":"max-video-preview:-1"},"canonical":"https:\/\/www.shami-shop.com\/de\/produkt\/shamisen-longcase-76\/","og_locale":"de_DE","og_type":"article","og_title":"Koffer | Marone mit gr\u00fcnem Samt - Shami-Shop","og_description":"Gebrauchter schwarzer Shamisen-Koffer\/Longcase mit gelbem Filz Futter. Damit Ihre Shamisen immer und \u00fcberall sicher aufgehoben ist.","og_url":"https:\/\/www.shami-shop.com\/de\/produkt\/shamisen-longcase-76\/","og_site_name":"Shami-Shop","article_publisher":"https:\/\/www.facebook.com\/weloveshamisen\/","article_modified_time":"2024-11-25T18:23:04+00:00","og_image":[{"width":600,"height":600,"url":"https:\/\/www.shami-shop.com\/wp-content\/uploads\/2024\/02\/KA-32.png","type":"image\/png"}],"twitter_card":"summary_large_image","twitter_misc":{"Gesch\u00e4tzte Lesezeit":"1\u00a0Minute"},"schema":{"@context":"https:\/\/schema.org","@graph":[{"@type":["WebPage","ItemPage"],"@id":"https:\/\/www.shami-shop.com\/de\/produkt\/shamisen-longcase-76\/","url":"https:\/\/www.shami-shop.com\/de\/produkt\/shamisen-longcase-76\/","name":"Koffer | Marone mit gr\u00fcnem Samt - Shami-Shop","isPartOf":{"@id":"https:\/\/www.shami-shop.com\/de\/#website"},"datePublished":"2021-01-16T17:14:58+00:00","dateModified":"2024-11-25T18:23:04+00:00","description":"Gebrauchter schwarzer Shamisen-Koffer\/Longcase mit gelbem Filz Futter. Damit Ihre Shamisen immer und \u00fcberall sicher aufgehoben ist.","breadcrumb":{"@id":"https:\/\/www.shami-shop.com\/de\/produkt\/shamisen-longcase-76\/#breadcrumb"},"inLanguage":"de","potentialAction":[{"@type":"ReadAction","target":["https:\/\/www.shami-shop.com\/de\/produkt\/shamisen-longcase-76\/"]}]},{"@type":"BreadcrumbList","@id":"https:\/\/www.shami-shop.com\/de\/produkt\/shamisen-longcase-76\/#breadcrumb","itemListElement":[{"@type":"ListItem","position":1,"name":"Startseite","item":"https:\/\/www.shami-shop.com\/de\/"},{"@type":"ListItem","position":2,"name":"Shop","item":"https:\/\/www.shami-shop.com\/de\/shop\/"},{"@type":"ListItem","position":3,"name":"Koffer | Marone mit gr\u00fcnem Samt"}]},{"@type":"WebSite","@id":"https:\/\/www.shami-shop.com\/de\/#website","url":"https:\/\/www.shami-shop.com\/de\/","name":"Shami-Shop","description":"Alles f\u00fcr den Shamisen-Spieler.","publisher":{"@id":"https:\/\/www.shami-shop.com\/de\/#organization"},"potentialAction":[{"@type":"SearchAction","target":{"@type":"EntryPoint","urlTemplate":"https:\/\/www.shami-shop.com\/de\/?s={search_term_string}"},"query-input":{"@type":"PropertyValueSpecification","valueRequired":true,"valueName":"search_term_string"}}],"inLanguage":"de"},{"@type":"Organization","@id":"https:\/\/www.shami-shop.com\/de\/#organization","name":"Shami-Shop","url":"https:\/\/www.shami-shop.com\/de\/","logo":{"@type":"ImageObject","inLanguage":"de","@id":"https:\/\/www.shami-shop.com\/de\/#\/schema\/logo\/image\/","url":"https:\/\/shami-shop.com\/wp-content\/uploads\/2021\/01\/Shami-Shop-Logo-1080.png","contentUrl":"https:\/\/shami-shop.com\/wp-content\/uploads\/2021\/01\/Shami-Shop-Logo-1080.png","width":1080,"height":1080,"caption":"Shami-Shop"},"image":{"@id":"https:\/\/www.shami-shop.com\/de\/#\/schema\/logo\/image\/"},"sameAs":["https:\/\/www.facebook.com\/weloveshamisen\/","https:\/\/www.instagram.com\/shamishop.europe\/"]}]}},"jetpack_sharing_enabled":true,"_links":{"self":[{"href":"https:\/\/www.shami-shop.com\/de\/wp-json\/wp\/v2\/product\/950","targetHints":{"allow":["GET"]}}],"collection":[{"href":"https:\/\/www.shami-shop.com\/de\/wp-json\/wp\/v2\/product"}],"about":[{"href":"https:\/\/www.shami-shop.com\/de\/wp-json\/wp\/v2\/types\/product"}],"wp:attachment":[{"href":"https:\/\/www.shami-shop.com\/de\/wp-json\/wp\/v2\/media?parent=950"}],"wp:term":[{"taxonomy":"product_brand","embeddable":true,"href":"https:\/\/www.shami-shop.com\/de\/wp-json\/wp\/v2\/product_brand?post=950"},{"taxonomy":"product_cat","embeddable":true,"href":"https:\/\/www.shami-shop.com\/de\/wp-json\/wp\/v2\/product_cat?post=950"},{"taxonomy":"product_tag","embeddable":true,"href":"https:\/\/www.shami-shop.com\/de\/wp-json\/wp\/v2\/product_tag?post=950"}],"curies":[{"name":"wp","href":"https:\/\/api.w.org\/{rel}","templated":true}]}}